{"id":11297,"date":"2022-09-13T11:05:29","date_gmt":"2022-09-13T09:05:29","guid":{"rendered":"https:\/\/www.v-label.com\/general-information\/certified-products\/dairy-alternatives\/"},"modified":"2023-01-14T21:00:39","modified_gmt":"2023-01-14T20:00:39","slug":"alternativas-de-los-lacteos","status":"publish","type":"page","link":"https:\/\/www.v-label.com\/es\/informacion-general-para-consumidores\/productos-certificados\/alternativas-de-los-lacteos\/","title":{"rendered":"Alternativas de los L\u00e1cteos"},"content":{"rendered":"\n<p>El cambio de la soja a las leches de avena, almendra y coco fue solo el comienzo de la revoluci\u00f3n de los productos l\u00e1cteos de base vegetal. Elija lo que quiera: yogures en formatos pr\u00e1cticos, desde griego hasta bebible. Helados, mantequillas y cremas para untar en su desayuno, deliciosas y respetuosas con el planeta, \u00a1y queso por encima!<\/p>\n\n\n\n<div class=\"wp-block-columns are-vertically-aligned-center is-layout-flex wp-container-core-columns-is-layout-9d6595d7 wp-block-columns-is-layout-flex\">\n<div class=\"wp-block-column is-vertically-aligned-center is-layout-flow wp-block-column-is-layout-flow\">\n<figure class=\"wp-block-image aligncenter size-medium\"><a href=\"https:\/\/pastoret.com\/producto\/vegetal-platano-500g\/\" target=\"_blank\" rel=\"noreferrer noopener\"><img decoding=\"async\" width=\"300\" height=\"100\" src=\"https:\/\/www.v-label.com\/wp-content\/uploads\/2022\/12\/pastoret-300x100.png\" alt=\"\" class=\"wp-image-37789\" srcset=\"https:\/\/www.v-label.com\/wp-content\/uploads\/2022\/12\/pastoret-300x100.png 300w, https:\/\/www.v-label.com\/wp-content\/uploads\/2022\/12\/pastoret-500x166.png 500w, https:\/\/www.v-label.com\/wp-content\/uploads\/2022\/12\/pastoret.png 600w\" sizes=\"(max-width: 300px) 100vw, 300px\" \/><\/a><\/figure>\n<\/div>\n\n\n\n<div class=\"wp-block-column is-vertically-aligned-center is-layout-flow wp-block-column-is-layout-flow\">\n<figure class=\"wp-block-image aligncenter size-medium\"><a href=\"https:\/\/amandin.com\/bebidas-vegetales-ecologicas\/\" target=\"_blank\" rel=\"noreferrer noopener\"><img decoding=\"async\" width=\"300\" height=\"89\" src=\"https:\/\/www.v-label.com\/wp-content\/uploads\/2022\/12\/amandin-300x89.png\" alt=\"\" class=\"wp-image-37759\" srcset=\"https:\/\/www.v-label.com\/wp-content\/uploads\/2022\/12\/amandin-300x89.png 300w, https:\/\/www.v-label.com\/wp-content\/uploads\/2022\/12\/amandin-500x148.png 500w, https:\/\/www.v-label.com\/wp-content\/uploads\/2022\/12\/amandin.png 600w\" sizes=\"(max-width: 300px) 100vw, 300px\" \/><\/a><\/figure>\n<\/div>\n\n\n\n<div class=\"wp-block-column is-vertically-aligned-center is-layout-flow wp-block-column-is-layout-flow\">\n<figure class=\"wp-block-image aligncenter size-medium\"><a href=\"https:\/\/www.runakayplus.com\/product\/fruit-mix\" target=\"_blank\" rel=\"noreferrer noopener\"><img decoding=\"async\" width=\"300\" height=\"300\" src=\"https:\/\/www.v-label.com\/wp-content\/uploads\/2022\/12\/runakay-300x300.png\" alt=\"\" class=\"wp-image-37819\" srcset=\"https:\/\/www.v-label.com\/wp-content\/uploads\/2022\/12\/runakay-300x300.png 300w, https:\/\/www.v-label.com\/wp-content\/uploads\/2022\/12\/runakay-498x500.png 498w\" sizes=\"(max-width: 300px) 100vw, 300px\" \/><\/a><\/figure>\n<\/div>\n<\/div>\n","protected":false},"excerpt":{"rendered":"<p>El cambio de la soja a las leches de avena, almendra y coco fue solo el comienzo de la revoluci\u00f3n de los productos l\u00e1cteos de base vegetal. Elija lo que quiera: yogures en formatos pr\u00e1cticos, desde griego hasta bebible. Helados, mantequillas y cremas para untar en su desayuno, deliciosas y respetuosas con el planeta, \u00a1y [&hellip;]<\/p>\n","protected":false},"author":5,"featured_media":17891,"parent":8527,"menu_order":0,"comment_status":"closed","ping_status":"closed","template":"","meta":{"_acf_changed":false,"_editorskit_title_hidden":false,"_editorskit_reading_time":0,"_editorskit_is_block_options_detached":false,"_editorskit_block_options_position":"{}","inline_featured_image":false,"_uag_custom_page_level_css":"","footnotes":""},"categories":[],"tags":[],"class_list":["post-11297","page","type-page","status-publish","has-post-thumbnail","hentry"],"acf":[],"uagb_featured_image_src":{"full":["https:\/\/www.v-label.com\/wp-content\/uploads\/2022\/12\/milk-alternatives-1280.jpg",1280,853,false],"thumbnail":["https:\/\/www.v-label.com\/wp-content\/uploads\/2022\/12\/milk-alternatives-1280-500x333.jpg",500,333,true],"medium":["https:\/\/www.v-label.com\/wp-content\/uploads\/2022\/12\/milk-alternatives-1280-300x200.jpg",300,200,true],"medium_large":["https:\/\/www.v-label.com\/wp-content\/uploads\/2022\/12\/milk-alternatives-1280-768x512.jpg",768,512,true],"large":["https:\/\/www.v-label.com\/wp-content\/uploads\/2022\/12\/milk-alternatives-1280-1024x682.jpg",1024,682,true],"1536x1536":["https:\/\/www.v-label.com\/wp-content\/uploads\/2022\/12\/milk-alternatives-1280.jpg",1280,853,false],"2048x2048":["https:\/\/www.v-label.com\/wp-content\/uploads\/2022\/12\/milk-alternatives-1280.jpg",1280,853,false],"preview":["https:\/\/www.v-label.com\/wp-content\/uploads\/2022\/12\/milk-alternatives-1280-904x720.jpg",904,720,true],"header":["https:\/\/www.v-label.com\/wp-content\/uploads\/2022\/12\/milk-alternatives-1280-1280x720.jpg",1280,720,true],"gform-image-choice-sm":["https:\/\/www.v-label.com\/wp-content\/uploads\/2022\/12\/milk-alternatives-1280.jpg",300,200,false],"gform-image-choice-md":["https:\/\/www.v-label.com\/wp-content\/uploads\/2022\/12\/milk-alternatives-1280.jpg",400,267,false],"gform-image-choice-lg":["https:\/\/www.v-label.com\/wp-content\/uploads\/2022\/12\/milk-alternatives-1280.jpg",600,400,false]},"uagb_author_info":{"display_name":"Can Aslan","author_link":"https:\/\/www.v-label.com\/es"},"uagb_comment_info":0,"uagb_excerpt":"El cambio de la soja a las leches de avena, almendra y coco fue solo el comienzo de la revoluci\u00f3n de los productos l\u00e1cteos de base vegetal. Elija lo que quiera: yogures en formatos pr\u00e1cticos, desde griego hasta bebible. Helados, mantequillas y cremas para untar en su desayuno, deliciosas y respetuosas con el planeta, \u00a1y&hellip;","_links":{"self":[{"href":"https:\/\/www.v-label.com\/es\/wp-json\/wp\/v2\/pages\/11297","targetHints":{"allow":["GET"]}}],"collection":[{"href":"https:\/\/www.v-label.com\/es\/wp-json\/wp\/v2\/pages"}],"about":[{"href":"https:\/\/www.v-label.com\/es\/wp-json\/wp\/v2\/types\/page"}],"author":[{"embeddable":true,"href":"https:\/\/www.v-label.com\/es\/wp-json\/wp\/v2\/users\/5"}],"replies":[{"embeddable":true,"href":"https:\/\/www.v-label.com\/es\/wp-json\/wp\/v2\/comments?post=11297"}],"version-history":[{"count":3,"href":"https:\/\/www.v-label.com\/es\/wp-json\/wp\/v2\/pages\/11297\/revisions"}],"predecessor-version":[{"id":42363,"href":"https:\/\/www.v-label.com\/es\/wp-json\/wp\/v2\/pages\/11297\/revisions\/42363"}],"up":[{"embeddable":true,"href":"https:\/\/www.v-label.com\/es\/wp-json\/wp\/v2\/pages\/8527"}],"wp:featuredmedia":[{"embeddable":true,"href":"https:\/\/www.v-label.com\/es\/wp-json\/wp\/v2\/media\/17891"}],"wp:attachment":[{"href":"https:\/\/www.v-label.com\/es\/wp-json\/wp\/v2\/media?parent=11297"}],"wp:term":[{"taxonomy":"category","embeddable":true,"href":"https:\/\/www.v-label.com\/es\/wp-json\/wp\/v2\/categories?post=11297"},{"taxonomy":"post_tag","embeddable":true,"href":"https:\/\/www.v-label.com\/es\/wp-json\/wp\/v2\/tags?post=11297"}],"curies":[{"name":"wp","href":"https:\/\/api.w.org\/{rel}","templated":true}]}}