{"id":11834,"date":"2022-09-13T11:07:09","date_gmt":"2022-09-13T09:07:09","guid":{"rendered":"https:\/\/www.v-label.com\/general-information\/certified-products\/beverages\/"},"modified":"2023-01-14T21:01:34","modified_gmt":"2023-01-14T20:01:34","slug":"bebidas","status":"publish","type":"page","link":"https:\/\/www.v-label.com\/es\/informacion-general-para-consumidores\/productos-certificados\/bebidas\/","title":{"rendered":"Bebidas"},"content":{"rendered":"\n<p>\u00a1Atenci\u00f3n a los productos de origen animal escondidos en su bebida favorita! Descubra qu\u00e9 zumos no contienen D3 no vegana, qu\u00e9 vinos no han sido refinados ni filtrados con prote\u00ednas animales, y aseg\u00farese de que su refresco tambi\u00e9n es 100% vegetal.<\/p>\n\n\n\n<div class=\"wp-block-columns are-vertically-aligned-center is-layout-flex wp-container-core-columns-is-layout-9d6595d7 wp-block-columns-is-layout-flex\">\n<div class=\"wp-block-column is-vertically-aligned-center is-layout-flow wp-block-column-is-layout-flow\">\n<figure class=\"wp-block-image aligncenter size-medium\"><a href=\"https:\/\/www.mahou.es\/cervezas\/mahou-clasica\/\" target=\"_blank\" rel=\"noreferrer noopener\"><img decoding=\"async\" width=\"300\" height=\"126\" src=\"https:\/\/www.v-label.com\/wp-content\/uploads\/2022\/12\/mahou-300x126.png\" alt=\"\" class=\"wp-image-38007\" srcset=\"https:\/\/www.v-label.com\/wp-content\/uploads\/2022\/12\/mahou-300x126.png 300w, https:\/\/www.v-label.com\/wp-content\/uploads\/2022\/12\/mahou-500x209.png 500w, https:\/\/www.v-label.com\/wp-content\/uploads\/2022\/12\/mahou.png 600w\" sizes=\"(max-width: 300px) 100vw, 300px\" \/><\/a><\/figure>\n<\/div>\n\n\n\n<div class=\"wp-block-column is-vertically-aligned-center is-layout-flow wp-block-column-is-layout-flow\">\n<figure class=\"wp-block-image aligncenter size-medium\"><a href=\"https:\/\/flaxandkale.com\/es\/kombucha\" target=\"_blank\" rel=\"noreferrer noopener\"><img decoding=\"async\" width=\"300\" height=\"199\" src=\"https:\/\/www.v-label.com\/wp-content\/uploads\/2022\/12\/flaxandkale-300x199.png\" alt=\"\" class=\"wp-image-37977\" srcset=\"https:\/\/www.v-label.com\/wp-content\/uploads\/2022\/12\/flaxandkale-300x199.png 300w, https:\/\/www.v-label.com\/wp-content\/uploads\/2022\/12\/flaxandkale-500x331.png 500w, https:\/\/www.v-label.com\/wp-content\/uploads\/2022\/12\/flaxandkale.png 600w\" sizes=\"(max-width: 300px) 100vw, 300px\" \/><\/a><\/figure>\n<\/div>\n<\/div>\n","protected":false},"excerpt":{"rendered":"<p>\u00a1Atenci\u00f3n a los productos de origen animal escondidos en su bebida favorita! Descubra qu\u00e9 zumos no contienen D3 no vegana, qu\u00e9 vinos no han sido refinados ni filtrados con prote\u00ednas animales, y aseg\u00farese de que su refresco tambi\u00e9n es 100% vegetal.<\/p>\n","protected":false},"author":5,"featured_media":17308,"parent":8527,"menu_order":0,"comment_status":"closed","ping_status":"closed","template":"","meta":{"_acf_changed":false,"_editorskit_title_hidden":false,"_editorskit_reading_time":0,"_editorskit_is_block_options_detached":false,"_editorskit_block_options_position":"{}","inline_featured_image":false,"_uag_custom_page_level_css":"","footnotes":""},"categories":[],"tags":[],"class_list":["post-11834","page","type-page","status-publish","has-post-thumbnail","hentry"],"acf":[],"uagb_featured_image_src":{"full":["https:\/\/www.v-label.com\/wp-content\/uploads\/2022\/12\/beverages-1280.jpg",1280,853,false],"thumbnail":["https:\/\/www.v-label.com\/wp-content\/uploads\/2022\/12\/beverages-1280-500x333.jpg",500,333,true],"medium":["https:\/\/www.v-label.com\/wp-content\/uploads\/2022\/12\/beverages-1280-300x200.jpg",300,200,true],"medium_large":["https:\/\/www.v-label.com\/wp-content\/uploads\/2022\/12\/beverages-1280-768x512.jpg",768,512,true],"large":["https:\/\/www.v-label.com\/wp-content\/uploads\/2022\/12\/beverages-1280-1024x682.jpg",1024,682,true],"1536x1536":["https:\/\/www.v-label.com\/wp-content\/uploads\/2022\/12\/beverages-1280.jpg",1280,853,false],"2048x2048":["https:\/\/www.v-label.com\/wp-content\/uploads\/2022\/12\/beverages-1280.jpg",1280,853,false],"preview":["https:\/\/www.v-label.com\/wp-content\/uploads\/2022\/12\/beverages-1280-904x720.jpg",904,720,true],"header":["https:\/\/www.v-label.com\/wp-content\/uploads\/2022\/12\/beverages-1280-1280x720.jpg",1280,720,true],"gform-image-choice-sm":["https:\/\/www.v-label.com\/wp-content\/uploads\/2022\/12\/beverages-1280.jpg",300,200,false],"gform-image-choice-md":["https:\/\/www.v-label.com\/wp-content\/uploads\/2022\/12\/beverages-1280.jpg",400,267,false],"gform-image-choice-lg":["https:\/\/www.v-label.com\/wp-content\/uploads\/2022\/12\/beverages-1280.jpg",600,400,false]},"uagb_author_info":{"display_name":"Can Aslan","author_link":"https:\/\/www.v-label.com\/es"},"uagb_comment_info":0,"uagb_excerpt":"\u00a1Atenci\u00f3n a los productos de origen animal escondidos en su bebida favorita! Descubra qu\u00e9 zumos no contienen D3 no vegana, qu\u00e9 vinos no han sido refinados ni filtrados con prote\u00ednas animales, y aseg\u00farese de que su refresco tambi\u00e9n es 100% vegetal.","_links":{"self":[{"href":"https:\/\/www.v-label.com\/es\/wp-json\/wp\/v2\/pages\/11834","targetHints":{"allow":["GET"]}}],"collection":[{"href":"https:\/\/www.v-label.com\/es\/wp-json\/wp\/v2\/pages"}],"about":[{"href":"https:\/\/www.v-label.com\/es\/wp-json\/wp\/v2\/types\/page"}],"author":[{"embeddable":true,"href":"https:\/\/www.v-label.com\/es\/wp-json\/wp\/v2\/users\/5"}],"replies":[{"embeddable":true,"href":"https:\/\/www.v-label.com\/es\/wp-json\/wp\/v2\/comments?post=11834"}],"version-history":[{"count":3,"href":"https:\/\/www.v-label.com\/es\/wp-json\/wp\/v2\/pages\/11834\/revisions"}],"predecessor-version":[{"id":42367,"href":"https:\/\/www.v-label.com\/es\/wp-json\/wp\/v2\/pages\/11834\/revisions\/42367"}],"up":[{"embeddable":true,"href":"https:\/\/www.v-label.com\/es\/wp-json\/wp\/v2\/pages\/8527"}],"wp:featuredmedia":[{"embeddable":true,"href":"https:\/\/www.v-label.com\/es\/wp-json\/wp\/v2\/media\/17308"}],"wp:attachment":[{"href":"https:\/\/www.v-label.com\/es\/wp-json\/wp\/v2\/media?parent=11834"}],"wp:term":[{"taxonomy":"category","embeddable":true,"href":"https:\/\/www.v-label.com\/es\/wp-json\/wp\/v2\/categories?post=11834"},{"taxonomy":"post_tag","embeddable":true,"href":"https:\/\/www.v-label.com\/es\/wp-json\/wp\/v2\/tags?post=11834"}],"curies":[{"name":"wp","href":"https:\/\/api.w.org\/{rel}","templated":true}]}}