{"id":488,"date":"2022-05-30T16:16:29","date_gmt":"2022-05-30T14:16:29","guid":{"rendered":"https:\/\/www.v-label.com\/benefits\/"},"modified":"2024-07-11T11:15:03","modified_gmt":"2024-07-11T09:15:03","slug":"beneficios","status":"publish","type":"page","link":"https:\/\/www.v-label.com\/es\/informacion-para-empresas\/beneficios\/","title":{"rendered":"Beneficios"},"content":{"rendered":"\n<p>Clientes de todo el mundo optan cada vez m\u00e1s productos 100% vegetales por razones que van desde la salud a las intolerancias, la comodidad, la \u00e9tica, el placer o simplemente porque a sus ni\u00f1os les gusta. Con el veganismo extendi\u00e9ndose cada vez m\u00e1s, los gobiernos y las organizaciones est\u00e1n empezando a reaccionar. Cada vez es m\u00e1s evidente que no se alcanzar\u00e1n los objetivos del Acuerdo de Par\u00eds, al que se adhirieron casi todos los gobiernos, sin una reducci\u00f3n del consumo de animales. Todo ello impulsa un ecosistema vital para que productores de todo el mundo desarrollen alternativas innovadoras y sostenibles. Posici\u00f3nese en un mercado en constante crecimiento con el sello V-Label.<\/p>\n\n\n\n<div class=\"wp-block-media-text is-stacked-on-mobile is-vertically-aligned-center is-image-fill\"><figure class=\"wp-block-media-text__media\" style=\"background-image:url(https:\/\/www.v-label.com\/wp-content\/uploads\/2022\/12\/v-label-consumers-favorite.jpg);background-position:62% 53%\"><img decoding=\"async\" src=\"https:\/\/www.v-label.com\/wp-content\/uploads\/2022\/12\/v-label-consumers-favorite.jpg\" alt=\"\" class=\"wp-image-39649 size-full\"\/><\/figure><div class=\"wp-block-media-text__content\">\n<h3 class=\"wp-block-heading\"><strong><strong><strong><strong><strong><strong>El preferido por los consumidores<\/strong><\/strong><\/strong><\/strong><\/strong><\/strong><\/h3>\n\n\n\n<p>Seg\u00fan el prestigioso G\u00fctesiegel Monitor 2020, en Alemania V-Label es el 8\u00ba sello de calidad Alimentaria m\u00e1s conocido y el 3\u00ba de mayor confianza. En la Uni\u00f3n Europea V-Label es el sello m\u00e1s conocido para productos veganos y vegetarianos. V-Label ha certificado m\u00e1s de 70.000 productos en todo el mundo, y goza de un amplio apoyo entre la comunidad vegana y vegetariana. Gracias a la f\u00e1cil categorizaci\u00f3n como productos veganos o vegetarianos, V-Label es una forma r\u00e1pida y fiable de informar a los consumidores sobre sus compras.<\/p>\n<\/div><\/div>\n\n\n\n<div style=\"height:30px\" aria-hidden=\"true\" class=\"wp-block-spacer\"><\/div>\n\n\n\n<div class=\"wp-block-media-text is-stacked-on-mobile is-vertically-aligned-center is-image-fill\"><figure class=\"wp-block-media-text__media\" style=\"background-image:url(https:\/\/www.v-label.com\/wp-content\/uploads\/2022\/12\/v-label-global-recognition.jpg);background-position:50% 50%\"><img decoding=\"async\" width=\"1280\" height=\"959\" src=\"https:\/\/www.v-label.com\/wp-content\/uploads\/2022\/12\/v-label-global-recognition.jpg\" alt=\"\" class=\"wp-image-17595 size-full\" srcset=\"https:\/\/www.v-label.com\/wp-content\/uploads\/2022\/12\/v-label-global-recognition.jpg 1280w, https:\/\/www.v-label.com\/wp-content\/uploads\/2022\/12\/v-label-global-recognition-300x225.jpg 300w, https:\/\/www.v-label.com\/wp-content\/uploads\/2022\/12\/v-label-global-recognition-1024x767.jpg 1024w, https:\/\/www.v-label.com\/wp-content\/uploads\/2022\/12\/v-label-global-recognition-500x375.jpg 500w, https:\/\/www.v-label.com\/wp-content\/uploads\/2022\/12\/v-label-global-recognition-768x575.jpg 768w\" sizes=\"(max-width: 1280px) 100vw, 1280px\" \/><\/figure><div class=\"wp-block-media-text__content\">\n<h3 class=\"wp-block-heading\"><strong><strong><strong><strong><strong><strong>Reconocido globalmente<\/strong><\/strong><\/strong><\/strong><\/strong><\/strong><\/h3>\n\n\n\n<p>Establecido hace 25 a\u00f1os en Suiza, V-Label ha conseguido una posici\u00f3n de liderazgo a la hora de confirmar la calidad de los productos y servicios veganos y vegetarianos. Con V-Label, usted dispone de una \u00fanica certificaci\u00f3n, ampliamente reconocida en el mercado. De Berl\u00edn a Buenos Aires, el ojo de un consumidor consciente dif\u00edcilmente puede pasar por alto el amarillo que se alza entre los colores verdes y terrosos que suelen utilizarse en los envases sostenibles.<\/p>\n<\/div><\/div>\n\n\n\n<div style=\"height:30px\" aria-hidden=\"true\" class=\"wp-block-spacer\"><\/div>\n\n\n\n<div class=\"wp-block-media-text is-stacked-on-mobile is-vertically-aligned-center is-image-fill\"><figure class=\"wp-block-media-text__media\" style=\"background-image:url(https:\/\/www.v-label.com\/wp-content\/uploads\/2022\/12\/v-label-business-partnerships.jpg);background-position:50% 50%\"><img decoding=\"async\" width=\"1280\" height=\"853\" src=\"https:\/\/www.v-label.com\/wp-content\/uploads\/2022\/12\/v-label-business-partnerships.jpg\" alt=\"\" class=\"wp-image-17615 size-full\" srcset=\"https:\/\/www.v-label.com\/wp-content\/uploads\/2022\/12\/v-label-business-partnerships.jpg 1280w, https:\/\/www.v-label.com\/wp-content\/uploads\/2022\/12\/v-label-business-partnerships-300x200.jpg 300w, https:\/\/www.v-label.com\/wp-content\/uploads\/2022\/12\/v-label-business-partnerships-1024x682.jpg 1024w, https:\/\/www.v-label.com\/wp-content\/uploads\/2022\/12\/v-label-business-partnerships-500x333.jpg 500w, https:\/\/www.v-label.com\/wp-content\/uploads\/2022\/12\/v-label-business-partnerships-768x512.jpg 768w\" sizes=\"(max-width: 1280px) 100vw, 1280px\" \/><\/figure><div class=\"wp-block-media-text__content\">\n<h3 class=\"wp-block-heading\"><strong><strong><strong><strong><strong>Colaboraci\u00f3n empresarial<\/strong><\/strong><\/strong><\/strong><\/strong><\/h3>\n\n\n\n<p>Siendo la \u00fanica certificaci\u00f3n internacional con representantes nacionales en m\u00e1s de 50 pa\u00edses (y atenci\u00f3n al cliente en m\u00e1s de 30 idiomas), V-Label le invita a un viaje m\u00e1s all\u00e1 de la obtenci\u00f3n de un certificado. \u00bfQu\u00e9 significar\u00eda para su empresa disponer de herramientas de negocio como estudios de mercado, an\u00e1lisis cualitativos, consultor\u00eda de ingredientes, socios publicitarios, y otros recursos? \u00bfEst\u00e1 lanzando un producto nuevo o introduci\u00e9ndose en el mercado vegano por primera vez? Estaremos encantados de ponerle en contacto con expertos (especialistas en tecnolog\u00eda de alimentos, legislaci\u00f3n alimentaria, gesti\u00f3n de calidad, cosmetolog\u00eda, marketing, biotecnolog\u00eda, nutrici\u00f3n, an\u00e1lisis de mercado y de consumo, y mucho m\u00e1s) as\u00ed como representantes de la comunidad y la industria vegana.<\/p>\n<\/div><\/div>\n\n\n\n<div style=\"height:30px\" aria-hidden=\"true\" class=\"wp-block-spacer\"><\/div>\n\n\n\n<div class=\"wp-block-media-text is-stacked-on-mobile is-vertically-aligned-center is-image-fill\"><figure class=\"wp-block-media-text__media\" style=\"background-image:url(https:\/\/www.v-label.com\/wp-content\/uploads\/2022\/12\/v-label-inclusive-approach.jpg);background-position:12% 52%\"><img decoding=\"async\" width=\"1280\" height=\"854\" src=\"https:\/\/www.v-label.com\/wp-content\/uploads\/2022\/12\/v-label-inclusive-approach.jpg\" alt=\"\" class=\"wp-image-17635 size-full\" srcset=\"https:\/\/www.v-label.com\/wp-content\/uploads\/2022\/12\/v-label-inclusive-approach.jpg 1280w, https:\/\/www.v-label.com\/wp-content\/uploads\/2022\/12\/v-label-inclusive-approach-300x200.jpg 300w, https:\/\/www.v-label.com\/wp-content\/uploads\/2022\/12\/v-label-inclusive-approach-1024x683.jpg 1024w, https:\/\/www.v-label.com\/wp-content\/uploads\/2022\/12\/v-label-inclusive-approach-500x334.jpg 500w, https:\/\/www.v-label.com\/wp-content\/uploads\/2022\/12\/v-label-inclusive-approach-768x512.jpg 768w\" sizes=\"(max-width: 1280px) 100vw, 1280px\" \/><\/figure><div class=\"wp-block-media-text__content\">\n<h3 class=\"wp-block-heading\"><strong><strong><strong><strong><strong><strong>Enfoque inclusivo<\/strong><\/strong><\/strong><\/strong><\/strong><\/strong><\/h3>\n\n\n\n<p>Al proporcionar a las empresas tanto la certificaci\u00f3n vegana como la vegetariana basadas en controles exhaustivos y gesti\u00f3n de calidad, V-Label es aplicable a cualquier tipo de negocio, desde emprendedores a empresas internacionales como Unilever, Nestl\u00e9 o Danone. Unida a la inteligencia empresarial, es una opci\u00f3n viable para empresas que no est\u00e1n predominantemente orientadas al segmento de productos 100% vegetales, que sin embargo desean servir a la creciente poblaci\u00f3n flexitariana. Aparte de para la alimentaci\u00f3n, est\u00e1 disponible para otras industrias tales como el t\u00e9xtil, cosm\u00e9tica, restauraci\u00f3n, productos de limpieza, y otros.<\/p>\n<\/div><\/div>\n","protected":false},"excerpt":{"rendered":"<p>Clientes de todo el mundo optan cada vez m\u00e1s productos 100% vegetales por razones que van desde la salud a las intolerancias, la comodidad, la \u00e9tica, el placer o simplemente porque a sus ni\u00f1os les gusta. Con el veganismo extendi\u00e9ndose cada vez m\u00e1s, los gobiernos y las organizaciones est\u00e1n empezando a reaccionar. Cada vez es [&hellip;]<\/p>\n","protected":false},"author":5,"featured_media":17563,"parent":490,"menu_order":0,"comment_status":"closed","ping_status":"closed","template":"","meta":{"_acf_changed":false,"_editorskit_title_hidden":false,"_editorskit_reading_time":0,"_editorskit_is_block_options_detached":false,"_editorskit_block_options_position":"{}","inline_featured_image":false,"_uag_custom_page_level_css":"","footnotes":""},"categories":[],"tags":[],"class_list":["post-488","page","type-page","status-publish","has-post-thumbnail","hentry"],"acf":[],"uagb_featured_image_src":{"full":["https:\/\/www.v-label.com\/wp-content\/uploads\/2022\/12\/v-label-benefits.jpg",1280,878,false],"thumbnail":["https:\/\/www.v-label.com\/wp-content\/uploads\/2022\/12\/v-label-benefits-500x343.jpg",500,343,true],"medium":["https:\/\/www.v-label.com\/wp-content\/uploads\/2022\/12\/v-label-benefits-300x206.jpg",300,206,true],"medium_large":["https:\/\/www.v-label.com\/wp-content\/uploads\/2022\/12\/v-label-benefits-768x527.jpg",768,527,true],"large":["https:\/\/www.v-label.com\/wp-content\/uploads\/2022\/12\/v-label-benefits-1024x702.jpg",1024,702,true],"1536x1536":["https:\/\/www.v-label.com\/wp-content\/uploads\/2022\/12\/v-label-benefits.jpg",1280,878,false],"2048x2048":["https:\/\/www.v-label.com\/wp-content\/uploads\/2022\/12\/v-label-benefits.jpg",1280,878,false],"preview":["https:\/\/www.v-label.com\/wp-content\/uploads\/2022\/12\/v-label-benefits-904x720.jpg",904,720,true],"header":["https:\/\/www.v-label.com\/wp-content\/uploads\/2022\/12\/v-label-benefits-1280x720.jpg",1280,720,true],"gform-image-choice-sm":["https:\/\/www.v-label.com\/wp-content\/uploads\/2022\/12\/v-label-benefits.jpg",300,206,false],"gform-image-choice-md":["https:\/\/www.v-label.com\/wp-content\/uploads\/2022\/12\/v-label-benefits.jpg",400,274,false],"gform-image-choice-lg":["https:\/\/www.v-label.com\/wp-content\/uploads\/2022\/12\/v-label-benefits.jpg",600,412,false]},"uagb_author_info":{"display_name":"Can Aslan","author_link":"https:\/\/www.v-label.com\/es"},"uagb_comment_info":0,"uagb_excerpt":"Clientes de todo el mundo optan cada vez m\u00e1s productos 100% vegetales por razones que van desde la salud a las intolerancias, la comodidad, la \u00e9tica, el placer o simplemente porque a sus ni\u00f1os les gusta. Con el veganismo extendi\u00e9ndose cada vez m\u00e1s, los gobiernos y las organizaciones est\u00e1n empezando a reaccionar. Cada vez es&hellip;","_links":{"self":[{"href":"https:\/\/www.v-label.com\/es\/wp-json\/wp\/v2\/pages\/488","targetHints":{"allow":["GET"]}}],"collection":[{"href":"https:\/\/www.v-label.com\/es\/wp-json\/wp\/v2\/pages"}],"about":[{"href":"https:\/\/www.v-label.com\/es\/wp-json\/wp\/v2\/types\/page"}],"author":[{"embeddable":true,"href":"https:\/\/www.v-label.com\/es\/wp-json\/wp\/v2\/users\/5"}],"replies":[{"embeddable":true,"href":"https:\/\/www.v-label.com\/es\/wp-json\/wp\/v2\/comments?post=488"}],"version-history":[{"count":7,"href":"https:\/\/www.v-label.com\/es\/wp-json\/wp\/v2\/pages\/488\/revisions"}],"predecessor-version":[{"id":83978,"href":"https:\/\/www.v-label.com\/es\/wp-json\/wp\/v2\/pages\/488\/revisions\/83978"}],"up":[{"embeddable":true,"href":"https:\/\/www.v-label.com\/es\/wp-json\/wp\/v2\/pages\/490"}],"wp:featuredmedia":[{"embeddable":true,"href":"https:\/\/www.v-label.com\/es\/wp-json\/wp\/v2\/media\/17563"}],"wp:attachment":[{"href":"https:\/\/www.v-label.com\/es\/wp-json\/wp\/v2\/media?parent=488"}],"wp:term":[{"taxonomy":"category","embeddable":true,"href":"https:\/\/www.v-label.com\/es\/wp-json\/wp\/v2\/categories?post=488"},{"taxonomy":"post_tag","embeddable":true,"href":"https:\/\/www.v-label.com\/es\/wp-json\/wp\/v2\/tags?post=488"}],"curies":[{"name":"wp","href":"https:\/\/api.w.org\/{rel}","templated":true}]}}