{"id":490,"date":"2022-05-30T16:16:14","date_gmt":"2022-05-30T14:16:14","guid":{"rendered":"https:\/\/www.v-label.com\/for-business\/"},"modified":"2024-07-11T11:14:42","modified_gmt":"2024-07-11T09:14:42","slug":"informacion-para-empresas","status":"publish","type":"page","link":"https:\/\/www.v-label.com\/es\/informacion-para-empresas\/","title":{"rendered":"Informaci\u00f3n para empresas"},"content":{"rendered":"\n<p>En todo el mundo, m\u00e1s de <strong>70.000 productos de m\u00e1s de 4.800 empresas<\/strong> llevan ya el sello V-Label. Este sello reconocido internacionalmente gu\u00eda a los consumidores de todo el mundo a identificar de un solo vistazo las opciones 100% vegetales.<\/p>\n\n\n\n<h3 class=\"wp-block-heading has-text-align-center has-greenlightultra-background-color has-background\">Si es una empresa, estas son las razones por las que certificarse con V-Label:<\/h3>\n\n\n\n<p><strong>Nuevos mercados.<\/strong> Actualmente la mitad de la poblaci\u00f3n ya se considera flexitariana. En pa\u00edses como Alemania, Espa\u00f1a o Polonia existe una base diversa y creciente de clientes que busca productos veganos y vegetarianos, por motivos que van desde la salud a la \u00e9tica.<\/p>\n\n\n\n<p><strong>Aumente su visibilidad.<\/strong> Sit\u00fae sus productos a la vista de la gente facilitando su elecci\u00f3n de compra con un sello altamente fiable y ampliamente reconocido.<\/p>\n\n\n\n<p><strong>Genere confianza.<\/strong> No tiene que decir nada m\u00e1s; V-Label lo dice por usted. Su reputaci\u00f3n y reconocimiento como sello de calidad profesional e independiente, que marca la diferencia en la industria, vende.<\/p>\n\n\n\n<div class=\"wp-block-buttons alignwide is-content-justification-center is-layout-flex wp-container-core-buttons-is-layout-16018d1d wp-block-buttons-is-layout-flex\">\n<div class=\"wp-block-button\"><a class=\"wp-block-button__link wp-element-button\" href=\"https:\/\/www.v-label.com\/es\/for-business\/get-certified\/\" rel=\"noopener\">Certifique con V-Label<\/a><\/div>\n\n\n\n<div class=\"wp-block-button\"><a class=\"wp-block-button__link wp-element-button\" href=\"https:\/\/www.v-label.com\/es\/for-business\/benefits\/\">Descubra m\u00e1s<\/a><\/div>\n<\/div>\n\n\n\n<div class=\"wp-block-columns are-vertically-aligned-center is-layout-flex wp-container-core-columns-is-layout-9d6595d7 wp-block-columns-is-layout-flex\">\n<div class=\"wp-block-column is-vertically-aligned-center is-layout-flow wp-block-column-is-layout-flow\">\n<figure class=\"wp-block-image size-full\"><img decoding=\"async\" width=\"720\" height=\"482\" src=\"https:\/\/www.v-label.com\/wp-content\/uploads\/2022\/09\/b2b-info-page-1.webp\" alt=\"\" class=\"wp-image-876\" srcset=\"https:\/\/www.v-label.com\/wp-content\/uploads\/2022\/09\/b2b-info-page-1.webp 720w, https:\/\/www.v-label.com\/wp-content\/uploads\/2022\/09\/b2b-info-page-1-300x201.webp 300w\" sizes=\"(max-width: 720px) 100vw, 720px\" \/><\/figure>\n<\/div>\n\n\n\n<div class=\"wp-block-column is-vertically-aligned-center is-layout-flow wp-block-column-is-layout-flow\">\n<figure class=\"wp-block-image size-full\"><img decoding=\"async\" width=\"720\" height=\"497\" src=\"https:\/\/www.v-label.com\/wp-content\/uploads\/2022\/09\/b2b-info-page-2.webp\" alt=\"\" class=\"wp-image-879\" srcset=\"https:\/\/www.v-label.com\/wp-content\/uploads\/2022\/09\/b2b-info-page-2.webp 720w, https:\/\/www.v-label.com\/wp-content\/uploads\/2022\/09\/b2b-info-page-2-300x207.webp 300w\" sizes=\"(max-width: 720px) 100vw, 720px\" \/><\/figure>\n<\/div>\n\n\n\n<div class=\"wp-block-column is-vertically-aligned-center is-layout-flow wp-block-column-is-layout-flow\">\n<figure class=\"wp-block-image size-full\"><img decoding=\"async\" width=\"720\" height=\"482\" src=\"https:\/\/www.v-label.com\/wp-content\/uploads\/2022\/09\/b2b-info-page-3.webp\" alt=\"\" class=\"wp-image-860\" srcset=\"https:\/\/www.v-label.com\/wp-content\/uploads\/2022\/09\/b2b-info-page-3.webp 720w, https:\/\/www.v-label.com\/wp-content\/uploads\/2022\/09\/b2b-info-page-3-300x201.webp 300w\" sizes=\"(max-width: 720px) 100vw, 720px\" \/><\/figure>\n<\/div>\n<\/div>\n\n\n\n<h3 class=\"wp-block-heading\"><strong>Certifique con V-Label<\/strong><\/h3>\n\n\n\n<p><strong>\u00bfEst\u00e1 listo para aumentar la visibilidad de sus productos veganos y vegetarianos? <\/strong>Con V-Label, los consumidores ser\u00e1n capaces de identificar sus productos como veganos o vegetarianos de solo un vistazo \u2013 y comprarlos asegur\u00e1ndose que su origen es 100% vegano o vegetariano.<\/p>\n\n\n\n<p>Desde el punto de vista empresarial, asociarse con un l\u00edder de la industria como V-Label incrementa su fiabilidad y transparencia en el etiquetado vegetariano y vegano. Para sus clientes, V-Label es una gu\u00eda simple y fiable para ayudarles a realizar decisiones de compra correctas, sostenibles y coherentes.<\/p>\n\n\n\n<div class=\"wp-block-buttons alignwide is-content-justification-center is-layout-flex wp-container-core-buttons-is-layout-16018d1d wp-block-buttons-is-layout-flex\">\n<div class=\"wp-block-button\"><a class=\"wp-block-button__link wp-element-button\" href=\"https:\/\/www.v-label.com\/es\/for-business\/get-certified\/\" rel=\"noopener\">Certifique con V-Label<\/a><\/div>\n<\/div>\n\n\n\n<h3 class=\"wp-block-heading\"><strong>Criterios y Preguntas M\u00e1s Frecuentes<\/strong><\/h3>\n\n\n\n<p>Encuentre respuesta a algunas de las dudas que pueda tener sobre V-Label.<\/p>\n\n\n\n<div class=\"wp-block-buttons alignwide is-content-justification-center is-layout-flex wp-container-core-buttons-is-layout-16018d1d wp-block-buttons-is-layout-flex\">\n<div class=\"wp-block-button\"><a class=\"wp-block-button__link wp-element-button\" href=\"https:\/\/www.v-label.com\/es\/faqs\/\">Preguntas frecuentes<\/a><\/div>\n<\/div>\n","protected":false},"excerpt":{"rendered":"<p>En todo el mundo, m\u00e1s de 70.000 productos de m\u00e1s de 4.800 empresas llevan ya el sello V-Label. Este sello reconocido internacionalmente gu\u00eda a los consumidores de todo el mundo a identificar de un solo vistazo las opciones 100% vegetales. Si es una empresa, estas son las razones por las que certificarse con V-Label: Nuevos [&hellip;]<\/p>\n","protected":false},"author":5,"featured_media":39771,"parent":0,"menu_order":0,"comment_status":"closed","ping_status":"closed","template":"","meta":{"_acf_changed":false,"_editorskit_title_hidden":false,"_editorskit_reading_time":0,"_editorskit_is_block_options_detached":false,"_editorskit_block_options_position":"{}","inline_featured_image":false,"_uag_custom_page_level_css":"","footnotes":""},"categories":[],"tags":[],"class_list":["post-490","page","type-page","status-publish","has-post-thumbnail","hentry"],"acf":[],"uagb_featured_image_src":{"full":["https:\/\/www.v-label.com\/wp-content\/uploads\/2022\/12\/v-label-info-for-producers.jpg",1280,870,false],"thumbnail":["https:\/\/www.v-label.com\/wp-content\/uploads\/2022\/12\/v-label-info-for-producers-500x340.jpg",500,340,true],"medium":["https:\/\/www.v-label.com\/wp-content\/uploads\/2022\/12\/v-label-info-for-producers-300x204.jpg",300,204,true],"medium_large":["https:\/\/www.v-label.com\/wp-content\/uploads\/2022\/12\/v-label-info-for-producers-768x522.jpg",768,522,true],"large":["https:\/\/www.v-label.com\/wp-content\/uploads\/2022\/12\/v-label-info-for-producers-1024x696.jpg",1024,696,true],"1536x1536":["https:\/\/www.v-label.com\/wp-content\/uploads\/2022\/12\/v-label-info-for-producers.jpg",1280,870,false],"2048x2048":["https:\/\/www.v-label.com\/wp-content\/uploads\/2022\/12\/v-label-info-for-producers.jpg",1280,870,false],"preview":["https:\/\/www.v-label.com\/wp-content\/uploads\/2022\/12\/v-label-info-for-producers-904x720.jpg",904,720,true],"header":["https:\/\/www.v-label.com\/wp-content\/uploads\/2022\/12\/v-label-info-for-producers-1280x720.jpg",1280,720,true],"gform-image-choice-sm":["https:\/\/www.v-label.com\/wp-content\/uploads\/2022\/12\/v-label-info-for-producers.jpg",300,204,false],"gform-image-choice-md":["https:\/\/www.v-label.com\/wp-content\/uploads\/2022\/12\/v-label-info-for-producers.jpg",400,272,false],"gform-image-choice-lg":["https:\/\/www.v-label.com\/wp-content\/uploads\/2022\/12\/v-label-info-for-producers.jpg",600,408,false]},"uagb_author_info":{"display_name":"Can Aslan","author_link":"https:\/\/www.v-label.com\/es"},"uagb_comment_info":0,"uagb_excerpt":"En todo el mundo, m\u00e1s de 70.000 productos de m\u00e1s de 4.800 empresas llevan ya el sello V-Label. Este sello reconocido internacionalmente gu\u00eda a los consumidores de todo el mundo a identificar de un solo vistazo las opciones 100% vegetales. Si es una empresa, estas son las razones por las que certificarse con V-Label: Nuevos&hellip;","_links":{"self":[{"href":"https:\/\/www.v-label.com\/es\/wp-json\/wp\/v2\/pages\/490","targetHints":{"allow":["GET"]}}],"collection":[{"href":"https:\/\/www.v-label.com\/es\/wp-json\/wp\/v2\/pages"}],"about":[{"href":"https:\/\/www.v-label.com\/es\/wp-json\/wp\/v2\/types\/page"}],"author":[{"embeddable":true,"href":"https:\/\/www.v-label.com\/es\/wp-json\/wp\/v2\/users\/5"}],"replies":[{"embeddable":true,"href":"https:\/\/www.v-label.com\/es\/wp-json\/wp\/v2\/comments?post=490"}],"version-history":[{"count":27,"href":"https:\/\/www.v-label.com\/es\/wp-json\/wp\/v2\/pages\/490\/revisions"}],"predecessor-version":[{"id":83977,"href":"https:\/\/www.v-label.com\/es\/wp-json\/wp\/v2\/pages\/490\/revisions\/83977"}],"wp:featuredmedia":[{"embeddable":true,"href":"https:\/\/www.v-label.com\/es\/wp-json\/wp\/v2\/media\/39771"}],"wp:attachment":[{"href":"https:\/\/www.v-label.com\/es\/wp-json\/wp\/v2\/media?parent=490"}],"wp:term":[{"taxonomy":"category","embeddable":true,"href":"https:\/\/www.v-label.com\/es\/wp-json\/wp\/v2\/categories?post=490"},{"taxonomy":"post_tag","embeddable":true,"href":"https:\/\/www.v-label.com\/es\/wp-json\/wp\/v2\/tags?post=490"}],"curies":[{"name":"wp","href":"https:\/\/api.w.org\/{rel}","templated":true}]}}