{"id":96659,"date":"2024-11-01T08:54:29","date_gmt":"2024-11-01T07:54:29","guid":{"rendered":"https:\/\/www.v-label.com\/?page_id=96659"},"modified":"2025-05-12T16:14:36","modified_gmt":"2025-05-12T14:14:36","slug":"guia-de-estilo","status":"publish","type":"page","link":"https:\/\/www.v-label.com\/es\/guia-de-estilo\/","title":{"rendered":"Gu\u00eda de Estilo V-Label"},"content":{"rendered":"\n<p>La Gu\u00eda de Estilo de V-Label ofrece orientaci\u00f3n y claridad sobre c\u00f3mo utilizar el logo y los Sellos V-Label, as\u00ed como proteger los valores y la integridad que comunican. Nuestros sellos representan un mensaje reconocido por consumidores de todo el mundo, por lo que es importante usarlos correctamente.<\/p>\n\n\n\n<p>Nuestros sellos Vegano y Vegetariano se utilizan en productos que cumplen con los requisitos de los respectivos <a href=\"https:\/\/www.v-label.com\/wp-content\/uploads\/2023\/01\/int-v-label-criteria-v0202-en-1.pdf\">criterios de V-Label<\/a>. Solo los productos que han sido verificados y aprobados por un licenciante de V-Label, y que cuentan con un certificado de licencia v\u00e1lido, pueden llevar los sellos en el embalaje o en materiales de marketing.<\/p>\n\n\n\n<div class=\"wp-block-columns is-layout-flex wp-container-core-columns-is-layout-9d6595d7 wp-block-columns-is-layout-flex\">\n<div class=\"wp-block-column is-layout-flow wp-block-column-is-layout-flow\" style=\"flex-basis:15%\"><\/div>\n\n\n\n<div class=\"wp-block-column is-layout-flow wp-block-column-is-layout-flow\">\n<section id=\"download-block_9c1db7ebd05dc47b49ad57f4fd2a1781\" class=\"wp-block-download\">\n\t\t\t<div class=\"inner\">\n\t\t\t\t\t\t<a href=\"https:\/\/www.v-label.com\/wp-content\/uploads\/2025\/05\/es-v-label-style-guide-v0302-es-1.pdf\" class=\"post_thumbnail\" download>\n\t\t\t\t<img decoding=\"async\" src=\"https:\/\/www.v-label.com\/wp-content\/uploads\/2025\/05\/es-v-label-style-guide-v0302-es-500x353.jpg\" alt=\"Gu\u00eda de estilo V-Label (Completa)\">\n\t\t\t<\/a>\n\t\t\t<h4>Gu\u00eda de estilo V-Label (Completa)<\/h4>\n\t\t\t<p class=\"meta\">\n\t\t\t\tPDF, 5,74 MB\t\t\t<\/p>\n\t\t<\/div>\n\t\t<a href=\"https:\/\/www.v-label.com\/wp-content\/uploads\/2025\/05\/es-v-label-style-guide-v0302-es-1.pdf\" download>\n\t\t\t<button class=\"wp-block-button__link\">Download<\/button>\n\t\t<\/a>\n\t<\/section><\/div>\n\n\n\n<div class=\"wp-block-column is-layout-flow wp-block-column-is-layout-flow\">\n<section id=\"download-block_2ff3a037b7caebda56f89eb4d8e2d4ea\" class=\"wp-block-download\">\n\t\t\t<div class=\"inner\">\n\t\t\t\t\t\t<a href=\"https:\/\/www.v-label.com\/wp-content\/uploads\/2025\/05\/es-summary-of-v-label-style-guide-v0101-es.pdf\" class=\"post_thumbnail\" download>\n\t\t\t\t<img decoding=\"async\" src=\"https:\/\/www.v-label.com\/wp-content\/uploads\/2025\/05\/guila-de-estilo-resumen-500x416.jpg\" alt=\"Gu\u00eda de estilo V-Label (Resumen)\">\n\t\t\t<\/a>\n\t\t\t<h4>Gu\u00eda de estilo V-Label (Resumen)<\/h4>\n\t\t\t<p class=\"meta\">\n\t\t\t\tPDF, 350,07 KB\t\t\t<\/p>\n\t\t<\/div>\n\t\t<a href=\"https:\/\/www.v-label.com\/wp-content\/uploads\/2025\/05\/es-summary-of-v-label-style-guide-v0101-es.pdf\" download>\n\t\t\t<button class=\"wp-block-button__link\">Download<\/button>\n\t\t<\/a>\n\t<\/section><\/div>\n\n\n\n<div class=\"wp-block-column is-layout-flow wp-block-column-is-layout-flow\" style=\"flex-basis:15%\"><\/div>\n<\/div>\n\n\n\n<p>En caso de preguntas sobre estas gu\u00edas, ponte en <a href=\"https:\/\/www.v-label.com\/es\/contacto\/\" data-type=\"link\" data-id=\"https:\/\/www.v-label.com\/es\/contacto\/\">contacto con tu licenciante local<\/a>.<\/p>\n\n\n\n<h2 class=\"wp-block-heading\">\u00bfD\u00f3nde podemos conseguir el logo y los sellos V-Label?<\/h2>\n\n\n\n<p>Los licenciatarios pueden obtener el\/los sellos correspondiente(s) en alta resoluci\u00f3n a trav\u00e9s de tu licenciante local. Para licenciar tu producto con V-Label, <a href=\"https:\/\/www.v-label.com\/es\/certifique-con-v-label\/\" data-type=\"link\" data-id=\"https:\/\/www.v-label.com\/es\/certifique-con-v-label\/\">rellena una solicitud aqu\u00ed<\/a>.<\/p>\n\n\n\n<p>Para uso online y offline (que no sea en productos), los socios, colaboradores y medios de comunicaci\u00f3n pueden encontrar archivos en baja resoluci\u00f3n del logotipo y los sellos en <a href=\"https:\/\/www.v-label.com\/es\/prensa\/\" data-type=\"link\" data-id=\"https:\/\/www.v-label.com\/es\/prensa\/\">Materiales de Prensa<\/a>. Si deseas hacer una consulta sobre el uso de nuestro logotipo, por favor escribe a <a href=\"&#x6d;&#x61;&#105;l&#x74;&#x6f;&#x3a;&#99;o&#x6d;&#x6d;&#x75;&#110;i&#x63;&#x61;&#x74;&#105;o&#x6e;&#x73;&#x40;&#118;-&#x6c;&#x61;&#x62;&#101;l&#x2e;&#x63;&#x6f;&#109;\">&#99;&#x6f;&#x6d;m&#117;&#x6e;i&#99;&#x61;&#x74;i&#111;&#x6e;s&#64;&#x76;&#x2d;l&#97;&#x62;e&#108;&#x2e;&#x63;&#111;&#109;<\/a>.<\/p>\n\n\n\n<div class=\"wp-block-buttons is-content-justification-center is-layout-flex wp-container-core-buttons-is-layout-16018d1d wp-block-buttons-is-layout-flex\">\n<div class=\"wp-block-button\"><a class=\"wp-block-button__link wp-element-button\" href=\"https:\/\/www.v-label.com\/es\/certifique-con-v-label\/\">Obt\u00e9n la licencia V-Label<\/a><\/div>\n<\/div>\n\n\n\n<p><strong>Ten en cuenta:<\/strong><\/p>\n\n\n\n<ul class=\"wp-block-list\">\n<li><strong>V-Label es una marca registrada figurativa<\/strong> y, por lo tanto, debe reproducirse fielmente para garantizar su reconocimiento. La \u201cV con la hoja en la esquina superior derecha\u201d, el logotipo de V-Label y los sellos son marcas registradas y son propiedad de V-Label GmbH y V-Label Italia srl.<\/li>\n<\/ul>\n\n\n\n<ul class=\"wp-block-list\">\n<li>Afirmar o dar a entender que un producto est\u00e1 licenciado por V-Label sin haber completado el proceso de licencia, o hacerlo despu\u00e9s de que la licencia haya expirado o sido revocada, as\u00ed como utilizar directamente un sello en productos que no han pasado por el proceso de licencia ni han sido verificados como conformes con los est\u00e1ndares para productos veganos o vegetarianos establecidos por V-Label, constituye una infracci\u00f3n. Las consecuencias de dicha infracci\u00f3n pueden incluir acciones legales contra la parte infractora, sanciones econ\u00f3micas y \u00f3rdenes de cese del uso no autorizado.<\/li>\n<\/ul>\n\n\n\n<ul class=\"wp-block-list\">\n<li>Si has detectado un uso indebido del sello (por ejemplo, un V-Label en un envase que claramente no es de origen vegetal, o un producto vegetariano etiquetado por error como vegano), por favor <a href=\"https:\/\/www.v-label.com\/es\/informar-de-un-mal-uso\/\" data-type=\"link\" data-id=\"https:\/\/www.v-label.com\/es\/informar-de-un-mal-uso\/\">rep\u00f3rtalo aqu\u00ed<\/a>.<\/li>\n<\/ul>\n\n\n\n<div class=\"wp-block-buttons is-content-justification-center is-layout-flex wp-container-core-buttons-is-layout-16018d1d wp-block-buttons-is-layout-flex\">\n<div class=\"wp-block-button\"><a class=\"wp-block-button__link wp-element-button\" href=\"https:\/\/www.v-label.com\/es\/contacto\/\">Contacto<\/a><\/div>\n\n\n\n<div class=\"wp-block-button\"><a class=\"wp-block-button__link wp-element-button\" href=\"https:\/\/www.v-label.com\/es\/informar-de-un-mal-uso\/\">Reporta un uso indebido<\/a><\/div>\n<\/div>\n","protected":false},"excerpt":{"rendered":"<p>La Gu\u00eda de Estilo de V-Label ofrece orientaci\u00f3n y claridad sobre c\u00f3mo utilizar el logo y los Sellos V-Label, as\u00ed como proteger los valores y la integridad que comunican. Nuestros sellos representan un mensaje reconocido por consumidores de todo el mundo, por lo que es importante usarlos correctamente. Nuestros sellos Vegano y Vegetariano se utilizan [&hellip;]<\/p>\n","protected":false},"author":5,"featured_media":96873,"parent":0,"menu_order":0,"comment_status":"closed","ping_status":"closed","template":"","meta":{"_acf_changed":false,"_editorskit_title_hidden":false,"_editorskit_reading_time":0,"_editorskit_is_block_options_detached":false,"_editorskit_block_options_position":"{}","inline_featured_image":false,"_uag_custom_page_level_css":"","footnotes":""},"categories":[],"tags":[],"class_list":["post-96659","page","type-page","status-publish","has-post-thumbnail","hentry"],"acf":[],"uagb_featured_image_src":{"full":["https:\/\/www.v-label.com\/wp-content\/uploads\/2025\/05\/guila-de-estilo-cover.jpg",1375,971,false],"thumbnail":["https:\/\/www.v-label.com\/wp-content\/uploads\/2025\/05\/guila-de-estilo-cover-500x353.jpg",500,353,true],"medium":["https:\/\/www.v-label.com\/wp-content\/uploads\/2025\/05\/guila-de-estilo-cover-300x212.jpg",300,212,true],"medium_large":["https:\/\/www.v-label.com\/wp-content\/uploads\/2025\/05\/guila-de-estilo-cover-768x542.jpg",768,542,true],"large":["https:\/\/www.v-label.com\/wp-content\/uploads\/2025\/05\/guila-de-estilo-cover-1024x723.jpg",1024,723,true],"1536x1536":["https:\/\/www.v-label.com\/wp-content\/uploads\/2025\/05\/guila-de-estilo-cover.jpg",1375,971,false],"2048x2048":["https:\/\/www.v-label.com\/wp-content\/uploads\/2025\/05\/guila-de-estilo-cover.jpg",1375,971,false],"preview":["https:\/\/www.v-label.com\/wp-content\/uploads\/2025\/05\/guila-de-estilo-cover-904x720.jpg",904,720,true],"header":["https:\/\/www.v-label.com\/wp-content\/uploads\/2025\/05\/guila-de-estilo-cover-1375x720.jpg",1375,720,true],"gform-image-choice-sm":["https:\/\/www.v-label.com\/wp-content\/uploads\/2025\/05\/guila-de-estilo-cover.jpg",300,212,false],"gform-image-choice-md":["https:\/\/www.v-label.com\/wp-content\/uploads\/2025\/05\/guila-de-estilo-cover.jpg",400,282,false],"gform-image-choice-lg":["https:\/\/www.v-label.com\/wp-content\/uploads\/2025\/05\/guila-de-estilo-cover.jpg",600,424,false]},"uagb_author_info":{"display_name":"Can Aslan","author_link":"https:\/\/www.v-label.com\/es"},"uagb_comment_info":0,"uagb_excerpt":"La Gu\u00eda de Estilo de V-Label ofrece orientaci\u00f3n y claridad sobre c\u00f3mo utilizar el logo y los Sellos V-Label, as\u00ed como proteger los valores y la integridad que comunican. Nuestros sellos representan un mensaje reconocido por consumidores de todo el mundo, por lo que es importante usarlos correctamente. Nuestros sellos Vegano y Vegetariano se utilizan&hellip;","_links":{"self":[{"href":"https:\/\/www.v-label.com\/es\/wp-json\/wp\/v2\/pages\/96659","targetHints":{"allow":["GET"]}}],"collection":[{"href":"https:\/\/www.v-label.com\/es\/wp-json\/wp\/v2\/pages"}],"about":[{"href":"https:\/\/www.v-label.com\/es\/wp-json\/wp\/v2\/types\/page"}],"author":[{"embeddable":true,"href":"https:\/\/www.v-label.com\/es\/wp-json\/wp\/v2\/users\/5"}],"replies":[{"embeddable":true,"href":"https:\/\/www.v-label.com\/es\/wp-json\/wp\/v2\/comments?post=96659"}],"version-history":[{"count":2,"href":"https:\/\/www.v-label.com\/es\/wp-json\/wp\/v2\/pages\/96659\/revisions"}],"predecessor-version":[{"id":96867,"href":"https:\/\/www.v-label.com\/es\/wp-json\/wp\/v2\/pages\/96659\/revisions\/96867"}],"wp:featuredmedia":[{"embeddable":true,"href":"https:\/\/www.v-label.com\/es\/wp-json\/wp\/v2\/media\/96873"}],"wp:attachment":[{"href":"https:\/\/www.v-label.com\/es\/wp-json\/wp\/v2\/media?parent=96659"}],"wp:term":[{"taxonomy":"category","embeddable":true,"href":"https:\/\/www.v-label.com\/es\/wp-json\/wp\/v2\/categories?post=96659"},{"taxonomy":"post_tag","embeddable":true,"href":"https:\/\/www.v-label.com\/es\/wp-json\/wp\/v2\/tags?post=96659"}],"curies":[{"name":"wp","href":"https:\/\/api.w.org\/{rel}","templated":true}]}}