{"id":7893,"date":"2022-05-30T16:16:14","date_gmt":"2022-05-30T14:16:14","guid":{"rendered":"https:\/\/www.v-label.com\/info-for-producers\/"},"modified":"2024-07-09T15:03:34","modified_gmt":"2024-07-09T13:03:34","slug":"info-for-producers","status":"publish","type":"page","link":"https:\/\/www.v-label.com\/fi\/info-for-producers\/","title":{"rendered":"Tietoa yrityksille"},"content":{"rendered":"\n<p>V-Label -lisensoituja tuotteita on jo <strong>yli 70 000 yli 4800 yritykselt\u00e4<\/strong>. Kansainv\u00e4lisesti tunnistettava V-Label auttaa kuluttajaa tunnistamaan kasvipohjaiset tuotteet ensisilm\u00e4yksell\u00e4.<\/p>\n\n\n\n<h3 class=\"wp-block-heading has-text-align-center has-greenlightultra-background-color has-background\">Miksi yrityksesi kannattaa harkita V-Label -sertifikaatin k\u00e4ytt\u00f6\u00f6nottoa:<\/h3>\n\n\n\n<p><strong>Tavoita uusia kohderyhmi\u00e4. <\/strong>Esimerkiksi Saksassa, Espanjanssa ja Puolassa jo puolet v\u00e4est\u00f6st\u00e4 luokittelee itsens\u00e4 fleksaajien kasvavaan ja moninaiseen ryhm\u00e4\u00e4n, jonka edustajat etsiv\u00e4t kasvipohjaisia tuotteita esimerkiksi eettisist\u00e4 tai terveydellisist\u00e4 syist\u00e4.<\/p>\n\n\n\n<p><strong>Lis\u00e4\u00e4 n\u00e4kyvyytt\u00e4.<\/strong> V-Label -merkill\u00e4 saat tuotteesi kuluttajien tietoisuuteen ja helpotat tuotteidesi l\u00f6ydett\u00e4vyytt\u00e4.<\/p>\n\n\n\n<p><strong>Ansaitse luottamusta.<\/strong> V-Label on luotettava ja tunnistettava takuu laadusta. Itsen\u00e4isen\u00e4 edell\u00e4k\u00e4vij\u00e4n\u00e4 V-Label tuo tuotteellesi luotettavaa lis\u00e4arvoa.<\/p>\n\n\n\n<div class=\"wp-block-buttons alignwide is-content-justification-center is-layout-flex wp-container-core-buttons-is-layout-16018d1d wp-block-buttons-is-layout-flex\">\n<div class=\"wp-block-button\"><a class=\"wp-block-button__link wp-element-button\" href=\"https:\/\/www.v-label.com\/fi\/for-business\/get-certified\/\" rel=\"noopener\">Pyyd\u00e4 tarjous<\/a><\/div>\n\n\n\n<div class=\"wp-block-button\"><a class=\"wp-block-button__link wp-element-button\" href=\"https:\/\/www.v-label.com\/fi\/for-business\/benefits\/\">Lue lis\u00e4\u00e4 hy\u00f6dyist\u00e4<\/a><\/div>\n<\/div>\n\n\n\n<div class=\"wp-block-columns are-vertically-aligned-center is-layout-flex wp-container-core-columns-is-layout-9d6595d7 wp-block-columns-is-layout-flex\">\n<div class=\"wp-block-column is-vertically-aligned-center is-layout-flow wp-block-column-is-layout-flow\">\n<figure class=\"wp-block-image size-full\"><img decoding=\"async\" width=\"720\" height=\"482\" src=\"https:\/\/www.v-label.com\/wp-content\/uploads\/2022\/09\/b2b-info-page-1.webp\" alt=\"\" class=\"wp-image-876\" srcset=\"https:\/\/www.v-label.com\/wp-content\/uploads\/2022\/09\/b2b-info-page-1.webp 720w, https:\/\/www.v-label.com\/wp-content\/uploads\/2022\/09\/b2b-info-page-1-300x201.webp 300w\" sizes=\"(max-width: 720px) 100vw, 720px\" \/><\/figure>\n<\/div>\n\n\n\n<div class=\"wp-block-column is-vertically-aligned-center is-layout-flow wp-block-column-is-layout-flow\">\n<figure class=\"wp-block-image size-full\"><img decoding=\"async\" width=\"720\" height=\"497\" src=\"https:\/\/www.v-label.com\/wp-content\/uploads\/2022\/09\/b2b-info-page-2.webp\" alt=\"\" class=\"wp-image-879\" srcset=\"https:\/\/www.v-label.com\/wp-content\/uploads\/2022\/09\/b2b-info-page-2.webp 720w, https:\/\/www.v-label.com\/wp-content\/uploads\/2022\/09\/b2b-info-page-2-300x207.webp 300w\" sizes=\"(max-width: 720px) 100vw, 720px\" \/><\/figure>\n<\/div>\n\n\n\n<div class=\"wp-block-column is-vertically-aligned-center is-layout-flow wp-block-column-is-layout-flow\">\n<figure class=\"wp-block-image size-full\"><img decoding=\"async\" width=\"720\" height=\"482\" src=\"https:\/\/www.v-label.com\/wp-content\/uploads\/2022\/09\/b2b-info-page-3.webp\" alt=\"\" class=\"wp-image-860\" srcset=\"https:\/\/www.v-label.com\/wp-content\/uploads\/2022\/09\/b2b-info-page-3.webp 720w, https:\/\/www.v-label.com\/wp-content\/uploads\/2022\/09\/b2b-info-page-3-300x201.webp 300w\" sizes=\"(max-width: 720px) 100vw, 720px\" \/><\/figure>\n<\/div>\n<\/div>\n\n\n\n<h3 class=\"wp-block-heading\">Pyyd\u00e4 tarjous<\/h3>\n\n\n\n<p><strong>Valmiina lis\u00e4\u00e4m\u00e4\u00e4n vegetuotteidesi n\u00e4kyvyytt\u00e4? <\/strong>V-Label auttaa kuluttajaa tunnistamaan kasvipohjaiset tuotteet ensisilm\u00e4yksell\u00e4.<\/p>\n\n\n\n<p>Liiketoiminnan n\u00e4k\u00f6kulmasta yhteisty\u00f6 alan edell\u00e4k\u00e4vij\u00e4n, V-Labelin, kanssa lis\u00e4\u00e4 luotettavuutta ja l\u00e4pin\u00e4kyvyytt\u00e4 kasvipohjaisten tuotteiden markkinoilla. Asiakkaillenne V-Label on yksinkertainen ja luotettava apu kest\u00e4vien ja johdonmukaisten valintojen tekemiseen.<\/p>\n\n\n\n<div class=\"wp-block-buttons alignwide is-content-justification-center is-layout-flex wp-container-core-buttons-is-layout-16018d1d wp-block-buttons-is-layout-flex\">\n<div class=\"wp-block-button\"><a class=\"wp-block-button__link wp-element-button\" href=\"https:\/\/www.v-label.com\/fi\/for-business\/get-certified\/\" rel=\"noopener\">Pyyd\u00e4 tarjous<\/a><\/div>\n<\/div>\n\n\n\n<h3 class=\"wp-block-heading\">Kriteerit ja usein kysytyt kysymykset<\/h3>\n\n\n\n<p>Lue vastaukset yleisimpiin kysymyksiin liityen V-Label -merkint\u00e4\u00e4n<\/p>\n\n\n\n<div class=\"wp-block-buttons alignwide is-content-justification-center is-layout-flex wp-container-core-buttons-is-layout-16018d1d wp-block-buttons-is-layout-flex\">\n<div class=\"wp-block-button\"><a class=\"wp-block-button__link wp-element-button\" href=\"https:\/\/www.v-label.com\/fi\/faqs\/\">Usein kysytyt kysymykset<\/a><\/div>\n<\/div>\n","protected":false},"excerpt":{"rendered":"<p>V-Label -lisensoituja tuotteita on jo yli 70 000 yli 4800 yritykselt\u00e4. Kansainv\u00e4lisesti tunnistettava V-Label auttaa kuluttajaa tunnistamaan kasvipohjaiset tuotteet ensisilm\u00e4yksell\u00e4. Miksi yrityksesi kannattaa harkita V-Label -sertifikaatin k\u00e4ytt\u00f6\u00f6nottoa: Tavoita uusia kohderyhmi\u00e4. Esimerkiksi Saksassa, Espanjanssa ja Puolassa jo puolet v\u00e4est\u00f6st\u00e4 luokittelee itsens\u00e4 fleksaajien kasvavaan ja moninaiseen ryhm\u00e4\u00e4n, jonka edustajat etsiv\u00e4t kasvipohjaisia tuotteita esimerkiksi eettisist\u00e4 tai terveydellisist\u00e4 syist\u00e4. [&hellip;]<\/p>\n","protected":false},"author":5,"featured_media":39756,"parent":0,"menu_order":0,"comment_status":"closed","ping_status":"closed","template":"","meta":{"_acf_changed":false,"_editorskit_title_hidden":false,"_editorskit_reading_time":0,"_editorskit_is_block_options_detached":false,"_editorskit_block_options_position":"{}","inline_featured_image":false,"_uag_custom_page_level_css":"","footnotes":""},"categories":[],"tags":[],"class_list":["post-7893","page","type-page","status-publish","has-post-thumbnail","hentry"],"acf":[],"uagb_featured_image_src":{"full":["https:\/\/www.v-label.com\/wp-content\/uploads\/2022\/12\/v-label-info-for-producers.jpg",1280,870,false],"thumbnail":["https:\/\/www.v-label.com\/wp-content\/uploads\/2022\/12\/v-label-info-for-producers-500x340.jpg",500,340,true],"medium":["https:\/\/www.v-label.com\/wp-content\/uploads\/2022\/12\/v-label-info-for-producers-300x204.jpg",300,204,true],"medium_large":["https:\/\/www.v-label.com\/wp-content\/uploads\/2022\/12\/v-label-info-for-producers-768x522.jpg",768,522,true],"large":["https:\/\/www.v-label.com\/wp-content\/uploads\/2022\/12\/v-label-info-for-producers-1024x696.jpg",1024,696,true],"1536x1536":["https:\/\/www.v-label.com\/wp-content\/uploads\/2022\/12\/v-label-info-for-producers.jpg",1280,870,false],"2048x2048":["https:\/\/www.v-label.com\/wp-content\/uploads\/2022\/12\/v-label-info-for-producers.jpg",1280,870,false],"preview":["https:\/\/www.v-label.com\/wp-content\/uploads\/2022\/12\/v-label-info-for-producers-904x720.jpg",904,720,true],"header":["https:\/\/www.v-label.com\/wp-content\/uploads\/2022\/12\/v-label-info-for-producers-1280x720.jpg",1280,720,true],"gform-image-choice-sm":["https:\/\/www.v-label.com\/wp-content\/uploads\/2022\/12\/v-label-info-for-producers.jpg",300,204,false],"gform-image-choice-md":["https:\/\/www.v-label.com\/wp-content\/uploads\/2022\/12\/v-label-info-for-producers.jpg",400,272,false],"gform-image-choice-lg":["https:\/\/www.v-label.com\/wp-content\/uploads\/2022\/12\/v-label-info-for-producers.jpg",600,408,false]},"uagb_author_info":{"display_name":"Can Aslan","author_link":"https:\/\/www.v-label.com\/fi"},"uagb_comment_info":0,"uagb_excerpt":"V-Label -lisensoituja tuotteita on jo yli 70 000 yli 4800 yritykselt\u00e4. Kansainv\u00e4lisesti tunnistettava V-Label auttaa kuluttajaa tunnistamaan kasvipohjaiset tuotteet ensisilm\u00e4yksell\u00e4. Miksi yrityksesi kannattaa harkita V-Label -sertifikaatin k\u00e4ytt\u00f6\u00f6nottoa: Tavoita uusia kohderyhmi\u00e4. Esimerkiksi Saksassa, Espanjanssa ja Puolassa jo puolet v\u00e4est\u00f6st\u00e4 luokittelee itsens\u00e4 fleksaajien kasvavaan ja moninaiseen ryhm\u00e4\u00e4n, jonka edustajat etsiv\u00e4t kasvipohjaisia tuotteita esimerkiksi eettisist\u00e4 tai terveydellisist\u00e4 syist\u00e4.&hellip;","_links":{"self":[{"href":"https:\/\/www.v-label.com\/fi\/wp-json\/wp\/v2\/pages\/7893","targetHints":{"allow":["GET"]}}],"collection":[{"href":"https:\/\/www.v-label.com\/fi\/wp-json\/wp\/v2\/pages"}],"about":[{"href":"https:\/\/www.v-label.com\/fi\/wp-json\/wp\/v2\/types\/page"}],"author":[{"embeddable":true,"href":"https:\/\/www.v-label.com\/fi\/wp-json\/wp\/v2\/users\/5"}],"replies":[{"embeddable":true,"href":"https:\/\/www.v-label.com\/fi\/wp-json\/wp\/v2\/comments?post=7893"}],"version-history":[{"count":4,"href":"https:\/\/www.v-label.com\/fi\/wp-json\/wp\/v2\/pages\/7893\/revisions"}],"predecessor-version":[{"id":83867,"href":"https:\/\/www.v-label.com\/fi\/wp-json\/wp\/v2\/pages\/7893\/revisions\/83867"}],"wp:featuredmedia":[{"embeddable":true,"href":"https:\/\/www.v-label.com\/fi\/wp-json\/wp\/v2\/media\/39756"}],"wp:attachment":[{"href":"https:\/\/www.v-label.com\/fi\/wp-json\/wp\/v2\/media?parent=7893"}],"wp:term":[{"taxonomy":"category","embeddable":true,"href":"https:\/\/www.v-label.com\/fi\/wp-json\/wp\/v2\/categories?post=7893"},{"taxonomy":"post_tag","embeddable":true,"href":"https:\/\/www.v-label.com\/fi\/wp-json\/wp\/v2\/tags?post=7893"}],"curies":[{"name":"wp","href":"https:\/\/api.w.org\/{rel}","templated":true}]}}