{"id":7950,"date":"2022-05-30T16:16:29","date_gmt":"2022-05-30T14:16:29","guid":{"rendered":"https:\/\/www.v-label.com\/info-for-producers\/benefits\/"},"modified":"2024-07-09T15:03:55","modified_gmt":"2024-07-09T13:03:55","slug":"benefits","status":"publish","type":"page","link":"https:\/\/www.v-label.com\/fi\/info-for-producers\/benefits\/","title":{"rendered":"Hy\u00f6dyist\u00e4"},"content":{"rendered":"\n<p>Asiakkaat ymp\u00e4ri maailman t\u00e4ht\u00e4\u00e4v\u00e4t kasvipohjaisempaan ruokavalioon, esimerkiksi terveyden, allergioiden tai eettisten syiden vuoksi. Kasvipohjaisen ruokavalion yleistyminen on huomattu my\u00f6s hallituksissa ja organisaatioissa. On k\u00e4ym\u00e4ss\u00e4 selv\u00e4ksi, ettei Pariisin ilmastosopimuksen tavoitteita tulla t\u00e4ytt\u00e4m\u00e4\u00e4n ilman el\u00e4intuotannon v\u00e4hent\u00e4mist\u00e4. Uusille innovatiivisille ja kest\u00e4v\u00e4sti tuotetuille kasvipohjaisille tuotteille on nyt entist\u00e4 enemm\u00e4n kysynt\u00e4\u00e4. V-Labelin avulla varmistat paikkasi jatkuvasti kasvavilla vegetuotteiden markkinoilla.<\/p>\n\n\n\n<div class=\"wp-block-media-text is-stacked-on-mobile is-vertically-aligned-center is-image-fill\"><figure class=\"wp-block-media-text__media\" style=\"background-image:url(https:\/\/www.v-label.com\/wp-content\/uploads\/2022\/12\/v-label-consumers-favorite.jpg);background-position:62% 53%\"><img decoding=\"async\" src=\"https:\/\/www.v-label.com\/wp-content\/uploads\/2022\/12\/v-label-consumers-favorite.jpg\" alt=\"\" class=\"wp-image-39649 size-full\"\/><\/figure><div class=\"wp-block-media-text__content\">\n<h3 class=\"wp-block-heading\"><strong><strong><strong><strong><strong><strong><strong><strong><strong><strong>Asiakkaiden suosikki<\/strong><\/strong><\/strong><\/strong><\/strong><\/strong><\/strong><\/strong><\/strong><\/strong><\/h3>\n\n\n\n<p>Saksassa tunnetun G\u00fctesiegel Monitor 2020 -lehden mukaan V-Label on kahdeksanneksi tunnetuin ja kolmanneksi luotetuin elintarvikkeiden sertifikaatti. Euroopan unionissa V-Label on nyt tunnetuin kasvipohjaisten tuotteiden sertifikaatti. V-Label on sertifioinut yli 70000 tuotetta maailmanlaajuisesti ja sill\u00e4 on laaja tuki vegaanien ja kasvissy\u00f6jien yhteis\u00f6iss\u00e4. Helposti ymm\u00e4rrett\u00e4v\u00e4 luokittelu kertoo nopeasti tuotteiden sopivuudesta vegaaneille tai kasvissy\u00f6jille.<\/p>\n<\/div><\/div>\n\n\n\n<div style=\"height:30px\" aria-hidden=\"true\" class=\"wp-block-spacer\"><\/div>\n\n\n\n<div class=\"wp-block-media-text is-stacked-on-mobile is-vertically-aligned-center is-image-fill\"><figure class=\"wp-block-media-text__media\" style=\"background-image:url(https:\/\/www.v-label.com\/wp-content\/uploads\/2022\/12\/v-label-global-recognition.jpg);background-position:50% 50%\"><img decoding=\"async\" width=\"1280\" height=\"959\" src=\"https:\/\/www.v-label.com\/wp-content\/uploads\/2022\/12\/v-label-global-recognition.jpg\" alt=\"\" class=\"wp-image-17595 size-full\" srcset=\"https:\/\/www.v-label.com\/wp-content\/uploads\/2022\/12\/v-label-global-recognition.jpg 1280w, https:\/\/www.v-label.com\/wp-content\/uploads\/2022\/12\/v-label-global-recognition-300x225.jpg 300w, https:\/\/www.v-label.com\/wp-content\/uploads\/2022\/12\/v-label-global-recognition-1024x767.jpg 1024w, https:\/\/www.v-label.com\/wp-content\/uploads\/2022\/12\/v-label-global-recognition-500x375.jpg 500w, https:\/\/www.v-label.com\/wp-content\/uploads\/2022\/12\/v-label-global-recognition-768x575.jpg 768w\" sizes=\"(max-width: 1280px) 100vw, 1280px\" \/><\/figure><div class=\"wp-block-media-text__content\">\n<h3 class=\"wp-block-heading\"><strong><strong><strong><strong><strong><strong><strong><strong><strong><strong>Kansainv\u00e4lisesti tunnettu<\/strong><\/strong><\/strong><\/strong><\/strong><\/strong><\/strong><\/strong><\/strong><\/strong><\/h3>\n\n\n\n<p>Sveitsiss\u00e4 25 vuotta sitten perustettu V-Label on ansainnut johtavan paikan kasvipohjaisten tuotteiden ja palveluiden laadun vahvistajana. V-Label tarjoaa sinulle yhden sertifikaatin, joka on arvostettu kaikilla markkinoilla. Keltainen V-Label -merkki osuu takuulla tiedostavien kuluttajien silmiin pakkausten keskell\u00e4.<\/p>\n<\/div><\/div>\n","protected":false},"excerpt":{"rendered":"<p>Asiakkaat ymp\u00e4ri maailman t\u00e4ht\u00e4\u00e4v\u00e4t kasvipohjaisempaan ruokavalioon, esimerkiksi terveyden, allergioiden tai eettisten syiden vuoksi. Kasvipohjaisen ruokavalion yleistyminen on huomattu my\u00f6s hallituksissa ja organisaatioissa. On k\u00e4ym\u00e4ss\u00e4 selv\u00e4ksi, ettei Pariisin ilmastosopimuksen tavoitteita tulla t\u00e4ytt\u00e4m\u00e4\u00e4n ilman el\u00e4intuotannon v\u00e4hent\u00e4mist\u00e4. Uusille innovatiivisille ja kest\u00e4v\u00e4sti tuotetuille kasvipohjaisille tuotteille on nyt entist\u00e4 enemm\u00e4n kysynt\u00e4\u00e4. V-Labelin avulla varmistat paikkasi jatkuvasti kasvavilla vegetuotteiden markkinoilla. Asiakkaiden [&hellip;]<\/p>\n","protected":false},"author":5,"featured_media":17552,"parent":7893,"menu_order":0,"comment_status":"closed","ping_status":"closed","template":"","meta":{"_acf_changed":false,"_editorskit_title_hidden":false,"_editorskit_reading_time":0,"_editorskit_is_block_options_detached":false,"_editorskit_block_options_position":"{}","inline_featured_image":false,"_uag_custom_page_level_css":"","footnotes":""},"categories":[],"tags":[],"class_list":["post-7950","page","type-page","status-publish","has-post-thumbnail","hentry"],"acf":[],"uagb_featured_image_src":{"full":["https:\/\/www.v-label.com\/wp-content\/uploads\/2022\/12\/v-label-benefits.jpg",1280,878,false],"thumbnail":["https:\/\/www.v-label.com\/wp-content\/uploads\/2022\/12\/v-label-benefits-500x343.jpg",500,343,true],"medium":["https:\/\/www.v-label.com\/wp-content\/uploads\/2022\/12\/v-label-benefits-300x206.jpg",300,206,true],"medium_large":["https:\/\/www.v-label.com\/wp-content\/uploads\/2022\/12\/v-label-benefits-768x527.jpg",768,527,true],"large":["https:\/\/www.v-label.com\/wp-content\/uploads\/2022\/12\/v-label-benefits-1024x702.jpg",1024,702,true],"1536x1536":["https:\/\/www.v-label.com\/wp-content\/uploads\/2022\/12\/v-label-benefits.jpg",1280,878,false],"2048x2048":["https:\/\/www.v-label.com\/wp-content\/uploads\/2022\/12\/v-label-benefits.jpg",1280,878,false],"preview":["https:\/\/www.v-label.com\/wp-content\/uploads\/2022\/12\/v-label-benefits-904x720.jpg",904,720,true],"header":["https:\/\/www.v-label.com\/wp-content\/uploads\/2022\/12\/v-label-benefits-1280x720.jpg",1280,720,true],"gform-image-choice-sm":["https:\/\/www.v-label.com\/wp-content\/uploads\/2022\/12\/v-label-benefits.jpg",300,206,false],"gform-image-choice-md":["https:\/\/www.v-label.com\/wp-content\/uploads\/2022\/12\/v-label-benefits.jpg",400,274,false],"gform-image-choice-lg":["https:\/\/www.v-label.com\/wp-content\/uploads\/2022\/12\/v-label-benefits.jpg",600,412,false]},"uagb_author_info":{"display_name":"Can Aslan","author_link":"https:\/\/www.v-label.com\/fi"},"uagb_comment_info":0,"uagb_excerpt":"Asiakkaat ymp\u00e4ri maailman t\u00e4ht\u00e4\u00e4v\u00e4t kasvipohjaisempaan ruokavalioon, esimerkiksi terveyden, allergioiden tai eettisten syiden vuoksi. Kasvipohjaisen ruokavalion yleistyminen on huomattu my\u00f6s hallituksissa ja organisaatioissa. On k\u00e4ym\u00e4ss\u00e4 selv\u00e4ksi, ettei Pariisin ilmastosopimuksen tavoitteita tulla t\u00e4ytt\u00e4m\u00e4\u00e4n ilman el\u00e4intuotannon v\u00e4hent\u00e4mist\u00e4. Uusille innovatiivisille ja kest\u00e4v\u00e4sti tuotetuille kasvipohjaisille tuotteille on nyt entist\u00e4 enemm\u00e4n kysynt\u00e4\u00e4. V-Labelin avulla varmistat paikkasi jatkuvasti kasvavilla vegetuotteiden markkinoilla. Asiakkaiden&hellip;","_links":{"self":[{"href":"https:\/\/www.v-label.com\/fi\/wp-json\/wp\/v2\/pages\/7950","targetHints":{"allow":["GET"]}}],"collection":[{"href":"https:\/\/www.v-label.com\/fi\/wp-json\/wp\/v2\/pages"}],"about":[{"href":"https:\/\/www.v-label.com\/fi\/wp-json\/wp\/v2\/types\/page"}],"author":[{"embeddable":true,"href":"https:\/\/www.v-label.com\/fi\/wp-json\/wp\/v2\/users\/5"}],"replies":[{"embeddable":true,"href":"https:\/\/www.v-label.com\/fi\/wp-json\/wp\/v2\/comments?post=7950"}],"version-history":[{"count":5,"href":"https:\/\/www.v-label.com\/fi\/wp-json\/wp\/v2\/pages\/7950\/revisions"}],"predecessor-version":[{"id":83868,"href":"https:\/\/www.v-label.com\/fi\/wp-json\/wp\/v2\/pages\/7950\/revisions\/83868"}],"up":[{"embeddable":true,"href":"https:\/\/www.v-label.com\/fi\/wp-json\/wp\/v2\/pages\/7893"}],"wp:featuredmedia":[{"embeddable":true,"href":"https:\/\/www.v-label.com\/fi\/wp-json\/wp\/v2\/media\/17552"}],"wp:attachment":[{"href":"https:\/\/www.v-label.com\/fi\/wp-json\/wp\/v2\/media?parent=7950"}],"wp:term":[{"taxonomy":"category","embeddable":true,"href":"https:\/\/www.v-label.com\/fi\/wp-json\/wp\/v2\/categories?post=7950"},{"taxonomy":"post_tag","embeddable":true,"href":"https:\/\/www.v-label.com\/fi\/wp-json\/wp\/v2\/tags?post=7950"}],"curies":[{"name":"wp","href":"https:\/\/api.w.org\/{rel}","templated":true}]}}