{"id":8014,"date":"2022-05-30T16:14:53","date_gmt":"2022-05-30T14:14:53","guid":{"rendered":"https:\/\/www.v-label.com\/branches\/"},"modified":"2022-12-10T09:34:15","modified_gmt":"2022-12-10T08:34:15","slug":"branches","status":"publish","type":"page","link":"https:\/\/www.v-label.com\/fi\/branches\/","title":{"rendered":"Yleist\u00e4 Tietoa"},"content":{"rendered":"\n<p>Globaalisti kasvipohjaisten tuotteiden myynti on kasvanut r\u00e4j\u00e4hdysm\u00e4isesti viime vuosien ajan ja sen odotetaan kasvavan 8.94% vuosittain ajalla 2019-2025. Alan arvon arvioitiin olevan 10,66 miljardia dollaria vuonna 2018 ja sen odotetaan nousevan 27,98 miljardiin vuoteen 2027 menness\u00e4.<\/p>\n\n\n\n<p>Vegaanisten tuotteiden kysynt\u00e4 lis\u00e4\u00e4ntyy globaalisti kuluttajien etsiess\u00e4 yh\u00e4 enemm\u00e4n terveellisi\u00e4 ja eettisi\u00e4 tuotteita, joilla on v\u00e4h\u00e4iset ymp\u00e4rist\u00f6vaikutukset. Yh\u00e4 useammat yritykset pyrkiv\u00e4t vastaamaan lis\u00e4\u00e4ntyneeseen kysynt\u00e4\u00e4n moninaisilla ja laadukkailla kasvipohjaisilla tuotteilla.<\/p>\n\n\n\n<p>Kuluttajat vaativat l\u00e4pin\u00e4kyvyytt\u00e4 tuotemerkinn\u00f6ilt\u00e4. Tuotteiden tunnistaminen nopeasti ja varmuudella on entist\u00e4 t\u00e4rke\u00e4mp\u00e4\u00e4. Saksassa V-Label lukeutuu kolmen luotetuimman tuotesertfikaatin joukkoon, osoittaen ulkopuolisten sertifikaattien luotettavuuden verrattuna valmistajan omiin merkint\u00f6ihin.<\/p>\n\n\n\r\n<ul id=\"pagelinks-block_ca1a35e4ab1b0f34d7c6db341033762e\" class=\"wp-block-pagelinks\">\r\n\t\t\t\t\t\t<li>\r\n\t\t\t\t<article>\r\n\t\t\t\t\t\t\t\t\t\t\t<a href=\"https:\/\/www.v-label.com\/fi\/branches\/cosmetics\/\" class=\"post_thumbnail\">\r\n\t\t\t\t\t\t\t<img decoding=\"async\" width=\"904\" height=\"720\" src=\"https:\/\/www.v-label.com\/wp-content\/uploads\/2022\/12\/cosmetics-1280-904x720.jpg\" class=\"attachment-preview size-preview wp-post-image\" alt=\"\" \/>\t\t\t\t\t\t<\/a>\r\n\t\t\t\t\t\t\t\t\t\t<div class=\"inner\">\r\n\t\t\t\t\t\t<div class=\"inner_top\">\r\n\t\t\t\t\t\t\t<header>\r\n\t\t\t\t\t\t\t\t<h3>\r\n\t\t\t\t\t\t\t\t\t<a href=\"https:\/\/www.v-label.com\/fi\/branches\/cosmetics\/\">Kosmetiikka &#038; Siivousaineet<\/a>\r\n\t\t\t\t\t\t\t\t<\/h3>\r\n\t\t\t\t\t\t\t\t\t\t\t\t\t\t\t<\/header>\r\n\t\t\t\t\t\t\t\t\t\t\t\t\t\t\t<div class=\"excerpt\">\r\n\t\t\t\t\t\t\t\t\t<p>Kolme t\u00e4rkeint\u00e4 syyt\u00e4 vegaanisen kosmetiikan suosiolle ovat el\u00e4inkokeettomuus, omasta terveydest\u00e4 huolehtiminen ja huolettomuus. Vegaanisten kosmetiikkamarkkinoiden arvioidaan olevan 20,8 miljardia dollaria vuoteen 2025 menness\u00e4 ja kasvavan 6,3%: lla Vegan Cosmetics Market Size, Share &amp; Trends Analysis Report -raportin mukaan vuodelta 2018. Merkitt\u00e4v\u00e4 osuus vegaanisen kosmetiikan markkinasta on Euroopassa, jossa kysynt\u00e4 el\u00e4inkokeettomalle kosmetiikalle on kasvanut r\u00e4j\u00e4hdysm\u00e4isesti. Yh\u00e4 [&hellip;]<\/p>\r\n\t\t\t\t\t\t\t\t<\/div>\r\n\t\t\t\t\t\t\t\t\t\t\t\t\t<\/div>\r\n\t\t\t\t\t\t<a href=\"https:\/\/www.v-label.com\/fi\/branches\/cosmetics\/\" class=\"read_more\">Read more<\/a>\r\n\t\t\t\t\t<\/div>\r\n\t\t\t\t<\/article>\r\n\t\t\t<\/li>\r\n\t\t\t\t\t<li>\r\n\t\t\t\t<article>\r\n\t\t\t\t\t\t\t\t\t\t\t<a href=\"https:\/\/www.v-label.com\/fi\/branches\/food\/\" class=\"post_thumbnail\">\r\n\t\t\t\t\t\t\t<img decoding=\"async\" width=\"904\" height=\"720\" src=\"https:\/\/www.v-label.com\/wp-content\/uploads\/2022\/12\/v-label-food-sector-904x720.jpg\" class=\"attachment-preview size-preview wp-post-image\" alt=\"\" \/>\t\t\t\t\t\t<\/a>\r\n\t\t\t\t\t\t\t\t\t\t<div class=\"inner\">\r\n\t\t\t\t\t\t<div class=\"inner_top\">\r\n\t\t\t\t\t\t\t<header>\r\n\t\t\t\t\t\t\t\t<h3>\r\n\t\t\t\t\t\t\t\t\t<a href=\"https:\/\/www.v-label.com\/fi\/branches\/food\/\">Ruoka<\/a>\r\n\t\t\t\t\t\t\t\t<\/h3>\r\n\t\t\t\t\t\t\t\t\t\t\t\t\t\t\t<\/header>\r\n\t\t\t\t\t\t\t\t\t\t\t\t\t\t\t<div class=\"excerpt\">\r\n\t\t\t\t\t\t\t\t\t<p>Tiesitk\u00f6, ett\u00e4 Euromonitor Internationalin mukaan L\u00e4nsi-Euroopan kasvipohjaisten tuotteiden markkinat ovat kaksinkertaistuneet pelk\u00e4st\u00e4\u00e4n viime vuosikymmenen aikana ja niiden osuus on 38,5% maailman markkinasta? Kasvipohjaisten tuotteiden markkinoiden odotetaan kasvavan 8.94%:n vuosittaisella vauhdilla, mutta lihankorvikkeiden myynnin kiihtyvyys on 18% ja ala saavuttaa 28 miljardin dollarin kynnyksen vuoteen 2025 menness\u00e4. T\u00e4st\u00e4 kehityksest\u00e4 enteilev\u00e4t jo jatkuvasti julkaistavat uudet tuoteet. Vegaanisia [&hellip;]<\/p>\r\n\t\t\t\t\t\t\t\t<\/div>\r\n\t\t\t\t\t\t\t\t\t\t\t\t\t<\/div>\r\n\t\t\t\t\t\t<a href=\"https:\/\/www.v-label.com\/fi\/branches\/food\/\" class=\"read_more\">Read more<\/a>\r\n\t\t\t\t\t<\/div>\r\n\t\t\t\t<\/article>\r\n\t\t\t<\/li>\r\n\t\t\t\t\t<li>\r\n\t\t\t\t<article>\r\n\t\t\t\t\t\t\t\t\t\t\t<a href=\"https:\/\/www.v-label.com\/fi\/branches\/non-food\/\" class=\"post_thumbnail\">\r\n\t\t\t\t\t\t\t<img decoding=\"async\" width=\"904\" height=\"692\" src=\"https:\/\/www.v-label.com\/wp-content\/uploads\/2022\/12\/v-label-non-food-sectors-904x692.jpg\" class=\"attachment-preview size-preview wp-post-image\" alt=\"\" \/>\t\t\t\t\t\t<\/a>\r\n\t\t\t\t\t\t\t\t\t\t<div class=\"inner\">\r\n\t\t\t\t\t\t<div class=\"inner_top\">\r\n\t\t\t\t\t\t\t<header>\r\n\t\t\t\t\t\t\t\t<h3>\r\n\t\t\t\t\t\t\t\t\t<a href=\"https:\/\/www.v-label.com\/fi\/branches\/non-food\/\">Muut Tuotteet<\/a>\r\n\t\t\t\t\t\t\t\t<\/h3>\r\n\t\t\t\t\t\t\t\t\t\t\t\t\t\t\t<\/header>\r\n\t\t\t\t\t\t\t\t\t\t\t\t\t\t\t<div class=\"excerpt\">\r\n\t\t\t\t\t\t\t\t\t<p>Vegaanisuus on nouseva arvo my\u00f6s tekstiili- ja muotialalla. Vegaaninen naisten muoti arvioitiin 396,3 miljardin dollarin arvoiseksi vuonna 2019 ja vuoteen 2027 menness\u00e4 markkinan odotetaan kasvavan 13,6% Statista.comin mukaan. Kehityksen on laittanut alulle vegaaninen nahka, jota kehitet\u00e4\u00e4n koko ajan uusilla tekniikoilla ja materiaaleilla. Muovipohjaisen nahan sijaan tarjolla on materiaaleja kuten ananaksen lehdet, viiniteollisuuden sivutuotteet tai sienet. [&hellip;]<\/p>\r\n\t\t\t\t\t\t\t\t<\/div>\r\n\t\t\t\t\t\t\t\t\t\t\t\t\t<\/div>\r\n\t\t\t\t\t\t<a href=\"https:\/\/www.v-label.com\/fi\/branches\/non-food\/\" class=\"read_more\">Read more<\/a>\r\n\t\t\t\t\t<\/div>\r\n\t\t\t\t<\/article>\r\n\t\t\t<\/li>\r\n\t\t\t<\/ul>","protected":false},"excerpt":{"rendered":"<p>Globaalisti kasvipohjaisten tuotteiden myynti on kasvanut r\u00e4j\u00e4hdysm\u00e4isesti viime vuosien ajan ja sen odotetaan kasvavan 8.94% vuosittain ajalla 2019-2025. Alan arvon arvioitiin olevan 10,66 miljardia dollaria vuonna 2018 ja sen odotetaan nousevan 27,98 miljardiin vuoteen 2027 menness\u00e4. Vegaanisten tuotteiden kysynt\u00e4 lis\u00e4\u00e4ntyy globaalisti kuluttajien etsiess\u00e4 yh\u00e4 enemm\u00e4n terveellisi\u00e4 ja eettisi\u00e4 tuotteita, joilla on v\u00e4h\u00e4iset ymp\u00e4rist\u00f6vaikutukset. Yh\u00e4 useammat [&hellip;]<\/p>\n","protected":false},"author":5,"featured_media":16971,"parent":0,"menu_order":0,"comment_status":"closed","ping_status":"closed","template":"","meta":{"_acf_changed":false,"_editorskit_title_hidden":false,"_editorskit_reading_time":0,"_editorskit_is_block_options_detached":false,"_editorskit_block_options_position":"{}","inline_featured_image":false,"_uag_custom_page_level_css":"","footnotes":""},"categories":[],"tags":[],"class_list":["post-8014","page","type-page","status-publish","has-post-thumbnail","hentry"],"acf":[],"uagb_featured_image_src":{"full":["https:\/\/www.v-label.com\/wp-content\/uploads\/2022\/12\/v-label-general-info-sectors.jpg",1280,716,false],"thumbnail":["https:\/\/www.v-label.com\/wp-content\/uploads\/2022\/12\/v-label-general-info-sectors-500x280.jpg",500,280,true],"medium":["https:\/\/www.v-label.com\/wp-content\/uploads\/2022\/12\/v-label-general-info-sectors-300x168.jpg",300,168,true],"medium_large":["https:\/\/www.v-label.com\/wp-content\/uploads\/2022\/12\/v-label-general-info-sectors-768x430.jpg",768,430,true],"large":["https:\/\/www.v-label.com\/wp-content\/uploads\/2022\/12\/v-label-general-info-sectors-1024x573.jpg",1024,573,true],"1536x1536":["https:\/\/www.v-label.com\/wp-content\/uploads\/2022\/12\/v-label-general-info-sectors.jpg",1280,716,false],"2048x2048":["https:\/\/www.v-label.com\/wp-content\/uploads\/2022\/12\/v-label-general-info-sectors.jpg",1280,716,false],"preview":["https:\/\/www.v-label.com\/wp-content\/uploads\/2022\/12\/v-label-general-info-sectors-904x716.jpg",904,716,true],"header":["https:\/\/www.v-label.com\/wp-content\/uploads\/2022\/12\/v-label-general-info-sectors.jpg",1280,716,false],"gform-image-choice-sm":["https:\/\/www.v-label.com\/wp-content\/uploads\/2022\/12\/v-label-general-info-sectors.jpg",300,168,false],"gform-image-choice-md":["https:\/\/www.v-label.com\/wp-content\/uploads\/2022\/12\/v-label-general-info-sectors.jpg",400,224,false],"gform-image-choice-lg":["https:\/\/www.v-label.com\/wp-content\/uploads\/2022\/12\/v-label-general-info-sectors.jpg",600,336,false]},"uagb_author_info":{"display_name":"Can Aslan","author_link":"https:\/\/www.v-label.com\/fi"},"uagb_comment_info":0,"uagb_excerpt":"Globaalisti kasvipohjaisten tuotteiden myynti on kasvanut r\u00e4j\u00e4hdysm\u00e4isesti viime vuosien ajan ja sen odotetaan kasvavan 8.94% vuosittain ajalla 2019-2025. Alan arvon arvioitiin olevan 10,66 miljardia dollaria vuonna 2018 ja sen odotetaan nousevan 27,98 miljardiin vuoteen 2027 menness\u00e4. Vegaanisten tuotteiden kysynt\u00e4 lis\u00e4\u00e4ntyy globaalisti kuluttajien etsiess\u00e4 yh\u00e4 enemm\u00e4n terveellisi\u00e4 ja eettisi\u00e4 tuotteita, joilla on v\u00e4h\u00e4iset ymp\u00e4rist\u00f6vaikutukset. Yh\u00e4 useammat&hellip;","_links":{"self":[{"href":"https:\/\/www.v-label.com\/fi\/wp-json\/wp\/v2\/pages\/8014","targetHints":{"allow":["GET"]}}],"collection":[{"href":"https:\/\/www.v-label.com\/fi\/wp-json\/wp\/v2\/pages"}],"about":[{"href":"https:\/\/www.v-label.com\/fi\/wp-json\/wp\/v2\/types\/page"}],"author":[{"embeddable":true,"href":"https:\/\/www.v-label.com\/fi\/wp-json\/wp\/v2\/users\/5"}],"replies":[{"embeddable":true,"href":"https:\/\/www.v-label.com\/fi\/wp-json\/wp\/v2\/comments?post=8014"}],"version-history":[{"count":6,"href":"https:\/\/www.v-label.com\/fi\/wp-json\/wp\/v2\/pages\/8014\/revisions"}],"predecessor-version":[{"id":10474,"href":"https:\/\/www.v-label.com\/fi\/wp-json\/wp\/v2\/pages\/8014\/revisions\/10474"}],"wp:featuredmedia":[{"embeddable":true,"href":"https:\/\/www.v-label.com\/fi\/wp-json\/wp\/v2\/media\/16971"}],"wp:attachment":[{"href":"https:\/\/www.v-label.com\/fi\/wp-json\/wp\/v2\/media?parent=8014"}],"wp:term":[{"taxonomy":"category","embeddable":true,"href":"https:\/\/www.v-label.com\/fi\/wp-json\/wp\/v2\/categories?post=8014"},{"taxonomy":"post_tag","embeddable":true,"href":"https:\/\/www.v-label.com\/fi\/wp-json\/wp\/v2\/tags?post=8014"}],"curies":[{"name":"wp","href":"https:\/\/api.w.org\/{rel}","templated":true}]}}