{"id":8053,"date":"2022-05-30T16:15:29","date_gmt":"2022-05-30T14:15:29","guid":{"rendered":"https:\/\/www.v-label.com\/branches\/cosmetics\/"},"modified":"2022-12-25T10:07:04","modified_gmt":"2022-12-25T09:07:04","slug":"cosmetics","status":"publish","type":"page","link":"https:\/\/www.v-label.com\/fi\/branches\/cosmetics\/","title":{"rendered":"Kosmetiikka &#038; Siivousaineet"},"content":{"rendered":"\n<p>Kolme t\u00e4rkeint\u00e4 syyt\u00e4 vegaanisen kosmetiikan suosiolle ovat el\u00e4inkokeettomuus, omasta terveydest\u00e4 huolehtiminen ja huolettomuus. Vegaanisten kosmetiikkamarkkinoiden arvioidaan olevan 20,8 miljardia dollaria vuoteen 2025 menness\u00e4 ja kasvavan 6,3%: lla Vegan Cosmetics Market Size, Share &amp; Trends Analysis Report -raportin mukaan vuodelta 2018.<\/p>\n\n\n\n<p>Merkitt\u00e4v\u00e4 osuus vegaanisen kosmetiikan markkinasta on Euroopassa, jossa kysynt\u00e4 el\u00e4inkokeettomalle kosmetiikalle on kasvanut r\u00e4j\u00e4hdysm\u00e4isesti. Yh\u00e4 useammat kuluttajat etsiv\u00e4t vegaanisia tuotteita meikeist\u00e4 deodorantteihin ja shampoisiin.<\/p>\n\n\n\n<p>Merkinn\u00e4t vegaanisuudesta tuotteissa ovat eritt\u00e4in tervetulleita, sill\u00e4 vegaaninen kosmetiikka on viel\u00e4 uutta. Vegan Societyn mukaan 19% ihmisist\u00e4 tarkistaa, ettei heid\u00e4n ostamiaan tuotteita testata el\u00e4inkokeilla. V-Label tekee tuotteestasi luonnollisen valinnan heille!<\/p>\n\n\n\n<p>Vegaanisuus ei ole kysytty arvo vain henkil\u00f6kohtaisissa tuotteissa, nyt vegaanisuuteen siirtyv\u00e4t my\u00f6s kotitaloudet! Siivoustuotteesi erottuvat edukseen v-Label -merkinn\u00e4n avulla!<\/p>\n\n\n\n<div class=\"wp-block-buttons is-content-justification-center is-layout-flex wp-container-core-buttons-is-layout-16018d1d wp-block-buttons-is-layout-flex\">\n<div class=\"wp-block-button\"><a class=\"wp-block-button__link wp-element-button\" href=\"https:\/\/www.v-label.com\/fi\/for-business\/get-certified\/\">Pyyd\u00e4 tarjous<\/a><\/div>\n<\/div>\n","protected":false},"excerpt":{"rendered":"<p>Kolme t\u00e4rkeint\u00e4 syyt\u00e4 vegaanisen kosmetiikan suosiolle ovat el\u00e4inkokeettomuus, omasta terveydest\u00e4 huolehtiminen ja huolettomuus. Vegaanisten kosmetiikkamarkkinoiden arvioidaan olevan 20,8 miljardia dollaria vuoteen 2025 menness\u00e4 ja kasvavan 6,3%: lla Vegan Cosmetics Market Size, Share &amp; Trends Analysis Report -raportin mukaan vuodelta 2018. Merkitt\u00e4v\u00e4 osuus vegaanisen kosmetiikan markkinasta on Euroopassa, jossa kysynt\u00e4 el\u00e4inkokeettomalle kosmetiikalle on kasvanut r\u00e4j\u00e4hdysm\u00e4isesti. Yh\u00e4 [&hellip;]<\/p>\n","protected":false},"author":5,"featured_media":17277,"parent":8014,"menu_order":0,"comment_status":"closed","ping_status":"closed","template":"","meta":{"_acf_changed":false,"_editorskit_title_hidden":false,"_editorskit_reading_time":0,"_editorskit_is_block_options_detached":false,"_editorskit_block_options_position":"{}","inline_featured_image":false,"_uag_custom_page_level_css":"","footnotes":""},"categories":[],"tags":[],"class_list":["post-8053","page","type-page","status-publish","has-post-thumbnail","hentry"],"acf":[],"uagb_featured_image_src":{"full":["https:\/\/www.v-label.com\/wp-content\/uploads\/2022\/12\/cosmetics-1280.jpg",1280,868,false],"thumbnail":["https:\/\/www.v-label.com\/wp-content\/uploads\/2022\/12\/cosmetics-1280-500x339.jpg",500,339,true],"medium":["https:\/\/www.v-label.com\/wp-content\/uploads\/2022\/12\/cosmetics-1280-300x203.jpg",300,203,true],"medium_large":["https:\/\/www.v-label.com\/wp-content\/uploads\/2022\/12\/cosmetics-1280-768x521.jpg",768,521,true],"large":["https:\/\/www.v-label.com\/wp-content\/uploads\/2022\/12\/cosmetics-1280-1024x694.jpg",1024,694,true],"1536x1536":["https:\/\/www.v-label.com\/wp-content\/uploads\/2022\/12\/cosmetics-1280.jpg",1280,868,false],"2048x2048":["https:\/\/www.v-label.com\/wp-content\/uploads\/2022\/12\/cosmetics-1280.jpg",1280,868,false],"preview":["https:\/\/www.v-label.com\/wp-content\/uploads\/2022\/12\/cosmetics-1280-904x720.jpg",904,720,true],"header":["https:\/\/www.v-label.com\/wp-content\/uploads\/2022\/12\/cosmetics-1280-1280x720.jpg",1280,720,true],"gform-image-choice-sm":["https:\/\/www.v-label.com\/wp-content\/uploads\/2022\/12\/cosmetics-1280.jpg",300,203,false],"gform-image-choice-md":["https:\/\/www.v-label.com\/wp-content\/uploads\/2022\/12\/cosmetics-1280.jpg",400,271,false],"gform-image-choice-lg":["https:\/\/www.v-label.com\/wp-content\/uploads\/2022\/12\/cosmetics-1280.jpg",600,407,false]},"uagb_author_info":{"display_name":"Can Aslan","author_link":"https:\/\/www.v-label.com\/fi"},"uagb_comment_info":0,"uagb_excerpt":"Kolme t\u00e4rkeint\u00e4 syyt\u00e4 vegaanisen kosmetiikan suosiolle ovat el\u00e4inkokeettomuus, omasta terveydest\u00e4 huolehtiminen ja huolettomuus. Vegaanisten kosmetiikkamarkkinoiden arvioidaan olevan 20,8 miljardia dollaria vuoteen 2025 menness\u00e4 ja kasvavan 6,3%: lla Vegan Cosmetics Market Size, Share &amp; Trends Analysis Report -raportin mukaan vuodelta 2018. Merkitt\u00e4v\u00e4 osuus vegaanisen kosmetiikan markkinasta on Euroopassa, jossa kysynt\u00e4 el\u00e4inkokeettomalle kosmetiikalle on kasvanut r\u00e4j\u00e4hdysm\u00e4isesti. Yh\u00e4&hellip;","_links":{"self":[{"href":"https:\/\/www.v-label.com\/fi\/wp-json\/wp\/v2\/pages\/8053","targetHints":{"allow":["GET"]}}],"collection":[{"href":"https:\/\/www.v-label.com\/fi\/wp-json\/wp\/v2\/pages"}],"about":[{"href":"https:\/\/www.v-label.com\/fi\/wp-json\/wp\/v2\/types\/page"}],"author":[{"embeddable":true,"href":"https:\/\/www.v-label.com\/fi\/wp-json\/wp\/v2\/users\/5"}],"replies":[{"embeddable":true,"href":"https:\/\/www.v-label.com\/fi\/wp-json\/wp\/v2\/comments?post=8053"}],"version-history":[{"count":7,"href":"https:\/\/www.v-label.com\/fi\/wp-json\/wp\/v2\/pages\/8053\/revisions"}],"predecessor-version":[{"id":34986,"href":"https:\/\/www.v-label.com\/fi\/wp-json\/wp\/v2\/pages\/8053\/revisions\/34986"}],"up":[{"embeddable":true,"href":"https:\/\/www.v-label.com\/fi\/wp-json\/wp\/v2\/pages\/8014"}],"wp:featuredmedia":[{"embeddable":true,"href":"https:\/\/www.v-label.com\/fi\/wp-json\/wp\/v2\/media\/17277"}],"wp:attachment":[{"href":"https:\/\/www.v-label.com\/fi\/wp-json\/wp\/v2\/media?parent=8053"}],"wp:term":[{"taxonomy":"category","embeddable":true,"href":"https:\/\/www.v-label.com\/fi\/wp-json\/wp\/v2\/categories?post=8053"},{"taxonomy":"post_tag","embeddable":true,"href":"https:\/\/www.v-label.com\/fi\/wp-json\/wp\/v2\/tags?post=8053"}],"curies":[{"name":"wp","href":"https:\/\/api.w.org\/{rel}","templated":true}]}}