{"id":8087,"date":"2022-05-30T16:15:11","date_gmt":"2022-05-30T14:15:11","guid":{"rendered":"https:\/\/www.v-label.com\/branches\/food\/"},"modified":"2022-12-25T09:37:52","modified_gmt":"2022-12-25T08:37:52","slug":"food","status":"publish","type":"page","link":"https:\/\/www.v-label.com\/fi\/branches\/food\/","title":{"rendered":"Ruoka"},"content":{"rendered":"\n<p>Tiesitk\u00f6, ett\u00e4 Euromonitor Internationalin mukaan L\u00e4nsi-Euroopan kasvipohjaisten tuotteiden markkinat ovat kaksinkertaistuneet pelk\u00e4st\u00e4\u00e4n viime vuosikymmenen aikana ja niiden osuus on 38,5% maailman markkinasta?<\/p>\n\n\n\n<p>Kasvipohjaisten tuotteiden markkinoiden odotetaan kasvavan 8.94%:n vuosittaisella vauhdilla, mutta lihankorvikkeiden myynnin kiihtyvyys on 18% ja ala saavuttaa 28 miljardin dollarin kynnyksen vuoteen 2025 menness\u00e4. T\u00e4st\u00e4 kehityksest\u00e4 enteilev\u00e4t jo jatkuvasti julkaistavat uudet tuoteet. Vegaanisia korvaavia tuotteita lihalle, kalalle, juustolle, maidolle, kananmunille tai lis\u00e4ravinteille tulee markkinoille jatkuvalla tahdilla. Ruokakaupat ovat ottaneet tuotteet valikoimiinsa ymp\u00e4ri maan ja vegetuotteille on jo omat hyllyns\u00e4.<\/p>\n\n\n\n<p>Parasta on, ett\u00e4 t\u00e4m\u00e4 on vasta alkua. ProVeg International ennustaa, ett\u00e4 uusien investointien ja teknologioiden my\u00f6t\u00e4 n\u00e4iden tuotteiden maku ja rakenne tulevat vain paranemaan. V-Label-merkint\u00e4 tarkoittaa, ett\u00e4 hy\u00f6dyt t\u00e4st\u00e4 ennenn\u00e4kem\u00e4tt\u00f6m\u00e4st\u00e4 markkinoiden kasvusta.<\/p>\n\n\n\n<div class=\"wp-block-buttons is-content-justification-center is-layout-flex wp-container-core-buttons-is-layout-16018d1d wp-block-buttons-is-layout-flex\">\n<div class=\"wp-block-button\"><a class=\"wp-block-button__link wp-element-button\" href=\"https:\/\/www.v-label.com\/fi\/for-business\/get-certified\/\">Pyyd\u00e4 tarjous<\/a><\/div>\n<\/div>\n","protected":false},"excerpt":{"rendered":"<p>Tiesitk\u00f6, ett\u00e4 Euromonitor Internationalin mukaan L\u00e4nsi-Euroopan kasvipohjaisten tuotteiden markkinat ovat kaksinkertaistuneet pelk\u00e4st\u00e4\u00e4n viime vuosikymmenen aikana ja niiden osuus on 38,5% maailman markkinasta? Kasvipohjaisten tuotteiden markkinoiden odotetaan kasvavan 8.94%:n vuosittaisella vauhdilla, mutta lihankorvikkeiden myynnin kiihtyvyys on 18% ja ala saavuttaa 28 miljardin dollarin kynnyksen vuoteen 2025 menness\u00e4. T\u00e4st\u00e4 kehityksest\u00e4 enteilev\u00e4t jo jatkuvasti julkaistavat uudet tuoteet. Vegaanisia [&hellip;]<\/p>\n","protected":false},"author":5,"featured_media":16992,"parent":8014,"menu_order":0,"comment_status":"closed","ping_status":"closed","template":"","meta":{"_acf_changed":false,"_editorskit_title_hidden":false,"_editorskit_reading_time":0,"_editorskit_is_block_options_detached":false,"_editorskit_block_options_position":"{}","inline_featured_image":false,"_uag_custom_page_level_css":"","footnotes":""},"categories":[],"tags":[],"class_list":["post-8087","page","type-page","status-publish","has-post-thumbnail","hentry"],"acf":[],"uagb_featured_image_src":{"full":["https:\/\/www.v-label.com\/wp-content\/uploads\/2022\/12\/v-label-food-sector.jpg",1280,857,false],"thumbnail":["https:\/\/www.v-label.com\/wp-content\/uploads\/2022\/12\/v-label-food-sector-500x335.jpg",500,335,true],"medium":["https:\/\/www.v-label.com\/wp-content\/uploads\/2022\/12\/v-label-food-sector-300x201.jpg",300,201,true],"medium_large":["https:\/\/www.v-label.com\/wp-content\/uploads\/2022\/12\/v-label-food-sector-768x514.jpg",768,514,true],"large":["https:\/\/www.v-label.com\/wp-content\/uploads\/2022\/12\/v-label-food-sector-1024x686.jpg",1024,686,true],"1536x1536":["https:\/\/www.v-label.com\/wp-content\/uploads\/2022\/12\/v-label-food-sector.jpg",1280,857,false],"2048x2048":["https:\/\/www.v-label.com\/wp-content\/uploads\/2022\/12\/v-label-food-sector.jpg",1280,857,false],"preview":["https:\/\/www.v-label.com\/wp-content\/uploads\/2022\/12\/v-label-food-sector-904x720.jpg",904,720,true],"header":["https:\/\/www.v-label.com\/wp-content\/uploads\/2022\/12\/v-label-food-sector-1280x720.jpg",1280,720,true],"gform-image-choice-sm":["https:\/\/www.v-label.com\/wp-content\/uploads\/2022\/12\/v-label-food-sector.jpg",300,201,false],"gform-image-choice-md":["https:\/\/www.v-label.com\/wp-content\/uploads\/2022\/12\/v-label-food-sector.jpg",400,268,false],"gform-image-choice-lg":["https:\/\/www.v-label.com\/wp-content\/uploads\/2022\/12\/v-label-food-sector.jpg",600,402,false]},"uagb_author_info":{"display_name":"Can Aslan","author_link":"https:\/\/www.v-label.com\/fi"},"uagb_comment_info":0,"uagb_excerpt":"Tiesitk\u00f6, ett\u00e4 Euromonitor Internationalin mukaan L\u00e4nsi-Euroopan kasvipohjaisten tuotteiden markkinat ovat kaksinkertaistuneet pelk\u00e4st\u00e4\u00e4n viime vuosikymmenen aikana ja niiden osuus on 38,5% maailman markkinasta? Kasvipohjaisten tuotteiden markkinoiden odotetaan kasvavan 8.94%:n vuosittaisella vauhdilla, mutta lihankorvikkeiden myynnin kiihtyvyys on 18% ja ala saavuttaa 28 miljardin dollarin kynnyksen vuoteen 2025 menness\u00e4. T\u00e4st\u00e4 kehityksest\u00e4 enteilev\u00e4t jo jatkuvasti julkaistavat uudet tuoteet. Vegaanisia&hellip;","_links":{"self":[{"href":"https:\/\/www.v-label.com\/fi\/wp-json\/wp\/v2\/pages\/8087","targetHints":{"allow":["GET"]}}],"collection":[{"href":"https:\/\/www.v-label.com\/fi\/wp-json\/wp\/v2\/pages"}],"about":[{"href":"https:\/\/www.v-label.com\/fi\/wp-json\/wp\/v2\/types\/page"}],"author":[{"embeddable":true,"href":"https:\/\/www.v-label.com\/fi\/wp-json\/wp\/v2\/users\/5"}],"replies":[{"embeddable":true,"href":"https:\/\/www.v-label.com\/fi\/wp-json\/wp\/v2\/comments?post=8087"}],"version-history":[{"count":6,"href":"https:\/\/www.v-label.com\/fi\/wp-json\/wp\/v2\/pages\/8087\/revisions"}],"predecessor-version":[{"id":34946,"href":"https:\/\/www.v-label.com\/fi\/wp-json\/wp\/v2\/pages\/8087\/revisions\/34946"}],"up":[{"embeddable":true,"href":"https:\/\/www.v-label.com\/fi\/wp-json\/wp\/v2\/pages\/8014"}],"wp:featuredmedia":[{"embeddable":true,"href":"https:\/\/www.v-label.com\/fi\/wp-json\/wp\/v2\/media\/16992"}],"wp:attachment":[{"href":"https:\/\/www.v-label.com\/fi\/wp-json\/wp\/v2\/media?parent=8087"}],"wp:term":[{"taxonomy":"category","embeddable":true,"href":"https:\/\/www.v-label.com\/fi\/wp-json\/wp\/v2\/categories?post=8087"},{"taxonomy":"post_tag","embeddable":true,"href":"https:\/\/www.v-label.com\/fi\/wp-json\/wp\/v2\/tags?post=8087"}],"curies":[{"name":"wp","href":"https:\/\/api.w.org\/{rel}","templated":true}]}}