{"id":8155,"date":"2022-05-30T16:15:52","date_gmt":"2022-05-30T14:15:52","guid":{"rendered":"https:\/\/www.v-label.com\/branches\/non-food\/"},"modified":"2022-12-25T10:18:46","modified_gmt":"2022-12-25T09:18:46","slug":"non-food","status":"publish","type":"page","link":"https:\/\/www.v-label.com\/fi\/branches\/non-food\/","title":{"rendered":"Muut Tuotteet"},"content":{"rendered":"\n<p>Vegaanisuus on nouseva arvo my\u00f6s tekstiili- ja muotialalla. Vegaaninen naisten muoti arvioitiin 396,3 miljardin dollarin arvoiseksi vuonna 2019 ja vuoteen 2027 menness\u00e4 markkinan odotetaan kasvavan 13,6% Statista.comin mukaan. Kehityksen on laittanut alulle vegaaninen nahka, jota kehitet\u00e4\u00e4n koko ajan uusilla tekniikoilla ja materiaaleilla. Muovipohjaisen nahan sijaan tarjolla on materiaaleja kuten ananaksen lehdet, viiniteollisuuden sivutuotteet tai sienet. My\u00f6s villalle ja silkille on kehitetty vaihtoehto selluloosakuidusta ja kehitteill\u00e4 on useita materiaaleja vegaanisille urheiluvaatteille.<\/p>\n\n\n\n<p>Kyse ei kuitenkaan ole vain vaatteista, laukuista ja kengist\u00e4. My\u00f6s muut tuotteet panostavat vegaanisuuteen ja saatavilla on esimerkiksi vegaanisia kirjoja, koruja ja kynttil\u00f6it\u00e4. N\u00e4ille tuotteille vegaanisuudesta kertova merkki on uniikki myyntivaltti, joka varmasti erottuu joukosta. Merkint\u00e4 helpottaa huomattavasti tuotteiden valitsemista my\u00f6s nettikaupoissa!<\/p>\n\n\n\n<div class=\"wp-block-buttons is-content-justification-center is-layout-flex wp-container-core-buttons-is-layout-16018d1d wp-block-buttons-is-layout-flex\">\n<div class=\"wp-block-button\"><a class=\"wp-block-button__link wp-element-button\" href=\"https:\/\/www.v-label.com\/fi\/for-business\/get-certified\/\">Pyyd\u00e4 tarjous<\/a><\/div>\n<\/div>\n","protected":false},"excerpt":{"rendered":"<p>Vegaanisuus on nouseva arvo my\u00f6s tekstiili- ja muotialalla. Vegaaninen naisten muoti arvioitiin 396,3 miljardin dollarin arvoiseksi vuonna 2019 ja vuoteen 2027 menness\u00e4 markkinan odotetaan kasvavan 13,6% Statista.comin mukaan. Kehityksen on laittanut alulle vegaaninen nahka, jota kehitet\u00e4\u00e4n koko ajan uusilla tekniikoilla ja materiaaleilla. Muovipohjaisen nahan sijaan tarjolla on materiaaleja kuten ananaksen lehdet, viiniteollisuuden sivutuotteet tai sienet. [&hellip;]<\/p>\n","protected":false},"author":5,"featured_media":17114,"parent":8014,"menu_order":0,"comment_status":"closed","ping_status":"closed","template":"","meta":{"_acf_changed":false,"_editorskit_title_hidden":false,"_editorskit_reading_time":0,"_editorskit_is_block_options_detached":false,"_editorskit_block_options_position":"{}","inline_featured_image":false,"_uag_custom_page_level_css":"","footnotes":""},"categories":[],"tags":[],"class_list":["post-8155","page","type-page","status-publish","has-post-thumbnail","hentry"],"acf":[],"uagb_featured_image_src":{"full":["https:\/\/www.v-label.com\/wp-content\/uploads\/2022\/12\/v-label-non-food-sectors.jpg",1280,692,false],"thumbnail":["https:\/\/www.v-label.com\/wp-content\/uploads\/2022\/12\/v-label-non-food-sectors-500x270.jpg",500,270,true],"medium":["https:\/\/www.v-label.com\/wp-content\/uploads\/2022\/12\/v-label-non-food-sectors-300x162.jpg",300,162,true],"medium_large":["https:\/\/www.v-label.com\/wp-content\/uploads\/2022\/12\/v-label-non-food-sectors-768x415.jpg",768,415,true],"large":["https:\/\/www.v-label.com\/wp-content\/uploads\/2022\/12\/v-label-non-food-sectors-1024x554.jpg",1024,554,true],"1536x1536":["https:\/\/www.v-label.com\/wp-content\/uploads\/2022\/12\/v-label-non-food-sectors.jpg",1280,692,false],"2048x2048":["https:\/\/www.v-label.com\/wp-content\/uploads\/2022\/12\/v-label-non-food-sectors.jpg",1280,692,false],"preview":["https:\/\/www.v-label.com\/wp-content\/uploads\/2022\/12\/v-label-non-food-sectors-904x692.jpg",904,692,true],"header":["https:\/\/www.v-label.com\/wp-content\/uploads\/2022\/12\/v-label-non-food-sectors.jpg",1280,692,false],"gform-image-choice-sm":["https:\/\/www.v-label.com\/wp-content\/uploads\/2022\/12\/v-label-non-food-sectors.jpg",300,162,false],"gform-image-choice-md":["https:\/\/www.v-label.com\/wp-content\/uploads\/2022\/12\/v-label-non-food-sectors.jpg",400,216,false],"gform-image-choice-lg":["https:\/\/www.v-label.com\/wp-content\/uploads\/2022\/12\/v-label-non-food-sectors.jpg",600,324,false]},"uagb_author_info":{"display_name":"Can Aslan","author_link":"https:\/\/www.v-label.com\/fi"},"uagb_comment_info":0,"uagb_excerpt":"Vegaanisuus on nouseva arvo my\u00f6s tekstiili- ja muotialalla. Vegaaninen naisten muoti arvioitiin 396,3 miljardin dollarin arvoiseksi vuonna 2019 ja vuoteen 2027 menness\u00e4 markkinan odotetaan kasvavan 13,6% Statista.comin mukaan. Kehityksen on laittanut alulle vegaaninen nahka, jota kehitet\u00e4\u00e4n koko ajan uusilla tekniikoilla ja materiaaleilla. Muovipohjaisen nahan sijaan tarjolla on materiaaleja kuten ananaksen lehdet, viiniteollisuuden sivutuotteet tai sienet.&hellip;","_links":{"self":[{"href":"https:\/\/www.v-label.com\/fi\/wp-json\/wp\/v2\/pages\/8155","targetHints":{"allow":["GET"]}}],"collection":[{"href":"https:\/\/www.v-label.com\/fi\/wp-json\/wp\/v2\/pages"}],"about":[{"href":"https:\/\/www.v-label.com\/fi\/wp-json\/wp\/v2\/types\/page"}],"author":[{"embeddable":true,"href":"https:\/\/www.v-label.com\/fi\/wp-json\/wp\/v2\/users\/5"}],"replies":[{"embeddable":true,"href":"https:\/\/www.v-label.com\/fi\/wp-json\/wp\/v2\/comments?post=8155"}],"version-history":[{"count":4,"href":"https:\/\/www.v-label.com\/fi\/wp-json\/wp\/v2\/pages\/8155\/revisions"}],"predecessor-version":[{"id":35015,"href":"https:\/\/www.v-label.com\/fi\/wp-json\/wp\/v2\/pages\/8155\/revisions\/35015"}],"up":[{"embeddable":true,"href":"https:\/\/www.v-label.com\/fi\/wp-json\/wp\/v2\/pages\/8014"}],"wp:featuredmedia":[{"embeddable":true,"href":"https:\/\/www.v-label.com\/fi\/wp-json\/wp\/v2\/media\/17114"}],"wp:attachment":[{"href":"https:\/\/www.v-label.com\/fi\/wp-json\/wp\/v2\/media?parent=8155"}],"wp:term":[{"taxonomy":"category","embeddable":true,"href":"https:\/\/www.v-label.com\/fi\/wp-json\/wp\/v2\/categories?post=8155"},{"taxonomy":"post_tag","embeddable":true,"href":"https:\/\/www.v-label.com\/fi\/wp-json\/wp\/v2\/tags?post=8155"}],"curies":[{"name":"wp","href":"https:\/\/api.w.org\/{rel}","templated":true}]}}