{"id":8425,"date":"2022-05-30T16:16:01","date_gmt":"2022-05-30T14:16:01","guid":{"rendered":"https:\/\/www.v-label.com\/general-information\/"},"modified":"2022-11-18T10:32:06","modified_gmt":"2022-11-18T09:32:06","slug":"general-information","status":"publish","type":"page","link":"https:\/\/www.v-label.com\/fi\/general-information\/","title":{"rendered":"Yleist\u00e4 Tietoa"},"content":{"rendered":"\n<h2 class=\"has-text-align-center wp-block-heading\"><strong>Tietoa kuluttajille<\/strong><\/h2>\n\n\n\n<p>Oletko vegaani, kasvissy\u00f6j\u00e4, fleksaja, v\u00e4hent\u00e4m\u00e4ss\u00e4 el\u00e4intuotteiden k\u00e4ytt\u00f6\u00e4 tai muuten vaan kiinnostunut? P\u00e4\u00e4tellen vierailustasi t\u00e4ll\u00e4 sivulla, haluat rakentaa kest\u00e4v\u00e4\u00e4, reilua ja herkullista maailmaa. Niin mekin! Meid\u00e4n tapamme luoda parempaa tulevaisuutta on tehd\u00e4 vegaanisista tuotteista helposti saatavia ja tunnistettavia.<\/p>\n\n\n\n<p>Kansainv\u00e4lisesti tunnistettava merkint\u00e4 tuotteille, jotka t\u00e4ytt\u00e4v\u00e4t kriteerimme. Merkki on liittolaisesi matkalla kohti vegaanista el\u00e4m\u00e4\u00e4, yksi ostos kerrallaan.<\/p>\n\n\n\n<p>Helposti tunnistettava jokap\u00e4iv\u00e4inen apu, jonka avulla s\u00e4\u00e4st\u00e4t aikaa ostosreissulla. Hyvin erottuva keltainen logo osoittaa ensisilm\u00e4yksell\u00e4, mitk\u00e4 tuotteet ovat hyv\u00e4ksyttyj\u00e4 ja siten turvallisia ostaa!<\/p>\n\n\n\n<p><strong>Luottamuksen arvoinen merkint\u00e4. <\/strong>Kun ostat V-Label -merkityn tuotteen tai palvelun, voit luottaa sen t\u00e4ytt\u00e4v\u00e4n kansainv\u00e4lisesti samat standartisoidut kriteerimme. Sinun ei tarvitse pohtia luotatko yritysten omiin mekrint\u00f6ihin vegaanisuudesta. V-Label on ollut luomassa merkint\u00e4j\u00e4rjestelm\u00e4\u00e4 vegaanisille tuotteille vuodesta 1996 alkaen.<\/p>\n\n\n\n<div class=\"wp-block-buttons is-content-justification-center is-layout-flex wp-container-core-buttons-is-layout-16018d1d wp-block-buttons-is-layout-flex\">\n<div class=\"wp-block-button\"><a class=\"wp-block-button__link wp-element-button\" href=\"https:\/\/www.v-label.com\/fi\/general-information\/certified-products\/\">Lisensoidut tuotteet<\/a><\/div>\n\n\n\n<div class=\"wp-block-button\"><a class=\"wp-block-button__link wp-element-button\" href=\"https:\/\/www.v-label.com\/report-a-misuse\/\">Report a misuse<\/a><\/div>\n<\/div>\n\n\n\n<h3 class=\"has-text-align-center wp-block-heading\"><strong>Mit\u00e4 V-Label tuotteessa tarkoittaa?<\/strong><\/h3>\n\n\n\n<p>Ostaessasi V-Label -merkityn tuotteen voit olla varma, ett\u00e4:<\/p>\n\n\n\n<ul class=\"wp-block-list\">\n<li>Miss\u00e4\u00e4n tuotannon vaiheessa ei ole k\u00e4ytetty el\u00e4inper\u00e4isi\u00e4 ainesosia, mik\u00e4li tuote on merkitty vegaaniseksi. My\u00f6s lis\u00e4aineet on tarkistettu. Lis\u00e4ksi tarkistuksen ovat k\u00e4yneet l\u00e4pi aineet, joiden merkitseminen sis\u00e4llysluetteloon ei ole pakollista, kuten kirkastus- ja k\u00e4sittelyaineet. Voit olla varma, ettei omenamehun kirkasteena ole k\u00e4yetty gelatiinia, sokerin valkaisuun ei ole k\u00e4ytetty luuta, eik\u00e4 leip\u00e4\u00e4 ole k\u00e4sitelty sianharjaksista valmistetulla kysteiinill\u00e4.<\/li>\n\n\n\n<li>Vegetarian labelill\u00e4 merkityt tuoteet voivat sis\u00e4lt\u00e4\u00e4 maitoa, munia, hunajaa, mehil\u00e4isvahaa, propolista tai villarasvaa.<\/li>\n\n\n\n<li>Kaikki tuotannon vaiheet tulee j\u00e4rjest\u00e4\u00e4 niin, ettei vegaanisiin tuotteisiin p\u00e4\u00e4se sekaantumaan el\u00e4inper\u00e4isi\u00e4 aineita.<\/li>\n\n\n\n<li>El\u00e4inkokeita ei ole tehty lopputuotteelle, ek\u00e4 sit\u00e4 varten valmistetuille ainesosille.<\/li>\n<\/ul>\n\n\n\n<p>Viimeisimp\u00e4n\u00e4 muttei v\u00e4h\u00e4isimp\u00e4n\u00e4, l\u00e4hes kaikki lisenssimaksujen tulo k\u00e4ytet\u00e4\u00e4n el\u00e4inoikeustoimintaan.<\/p>\n\n\n\n<div class=\"wp-block-columns are-vertically-aligned-center is-layout-flex wp-container-core-columns-is-layout-9d6595d7 wp-block-columns-is-layout-flex\">\n<div class=\"wp-block-column is-vertically-aligned-center is-layout-flow wp-block-column-is-layout-flow\">\n<figure class=\"wp-block-image size-full\"><img decoding=\"async\" width=\"720\" height=\"497\" src=\"https:\/\/www.v-label.com\/wp-content\/uploads\/2022\/09\/b2b-info-page-2.webp\" alt=\"\" class=\"wp-image-879\" srcset=\"https:\/\/www.v-label.com\/wp-content\/uploads\/2022\/09\/b2b-info-page-2.webp 720w, https:\/\/www.v-label.com\/wp-content\/uploads\/2022\/09\/b2b-info-page-2-300x207.webp 300w\" sizes=\"(max-width: 720px) 100vw, 720px\" \/><\/figure>\n<\/div>\n\n\n\n<div class=\"wp-block-column is-vertically-aligned-center is-layout-flow wp-block-column-is-layout-flow\">\n<figure class=\"wp-block-image size-full\"><img decoding=\"async\" width=\"720\" height=\"482\" src=\"https:\/\/www.v-label.com\/wp-content\/uploads\/2022\/09\/b2b-info-page-1.webp\" alt=\"\" class=\"wp-image-876\" srcset=\"https:\/\/www.v-label.com\/wp-content\/uploads\/2022\/09\/b2b-info-page-1.webp 720w, https:\/\/www.v-label.com\/wp-content\/uploads\/2022\/09\/b2b-info-page-1-300x201.webp 300w\" sizes=\"(max-width: 720px) 100vw, 720px\" \/><\/figure>\n<\/div>\n\n\n\n<div class=\"wp-block-column is-vertically-aligned-center is-layout-flow wp-block-column-is-layout-flow\">\n<figure class=\"wp-block-image size-full\"><img decoding=\"async\" width=\"720\" height=\"482\" src=\"https:\/\/www.v-label.com\/wp-content\/uploads\/2022\/09\/b2b-info-page-3.webp\" alt=\"\" class=\"wp-image-860\" srcset=\"https:\/\/www.v-label.com\/wp-content\/uploads\/2022\/09\/b2b-info-page-3.webp 720w, https:\/\/www.v-label.com\/wp-content\/uploads\/2022\/09\/b2b-info-page-3-300x201.webp 300w\" sizes=\"(max-width: 720px) 100vw, 720px\" \/><\/figure>\n<\/div>\n<\/div>\n","protected":false},"excerpt":{"rendered":"<p>Tietoa kuluttajille Oletko vegaani, kasvissy\u00f6j\u00e4, fleksaja, v\u00e4hent\u00e4m\u00e4ss\u00e4 el\u00e4intuotteiden k\u00e4ytt\u00f6\u00e4 tai muuten vaan kiinnostunut? P\u00e4\u00e4tellen vierailustasi t\u00e4ll\u00e4 sivulla, haluat rakentaa kest\u00e4v\u00e4\u00e4, reilua ja herkullista maailmaa. Niin mekin! Meid\u00e4n tapamme luoda parempaa tulevaisuutta on tehd\u00e4 vegaanisista tuotteista helposti saatavia ja tunnistettavia. Kansainv\u00e4lisesti tunnistettava merkint\u00e4 tuotteille, jotka t\u00e4ytt\u00e4v\u00e4t kriteerimme. Merkki on liittolaisesi matkalla kohti vegaanista el\u00e4m\u00e4\u00e4, yksi ostos [&hellip;]<\/p>\n","protected":false},"author":5,"featured_media":17176,"parent":0,"menu_order":0,"comment_status":"closed","ping_status":"closed","template":"","meta":{"_acf_changed":false,"_editorskit_title_hidden":false,"_editorskit_reading_time":0,"_editorskit_is_block_options_detached":false,"_editorskit_block_options_position":"{}","inline_featured_image":false,"_uag_custom_page_level_css":"","footnotes":""},"categories":[],"tags":[],"class_list":["post-8425","page","type-page","status-publish","has-post-thumbnail","hentry"],"acf":[],"uagb_featured_image_src":{"full":["https:\/\/www.v-label.com\/wp-content\/uploads\/2022\/12\/v-label-general-info-consumers.jpg",1280,738,false],"thumbnail":["https:\/\/www.v-label.com\/wp-content\/uploads\/2022\/12\/v-label-general-info-consumers-500x288.jpg",500,288,true],"medium":["https:\/\/www.v-label.com\/wp-content\/uploads\/2022\/12\/v-label-general-info-consumers-300x173.jpg",300,173,true],"medium_large":["https:\/\/www.v-label.com\/wp-content\/uploads\/2022\/12\/v-label-general-info-consumers-768x443.jpg",768,443,true],"large":["https:\/\/www.v-label.com\/wp-content\/uploads\/2022\/12\/v-label-general-info-consumers-1024x590.jpg",1024,590,true],"1536x1536":["https:\/\/www.v-label.com\/wp-content\/uploads\/2022\/12\/v-label-general-info-consumers.jpg",1280,738,false],"2048x2048":["https:\/\/www.v-label.com\/wp-content\/uploads\/2022\/12\/v-label-general-info-consumers.jpg",1280,738,false],"preview":["https:\/\/www.v-label.com\/wp-content\/uploads\/2022\/12\/v-label-general-info-consumers-904x720.jpg",904,720,true],"header":["https:\/\/www.v-label.com\/wp-content\/uploads\/2022\/12\/v-label-general-info-consumers-1280x720.jpg",1280,720,true],"gform-image-choice-sm":["https:\/\/www.v-label.com\/wp-content\/uploads\/2022\/12\/v-label-general-info-consumers.jpg",300,173,false],"gform-image-choice-md":["https:\/\/www.v-label.com\/wp-content\/uploads\/2022\/12\/v-label-general-info-consumers.jpg",400,231,false],"gform-image-choice-lg":["https:\/\/www.v-label.com\/wp-content\/uploads\/2022\/12\/v-label-general-info-consumers.jpg",600,346,false]},"uagb_author_info":{"display_name":"Can Aslan","author_link":"https:\/\/www.v-label.com\/fi"},"uagb_comment_info":0,"uagb_excerpt":"Tietoa kuluttajille Oletko vegaani, kasvissy\u00f6j\u00e4, fleksaja, v\u00e4hent\u00e4m\u00e4ss\u00e4 el\u00e4intuotteiden k\u00e4ytt\u00f6\u00e4 tai muuten vaan kiinnostunut? P\u00e4\u00e4tellen vierailustasi t\u00e4ll\u00e4 sivulla, haluat rakentaa kest\u00e4v\u00e4\u00e4, reilua ja herkullista maailmaa. Niin mekin! Meid\u00e4n tapamme luoda parempaa tulevaisuutta on tehd\u00e4 vegaanisista tuotteista helposti saatavia ja tunnistettavia. Kansainv\u00e4lisesti tunnistettava merkint\u00e4 tuotteille, jotka t\u00e4ytt\u00e4v\u00e4t kriteerimme. Merkki on liittolaisesi matkalla kohti vegaanista el\u00e4m\u00e4\u00e4, yksi ostos&hellip;","_links":{"self":[{"href":"https:\/\/www.v-label.com\/fi\/wp-json\/wp\/v2\/pages\/8425","targetHints":{"allow":["GET"]}}],"collection":[{"href":"https:\/\/www.v-label.com\/fi\/wp-json\/wp\/v2\/pages"}],"about":[{"href":"https:\/\/www.v-label.com\/fi\/wp-json\/wp\/v2\/types\/page"}],"author":[{"embeddable":true,"href":"https:\/\/www.v-label.com\/fi\/wp-json\/wp\/v2\/users\/5"}],"replies":[{"embeddable":true,"href":"https:\/\/www.v-label.com\/fi\/wp-json\/wp\/v2\/comments?post=8425"}],"version-history":[{"count":4,"href":"https:\/\/www.v-label.com\/fi\/wp-json\/wp\/v2\/pages\/8425\/revisions"}],"predecessor-version":[{"id":9132,"href":"https:\/\/www.v-label.com\/fi\/wp-json\/wp\/v2\/pages\/8425\/revisions\/9132"}],"wp:featuredmedia":[{"embeddable":true,"href":"https:\/\/www.v-label.com\/fi\/wp-json\/wp\/v2\/media\/17176"}],"wp:attachment":[{"href":"https:\/\/www.v-label.com\/fi\/wp-json\/wp\/v2\/media?parent=8425"}],"wp:term":[{"taxonomy":"category","embeddable":true,"href":"https:\/\/www.v-label.com\/fi\/wp-json\/wp\/v2\/categories?post=8425"},{"taxonomy":"post_tag","embeddable":true,"href":"https:\/\/www.v-label.com\/fi\/wp-json\/wp\/v2\/tags?post=8425"}],"curies":[{"name":"wp","href":"https:\/\/api.w.org\/{rel}","templated":true}]}}