{"id":8628,"date":"2022-05-30T16:16:08","date_gmt":"2022-05-30T14:16:08","guid":{"rendered":"https:\/\/www.v-label.com\/faqs\/"},"modified":"2022-12-10T16:07:58","modified_gmt":"2022-12-10T15:07:58","slug":"faqs","status":"publish","type":"page","link":"https:\/\/www.v-label.com\/fi\/faqs\/","title":{"rendered":"FAQ"},"content":{"rendered":"\n<h3 class=\"has-text-align-center wp-block-heading\">Lue vastaukset yleisimpiin kysymyksiin liityen V-Label -merkint\u00e4\u00e4n.<\/h3>\n\n\n\r\n<section id=\"accordion-block_2daa1efc2dedd477614c6cc73447b094\" class=\"wp-block-accordion\">\r\n\t\t\t<button class=\"toggle_open\" id=\"button_toggle\">Expand all<\/button>\r\n\t\t<ul class=\"posts_list_accordion\">\r\n\t\t\t\t\t\t\t<li>\r\n\t\t\t\t\t\t\t\t\t\t\t\t\t\t\t\t\t<h4 id=\"\">Mit\u00e4 erityist\u00e4 V-Label tarjoaa verrattuna muihin merkint\u00f6ihin?<i class=\"icon-angle-down\"><\/i><\/h4>\r\n\t\t\t\t\t\t\t\t\t\t\t\t\t\t\t\t<div class=\"accordion_text\"><p>Monet yritykset ja tuottajat merkitsev\u00e4t itse omia tuotteita omilla symboleillaan. N\u00e4in tehdess\u00e4\u00e4n he luovat itse oman kriteerist\u00f6ns\u00e4, mist\u00e4 seuraa ep\u00e4johdonmukaisuutta eri yritysten tuotteiden v\u00e4lill\u00e4. Tiedon puute eri ainesosista ja tuotantotavoista voi kuitenkin helposti johtaa virheellisten merkint\u00f6jen tekemiseen. T\u00e4llaiset itsem\u00e4\u00e4ritellyt merkinn\u00e4t eiv\u00e4t ole ulkopuolisen seurannan alaisia ja siksi voivat johtaa kuluttajia harhaan. Kuluttajat vaativat jatkuvasti lis\u00e4\u00e4 l\u00e4pin\u00e4kyvyytt\u00e4, jotta tuotteiden tunnistaminen k\u00e4visi helpommaksi ja luotettavammaksi.<\/p>\n<p>T\u00e4ll\u00e4 hetkell\u00e4 ainoastaan V-Label tarjoaa stantardisoidun kriteerist\u00f6n vegaanisten ja vegetarististen tuotteiden lisensoimiseksi. V-Labelin omaavat yritykset saavat tuotteilleen luotettavan ulkopuolisen laadunvalvonnan.<\/p>\n<p>Lis\u00e4ksi V-Label on Euroopan ainut yksityinen merkint\u00e4 vegaanisten ja vegetarististen tuotteiden kategorioissa.<\/p>\n<\/div>\r\n\t\t\t\t\t\t\t\t\t<\/li>\r\n\t\t\t\t\t\t\t<li>\r\n\t\t\t\t\t\t\t\t\t\t\t\t\t\t\t\t\t<h4 id=\"\">Miksei tuoteselosteen lukeminen riit\u00e4?<i class=\"icon-angle-down\"><\/i><\/h4>\r\n\t\t\t\t\t\t\t\t\t\t\t\t\t\t\t\t<div class=\"accordion_text\"><p>Tuoteselosteen lukeminen ei aina ole takuu tuotteen vegaanisuudesta tai vegetaarisuudesta. E-koodein merkityt ainesosat ovat useimmille tuntemattomia, eik\u00e4 joitain ainesosia tarvitse listata ollenkaan. Aina ei ole selke\u00e4\u00e4 onko ainesosa el\u00e4in- vai kasviper\u00e4inen. Esimerkiksi monet lis\u00e4ainesta ovat el\u00e4inper\u00e4isi\u00e4, eik\u00e4 kaikkia niist\u00e4 tarvitse listata tuotesis\u00e4lt\u00f6\u00f6n. Mik\u00e4li valmistusprosessiin tehd\u00e4\u00e4n muutoksia, saattaa aiemmin vegaaninen tuote sis\u00e4lt\u00e4\u00e4kin el\u00e4inper\u00e4isi\u00e4 osia. N\u00e4m\u00e4 muutokset voivat j\u00e4\u00e4d\u00e4 kuluttajilta kokonaan huomaamatta. V-Label -merkittyjen tuotteiden sis\u00e4ll\u00f6n tarkistamisen lis\u00e4ksi tarkistetaan valmistusprosessin jokainen tuotannon vaihe. N\u00e4in V-Label voi taata varmuudella merkinn\u00e4n luotettavuuden.<\/p>\n<\/div>\r\n\t\t\t\t\t\t\t\t\t<\/li>\r\n\t\t\t\t\t\t\t<li>\r\n\t\t\t\t\t\t\t\t\t\t\t\t\t\t\t\t\t<h4 id=\"\">Mink\u00e4 kriteerist\u00f6n perusteella V-Label merkityt tuotteet ovat merkitty vegaanisiksi tai vegetaristisiksi?<i class=\"icon-angle-down\"><\/i><\/h4>\r\n\t\t\t\t\t\t\t\t\t\t\t\t\t\t\t\t<div class=\"accordion_text\"><p>V-Labelin k\u00e4ytt\u00e4m\u00e4 m\u00e4\u00e4ritelm\u00e4 sanoille \u201cvegaaninen\u201c ja \u201cvegetaristinen\u201c noudattaa 22.4.2016 pidetyn 12. Kuluttajansuoja konferenssin m\u00e4\u00e4ritelm\u00e4\u00e4.<\/p>\n<p><strong>Vegetarian<\/strong><\/p>\n<p>Ruoka ja muut tuotteet, jotka eiv\u00e4t sis\u00e4ll\u00e4 el\u00e4imi\u00e4 tai el\u00e4inten osia ovat vegetaristisia. M\u00e4\u00e4ritelm\u00e4ss\u00e4 otetaan huomioon tuotannon kaikki vaiheet. Ruoka-aineet tai muut tuotteet, joiden valmistuksessa on hy\u00f6dynnetty el\u00e4imi\u00e4 tai el\u00e4inper\u00e4isi\u00e4 aineita luokitellaan vegetaristisiksi.<\/p>\n<p><strong>Vegan<\/strong><\/p>\n<p>Ruoka ja muut tuotteet, jotka eiv\u00e4t sis\u00e4ll\u00e4 el\u00e4imi\u00e4 tai el\u00e4inper\u00e4isi\u00e4 ainesosia ovat vegaanisia. Vegaanisiksi luokiteltujen tuotteiden valmistuksen miss\u00e4\u00e4n vaiheessa ei hy\u00f6dynnet\u00e4 el\u00e4imi\u00e4 tai el\u00e4inper\u00e4isi\u00e4 ainesosia.<\/p>\n<p><strong>Muut V-Label kriteerit<\/strong><\/p>\n<p>V-Labeli\u00e4 ei koskaan my\u00f6nnet\u00e4 seuraavissa tapauksissa:<\/p>\n<ul>\n<li>Mik\u00e4li tuote sis\u00e4lt\u00e4\u00e4 geenimuunneltuja ainesosia<\/li>\n<li>Mik\u00e4li tuote sis\u00e4lt\u00e4\u00e4 h\u00e4kkikananmunia (mukaanlukien virikeh\u00e4kki)<\/li>\n<\/ul>\n<p><strong>Pakkaus<\/strong><\/p>\n<p>Tuotteella voi olla V-Label -merkint\u00e4, vaikka sen pakkauksessa olisi k\u00e4ytetty el\u00e4inper\u00e4isi\u00e4 ainesosia. Kannustamme yrityksi\u00e4 v\u00e4ltt\u00e4m\u00e4\u00e4n pakkauksia, joiden materiaali voi olla el\u00e4inper\u00e4ist\u00e4.<\/p>\n<p><strong>Viljely ja lannoitteet<\/strong><\/p>\n<p>V-Labelin my\u00f6nt\u00e4misen prosessissa huomioidaan sadonkorjuun j\u00e4lkeiset vaiheet. V-Label -merkittyjen tuotteiden raaka-aineiden viljelyss\u00e4 k\u00e4ytettyj\u00e4 lannoitteita ei huomioida sertifioimisprosessissa. Kannustamme yrityksi\u00e4 k\u00e4ytt\u00e4m\u00e4\u00e4n vegaanisesti ilman el\u00e4inper\u00e4isi\u00e4 lannoitteita kasvatettuja sek\u00e4 luomutuotettuja raaka-aineita.<\/p>\n<p><strong>Ainej\u00e4\u00e4m\u00e4t<\/strong><\/p>\n<p>Yritykset p\u00e4\u00e4tt\u00e4v\u00e4t itse mahdollisten ainej\u00e4\u00e4mien ja allergeenien merkitsemisest\u00e4 pakkauksen tuoteselosteeseen. Mahdolliset ainej\u00e4\u00e4m\u00e4t merkit\u00e4\u00e4n pakkausselosteeseen yrityksen vastuun poistamiseksi allergisten reaktioiden tapauksessa. Vaikka mahdolliset ainej\u00e4\u00e4m\u00e4t on merkitty pakkausselosteeseen, lopullinen tuote ei niit\u00e4 v\u00e4ltt\u00e4m\u00e4tt\u00e4 sis\u00e4ll\u00e4. Merkint\u00e4 on vain varoituksena, mik\u00e4li samoissa tuotantotiloissa valmistetaan my\u00f6s muita tuotteita, joiden valmistuksesta tuotej\u00e4\u00e4mi\u00e4 voi j\u00e4\u00e4d\u00e4.<\/p>\n<p>Tuotteet, jotka mahdollisesti sis\u00e4lt\u00e4v\u00e4t j\u00e4\u00e4mi\u00e4 el\u00e4inper\u00e4isist\u00e4 tuotteista tai allergeeneista, voivat olla V-Label -merkittyj\u00e4, sill\u00e4 ainesosia ei ole tarkoituksellisesti k\u00e4ytetty miss\u00e4\u00e4n tuotannon vaiheessa. Kaikki vaiheet tuotannosta kauppaan pit\u00e4isi suunnitella minimoiden tahatonkin el\u00e4inper\u00e4isten ainesosien mukanaolo. Tahattomasti mukanaolevien el\u00e4inper\u00e4isten ainesosien osuus tulee olla alle 0.1% (1g\/kg) lopputuotteesta. Mik\u00e4li m\u00e4\u00e4r\u00e4 ylittyy, tuottajan on muutettava tuotantovaiheita, valmistusta tai jakeluaan. Ellei optimointi onnistu tuottajan tulee listata t\u00e4h\u00e4n vaikuttavat syyt. Mik\u00e4li kaikki mahdolliset toimenpiteet el\u00e4inper\u00e4isten ainesosien ja tuotantotapojen poistamiseksi on tehty ja 0.1%:n osuus ylittyy, ei t\u00e4m\u00e4 automaattisesi poissulje V-Label -merkinn\u00e4n k\u00e4ytt\u00f6\u00e4.<\/p>\n<p><strong>Esimerkkej\u00e4<\/strong><\/p>\n<p>V-Label -merkint\u00e4\u00e4 ei koskaan my\u00f6nnet\u00e4 tuotteille, jotka sis\u00e4lt\u00e4v\u00e4t joitain seuraavista ainesosista:<\/p>\n<ul>\n<li>Teurastuotteet<\/li>\n<li>Kalatuotteet, kalarasvat tai muut meriel\u00e4imet<\/li>\n<li>El\u00e4inper\u00e4iset mausteet (poikkeuksena maitopohjaiset)<\/li>\n<li>Muut kuin lintujen munat (esim. kaviaari)<\/li>\n<li>Maitotuotteet, joissa on k\u00e4ytetty el\u00e4inper\u00e4ist\u00e4 juoksutetta<\/li>\n<li>Kuningatarhyytel\u00f6<\/li>\n<li>El\u00e4inper\u00e4iset v\u00e4riaineet (esim. karmiini)<\/li>\n<li>Luujauholla valkaistut sokerit<\/li>\n<li>El\u00e4inper\u00e4iset lis\u00e4aineet<\/li>\n<li>Tai jos kirkasteena on k\u00e4ytetty el\u00e4inper\u00e4isi\u00e4 aineita (esim. gelatiini, kalaliima)<\/li>\n<\/ul>\n<p>\u201cVegan\u201c -merkint\u00e4 voidaan my\u00f6nt\u00e4\u00e4 tuotteille, jotka eiv\u00e4t sis\u00e4ll\u00e4 mit\u00e4\u00e4n el\u00e4inper\u00e4ist\u00e4, kuten:<\/p>\n<ul>\n<li>Kananmuna<\/li>\n<li>Hunaja<\/li>\n<li>Maitotuotteet<\/li>\n<li>El\u00e4invaha<\/li>\n<li>El\u00e4inper\u00e4iset v\u00e4riaineet<\/li>\n<li>Tai jos kirkasteena on k\u00e4ytetty el\u00e4inper\u00e4isi\u00e4 aineita<\/li>\n<\/ul>\n<\/div>\r\n\t\t\t\t\t\t\t\t\t<\/li>\r\n\t\t\t\t\t\t\t<li>\r\n\t\t\t\t\t\t\t\t\t\t\t\t\t\t\t\t\t<h4 id=\"\">Mill\u00e4 perusteella tuotteet luokitellaan kategorioihin \u201cvegan\u201c tai \u201cvegetarian\u201c?<i class=\"icon-angle-down\"><\/i><\/h4>\r\n\t\t\t\t\t\t\t\t\t\t\t\t\t\t\t\t<div class=\"accordion_text\"><p>Yrityksilt\u00e4 vaaditaan tuotteiden t\u00e4ydelliset sis\u00e4llysluettelot koko valmistusprosessin ajalta. V-Label -tiimi k\u00e4y l\u00e4pi koko prosessin ja luokittelee tuotteen oikeaan kategoriaan.<\/p>\n<\/div>\r\n\t\t\t\t\t\t\t\t\t<\/li>\r\n\t\t\t\t\t\t\t<li>\r\n\t\t\t\t\t\t\t\t\t\t\t\t\t\t\t\t\t<h4 id=\"\">Mill\u00e4 keinoin varmistetaan, ett\u00e4 yritykset t\u00e4ytt\u00e4v\u00e4t V-Labelin k\u00e4ytt\u00f6\u00f6n edellytt\u00e4v\u00e4t vaatimukset?<i class=\"icon-angle-down\"><\/i><\/h4>\r\n\t\t\t\t\t\t\t\t\t\t\t\t\t\t\t\t<div class=\"accordion_text\"><p>V-Label -tiimill\u00e4 on oikeus tehd\u00e4 laadunvalvontatestej\u00e4 varmistaakseen yrityksen noudattavan V-labelin lupaamia etuja. Kaikki reseptin tai valmistusprosessin muutokset tulee raportoida v\u00e4litt\u00f6m\u00e4st\u00e4 V-Label -tiimin laatuvastaavalle. Tuotteelle tehd\u00e4\u00e4n aina uusi tarkistus muutosten tapahtuessa.<\/p>\n<\/div>\r\n\t\t\t\t\t\t\t\t\t<\/li>\r\n\t\t\t\t\t\t\t<li>\r\n\t\t\t\t\t\t\t\t\t\t\t\t\t\t\t\t\t<h4 id=\"\">Onko olemassa tuotteita, joille V-Label ei ole tarpeellinen?<i class=\"icon-angle-down\"><\/i><\/h4>\r\n\t\t\t\t\t\t\t\t\t\t\t\t\t\t\t\t<div class=\"accordion_text\"><p>V-Label ei tuo lis\u00e4arvoa tuotteille, jotka ovat itsest\u00e4\u00e4nselv\u00e4sti kasviper\u00e4isi\u00e4. Tuotteet, kuten raa\u2019at kasvikset tai vihannekset ovat aina kasviper\u00e4isi\u00e4, eiv\u00e4tk\u00e4 ne tarvitse erillist\u00e4 merkint\u00e4\u00e4. Vaikka merkint\u00e4 onkin todenmukainen, ei sen k\u00e4ytt\u00f6 n\u00e4iss\u00e4 tapauksissa ole perusteltua.<\/p>\n<\/div>\r\n\t\t\t\t\t\t\t\t\t<\/li>\r\n\t\t\t\t\t\t\t<li>\r\n\t\t\t\t\t\t\t\t\t\t\t\t\t\t\t\t\t<h4 id=\"\">Millasia kuluja V-Labelin k\u00e4ytt\u00f6 tuo yrityksille?<i class=\"icon-angle-down\"><\/i><\/h4>\r\n\t\t\t\t\t\t\t\t\t\t\t\t\t\t\t\t<div class=\"accordion_text\"><p>V-Labelin k\u00e4ytt\u00f6 maksetaan vuosittaisella lisenssimaksulla sek\u00e4 kertaluonteisilla tarkistusmaksuilla.<\/p>\n<\/div>\r\n\t\t\t\t\t\t\t\t\t<\/li>\r\n\t\t\t\t\t\t\t<li>\r\n\t\t\t\t\t\t\t\t\t\t\t\t\t\t\t\t\t<h4 id=\"\">Kauanko lisenssin saaminen kest\u00e4\u00e4?<i class=\"icon-angle-down\"><\/i><\/h4>\r\n\t\t\t\t\t\t\t\t\t\t\t\t\t\t\t\t<div class=\"accordion_text\"><p>Lisensointiprosessi koostuu viidest\u00e4 vaiheesta. Yritys pyyt\u00e4\u00e4 alustavan tarjouksen, joka tehd\u00e4\u00e4n yrityksen l\u00e4hett\u00e4m\u00e4n datan perusteella. Kun tarjous on hyv\u00e4ksytty voidaan tehd\u00e4 lisenssisopimus. T\u00e4m\u00e4n j\u00e4lkeen lisenssin my\u00f6nt\u00e4j\u00e4 k\u00e4y l\u00e4pi kaikki tuotteen yksityiskohdat sek\u00e4 tarkistaa tuotantoprosessin. Mik\u00e4li lopputulos on kriteerit t\u00e4ytt\u00e4v\u00e4, lisenssi voidaan my\u00f6nt\u00e4\u00e4. Lopuksi pakkauksen ulkoasu tarkistetaan ja hyv\u00e4ksyt\u00e4\u00e4n k\u00e4ytt\u00f6\u00f6n.<\/p>\n<p>Stantardisoidussa lisensointiprosessissa voi kest\u00e4\u00e4 2-8 viikkoa kunnes yritykselle my\u00f6nnet\u00e4\u00e4n oikeus k\u00e4ytt\u00e4\u00e4 V-Labeli\u00e4 tuotteissaan. My\u00f6s pika-prosessi on mahdollista j\u00e4rjest\u00e4\u00e4, mik\u00e4li tilanne sit\u00e4 vaatii. N\u00e4iss\u00e4 erikoistapauksissa k\u00e4sittelyajat ovat lyhyemm\u00e4t ja tarvittavat tarkistukset tehd\u00e4\u00e4n kymmenen arkip\u00e4iv\u00e4n sis\u00e4ll\u00e4 ensimm\u00e4isest\u00e4 tarjouspyynn\u00f6st\u00e4.<\/p>\n<\/div>\r\n\t\t\t\t\t\t\t\t\t<\/li>\r\n\t\t\t\t\t\t\t<li>\r\n\t\t\t\t\t\t\t\t\t\t\t\t\t\t\t\t\t<h4 id=\"\">Millainen sopimus yrityksille tehd\u00e4\u00e4n?<i class=\"icon-angle-down\"><\/i><\/h4>\r\n\t\t\t\t\t\t\t\t\t\t\t\t\t\t\t\t<div class=\"accordion_text\"><p><strong>Sopimuksen voimassaolo<\/strong><\/p>\n<p>Sopimuskausi on yleens\u00e4 yhden vuoden mittainen. Mik\u00e4li myynnit nousevat tai laskevat yli 10%, vuosimaksua muutetaan tilanteen mukaan. Sopimuskauden kesto m\u00e4\u00e4ritell\u00e4\u00e4n sopimuksessa. Aloitusajan muuttaminen esimerkiksi tuotelanseerausten vuoksi on mahdollista. Sopimus jatkuu automaattisesti sopimuskauden umpeuduttua, mik\u00e4li sit\u00e4 ei erikseen irtisanota kolme kuukautta ennen loppumisp\u00e4iv\u00e4m\u00e4\u00e4r\u00e4\u00e4.<\/p>\n<p><strong>Sertifikaatti lisensoinille<\/strong><\/p>\n<p>Lisensointiprosessin valmistuttua lisensoinnista my\u00f6nnet\u00e4\u00e4n sertifikaatti tiettyyn kategoriaan tietylle tuotteelle.<\/p>\n<\/div>\r\n\t\t\t\t\t\t\t\t\t<\/li>\r\n\t\t\t\t\t<\/ul>\r\n\t<\/section>","protected":false},"excerpt":{"rendered":"<p>Lue vastaukset yleisimpiin kysymyksiin liityen V-Label -merkint\u00e4\u00e4n.<\/p>\n","protected":false},"author":5,"featured_media":17156,"parent":0,"menu_order":0,"comment_status":"closed","ping_status":"closed","template":"","meta":{"_acf_changed":false,"_editorskit_title_hidden":false,"_editorskit_reading_time":0,"_editorskit_is_block_options_detached":false,"_editorskit_block_options_position":"{}","inline_featured_image":false,"_uag_custom_page_level_css":"","footnotes":""},"categories":[],"tags":[],"class_list":["post-8628","page","type-page","status-publish","has-post-thumbnail","hentry"],"acf":[],"uagb_featured_image_src":{"full":["https:\/\/www.v-label.com\/wp-content\/uploads\/2022\/12\/v-label-faqs.jpg",1280,743,false],"thumbnail":["https:\/\/www.v-label.com\/wp-content\/uploads\/2022\/12\/v-label-faqs-500x290.jpg",500,290,true],"medium":["https:\/\/www.v-label.com\/wp-content\/uploads\/2022\/12\/v-label-faqs-300x174.jpg",300,174,true],"medium_large":["https:\/\/www.v-label.com\/wp-content\/uploads\/2022\/12\/v-label-faqs-768x446.jpg",768,446,true],"large":["https:\/\/www.v-label.com\/wp-content\/uploads\/2022\/12\/v-label-faqs-1024x594.jpg",1024,594,true],"1536x1536":["https:\/\/www.v-label.com\/wp-content\/uploads\/2022\/12\/v-label-faqs.jpg",1280,743,false],"2048x2048":["https:\/\/www.v-label.com\/wp-content\/uploads\/2022\/12\/v-label-faqs.jpg",1280,743,false],"preview":["https:\/\/www.v-label.com\/wp-content\/uploads\/2022\/12\/v-label-faqs-904x720.jpg",904,720,true],"header":["https:\/\/www.v-label.com\/wp-content\/uploads\/2022\/12\/v-label-faqs-1280x720.jpg",1280,720,true],"gform-image-choice-sm":["https:\/\/www.v-label.com\/wp-content\/uploads\/2022\/12\/v-label-faqs.jpg",300,174,false],"gform-image-choice-md":["https:\/\/www.v-label.com\/wp-content\/uploads\/2022\/12\/v-label-faqs.jpg",400,232,false],"gform-image-choice-lg":["https:\/\/www.v-label.com\/wp-content\/uploads\/2022\/12\/v-label-faqs.jpg",600,348,false]},"uagb_author_info":{"display_name":"Can Aslan","author_link":"https:\/\/www.v-label.com\/fi"},"uagb_comment_info":0,"uagb_excerpt":"Lue vastaukset yleisimpiin kysymyksiin liityen V-Label -merkint\u00e4\u00e4n.","_links":{"self":[{"href":"https:\/\/www.v-label.com\/fi\/wp-json\/wp\/v2\/pages\/8628","targetHints":{"allow":["GET"]}}],"collection":[{"href":"https:\/\/www.v-label.com\/fi\/wp-json\/wp\/v2\/pages"}],"about":[{"href":"https:\/\/www.v-label.com\/fi\/wp-json\/wp\/v2\/types\/page"}],"author":[{"embeddable":true,"href":"https:\/\/www.v-label.com\/fi\/wp-json\/wp\/v2\/users\/5"}],"replies":[{"embeddable":true,"href":"https:\/\/www.v-label.com\/fi\/wp-json\/wp\/v2\/comments?post=8628"}],"version-history":[{"count":4,"href":"https:\/\/www.v-label.com\/fi\/wp-json\/wp\/v2\/pages\/8628\/revisions"}],"predecessor-version":[{"id":10535,"href":"https:\/\/www.v-label.com\/fi\/wp-json\/wp\/v2\/pages\/8628\/revisions\/10535"}],"wp:featuredmedia":[{"embeddable":true,"href":"https:\/\/www.v-label.com\/fi\/wp-json\/wp\/v2\/media\/17156"}],"wp:attachment":[{"href":"https:\/\/www.v-label.com\/fi\/wp-json\/wp\/v2\/media?parent=8628"}],"wp:term":[{"taxonomy":"category","embeddable":true,"href":"https:\/\/www.v-label.com\/fi\/wp-json\/wp\/v2\/categories?post=8628"},{"taxonomy":"post_tag","embeddable":true,"href":"https:\/\/www.v-label.com\/fi\/wp-json\/wp\/v2\/tags?post=8628"}],"curies":[{"name":"wp","href":"https:\/\/api.w.org\/{rel}","templated":true}]}}