{"id":11802,"date":"2022-09-13T11:06:00","date_gmt":"2022-09-13T09:06:00","guid":{"rendered":"https:\/\/www.v-label.com\/general-information\/certified-products\/ready-made-meals\/"},"modified":"2023-01-14T20:17:30","modified_gmt":"2023-01-14T19:17:30","slug":"les-plats-prepares","status":"publish","type":"page","link":"https:\/\/www.v-label.com\/fr\/informations-generales-pour-les-consommateurs\/produits-certifies\/les-plats-prepares\/","title":{"rendered":"Les plats pr\u00e9par\u00e9s"},"content":{"rendered":"\n<p>Plus de compromis pour les repas \u00e0 emporter. Sain, savoureux et v\u00e9ggie est la devise de la plupart des grands distributeurs, qui remplissent les rayons frais et surgel\u00e9s de pizzas v\u00e9ganes et v\u00e9g\u00e9tariennes et proposent un large \u00e9ventail de type de cuisine, des dahls au chili sin carne.<\/p>\n\n\n\n<div class=\"wp-block-columns are-vertically-aligned-center is-layout-flex wp-container-core-columns-is-layout-9d6595d7 wp-block-columns-is-layout-flex\">\n<div class=\"wp-block-column is-vertically-aligned-center is-layout-flow wp-block-column-is-layout-flow\">\n<figure class=\"wp-block-image aligncenter size-medium\"><a href=\"https:\/\/mixbuffet.fr\/\" target=\"_blank\" rel=\"noreferrer noopener\"><img decoding=\"async\" width=\"300\" height=\"127\" src=\"https:\/\/www.v-label.com\/wp-content\/uploads\/2022\/12\/mix-buffet-300x127.png\" alt=\"\" class=\"wp-image-13553\" srcset=\"https:\/\/www.v-label.com\/wp-content\/uploads\/2022\/12\/mix-buffet-300x127.png 300w, https:\/\/www.v-label.com\/wp-content\/uploads\/2022\/12\/mix-buffet-500x212.png 500w, https:\/\/www.v-label.com\/wp-content\/uploads\/2022\/12\/mix-buffet.png 600w\" sizes=\"(max-width: 300px) 100vw, 300px\" \/><\/a><\/figure>\n<\/div>\n\n\n\n<div class=\"wp-block-column is-vertically-aligned-center is-layout-flow wp-block-column-is-layout-flow\">\n<figure class=\"wp-block-image aligncenter size-medium\"><a href=\"https:\/\/www.martinet.fr\/\" target=\"_blank\" rel=\"noreferrer noopener\"><img decoding=\"async\" width=\"300\" height=\"273\" src=\"https:\/\/www.v-label.com\/wp-content\/uploads\/2022\/12\/pierre-martinet-300x273.png\" alt=\"\" class=\"wp-image-13573\" srcset=\"https:\/\/www.v-label.com\/wp-content\/uploads\/2022\/12\/pierre-martinet-300x273.png 300w, https:\/\/www.v-label.com\/wp-content\/uploads\/2022\/12\/pierre-martinet-500x455.png 500w, https:\/\/www.v-label.com\/wp-content\/uploads\/2022\/12\/pierre-martinet.png 600w\" sizes=\"(max-width: 300px) 100vw, 300px\" \/><\/a><\/figure>\n<\/div>\n<\/div>\n","protected":false},"excerpt":{"rendered":"<p>Plus de compromis pour les repas \u00e0 emporter. Sain, savoureux et v\u00e9ggie est la devise de la plupart des grands distributeurs, qui remplissent les rayons frais et surgel\u00e9s de pizzas v\u00e9ganes et v\u00e9g\u00e9tariennes et proposent un large \u00e9ventail de type de cuisine, des dahls au chili sin carne.<\/p>\n","protected":false},"author":5,"featured_media":17218,"parent":8517,"menu_order":0,"comment_status":"closed","ping_status":"closed","template":"","meta":{"_acf_changed":false,"_editorskit_title_hidden":false,"_editorskit_reading_time":0,"_editorskit_is_block_options_detached":false,"_editorskit_block_options_position":"{}","inline_featured_image":false,"_uag_custom_page_level_css":"","footnotes":""},"categories":[],"tags":[],"class_list":["post-11802","page","type-page","status-publish","has-post-thumbnail","hentry"],"acf":[],"uagb_featured_image_src":{"full":["https:\/\/www.v-label.com\/wp-content\/uploads\/2022\/12\/ready-meals-1280.jpg",1280,852,false],"thumbnail":["https:\/\/www.v-label.com\/wp-content\/uploads\/2022\/12\/ready-meals-1280-500x333.jpg",500,333,true],"medium":["https:\/\/www.v-label.com\/wp-content\/uploads\/2022\/12\/ready-meals-1280-300x200.jpg",300,200,true],"medium_large":["https:\/\/www.v-label.com\/wp-content\/uploads\/2022\/12\/ready-meals-1280-768x511.jpg",768,511,true],"large":["https:\/\/www.v-label.com\/wp-content\/uploads\/2022\/12\/ready-meals-1280-1024x682.jpg",1024,682,true],"1536x1536":["https:\/\/www.v-label.com\/wp-content\/uploads\/2022\/12\/ready-meals-1280.jpg",1280,852,false],"2048x2048":["https:\/\/www.v-label.com\/wp-content\/uploads\/2022\/12\/ready-meals-1280.jpg",1280,852,false],"preview":["https:\/\/www.v-label.com\/wp-content\/uploads\/2022\/12\/ready-meals-1280-904x720.jpg",904,720,true],"header":["https:\/\/www.v-label.com\/wp-content\/uploads\/2022\/12\/ready-meals-1280-1280x720.jpg",1280,720,true],"gform-image-choice-sm":["https:\/\/www.v-label.com\/wp-content\/uploads\/2022\/12\/ready-meals-1280.jpg",300,200,false],"gform-image-choice-md":["https:\/\/www.v-label.com\/wp-content\/uploads\/2022\/12\/ready-meals-1280.jpg",400,266,false],"gform-image-choice-lg":["https:\/\/www.v-label.com\/wp-content\/uploads\/2022\/12\/ready-meals-1280.jpg",600,399,false]},"uagb_author_info":{"display_name":"Can Aslan","author_link":"https:\/\/www.v-label.com\/fr"},"uagb_comment_info":0,"uagb_excerpt":"Plus de compromis pour les repas \u00e0 emporter. Sain, savoureux et v\u00e9ggie est la devise de la plupart des grands distributeurs, qui remplissent les rayons frais et surgel\u00e9s de pizzas v\u00e9ganes et v\u00e9g\u00e9tariennes et proposent un large \u00e9ventail de type de cuisine, des dahls au chili sin carne.","_links":{"self":[{"href":"https:\/\/www.v-label.com\/fr\/wp-json\/wp\/v2\/pages\/11802","targetHints":{"allow":["GET"]}}],"collection":[{"href":"https:\/\/www.v-label.com\/fr\/wp-json\/wp\/v2\/pages"}],"about":[{"href":"https:\/\/www.v-label.com\/fr\/wp-json\/wp\/v2\/types\/page"}],"author":[{"embeddable":true,"href":"https:\/\/www.v-label.com\/fr\/wp-json\/wp\/v2\/users\/5"}],"replies":[{"embeddable":true,"href":"https:\/\/www.v-label.com\/fr\/wp-json\/wp\/v2\/comments?post=11802"}],"version-history":[{"count":1,"href":"https:\/\/www.v-label.com\/fr\/wp-json\/wp\/v2\/pages\/11802\/revisions"}],"predecessor-version":[{"id":13594,"href":"https:\/\/www.v-label.com\/fr\/wp-json\/wp\/v2\/pages\/11802\/revisions\/13594"}],"up":[{"embeddable":true,"href":"https:\/\/www.v-label.com\/fr\/wp-json\/wp\/v2\/pages\/8517"}],"wp:featuredmedia":[{"embeddable":true,"href":"https:\/\/www.v-label.com\/fr\/wp-json\/wp\/v2\/media\/17218"}],"wp:attachment":[{"href":"https:\/\/www.v-label.com\/fr\/wp-json\/wp\/v2\/media?parent=11802"}],"wp:term":[{"taxonomy":"category","embeddable":true,"href":"https:\/\/www.v-label.com\/fr\/wp-json\/wp\/v2\/categories?post=11802"},{"taxonomy":"post_tag","embeddable":true,"href":"https:\/\/www.v-label.com\/fr\/wp-json\/wp\/v2\/tags?post=11802"}],"curies":[{"name":"wp","href":"https:\/\/api.w.org\/{rel}","templated":true}]}}