{"id":40967,"date":"2023-01-09T13:07:52","date_gmt":"2023-01-09T12:07:52","guid":{"rendered":"https:\/\/www.v-label.com\/?page_id=40967"},"modified":"2026-02-18T09:38:35","modified_gmt":"2026-02-18T08:38:35","slug":"gut-health-dairy-alternatives","status":"publish","type":"page","link":"https:\/\/www.v-label.com\/fr\/events\/gut-health-dairy-alternatives\/","title":{"rendered":"Free V-Label webinar: Gut health and dairy alternatives"},"content":{"rendered":"\n<div class=\"wp-block-columns are-vertically-aligned-center is-layout-flex wp-container-core-columns-is-layout-9d6595d7 wp-block-columns-is-layout-flex\">\n<div class=\"wp-block-column is-vertically-aligned-center is-layout-flow wp-block-column-is-layout-flow\" style=\"flex-basis:50%\">\n<h3 class=\"wp-block-heading\"><strong>Consumer needs, trends and product development<\/strong><\/h3>\n\n\n\n<p>Plant-based foods are healthier. Period. Both for humans and the planet. This is not only our gut feeling but increasingly a science-based fact. As a matter of fact, regardless of whether they have any particular health issues, 66% of customers are interested in digestive health products. While 43% use probiotics and are changing their diets, 56% look for food and drink products that help boost their digestive health.<\/p>\n\n\n\n<p>Businesses may take advantage of these trends by positioning their products around aiding the digestive and immune systems. Plant-based food producers may benefit even more, since plant-based foods are highly regarded as being beneficial for digestive health. During our webinar, you will learn about consumer gut health and dietary choices, as well as advances in vegan dairy alternatives.<\/p>\n<\/div>\n\n\n\n<div class=\"wp-block-column is-vertically-aligned-center is-layout-flow wp-block-column-is-layout-flow\" style=\"flex-basis:50%\">\n<figure class=\"wp-block-image size-large\"><img decoding=\"async\" width=\"1024\" height=\"576\" src=\"https:\/\/www.v-label.com\/wp-content\/uploads\/2023\/01\/copy-of-gut-health-and-dairy-alternatives-1024x576.jpg\" alt=\"\" class=\"wp-image-40983\" srcset=\"https:\/\/www.v-label.com\/wp-content\/uploads\/2023\/01\/copy-of-gut-health-and-dairy-alternatives-1024x576.jpg 1024w, https:\/\/www.v-label.com\/wp-content\/uploads\/2023\/01\/copy-of-gut-health-and-dairy-alternatives-300x169.jpg 300w, https:\/\/www.v-label.com\/wp-content\/uploads\/2023\/01\/copy-of-gut-health-and-dairy-alternatives-500x281.jpg 500w, https:\/\/www.v-label.com\/wp-content\/uploads\/2023\/01\/copy-of-gut-health-and-dairy-alternatives-768x432.jpg 768w, https:\/\/www.v-label.com\/wp-content\/uploads\/2023\/01\/copy-of-gut-health-and-dairy-alternatives-1536x864.jpg 1536w, https:\/\/www.v-label.com\/wp-content\/uploads\/2023\/01\/copy-of-gut-health-and-dairy-alternatives.jpg 1920w\" sizes=\"(max-width: 1024px) 100vw, 1024px\" \/><\/figure>\n<\/div>\n<\/div>\n\n\n\n<p>Get the recording for V-Label\u2019s virtual event about gut health and dairy alternatives from Tuesday, 6th December 2022.<\/p>\n\n\n\n<figure class=\"wp-block-embed is-type-video is-provider-youtube wp-block-embed-youtube wp-embed-aspect-16-9 wp-has-aspect-ratio\"><div class=\"wp-block-embed__wrapper\">\n <div class=\"brlbs-cmpnt-container brlbs-cmpnt-content-blocker brlbs-cmpnt-with-individual-styles\" data-borlabs-cookie-content-blocker-id=\"youtube-content-blocker\" data-borlabs-cookie-content=\"PGlmcmFtZSBjbGFzcz0ieW91dHViZS1wbGF5ZXIiIHR5cGU9InRleHQvaHRtbCIgIHRpdGxlPSJHdXQgSGVhbHRoIGFuZCBEYWlyeSBBbHRlcm5hdGl2ZXMiIHdpZHRoPSI1MDAiIGhlaWdodD0iMjgxIiBzcmM9Imh0dHBzOi8vd3d3LnlvdXR1YmUtbm9jb29raWUuY29tL2VtYmVkL3oxejVKVVMtMEdRP2ZlYXR1cmU9b2VtYmVkIiBmcmFtZWJvcmRlcj0iMCIgYWxsb3c9ImFjY2VsZXJvbWV0ZXI7IGF1dG9wbGF5OyBjbGlwYm9hcmQtd3JpdGU7IGVuY3J5cHRlZC1tZWRpYTsgZ3lyb3Njb3BlOyBwaWN0dXJlLWluLXBpY3R1cmU7IHdlYi1zaGFyZSIgcmVmZXJyZXJwb2xpY3k9InN0cmljdC1vcmlnaW4td2hlbi1jcm9zcy1vcmlnaW4iIGFsbG93ZnVsbHNjcmVlbj48L2lmcmFtZT4=\"><div class=\"brlbs-cmpnt-cb-preset-c brlbs-cmpnt-cb-youtube\"> <div class=\"brlbs-cmpnt-cb-thumbnail\" style=\"background-image: url('https:\/\/www.v-label.com\/wp-content\/uploads\/borlabs-cookie\/1\/yt_z1z5JUS-0GQ_hqdefault.jpg')\"><\/div> <div class=\"brlbs-cmpnt-cb-main\"> <div class=\"brlbs-cmpnt-cb-play-button\"><\/div> <div class=\"brlbs-cmpnt-cb-content\"> <p class=\"brlbs-cmpnt-cb-description\">Vous \u00eates actuellement en train de consulter le contenu d&rsquo;un espace r\u00e9serv\u00e9 de <strong>YouTube<\/strong>. Pour acc\u00e9der au contenu r\u00e9el, cliquez sur le bouton ci-dessous. Veuillez noter que ce faisant, des donn\u00e9es seront partag\u00e9es avec des providers tiers.<\/p> <a class=\"brlbs-cmpnt-cb-provider-toggle\" href=\"#\" data-borlabs-cookie-show-provider-information role=\"button\">Plus d&rsquo;informations<\/a> <\/div> <div class=\"brlbs-cmpnt-cb-buttons\"> <a class=\"brlbs-cmpnt-cb-btn\" href=\"#\" data-borlabs-cookie-unblock role=\"button\">D\u00e9bloquer le contenu<\/a> <a class=\"brlbs-cmpnt-cb-btn\" href=\"#\" data-borlabs-cookie-accept-service role=\"button\" style=\"display: inherit\">Accepter le service requis et d\u00e9bloquer les contenus<\/a> <\/div> <\/div> <\/div><\/div>\n<\/div><\/figure>\n\n\n\n<h3 class=\"wp-block-heading\">About V-Label<\/h3>\n\n\n\n<p><em>Across the globe, more than 70,000 products from more than 4,800 licensees now carry V-Label. V-Label, established in Switzerland in 1996, is an internationally recognized, registered seal for labeling vegan and vegetarian products and services. It is a reliable, go-to shopping guide for consumers.<\/em><\/p>\n\n\n\n<figure class=\"wp-block-image aligncenter size-large\"><img decoding=\"async\" width=\"1024\" height=\"576\" src=\"https:\/\/www.v-label.com\/wp-content\/uploads\/2023\/01\/copy-of-gut-health-and-dairy-alternatives-1024x576.jpg\" alt=\"\" class=\"wp-image-40983\" srcset=\"https:\/\/www.v-label.com\/wp-content\/uploads\/2023\/01\/copy-of-gut-health-and-dairy-alternatives-1024x576.jpg 1024w, https:\/\/www.v-label.com\/wp-content\/uploads\/2023\/01\/copy-of-gut-health-and-dairy-alternatives-300x169.jpg 300w, https:\/\/www.v-label.com\/wp-content\/uploads\/2023\/01\/copy-of-gut-health-and-dairy-alternatives-500x281.jpg 500w, https:\/\/www.v-label.com\/wp-content\/uploads\/2023\/01\/copy-of-gut-health-and-dairy-alternatives-768x432.jpg 768w, https:\/\/www.v-label.com\/wp-content\/uploads\/2023\/01\/copy-of-gut-health-and-dairy-alternatives-1536x864.jpg 1536w, https:\/\/www.v-label.com\/wp-content\/uploads\/2023\/01\/copy-of-gut-health-and-dairy-alternatives.jpg 1920w\" sizes=\"(max-width: 1024px) 100vw, 1024px\" \/><\/figure>\n","protected":false},"excerpt":{"rendered":"<p>Consumer needs, trends and product development Plant-based foods are healthier. Period. Both for humans and the planet. This is not only our gut feeling but increasingly a science-based fact. As a matter of fact, regardless of whether they have any particular health issues, 66% of customers are interested in digestive health products. While 43% use [&hellip;]<\/p>\n","protected":false},"author":5,"featured_media":0,"parent":35291,"menu_order":0,"comment_status":"closed","ping_status":"closed","template":"","meta":{"_acf_changed":false,"_editorskit_title_hidden":false,"_editorskit_reading_time":0,"_editorskit_is_block_options_detached":false,"_editorskit_block_options_position":"{}","inline_featured_image":false,"_uag_custom_page_level_css":"","footnotes":""},"categories":[],"tags":[355],"class_list":["post-40967","page","type-page","status-publish","hentry","tag-webinar-food-fr"],"acf":[],"uagb_featured_image_src":{"full":false,"thumbnail":false,"medium":false,"medium_large":false,"large":false,"1536x1536":false,"2048x2048":false,"preview":false,"header":false,"gform-image-choice-sm":false,"gform-image-choice-md":false,"gform-image-choice-lg":false},"uagb_author_info":{"display_name":"Can Aslan","author_link":"https:\/\/www.v-label.com\/fr"},"uagb_comment_info":0,"uagb_excerpt":"Consumer needs, trends and product development Plant-based foods are healthier. Period. Both for humans and the planet. This is not only our gut feeling but increasingly a science-based fact. As a matter of fact, regardless of whether they have any particular health issues, 66% of customers are interested in digestive health products. While 43% use\u2026","_links":{"self":[{"href":"https:\/\/www.v-label.com\/fr\/wp-json\/wp\/v2\/pages\/40967","targetHints":{"allow":["GET"]}}],"collection":[{"href":"https:\/\/www.v-label.com\/fr\/wp-json\/wp\/v2\/pages"}],"about":[{"href":"https:\/\/www.v-label.com\/fr\/wp-json\/wp\/v2\/types\/page"}],"author":[{"embeddable":true,"href":"https:\/\/www.v-label.com\/fr\/wp-json\/wp\/v2\/users\/5"}],"replies":[{"embeddable":true,"href":"https:\/\/www.v-label.com\/fr\/wp-json\/wp\/v2\/comments?post=40967"}],"version-history":[{"count":4,"href":"https:\/\/www.v-label.com\/fr\/wp-json\/wp\/v2\/pages\/40967\/revisions"}],"predecessor-version":[{"id":112640,"href":"https:\/\/www.v-label.com\/fr\/wp-json\/wp\/v2\/pages\/40967\/revisions\/112640"}],"up":[{"embeddable":true,"href":"https:\/\/www.v-label.com\/fr\/wp-json\/wp\/v2\/pages\/35291"}],"wp:attachment":[{"href":"https:\/\/www.v-label.com\/fr\/wp-json\/wp\/v2\/media?parent=40967"}],"wp:term":[{"taxonomy":"category","embeddable":true,"href":"https:\/\/www.v-label.com\/fr\/wp-json\/wp\/v2\/categories?post=40967"},{"taxonomy":"post_tag","embeddable":true,"href":"https:\/\/www.v-label.com\/fr\/wp-json\/wp\/v2\/tags?post=40967"}],"curies":[{"name":"wp","href":"https:\/\/api.w.org\/{rel}","templated":true}]}}