{"id":8015,"date":"2022-05-30T16:14:53","date_gmt":"2022-05-30T14:14:53","guid":{"rendered":"https:\/\/www.v-label.com\/branches\/"},"modified":"2023-01-14T20:12:37","modified_gmt":"2023-01-14T19:12:37","slug":"informations-generales","status":"publish","type":"page","link":"https:\/\/www.v-label.com\/fr\/informations-generales\/","title":{"rendered":"Informations G\u00e9n\u00e9rales"},"content":{"rendered":"\n<p>Le march\u00e9 mondial des produits v\u00e9g\u00e9taux a connu des ventes record depuis de nombreuses ann\u00e9es et <a href=\"https:\/\/univdatosmarketinsights.medium.com\/plant-based-food-market-global-industry-analysis-size-share-growth-trends-and-forecast-2a0c4dd7867\" target=\"_blank\" rel=\"noopener\">devrait conna\u00eetre une croissance annuelle<\/a> de 8,94 % au cours de la p\u00e9riode 2019-2025. Alors qu&rsquo;en 2018, il \u00e9tait \u00e9valu\u00e9 \u00e0 10,66 milliards USD de recettes , il <a href=\"https:\/\/www.absolutemarketsinsights.com\/reports\/Global-Vegan-Food-Market-2019-2027-532\" target=\"_blank\" rel=\"noopener\">devrait atteindre 27,98 milliards d&rsquo;ici 2027<\/a>.<\/p>\n\n\n\n<p>\u00c0 l&rsquo;\u00e9chelle mondiale, les consommateurs recherchent de plus en plus des produits sains, \u00e9thiques et \u00e9conomiques ayant un faible impact sur l&rsquo;environnement, ce qui <a href=\"https:\/\/www.researchandmarkets.com\/reports\/5141758\/plant-based-meat-market-global-outlook-and\" target=\"_blank\" rel=\"noopener\">stimule la demande<\/a> d&rsquo;alternatives v\u00e9ganes et v\u00e9g\u00e9tariennes. De plus en plus d&rsquo;entreprises reconnaissent les avantages \u00e0 r\u00e9pondre au besoin croissant du march\u00e9 pour une gamme de produits divers, de haute qualit\u00e9 et sans produits animaux.<\/p>\n\n\n\n<p>Les consommateurs r\u00e9clament \u00e9galement de plus en plus de transparence dans l&rsquo;\u00e9tiquetage. Ils veulent pouvoir identifier les produits v\u00e9ganes et v\u00e9g\u00e9tariens rapidement et en toute confiance. Le G\u00fctesiegel Monitor a class\u00e9 le V-Label comme l&rsquo;un des trois labels alimentaires les plus fiables en Allemagne en 2020. Un \u00e9tiquetage r\u00e9alis\u00e9 par des organisations ind\u00e9pendantes donne aux consommateurs une plus grande confiance que les \u00e9tiquettes produites par le fabricant &#8211; rien qu&rsquo;en Allemagne, 60 % des personnes interrog\u00e9es estiment qu&rsquo;une institution environnementale effectue des inspections plus coh\u00e9rentes que les labels priv\u00e9s.<\/p>\n\n\n\r\n<ul id=\"pagelinks-block_6a28f8056b141b769a48518856f21bb7\" class=\"wp-block-pagelinks\">\r\n\t\t\t\t\t\t<li>\r\n\t\t\t\t<article>\r\n\t\t\t\t\t\t\t\t\t\t\t<a href=\"https:\/\/www.v-label.com\/fr\/informations-generales\/cosmetiques-et-produits-d-entretien\/\" class=\"post_thumbnail\">\r\n\t\t\t\t\t\t\t<img decoding=\"async\" width=\"904\" height=\"720\" src=\"https:\/\/www.v-label.com\/wp-content\/uploads\/2022\/12\/cosmetics-1280-904x720.jpg\" class=\"attachment-preview size-preview wp-post-image\" alt=\"\" \/>\t\t\t\t\t\t<\/a>\r\n\t\t\t\t\t\t\t\t\t\t<div class=\"inner\">\r\n\t\t\t\t\t\t<div class=\"inner_top\">\r\n\t\t\t\t\t\t\t<header>\r\n\t\t\t\t\t\t\t\t<h3>\r\n\t\t\t\t\t\t\t\t\t<a href=\"https:\/\/www.v-label.com\/fr\/informations-generales\/cosmetiques-et-produits-d-entretien\/\">Cosm\u00e9tiques et produits d&rsquo;entretien<\/a>\r\n\t\t\t\t\t\t\t\t<\/h3>\r\n\t\t\t\t\t\t\t\t\t\t\t\t\t\t\t<\/header>\r\n\t\t\t\t\t\t\t\t\t\t\t\t\t\t\t<div class=\"excerpt\">\r\n\t\t\t\t\t\t\t\t\t<p>La facilit\u00e9, la prise en charge de sa propre sant\u00e9, et une demande grandissante pour une beaut\u00e9 sans cruaut\u00e9. Ce sont les trois principales raisons pour lesquelles la taille du march\u00e9 mondial des cosm\u00e9tiques v\u00e9ganes devrait atteindre 20,8 milliards de dollars d&rsquo;ici 2025, avec un taux de croissance de 6,3 %, selon le rapport Vegan [&hellip;]<\/p>\r\n\t\t\t\t\t\t\t\t<\/div>\r\n\t\t\t\t\t\t\t\t\t\t\t\t\t<\/div>\r\n\t\t\t\t\t\t<a href=\"https:\/\/www.v-label.com\/fr\/informations-generales\/cosmetiques-et-produits-d-entretien\/\" class=\"read_more\">Read more<\/a>\r\n\t\t\t\t\t<\/div>\r\n\t\t\t\t<\/article>\r\n\t\t\t<\/li>\r\n\t\t\t\t\t<li>\r\n\t\t\t\t<article>\r\n\t\t\t\t\t\t\t\t\t\t\t<a href=\"https:\/\/www.v-label.com\/fr\/informations-generales\/alimentation\/\" class=\"post_thumbnail\">\r\n\t\t\t\t\t\t\t<img decoding=\"async\" width=\"904\" height=\"720\" src=\"https:\/\/www.v-label.com\/wp-content\/uploads\/2022\/12\/v-label-food-sector-904x720.jpg\" class=\"attachment-preview size-preview wp-post-image\" alt=\"\" \/>\t\t\t\t\t\t<\/a>\r\n\t\t\t\t\t\t\t\t\t\t<div class=\"inner\">\r\n\t\t\t\t\t\t<div class=\"inner_top\">\r\n\t\t\t\t\t\t\t<header>\r\n\t\t\t\t\t\t\t\t<h3>\r\n\t\t\t\t\t\t\t\t\t<a href=\"https:\/\/www.v-label.com\/fr\/informations-generales\/alimentation\/\">Alimentation<\/a>\r\n\t\t\t\t\t\t\t\t<\/h3>\r\n\t\t\t\t\t\t\t\t\t\t\t\t\t\t\t<\/header>\r\n\t\t\t\t\t\t\t\t\t\t\t\t\t\t\t<div class=\"excerpt\">\r\n\t\t\t\t\t\t\t\t\t<p>Saviez-vous que selon Euromonitor International, le march\u00e9 des produits v\u00e9g\u00e9taux en Europe occidentale a doubl\u00e9 de volume au cours des dix derni\u00e8res ann\u00e9es seulement, repr\u00e9sentant 38,5% du revenu mondial total ? Alors que le march\u00e9 mondial des produits v\u00e9g\u00e9taux devrait cro\u00eetre \u00e0 un taux de 8,94 %, le secteur des prot\u00e9ines lui-m\u00eame va s&rsquo;acc\u00e9l\u00e9rer de [&hellip;]<\/p>\r\n\t\t\t\t\t\t\t\t<\/div>\r\n\t\t\t\t\t\t\t\t\t\t\t\t\t<\/div>\r\n\t\t\t\t\t\t<a href=\"https:\/\/www.v-label.com\/fr\/informations-generales\/alimentation\/\" class=\"read_more\">Read more<\/a>\r\n\t\t\t\t\t<\/div>\r\n\t\t\t\t<\/article>\r\n\t\t\t<\/li>\r\n\t\t\t\t\t<li>\r\n\t\t\t\t<article>\r\n\t\t\t\t\t\t\t\t\t\t\t<a href=\"https:\/\/www.v-label.com\/fr\/informations-generales\/gastronomie\/\" class=\"post_thumbnail\">\r\n\t\t\t\t\t\t\t<img decoding=\"async\" width=\"904\" height=\"720\" src=\"https:\/\/www.v-label.com\/wp-content\/uploads\/2022\/12\/gastronomy-1280-904x720.jpg\" class=\"attachment-preview size-preview wp-post-image\" alt=\"\" \/>\t\t\t\t\t\t<\/a>\r\n\t\t\t\t\t\t\t\t\t\t<div class=\"inner\">\r\n\t\t\t\t\t\t<div class=\"inner_top\">\r\n\t\t\t\t\t\t\t<header>\r\n\t\t\t\t\t\t\t\t<h3>\r\n\t\t\t\t\t\t\t\t\t<a href=\"https:\/\/www.v-label.com\/fr\/informations-generales\/gastronomie\/\">Gastronomie<\/a>\r\n\t\t\t\t\t\t\t\t<\/h3>\r\n\t\t\t\t\t\t\t\t\t\t\t\t\t\t\t<\/header>\r\n\t\t\t\t\t\t\t\t\t\t\t\t\t\t\t<div class=\"excerpt\">\r\n\t\t\t\t\t\t\t\t\t<p>Des caf\u00e9s aux restaurants haut de gamme, en passant par les bistrots et les stands de restauration rapide, le secteur de la restauration est presque aussi important que celui de la distribution alimentaire. Au cours de la derni\u00e8re d\u00e9cennie, les consommateurs de moins de 40 ans ont augment\u00e9 leur consommation de l\u00e9gumes frais de 52 [&hellip;]<\/p>\r\n\t\t\t\t\t\t\t\t<\/div>\r\n\t\t\t\t\t\t\t\t\t\t\t\t\t<\/div>\r\n\t\t\t\t\t\t<a href=\"https:\/\/www.v-label.com\/fr\/informations-generales\/gastronomie\/\" class=\"read_more\">Read more<\/a>\r\n\t\t\t\t\t<\/div>\r\n\t\t\t\t<\/article>\r\n\t\t\t<\/li>\r\n\t\t\t\t\t<li>\r\n\t\t\t\t<article>\r\n\t\t\t\t\t\t\t\t\t\t\t<a href=\"https:\/\/www.v-label.com\/fr\/informations-generales\/produits-non-alimentaires\/\" class=\"post_thumbnail\">\r\n\t\t\t\t\t\t\t<img decoding=\"async\" width=\"904\" height=\"692\" src=\"https:\/\/www.v-label.com\/wp-content\/uploads\/2022\/12\/v-label-non-food-sectors-904x692.jpg\" class=\"attachment-preview size-preview wp-post-image\" alt=\"\" \/>\t\t\t\t\t\t<\/a>\r\n\t\t\t\t\t\t\t\t\t\t<div class=\"inner\">\r\n\t\t\t\t\t\t<div class=\"inner_top\">\r\n\t\t\t\t\t\t\t<header>\r\n\t\t\t\t\t\t\t\t<h3>\r\n\t\t\t\t\t\t\t\t\t<a href=\"https:\/\/www.v-label.com\/fr\/informations-generales\/produits-non-alimentaires\/\">Produits Non Alimentaires<\/a>\r\n\t\t\t\t\t\t\t\t<\/h3>\r\n\t\t\t\t\t\t\t\t\t\t\t\t\t\t\t<\/header>\r\n\t\t\t\t\t\t\t\t\t\t\t\t\t\t\t<div class=\"excerpt\">\r\n\t\t\t\t\t\t\t\t\t<p>La mode v\u00e9gane et sans cruaut\u00e9 est une industrie en plein essor et pour les ann\u00e9es \u00e0 venir, elle est d\u00e9j\u00e0 consid\u00e9r\u00e9e comme cool et luxueuse. Le march\u00e9 mondial de la mode f\u00e9minine v\u00e9gane \u00e9tait \u00e9valu\u00e9 \u00e0 396,3 milliards de dollars US en 2019 et devrait cro\u00eetre \u00e0 un taux de 13,6 % d&rsquo;ici 2027, [&hellip;]<\/p>\r\n\t\t\t\t\t\t\t\t<\/div>\r\n\t\t\t\t\t\t\t\t\t\t\t\t\t<\/div>\r\n\t\t\t\t\t\t<a href=\"https:\/\/www.v-label.com\/fr\/informations-generales\/produits-non-alimentaires\/\" class=\"read_more\">Read more<\/a>\r\n\t\t\t\t\t<\/div>\r\n\t\t\t\t<\/article>\r\n\t\t\t<\/li>\r\n\t\t\t<\/ul>","protected":false},"excerpt":{"rendered":"<p>Le march\u00e9 mondial des produits v\u00e9g\u00e9taux a connu des ventes record depuis de nombreuses ann\u00e9es et devrait conna\u00eetre une croissance annuelle de 8,94 % au cours de la p\u00e9riode 2019-2025. Alors qu&rsquo;en 2018, il \u00e9tait \u00e9valu\u00e9 \u00e0 10,66 milliards USD de recettes , il devrait atteindre 27,98 milliards d&rsquo;ici 2027. \u00c0 l&rsquo;\u00e9chelle mondiale, les consommateurs [&hellip;]<\/p>\n","protected":false},"author":5,"featured_media":16972,"parent":0,"menu_order":0,"comment_status":"closed","ping_status":"closed","template":"","meta":{"_acf_changed":false,"_editorskit_title_hidden":false,"_editorskit_reading_time":0,"_editorskit_is_block_options_detached":false,"_editorskit_block_options_position":"{}","inline_featured_image":false,"_uag_custom_page_level_css":"","footnotes":""},"categories":[],"tags":[],"class_list":["post-8015","page","type-page","status-publish","has-post-thumbnail","hentry"],"acf":[],"uagb_featured_image_src":{"full":["https:\/\/www.v-label.com\/wp-content\/uploads\/2022\/12\/v-label-general-info-sectors.jpg",1280,716,false],"thumbnail":["https:\/\/www.v-label.com\/wp-content\/uploads\/2022\/12\/v-label-general-info-sectors-500x280.jpg",500,280,true],"medium":["https:\/\/www.v-label.com\/wp-content\/uploads\/2022\/12\/v-label-general-info-sectors-300x168.jpg",300,168,true],"medium_large":["https:\/\/www.v-label.com\/wp-content\/uploads\/2022\/12\/v-label-general-info-sectors-768x430.jpg",768,430,true],"large":["https:\/\/www.v-label.com\/wp-content\/uploads\/2022\/12\/v-label-general-info-sectors-1024x573.jpg",1024,573,true],"1536x1536":["https:\/\/www.v-label.com\/wp-content\/uploads\/2022\/12\/v-label-general-info-sectors.jpg",1280,716,false],"2048x2048":["https:\/\/www.v-label.com\/wp-content\/uploads\/2022\/12\/v-label-general-info-sectors.jpg",1280,716,false],"preview":["https:\/\/www.v-label.com\/wp-content\/uploads\/2022\/12\/v-label-general-info-sectors-904x716.jpg",904,716,true],"header":["https:\/\/www.v-label.com\/wp-content\/uploads\/2022\/12\/v-label-general-info-sectors.jpg",1280,716,false],"gform-image-choice-sm":["https:\/\/www.v-label.com\/wp-content\/uploads\/2022\/12\/v-label-general-info-sectors.jpg",300,168,false],"gform-image-choice-md":["https:\/\/www.v-label.com\/wp-content\/uploads\/2022\/12\/v-label-general-info-sectors.jpg",400,224,false],"gform-image-choice-lg":["https:\/\/www.v-label.com\/wp-content\/uploads\/2022\/12\/v-label-general-info-sectors.jpg",600,336,false]},"uagb_author_info":{"display_name":"Can Aslan","author_link":"https:\/\/www.v-label.com\/fr"},"uagb_comment_info":0,"uagb_excerpt":"Le march\u00e9 mondial des produits v\u00e9g\u00e9taux a connu des ventes record depuis de nombreuses ann\u00e9es et devrait conna\u00eetre une croissance annuelle de 8,94 % au cours de la p\u00e9riode 2019-2025. Alors qu&rsquo;en 2018, il \u00e9tait \u00e9valu\u00e9 \u00e0 10,66 milliards USD de recettes , il devrait atteindre 27,98 milliards d&rsquo;ici 2027. \u00c0 l&rsquo;\u00e9chelle mondiale, les consommateurs\u2026","_links":{"self":[{"href":"https:\/\/www.v-label.com\/fr\/wp-json\/wp\/v2\/pages\/8015","targetHints":{"allow":["GET"]}}],"collection":[{"href":"https:\/\/www.v-label.com\/fr\/wp-json\/wp\/v2\/pages"}],"about":[{"href":"https:\/\/www.v-label.com\/fr\/wp-json\/wp\/v2\/types\/page"}],"author":[{"embeddable":true,"href":"https:\/\/www.v-label.com\/fr\/wp-json\/wp\/v2\/users\/5"}],"replies":[{"embeddable":true,"href":"https:\/\/www.v-label.com\/fr\/wp-json\/wp\/v2\/comments?post=8015"}],"version-history":[{"count":4,"href":"https:\/\/www.v-label.com\/fr\/wp-json\/wp\/v2\/pages\/8015\/revisions"}],"predecessor-version":[{"id":10475,"href":"https:\/\/www.v-label.com\/fr\/wp-json\/wp\/v2\/pages\/8015\/revisions\/10475"}],"wp:featuredmedia":[{"embeddable":true,"href":"https:\/\/www.v-label.com\/fr\/wp-json\/wp\/v2\/media\/16972"}],"wp:attachment":[{"href":"https:\/\/www.v-label.com\/fr\/wp-json\/wp\/v2\/media?parent=8015"}],"wp:term":[{"taxonomy":"category","embeddable":true,"href":"https:\/\/www.v-label.com\/fr\/wp-json\/wp\/v2\/categories?post=8015"},{"taxonomy":"post_tag","embeddable":true,"href":"https:\/\/www.v-label.com\/fr\/wp-json\/wp\/v2\/tags?post=8015"}],"curies":[{"name":"wp","href":"https:\/\/api.w.org\/{rel}","templated":true}]}}