{"id":8156,"date":"2022-05-30T16:15:52","date_gmt":"2022-05-30T14:15:52","guid":{"rendered":"https:\/\/www.v-label.com\/branches\/non-food\/"},"modified":"2023-01-14T20:13:50","modified_gmt":"2023-01-14T19:13:50","slug":"produits-non-alimentaires","status":"publish","type":"page","link":"https:\/\/www.v-label.com\/fr\/informations-generales\/produits-non-alimentaires\/","title":{"rendered":"Produits Non Alimentaires"},"content":{"rendered":"\n<p>La mode v\u00e9gane et sans cruaut\u00e9 est une industrie en plein essor et pour les ann\u00e9es \u00e0 venir, elle est d\u00e9j\u00e0 consid\u00e9r\u00e9e comme cool et luxueuse. Le march\u00e9 mondial de la mode f\u00e9minine v\u00e9gane \u00e9tait \u00e9valu\u00e9 \u00e0 396,3 milliards de dollars US en 2019 et devrait cro\u00eetre \u00e0 un taux de 13,6 % d&rsquo;ici 2027, selon Statista.com. Le march\u00e9 du cuir v\u00e9gane est la force motrice de l&rsquo;industrie, principalement en raison des avanc\u00e9es technologiques qui permettent de perfectionner les nouveaux mat\u00e9riaux et d&rsquo;augmenter la dur\u00e9e de vie du cuir v\u00e9gane. Au lieu de cuirs faits \u00e0 partir de plastique, nous voyons de plus en plus de tissus naturels et durables provenant de sources aussi diverses que des feuilles d&rsquo;ananas, la levure ferment\u00e9e, les sous-produits de l&rsquo;industrie vinicole et les champignons. Des alternatives \u00e0 la laine et \u00e0 la soie, fabriqu\u00e9es \u00e0 partir de fibres de cellulose, sont \u00e9galement en cours de d\u00e9veloppement, ainsi que divers mat\u00e9riaux recycl\u00e9s qui sont transform\u00e9s en v\u00eatements de sport v\u00e9ganes de plus en plus populaires.<\/p>\n\n\n\n<p>Il ne s&rsquo;agit pas seulement de v\u00eatements, de sacs \u00e0 main et de chaussures. D&rsquo;autres industries non alimentaires sont \u00e9galement mises au d\u00e9fi et inspir\u00e9es pour cr\u00e9er des produits v\u00e9ganes et sans cruaut\u00e9 (livres, bijoux ou bougies). Etre \u00e9tiquet\u00e9 comme v\u00e9gane et v\u00e9g\u00e9tarien est consid\u00e9r\u00e9 comme un argument de vente suppl\u00e9mentaire et un point de diff\u00e9rence. Cela aide \u00e9galement les consommateurs \u00e0 trouver des v\u00eatements s\u00fbrs et durables sur les sites de commerce en ligne ou dans les magasins.<\/p>\n\n\n\n<div class=\"wp-block-buttons is-content-justification-center is-layout-flex wp-container-core-buttons-is-layout-16018d1d wp-block-buttons-is-layout-flex\">\n<div class=\"wp-block-button\"><a class=\"wp-block-button__link wp-element-button\" href=\"https:\/\/www.v-label.com\/fr\/for-business\/get-certified\/\">Obtenir la certification V-Label<\/a><\/div>\n<\/div>\n","protected":false},"excerpt":{"rendered":"<p>La mode v\u00e9gane et sans cruaut\u00e9 est une industrie en plein essor et pour les ann\u00e9es \u00e0 venir, elle est d\u00e9j\u00e0 consid\u00e9r\u00e9e comme cool et luxueuse. Le march\u00e9 mondial de la mode f\u00e9minine v\u00e9gane \u00e9tait \u00e9valu\u00e9 \u00e0 396,3 milliards de dollars US en 2019 et devrait cro\u00eetre \u00e0 un taux de 13,6 % d&rsquo;ici 2027, [&hellip;]<\/p>\n","protected":false},"author":5,"featured_media":17115,"parent":8015,"menu_order":0,"comment_status":"closed","ping_status":"closed","template":"","meta":{"_acf_changed":false,"_editorskit_title_hidden":false,"_editorskit_reading_time":0,"_editorskit_is_block_options_detached":false,"_editorskit_block_options_position":"{}","inline_featured_image":false,"_uag_custom_page_level_css":"","footnotes":""},"categories":[],"tags":[],"class_list":["post-8156","page","type-page","status-publish","has-post-thumbnail","hentry"],"acf":[],"uagb_featured_image_src":{"full":["https:\/\/www.v-label.com\/wp-content\/uploads\/2022\/12\/v-label-non-food-sectors.jpg",1280,692,false],"thumbnail":["https:\/\/www.v-label.com\/wp-content\/uploads\/2022\/12\/v-label-non-food-sectors-500x270.jpg",500,270,true],"medium":["https:\/\/www.v-label.com\/wp-content\/uploads\/2022\/12\/v-label-non-food-sectors-300x162.jpg",300,162,true],"medium_large":["https:\/\/www.v-label.com\/wp-content\/uploads\/2022\/12\/v-label-non-food-sectors-768x415.jpg",768,415,true],"large":["https:\/\/www.v-label.com\/wp-content\/uploads\/2022\/12\/v-label-non-food-sectors-1024x554.jpg",1024,554,true],"1536x1536":["https:\/\/www.v-label.com\/wp-content\/uploads\/2022\/12\/v-label-non-food-sectors.jpg",1280,692,false],"2048x2048":["https:\/\/www.v-label.com\/wp-content\/uploads\/2022\/12\/v-label-non-food-sectors.jpg",1280,692,false],"preview":["https:\/\/www.v-label.com\/wp-content\/uploads\/2022\/12\/v-label-non-food-sectors-904x692.jpg",904,692,true],"header":["https:\/\/www.v-label.com\/wp-content\/uploads\/2022\/12\/v-label-non-food-sectors.jpg",1280,692,false],"gform-image-choice-sm":["https:\/\/www.v-label.com\/wp-content\/uploads\/2022\/12\/v-label-non-food-sectors.jpg",300,162,false],"gform-image-choice-md":["https:\/\/www.v-label.com\/wp-content\/uploads\/2022\/12\/v-label-non-food-sectors.jpg",400,216,false],"gform-image-choice-lg":["https:\/\/www.v-label.com\/wp-content\/uploads\/2022\/12\/v-label-non-food-sectors.jpg",600,324,false]},"uagb_author_info":{"display_name":"Can Aslan","author_link":"https:\/\/www.v-label.com\/fr"},"uagb_comment_info":0,"uagb_excerpt":"La mode v\u00e9gane et sans cruaut\u00e9 est une industrie en plein essor et pour les ann\u00e9es \u00e0 venir, elle est d\u00e9j\u00e0 consid\u00e9r\u00e9e comme cool et luxueuse. Le march\u00e9 mondial de la mode f\u00e9minine v\u00e9gane \u00e9tait \u00e9valu\u00e9 \u00e0 396,3 milliards de dollars US en 2019 et devrait cro\u00eetre \u00e0 un taux de 13,6 % d&rsquo;ici 2027,\u2026","_links":{"self":[{"href":"https:\/\/www.v-label.com\/fr\/wp-json\/wp\/v2\/pages\/8156","targetHints":{"allow":["GET"]}}],"collection":[{"href":"https:\/\/www.v-label.com\/fr\/wp-json\/wp\/v2\/pages"}],"about":[{"href":"https:\/\/www.v-label.com\/fr\/wp-json\/wp\/v2\/types\/page"}],"author":[{"embeddable":true,"href":"https:\/\/www.v-label.com\/fr\/wp-json\/wp\/v2\/users\/5"}],"replies":[{"embeddable":true,"href":"https:\/\/www.v-label.com\/fr\/wp-json\/wp\/v2\/comments?post=8156"}],"version-history":[{"count":4,"href":"https:\/\/www.v-label.com\/fr\/wp-json\/wp\/v2\/pages\/8156\/revisions"}],"predecessor-version":[{"id":35016,"href":"https:\/\/www.v-label.com\/fr\/wp-json\/wp\/v2\/pages\/8156\/revisions\/35016"}],"up":[{"embeddable":true,"href":"https:\/\/www.v-label.com\/fr\/wp-json\/wp\/v2\/pages\/8015"}],"wp:featuredmedia":[{"embeddable":true,"href":"https:\/\/www.v-label.com\/fr\/wp-json\/wp\/v2\/media\/17115"}],"wp:attachment":[{"href":"https:\/\/www.v-label.com\/fr\/wp-json\/wp\/v2\/media?parent=8156"}],"wp:term":[{"taxonomy":"category","embeddable":true,"href":"https:\/\/www.v-label.com\/fr\/wp-json\/wp\/v2\/categories?post=8156"},{"taxonomy":"post_tag","embeddable":true,"href":"https:\/\/www.v-label.com\/fr\/wp-json\/wp\/v2\/tags?post=8156"}],"curies":[{"name":"wp","href":"https:\/\/api.w.org\/{rel}","templated":true}]}}