{"id":8426,"date":"2022-05-30T16:16:01","date_gmt":"2022-05-30T14:16:01","guid":{"rendered":"https:\/\/www.v-label.com\/general-information\/"},"modified":"2023-01-14T20:14:17","modified_gmt":"2023-01-14T19:14:17","slug":"informations-generales-pour-les-consommateurs","status":"publish","type":"page","link":"https:\/\/www.v-label.com\/fr\/informations-generales-pour-les-consommateurs\/","title":{"rendered":"Informations G\u00e9n\u00e9rales"},"content":{"rendered":"\n<h2 class=\"has-text-align-center wp-block-heading\"><strong>Information pour les consommateurs<\/strong><\/h2>\n\n\n\n<p>\u00cates-vous v\u00e9gane, v\u00e9g\u00e9tarien, flexitarien, en train de r\u00e9duire votre consommation de produits animaux, ou simplement curieux ? Puisque vous visitez ce site, il y a de fortes chances que vous souhaitiez un monde \u00e9quitable, durable (et savoureux !). Nous sommes avec vous, et notre fa\u00e7on de contribuer \u00e0 cet avenir est de faire en sorte que les produits v\u00e9ganes et v\u00e9g\u00e9tariens soient r\u00e9pandus et facilement reconnaissables.<\/p>\n\n\n\n<p>Le V-Label, un label internationalement reconnu pour les produits v\u00e9g\u00e9tariens ou v\u00e9ganes et qui ont subi des contr\u00f4les approfondis, est votre alli\u00e9 pour rendre votre vie plus v\u00e9g\u00e9tale.<\/p>\n\n\n\n<p>Guide quotidien simple et facile \u00e0 comprendre, le V-Label vous permet de gagner du temps et de vous \u00e9viter la t\u00e2che fastidieuse de lecture des \u00e9tiquettes. Recherchez le logo jaune vif et vert lors de vos prochains achats : vous saurez au premier coup d&rsquo;\u0153il quels produits sont lab\u00e9lis\u00e9s, et donc s\u00fbrs \u00e0 acheter !<\/p>\n\n\n\n<p><strong>Fiable et digne de confiance. <\/strong>Lorsque vous achetez un produit ou un service estampill\u00e9 par le V-Label, vous pouvez compter sur des crit\u00e8res standardis\u00e9s pour les produits v\u00e9ganes et v\u00e9g\u00e9tariens qui s&rsquo;appliquent de mani\u00e8re \u00e9quitable et internationale. Vous n&rsquo;avez pas \u00e0 vous inqui\u00e9ter des entreprises qui \u00e9tiquettent mal les produits en fonction de leurs propres crit\u00e8res al\u00e9atoires. Le V-Label, fond\u00e9 en 1996 en Suisse, est l&rsquo;un des pionniers du secteur.<\/p>\n\n\n\n<div class=\"wp-block-buttons is-content-justification-center is-layout-flex wp-container-core-buttons-is-layout-16018d1d wp-block-buttons-is-layout-flex\">\n<div class=\"wp-block-button\"><a class=\"wp-block-button__link wp-element-button\" href=\"https:\/\/www.v-label.com\/fr\/general-information\/certified-products\/\"><strong>Produits certifi\u00e9s<\/strong><\/a><\/div>\n\n\n\n<div class=\"wp-block-button\"><a class=\"wp-block-button__link wp-element-button\" href=\"https:\/\/www.v-label.com\/fr\/report-a-misuse\/\"><strong>Signaler un abus<\/strong><\/a><\/div>\n<\/div>\n\n\n\n<h3 class=\"has-text-align-center wp-block-heading\"><strong><strong>Que d\u00e9fendons-nous?<\/strong><\/strong><\/h3>\n\n\n\n<p>Lorsque vous achetez un produit ou un service fourni par le V-Label, vous pouvez \u00eatre s\u00fbr que :<\/p>\n\n\n\n<ul class=\"wp-block-list\">\n<li>Si des produits sont \u00e9tiquet\u00e9s v\u00e9ganes, alors aucun ingr\u00e9dient d&rsquo;origine animale n&rsquo;a \u00e9t\u00e9 utilis\u00e9 et cela \u00e0 toutes les \u00e9tapes de la production. Les additifs et les ar\u00f4mes sont \u00e9galement pris en compte. Les v\u00e9rifications ne s&rsquo;arr\u00eatent \u00e0 la liste des ingr\u00e9dients, mais portent aussi sur des substances qui ne sont pas automatiquement indiqu\u00e9es sur les \u00e9tiquettes, comme les milieux de culture biotechnologiques et les auxiliaires technologiques. Ainsi, vous pouvez \u00eatre s\u00fbr que le jus de pomme ou le vin n&rsquo;a pas \u00e9t\u00e9 clarifi\u00e9 avec de la g\u00e9latine, que le sucre n&rsquo;a pas \u00e9t\u00e9 trait\u00e9 avec de la farine d&rsquo;os et que le pain n&rsquo;a pas \u00e9t\u00e9 trait\u00e9 avec de la cyst\u00e9ine fabriqu\u00e9e \u00e0 partir de soies de porc.<\/li>\n\n\n\n<li>Si des produis sont \u00e9tiquet\u00e9s v\u00e9g\u00e9tariens, seuls le lait, le colostrum, les \u0153ufs issus d&rsquo;\u00e9levage sans cage, le miel, la cire d&rsquo;abeille, la propolis ou la graisse de laine et leurs produits sont autoris\u00e9s dans la production.<\/li>\n\n\n\n<li>Toutes les \u00e9tapes de la production doivent \u00eatre con\u00e7ues de mani\u00e8re \u00e0 r\u00e9duire au maximum les traces involontaires de substances non v\u00e9ganes ou non v\u00e9g\u00e9tariennes dans le produit final.<\/li>\n\n\n\n<li>Les tests sur les animaux (quels que soient les tests) ne doivent pas \u00eatre ou avoir \u00e9t\u00e9 effectu\u00e9s pour le produit final. De m\u00eame pour les ingr\u00e9dients individuels, les auxiliaires et les autres substances utilis\u00e9s pour la transformation s&rsquo;ils sont d\u00e9velopp\u00e9s pour le produit final.<\/li>\n<\/ul>\n\n\n\n<p>Enfin, les revenus des droits de licence sont principalement utilis\u00e9s pour financer divers projets v\u00e9ganes et des ONG de d\u00e9fense des droits des animaux.<\/p>\n\n\n\n<div class=\"wp-block-columns are-vertically-aligned-center is-layout-flex wp-container-core-columns-is-layout-9d6595d7 wp-block-columns-is-layout-flex\">\n<div class=\"wp-block-column is-vertically-aligned-center is-layout-flow wp-block-column-is-layout-flow\">\n<figure class=\"wp-block-image size-full\"><img decoding=\"async\" width=\"720\" height=\"497\" src=\"https:\/\/www.v-label.com\/wp-content\/uploads\/2022\/09\/b2b-info-page-2.webp\" alt=\"\" class=\"wp-image-879\" srcset=\"https:\/\/www.v-label.com\/wp-content\/uploads\/2022\/09\/b2b-info-page-2.webp 720w, https:\/\/www.v-label.com\/wp-content\/uploads\/2022\/09\/b2b-info-page-2-300x207.webp 300w\" sizes=\"(max-width: 720px) 100vw, 720px\" \/><\/figure>\n<\/div>\n\n\n\n<div class=\"wp-block-column is-vertically-aligned-center is-layout-flow wp-block-column-is-layout-flow\">\n<figure class=\"wp-block-image size-full\"><img decoding=\"async\" width=\"720\" height=\"482\" src=\"https:\/\/www.v-label.com\/wp-content\/uploads\/2022\/09\/b2b-info-page-1.webp\" alt=\"\" class=\"wp-image-876\" srcset=\"https:\/\/www.v-label.com\/wp-content\/uploads\/2022\/09\/b2b-info-page-1.webp 720w, https:\/\/www.v-label.com\/wp-content\/uploads\/2022\/09\/b2b-info-page-1-300x201.webp 300w\" sizes=\"(max-width: 720px) 100vw, 720px\" \/><\/figure>\n<\/div>\n\n\n\n<div class=\"wp-block-column is-vertically-aligned-center is-layout-flow wp-block-column-is-layout-flow\">\n<figure class=\"wp-block-image size-full\"><img decoding=\"async\" width=\"720\" height=\"482\" src=\"https:\/\/www.v-label.com\/wp-content\/uploads\/2022\/09\/b2b-info-page-3.webp\" alt=\"\" class=\"wp-image-860\" srcset=\"https:\/\/www.v-label.com\/wp-content\/uploads\/2022\/09\/b2b-info-page-3.webp 720w, https:\/\/www.v-label.com\/wp-content\/uploads\/2022\/09\/b2b-info-page-3-300x201.webp 300w\" sizes=\"(max-width: 720px) 100vw, 720px\" \/><\/figure>\n<\/div>\n<\/div>\n","protected":false},"excerpt":{"rendered":"<p>Information pour les consommateurs \u00cates-vous v\u00e9gane, v\u00e9g\u00e9tarien, flexitarien, en train de r\u00e9duire votre consommation de produits animaux, ou simplement curieux ? Puisque vous visitez ce site, il y a de fortes chances que vous souhaitiez un monde \u00e9quitable, durable (et savoureux !). Nous sommes avec vous, et notre fa\u00e7on de contribuer \u00e0 cet avenir est [&hellip;]<\/p>\n","protected":false},"author":5,"featured_media":17177,"parent":0,"menu_order":0,"comment_status":"closed","ping_status":"closed","template":"","meta":{"_acf_changed":false,"_editorskit_title_hidden":false,"_editorskit_reading_time":0,"_editorskit_is_block_options_detached":false,"_editorskit_block_options_position":"{}","inline_featured_image":false,"_uag_custom_page_level_css":"","footnotes":""},"categories":[],"tags":[],"class_list":["post-8426","page","type-page","status-publish","has-post-thumbnail","hentry"],"acf":[],"uagb_featured_image_src":{"full":["https:\/\/www.v-label.com\/wp-content\/uploads\/2022\/12\/v-label-general-info-consumers.jpg",1280,738,false],"thumbnail":["https:\/\/www.v-label.com\/wp-content\/uploads\/2022\/12\/v-label-general-info-consumers-500x288.jpg",500,288,true],"medium":["https:\/\/www.v-label.com\/wp-content\/uploads\/2022\/12\/v-label-general-info-consumers-300x173.jpg",300,173,true],"medium_large":["https:\/\/www.v-label.com\/wp-content\/uploads\/2022\/12\/v-label-general-info-consumers-768x443.jpg",768,443,true],"large":["https:\/\/www.v-label.com\/wp-content\/uploads\/2022\/12\/v-label-general-info-consumers-1024x590.jpg",1024,590,true],"1536x1536":["https:\/\/www.v-label.com\/wp-content\/uploads\/2022\/12\/v-label-general-info-consumers.jpg",1280,738,false],"2048x2048":["https:\/\/www.v-label.com\/wp-content\/uploads\/2022\/12\/v-label-general-info-consumers.jpg",1280,738,false],"preview":["https:\/\/www.v-label.com\/wp-content\/uploads\/2022\/12\/v-label-general-info-consumers-904x720.jpg",904,720,true],"header":["https:\/\/www.v-label.com\/wp-content\/uploads\/2022\/12\/v-label-general-info-consumers-1280x720.jpg",1280,720,true],"gform-image-choice-sm":["https:\/\/www.v-label.com\/wp-content\/uploads\/2022\/12\/v-label-general-info-consumers.jpg",300,173,false],"gform-image-choice-md":["https:\/\/www.v-label.com\/wp-content\/uploads\/2022\/12\/v-label-general-info-consumers.jpg",400,231,false],"gform-image-choice-lg":["https:\/\/www.v-label.com\/wp-content\/uploads\/2022\/12\/v-label-general-info-consumers.jpg",600,346,false]},"uagb_author_info":{"display_name":"Can Aslan","author_link":"https:\/\/www.v-label.com\/fr"},"uagb_comment_info":0,"uagb_excerpt":"Information pour les consommateurs \u00cates-vous v\u00e9gane, v\u00e9g\u00e9tarien, flexitarien, en train de r\u00e9duire votre consommation de produits animaux, ou simplement curieux ? Puisque vous visitez ce site, il y a de fortes chances que vous souhaitiez un monde \u00e9quitable, durable (et savoureux !). Nous sommes avec vous, et notre fa\u00e7on de contribuer \u00e0 cet avenir est\u2026","_links":{"self":[{"href":"https:\/\/www.v-label.com\/fr\/wp-json\/wp\/v2\/pages\/8426","targetHints":{"allow":["GET"]}}],"collection":[{"href":"https:\/\/www.v-label.com\/fr\/wp-json\/wp\/v2\/pages"}],"about":[{"href":"https:\/\/www.v-label.com\/fr\/wp-json\/wp\/v2\/types\/page"}],"author":[{"embeddable":true,"href":"https:\/\/www.v-label.com\/fr\/wp-json\/wp\/v2\/users\/5"}],"replies":[{"embeddable":true,"href":"https:\/\/www.v-label.com\/fr\/wp-json\/wp\/v2\/comments?post=8426"}],"version-history":[{"count":4,"href":"https:\/\/www.v-label.com\/fr\/wp-json\/wp\/v2\/pages\/8426\/revisions"}],"predecessor-version":[{"id":9144,"href":"https:\/\/www.v-label.com\/fr\/wp-json\/wp\/v2\/pages\/8426\/revisions\/9144"}],"wp:featuredmedia":[{"embeddable":true,"href":"https:\/\/www.v-label.com\/fr\/wp-json\/wp\/v2\/media\/17177"}],"wp:attachment":[{"href":"https:\/\/www.v-label.com\/fr\/wp-json\/wp\/v2\/media?parent=8426"}],"wp:term":[{"taxonomy":"category","embeddable":true,"href":"https:\/\/www.v-label.com\/fr\/wp-json\/wp\/v2\/categories?post=8426"},{"taxonomy":"post_tag","embeddable":true,"href":"https:\/\/www.v-label.com\/fr\/wp-json\/wp\/v2\/tags?post=8426"}],"curies":[{"name":"wp","href":"https:\/\/api.w.org\/{rel}","templated":true}]}}