{"id":8590,"date":"2022-05-30T16:18:01","date_gmt":"2022-05-30T14:18:01","guid":{"rendered":"https:\/\/www.v-label.com\/report-a-misuse\/"},"modified":"2023-01-14T20:19:58","modified_gmt":"2023-01-14T19:19:58","slug":"signaler-un-abus","status":"publish","type":"page","link":"https:\/\/www.v-label.com\/fr\/signaler-un-abus\/","title":{"rendered":"Signaler un abus"},"content":{"rendered":"\n<p>Avez-vous remarqu\u00e9 le V-Label sur un emballage qui n&rsquo;est manifestement pas v\u00e9gane ou v\u00e9g\u00e9tarien ? Avez-vous vu un produit v\u00e9g\u00e9tarien \u00e9tiquet\u00e9 \u00e0 tort comme v\u00e9gane ? Avez-vous vu le V-Label utilis\u00e9 d&rsquo;une mani\u00e8re plut\u00f4t inhabituelle ? Faites-le nous savoir imm\u00e9diatement.<\/p>\n\n\n\n<p>Un usage abusif peut se produire pour diverses raisons, allant d&rsquo;une ignorance que le V-Label est une marque d\u00e9pos\u00e9e et ne peut donc pas \u00eatre utilis\u00e9 librement, \u00e0 l&rsquo;externalisation de l&#8217;emballage, \u00e0 des tiers qui ajoutent le V-Label sans recherche appropri\u00e9e, en passant par le fait de faire passer des produits v\u00e9g\u00e9tariens pour des produits v\u00e9ganes, etc.<\/p>\n\n\n\n<p>Nous vous invitons \u00e0 les d\u00e9noncer imm\u00e9diatement en soumettant un formulaire!<\/p>\n\n\n\n<p>Nous nous sommes engag\u00e9s \u00e0 construire un monde o\u00f9 les produits et services v\u00e9ganes et v\u00e9g\u00e9tariens sont r\u00e9pandus et facilement reconnaissables. Avant de certifier les fabricants et leurs produits pour la marque V-Label, nous les soumettons \u00e0 une s\u00e9rie de v\u00e9rifications approfondies avec des crit\u00e8res standardis\u00e9s, ce qui permet d&rsquo;\u00e9tablir de la confiance et de la transparence entre eux et leurs consommateurs. Seuls ceux qui r\u00e9pondent \u00e0 nos crit\u00e8res standardis\u00e9s peuvent fi\u00e8rement utiliser le V-Label sur leur emballage ou dans leur marketing. L&rsquo;\u00e9quit\u00e9 est l&rsquo;\u00e9quit\u00e9 ! Pour ces raisons, nous sommes toujours \u00e0 l&rsquo;aff\u00fbt d&rsquo;\u00e9ventuels imposteurs.<\/p>\n\n\n\n<h3 class=\"has-text-align-center wp-block-heading\">Rapports Alternatifs<\/h3>\n\n\n\n<p class=\"has-text-align-center\">Vous pouvez \u00e9galement utiliser nos r\u00e9seaux sociaux.<\/p>\n\n\n\n<ul class=\"wp-block-social-links animated heartBeat delay-5s fast is-style-default is-content-justification-center is-layout-flex wp-container-core-social-links-is-layout-16018d1d wp-block-social-links-is-layout-flex\"><li class=\"wp-social-link wp-social-link-facebook  wp-block-social-link\"><a rel=\"noopener nofollow\" target=\"_blank\" href=\"https:\/\/www.facebook.com\/vlabel.international\/\" class=\"wp-block-social-link-anchor\"><svg width=\"24\" height=\"24\" viewBox=\"0 0 24 24\" version=\"1.1\" xmlns=\"http:\/\/www.w3.org\/2000\/svg\" aria-hidden=\"true\" focusable=\"false\"><path d=\"M12 2C6.5 2 2 6.5 2 12c0 5 3.7 9.1 8.4 9.9v-7H7.9V12h2.5V9.8c0-2.5 1.5-3.9 3.8-3.9 1.1 0 2.2.2 2.2.2v2.5h-1.3c-1.2 0-1.6.8-1.6 1.6V12h2.8l-.4 2.9h-2.3v7C18.3 21.1 22 17 22 12c0-5.5-4.5-10-10-10z\"><\/path><\/svg><span class=\"wp-block-social-link-label screen-reader-text\">Get in touch via V-Label Facebook<\/span><\/a><\/li>\n\n<li class=\"wp-social-link wp-social-link-instagram  wp-block-social-link\"><a rel=\"noopener nofollow\" target=\"_blank\" href=\"https:\/\/www.instagram.com\/vlabel.official\/\" class=\"wp-block-social-link-anchor\"><svg width=\"24\" height=\"24\" viewBox=\"0 0 24 24\" version=\"1.1\" xmlns=\"http:\/\/www.w3.org\/2000\/svg\" aria-hidden=\"true\" focusable=\"false\"><path d=\"M12,4.622c2.403,0,2.688,0.009,3.637,0.052c0.877,0.04,1.354,0.187,1.671,0.31c0.42,0.163,0.72,0.358,1.035,0.673 c0.315,0.315,0.51,0.615,0.673,1.035c0.123,0.317,0.27,0.794,0.31,1.671c0.043,0.949,0.052,1.234,0.052,3.637 s-0.009,2.688-0.052,3.637c-0.04,0.877-0.187,1.354-0.31,1.671c-0.163,0.42-0.358,0.72-0.673,1.035 c-0.315,0.315-0.615,0.51-1.035,0.673c-0.317,0.123-0.794,0.27-1.671,0.31c-0.949,0.043-1.233,0.052-3.637,0.052 s-2.688-0.009-3.637-0.052c-0.877-0.04-1.354-0.187-1.671-0.31c-0.42-0.163-0.72-0.358-1.035-0.673 c-0.315-0.315-0.51-0.615-0.673-1.035c-0.123-0.317-0.27-0.794-0.31-1.671C4.631,14.688,4.622,14.403,4.622,12 s0.009-2.688,0.052-3.637c0.04-0.877,0.187-1.354,0.31-1.671c0.163-0.42,0.358-0.72,0.673-1.035 c0.315-0.315,0.615-0.51,1.035-0.673c0.317-0.123,0.794-0.27,1.671-0.31C9.312,4.631,9.597,4.622,12,4.622 M12,3 C9.556,3,9.249,3.01,8.289,3.054C7.331,3.098,6.677,3.25,6.105,3.472C5.513,3.702,5.011,4.01,4.511,4.511 c-0.5,0.5-0.808,1.002-1.038,1.594C3.25,6.677,3.098,7.331,3.054,8.289C3.01,9.249,3,9.556,3,12c0,2.444,0.01,2.751,0.054,3.711 c0.044,0.958,0.196,1.612,0.418,2.185c0.23,0.592,0.538,1.094,1.038,1.594c0.5,0.5,1.002,0.808,1.594,1.038 c0.572,0.222,1.227,0.375,2.185,0.418C9.249,20.99,9.556,21,12,21s2.751-0.01,3.711-0.054c0.958-0.044,1.612-0.196,2.185-0.418 c0.592-0.23,1.094-0.538,1.594-1.038c0.5-0.5,0.808-1.002,1.038-1.594c0.222-0.572,0.375-1.227,0.418-2.185 C20.99,14.751,21,14.444,21,12s-0.01-2.751-0.054-3.711c-0.044-0.958-0.196-1.612-0.418-2.185c-0.23-0.592-0.538-1.094-1.038-1.594 c-0.5-0.5-1.002-0.808-1.594-1.038c-0.572-0.222-1.227-0.375-2.185-0.418C14.751,3.01,14.444,3,12,3L12,3z M12,7.378 c-2.552,0-4.622,2.069-4.622,4.622S9.448,16.622,12,16.622s4.622-2.069,4.622-4.622S14.552,7.378,12,7.378z M12,15 c-1.657,0-3-1.343-3-3s1.343-3,3-3s3,1.343,3,3S13.657,15,12,15z M16.804,6.116c-0.596,0-1.08,0.484-1.08,1.08 s0.484,1.08,1.08,1.08c0.596,0,1.08-0.484,1.08-1.08S17.401,6.116,16.804,6.116z\"><\/path><\/svg><span class=\"wp-block-social-link-label screen-reader-text\">Get in touch via V-Label Instagram<\/span><\/a><\/li><\/ul>\n\n\n\n<script charset=\"utf-8\" type=\"text\/javascript\" src=\"\/\/js.hsforms.net\/forms\/v2.js\"><\/script>\n<script>\n  hbspt.forms.create({\n    region: \"na1\",\n    portalId: \"9342260\",\n    formId: \"b791c0e3-4e71-48ab-a7e0-891e8184cfe9\",\n    version: \"V2_PRERELEASE\"\n  });\n<\/script>\n","protected":false},"excerpt":{"rendered":"<p>Avez-vous remarqu\u00e9 le V-Label sur un emballage qui n&rsquo;est manifestement pas v\u00e9gane ou v\u00e9g\u00e9tarien ? Avez-vous vu un produit v\u00e9g\u00e9tarien \u00e9tiquet\u00e9 \u00e0 tort comme v\u00e9gane ? Avez-vous vu le V-Label utilis\u00e9 d&rsquo;une mani\u00e8re plut\u00f4t inhabituelle ? Faites-le nous savoir imm\u00e9diatement. Un usage abusif peut se produire pour diverses raisons, allant d&rsquo;une ignorance que le V-Label [&hellip;]<\/p>\n","protected":false},"author":5,"featured_media":17663,"parent":0,"menu_order":0,"comment_status":"closed","ping_status":"closed","template":"","meta":{"_acf_changed":false,"_editorskit_title_hidden":false,"_editorskit_reading_time":0,"_editorskit_is_block_options_detached":false,"_editorskit_block_options_position":"{}","inline_featured_image":false,"_uag_custom_page_level_css":"","footnotes":""},"categories":[],"tags":[],"class_list":["post-8590","page","type-page","status-publish","has-post-thumbnail","hentry"],"acf":[],"uagb_featured_image_src":{"full":["https:\/\/www.v-label.com\/wp-content\/uploads\/2022\/12\/v-label-report-misuse-1.jpg",1280,651,false],"thumbnail":["https:\/\/www.v-label.com\/wp-content\/uploads\/2022\/12\/v-label-report-misuse-1-500x254.jpg",500,254,true],"medium":["https:\/\/www.v-label.com\/wp-content\/uploads\/2022\/12\/v-label-report-misuse-1-300x153.jpg",300,153,true],"medium_large":["https:\/\/www.v-label.com\/wp-content\/uploads\/2022\/12\/v-label-report-misuse-1-768x391.jpg",768,391,true],"large":["https:\/\/www.v-label.com\/wp-content\/uploads\/2022\/12\/v-label-report-misuse-1-1024x521.jpg",1024,521,true],"1536x1536":["https:\/\/www.v-label.com\/wp-content\/uploads\/2022\/12\/v-label-report-misuse-1.jpg",1280,651,false],"2048x2048":["https:\/\/www.v-label.com\/wp-content\/uploads\/2022\/12\/v-label-report-misuse-1.jpg",1280,651,false],"preview":["https:\/\/www.v-label.com\/wp-content\/uploads\/2022\/12\/v-label-report-misuse-1-904x651.jpg",904,651,true],"header":["https:\/\/www.v-label.com\/wp-content\/uploads\/2022\/12\/v-label-report-misuse-1.jpg",1280,651,false],"gform-image-choice-sm":["https:\/\/www.v-label.com\/wp-content\/uploads\/2022\/12\/v-label-report-misuse-1.jpg",300,153,false],"gform-image-choice-md":["https:\/\/www.v-label.com\/wp-content\/uploads\/2022\/12\/v-label-report-misuse-1.jpg",400,203,false],"gform-image-choice-lg":["https:\/\/www.v-label.com\/wp-content\/uploads\/2022\/12\/v-label-report-misuse-1.jpg",600,305,false]},"uagb_author_info":{"display_name":"Can Aslan","author_link":"https:\/\/www.v-label.com\/fr"},"uagb_comment_info":0,"uagb_excerpt":"Avez-vous remarqu\u00e9 le V-Label sur un emballage qui n&rsquo;est manifestement pas v\u00e9gane ou v\u00e9g\u00e9tarien ? Avez-vous vu un produit v\u00e9g\u00e9tarien \u00e9tiquet\u00e9 \u00e0 tort comme v\u00e9gane ? Avez-vous vu le V-Label utilis\u00e9 d&rsquo;une mani\u00e8re plut\u00f4t inhabituelle ? Faites-le nous savoir imm\u00e9diatement. Un usage abusif peut se produire pour diverses raisons, allant d&rsquo;une ignorance que le V-Label\u2026","_links":{"self":[{"href":"https:\/\/www.v-label.com\/fr\/wp-json\/wp\/v2\/pages\/8590","targetHints":{"allow":["GET"]}}],"collection":[{"href":"https:\/\/www.v-label.com\/fr\/wp-json\/wp\/v2\/pages"}],"about":[{"href":"https:\/\/www.v-label.com\/fr\/wp-json\/wp\/v2\/types\/page"}],"author":[{"embeddable":true,"href":"https:\/\/www.v-label.com\/fr\/wp-json\/wp\/v2\/users\/5"}],"replies":[{"embeddable":true,"href":"https:\/\/www.v-label.com\/fr\/wp-json\/wp\/v2\/comments?post=8590"}],"version-history":[{"count":2,"href":"https:\/\/www.v-label.com\/fr\/wp-json\/wp\/v2\/pages\/8590\/revisions"}],"predecessor-version":[{"id":9148,"href":"https:\/\/www.v-label.com\/fr\/wp-json\/wp\/v2\/pages\/8590\/revisions\/9148"}],"wp:featuredmedia":[{"embeddable":true,"href":"https:\/\/www.v-label.com\/fr\/wp-json\/wp\/v2\/media\/17663"}],"wp:attachment":[{"href":"https:\/\/www.v-label.com\/fr\/wp-json\/wp\/v2\/media?parent=8590"}],"wp:term":[{"taxonomy":"category","embeddable":true,"href":"https:\/\/www.v-label.com\/fr\/wp-json\/wp\/v2\/categories?post=8590"},{"taxonomy":"post_tag","embeddable":true,"href":"https:\/\/www.v-label.com\/fr\/wp-json\/wp\/v2\/tags?post=8590"}],"curies":[{"name":"wp","href":"https:\/\/api.w.org\/{rel}","templated":true}]}}