{"id":91484,"date":"2024-11-01T08:54:29","date_gmt":"2024-11-01T07:54:29","guid":{"rendered":"https:\/\/www.v-label.com\/style-guide\/"},"modified":"2025-01-14T10:42:57","modified_gmt":"2025-01-14T09:42:57","slug":"charte-graphique","status":"publish","type":"page","link":"https:\/\/www.v-label.com\/fr\/charte-graphique\/","title":{"rendered":"Charte Graphique V-Label"},"content":{"rendered":"\n<p>La Charte Graphique V-Label fournit des <strong>directives sur l&rsquo;utilisation du Logo et du Label<\/strong>, ainsi que des pr\u00e9cisions sur la protection des valeurs et de l&rsquo;int\u00e9grit\u00e9 qu&rsquo;ils repr\u00e9sentent. Le Label repr\u00e9sente un message que les consommateurs reconnaissent \u00e0 l&rsquo;\u00e9chelle mondiale, il est donc important de l&rsquo;utiliser correctement.<\/p>\n\n\n\n<p>Nos Labels V\u00e9gane et V\u00e9g\u00e9tarien sont appos\u00e9s sur des produits qui r\u00e9pondent aux exigences et <a href=\"https:\/\/www.v-label.com\/criteria\/\" data-type=\"page\" data-id=\"40\">crit\u00e8res respectifs du V-Label<\/a>. Uniquement les produits qui ont \u00e9t\u00e9 v\u00e9rifi\u00e9s et approuv\u00e9s par un licenci\u00e9 V-Label et pour lesquels un certificat de licence valide est disponible peuvent afficher les Labels sur les emballages ou dans les supports de communication et marketing.<\/p>\n\n\n\n<div class=\"wp-block-columns is-layout-flex wp-container-core-columns-is-layout-9d6595d7 wp-block-columns-is-layout-flex\">\n<div class=\"wp-block-column is-layout-flow wp-block-column-is-layout-flow\" style=\"flex-basis:15%\"><\/div>\n\n\n\n<div class=\"wp-block-column is-layout-flow wp-block-column-is-layout-flow\">\n<section id=\"download-block_5db1671665e2a31e87a0de6c53871117\" class=\"wp-block-download\">\n\t\t\t<div class=\"inner\">\n\t\t\t\t\t\t<a href=\"https:\/\/www.v-label.com\/wp-content\/uploads\/2025\/01\/fr-v-label-style-guide-v0302-fr.pdf\" class=\"post_thumbnail\" download>\n\t\t\t\t<img decoding=\"async\" src=\"https:\/\/www.v-label.com\/wp-content\/uploads\/2025\/01\/fr-v-label-style-guide-v0302-fr-500x353.jpg\" alt=\"Charte Graphique V-Label (Compl\u00e8te)\">\n\t\t\t<\/a>\n\t\t\t<h4>Charte Graphique V-Label (Compl\u00e8te)<\/h4>\n\t\t\t<p class=\"meta\">\n\t\t\t\tPDF, 5,77 Mo\t\t\t<\/p>\n\t\t<\/div>\n\t\t<a href=\"https:\/\/www.v-label.com\/wp-content\/uploads\/2025\/01\/fr-v-label-style-guide-v0302-fr.pdf\" download>\n\t\t\t<button class=\"wp-block-button__link\">Download<\/button>\n\t\t<\/a>\n\t<\/section><\/div>\n\n\n\n<div class=\"wp-block-column is-layout-flow wp-block-column-is-layout-flow\">\n<section id=\"download-block_2d2d053fb25d032def04fdf407f6da22\" class=\"wp-block-download\">\n\t\t\t<div class=\"inner\">\n\t\t\t\t\t\t<a href=\"https:\/\/www.v-label.com\/wp-content\/uploads\/2025\/01\/summary-of-v-label-style-guide-v0101-fr.pdf\" class=\"post_thumbnail\" download>\n\t\t\t\t<img decoding=\"async\" src=\"https:\/\/www.v-label.com\/wp-content\/uploads\/2025\/01\/summary-of-v-label-style-guide-v0101-fr-cover-500x416.png\" alt=\"Charte Graphique V-Label (R\u00e9sum\u00e9)\">\n\t\t\t<\/a>\n\t\t\t<h4>Charte Graphique V-Label (R\u00e9sum\u00e9)<\/h4>\n\t\t\t<p class=\"meta\">\n\t\t\t\tPDF, 350,02 Ko\t\t\t<\/p>\n\t\t<\/div>\n\t\t<a href=\"https:\/\/www.v-label.com\/wp-content\/uploads\/2025\/01\/summary-of-v-label-style-guide-v0101-fr.pdf\" download>\n\t\t\t<button class=\"wp-block-button__link\">Download<\/button>\n\t\t<\/a>\n\t<\/section><\/div>\n\n\n\n<div class=\"wp-block-column is-layout-flow wp-block-column-is-layout-flow\" style=\"flex-basis:15%\"><\/div>\n<\/div>\n\n\n\n<p>Pour toute question concernant ces directives, veuillez contacter votre <a href=\"https:\/\/www.v-label.com\/fr\/a-propos-de-nous\/\" data-type=\"page\" data-id=\"2470\">licenci\u00e9 local<\/a>.<\/p>\n\n\n\n<h2 class=\"wp-block-heading\">O\u00f9 puis-je obtenir le Label et Logo V-Label?<\/h2>\n\n\n\n<p><strong>Les licenci\u00e9s<\/strong> peuvent obtenir le(s) Label(s) en haute r\u00e9solution aupr\u00e8s de leur licenci\u00e9 local. Pour obtenir la licence V-Label pour votre produit, <a href=\"https:\/\/www.v-label.com\/fr\/obtenir-la-certification-v-label\/\" data-type=\"link\" data-id=\"https:\/\/www.v-label.com\/fr\/obtenir-la-certification-v-label\/\">soumettez votre demande ici.<\/a><\/p>\n\n\n\n<p>Pour une utilisation en ligne et hors ligne (autre que sur les produits), <strong>les partenaires, les sponsors et la presse<\/strong> peuvent trouver les Logos et les Labels en basse r\u00e9solution dans la section <a href=\"https:\/\/www.v-label.com\/fr\/materiel-de-presse\/\" data-type=\"link\" data-id=\"https:\/\/www.v-label.com\/fr\/materiel-de-presse\/\">Mat\u00e9riel de Presse<\/a>. Si vous souhaitez poser une question concernant l&rsquo;utilisation de notre Logo, veuillez envoyer un email \u00e0 <a href=\"&#x6d;&#x61;&#x69;&#108;&#116;o:&#x63;&#x6f;&#x6d;&#x6d;&#117;&#110;ic&#x61;&#x74;&#x69;&#111;&#110;&#115;&#64;v&#x2d;&#x6c;&#x61;&#98;&#101;l&#46;&#x63;&#x6f;&#x6d;\">&#x63;&#111;&#x6d;&#109;u&#x6e;&#105;c&#x61;&#116;&#x69;&#x6f;n&#x73;&#64;v&#x2d;&#108;&#x61;&#x62;e&#x6c;&#46;c&#x6f;&#109;<\/a>.<\/p>\n\n\n\n<div class=\"wp-block-buttons is-content-justification-center is-layout-flex wp-container-core-buttons-is-layout-16018d1d wp-block-buttons-is-layout-flex\">\n<div class=\"wp-block-button\"><a class=\"wp-block-button__link wp-element-button\" href=\"https:\/\/www.v-label.com\/fr\/obtenir-la-certification-v-label\/\">Obtenez la certification V-Label<\/a><\/div>\n<\/div>\n\n\n\n<p><strong>Veuillez noter:<\/strong><\/p>\n\n\n\n<ul class=\"wp-block-list\">\n<li><strong>Le V-Label est une marque d\u00e9pos\u00e9e<\/strong> et doit \u00eatre reproduit \u00e0 l\u2019identique afin que l\u2019on le reconnaisse. Le \u00ab V avec la feuille dans le coin sup\u00e9rieur droit \u00bb, le Logo V-Label et les Labels sont des marques d\u00e9pos\u00e9es et sont la propri\u00e9t\u00e9 du V-Label GmbH et du V-Label Italia srl.<\/li>\n<\/ul>\n\n\n\n<ul class=\"wp-block-list\">\n<li>Pr\u00e9tendre ou insinuer qu&rsquo;un produit est sous licence V-Label sans avoir termin\u00e9 le processus de certification ou apr\u00e8s l&rsquo;expiration ou la r\u00e9vocation de la licence, ou utiliser directement un Label sur des produits qui n&rsquo;ont pas suivi le processus de certification et n&rsquo;ont pas \u00e9t\u00e9 v\u00e9rifi\u00e9s comme r\u00e9pondant aux normes pour les produits v\u00e9ganes ou v\u00e9g\u00e9tariens d\u00e9finies par le V-Label, sont consid\u00e9r\u00e9s comme une contrefa\u00e7on. Les cons\u00e9quences d&rsquo;une contrefa\u00e7on peuvent inclure des poursuites judiciaires contre la partie contrevenante, des dommages financiers et des ordres de cesser l&rsquo;utilisation non autoris\u00e9e.<\/li>\n<\/ul>\n\n\n\n<ul class=\"wp-block-list\">\n<li>Si vous avez constat\u00e9 <strong>une utilisation incorrecte du Label<\/strong> (par exemple, le V-Label sur un emballage clairement non v\u00e9g\u00e9tal, ou un produit v\u00e9g\u00e9tarien erron\u00e9ment labellis\u00e9 comme v\u00e9gane), <a href=\"https:\/\/www.v-label.com\/fr\/signaler-un-abus\/\" data-type=\"link\" data-id=\"https:\/\/www.v-label.com\/fr\/signaler-un-abus\/\">merci de le signaler ici<\/a>.<\/li>\n<\/ul>\n\n\n\n<div class=\"wp-block-buttons is-content-justification-center is-layout-flex wp-container-core-buttons-is-layout-16018d1d wp-block-buttons-is-layout-flex\">\n<div class=\"wp-block-button\"><a class=\"wp-block-button__link wp-element-button\" href=\"https:\/\/www.v-label.com\/fr\/prenez-contact-avec-nous\/\">Contactez-nous<\/a><\/div>\n\n\n\n<div class=\"wp-block-button\"><a class=\"wp-block-button__link wp-element-button\" href=\"https:\/\/www.v-label.com\/fr\/signaler-un-abus\/\">Signaler une utilisation incorrecte<\/a><\/div>\n<\/div>\n","protected":false},"excerpt":{"rendered":"<p>La Charte Graphique V-Label fournit des directives sur l&rsquo;utilisation du Logo et du Label, ainsi que des pr\u00e9cisions sur la protection des valeurs et de l&rsquo;int\u00e9grit\u00e9 qu&rsquo;ils repr\u00e9sentent.<\/p>\n","protected":false},"author":5,"featured_media":87485,"parent":0,"menu_order":0,"comment_status":"closed","ping_status":"closed","template":"","meta":{"_acf_changed":false,"_editorskit_title_hidden":false,"_editorskit_reading_time":0,"_editorskit_is_block_options_detached":false,"_editorskit_block_options_position":"{}","inline_featured_image":false,"_uag_custom_page_level_css":"","footnotes":""},"categories":[],"tags":[],"class_list":["post-91484","page","type-page","status-publish","has-post-thumbnail","hentry"],"acf":[],"uagb_featured_image_src":{"full":["https:\/\/www.v-label.com\/wp-content\/uploads\/2024\/11\/v-label-style-guide-complete.jpg",1766,1249,false],"thumbnail":["https:\/\/www.v-label.com\/wp-content\/uploads\/2024\/11\/v-label-style-guide-complete-500x354.jpg",500,354,true],"medium":["https:\/\/www.v-label.com\/wp-content\/uploads\/2024\/11\/v-label-style-guide-complete-300x212.jpg",300,212,true],"medium_large":["https:\/\/www.v-label.com\/wp-content\/uploads\/2024\/11\/v-label-style-guide-complete-768x543.jpg",768,543,true],"large":["https:\/\/www.v-label.com\/wp-content\/uploads\/2024\/11\/v-label-style-guide-complete-1024x724.jpg",1024,724,true],"1536x1536":["https:\/\/www.v-label.com\/wp-content\/uploads\/2024\/11\/v-label-style-guide-complete-1536x1086.jpg",1536,1086,true],"2048x2048":["https:\/\/www.v-label.com\/wp-content\/uploads\/2024\/11\/v-label-style-guide-complete.jpg",1766,1249,false],"preview":["https:\/\/www.v-label.com\/wp-content\/uploads\/2024\/11\/v-label-style-guide-complete-904x720.jpg",904,720,true],"header":["https:\/\/www.v-label.com\/wp-content\/uploads\/2024\/11\/v-label-style-guide-complete-2000x720.jpg",2000,720,true],"gform-image-choice-sm":["https:\/\/www.v-label.com\/wp-content\/uploads\/2024\/11\/v-label-style-guide-complete.jpg",300,212,false],"gform-image-choice-md":["https:\/\/www.v-label.com\/wp-content\/uploads\/2024\/11\/v-label-style-guide-complete.jpg",400,283,false],"gform-image-choice-lg":["https:\/\/www.v-label.com\/wp-content\/uploads\/2024\/11\/v-label-style-guide-complete.jpg",600,424,false]},"uagb_author_info":{"display_name":"Can Aslan","author_link":"https:\/\/www.v-label.com\/fr"},"uagb_comment_info":0,"uagb_excerpt":"La Charte Graphique V-Label fournit des directives sur l'utilisation du Logo et du Label, ainsi que des pr\u00e9cisions sur la protection des valeurs et de l'int\u00e9grit\u00e9 qu'ils repr\u00e9sentent.","_links":{"self":[{"href":"https:\/\/www.v-label.com\/fr\/wp-json\/wp\/v2\/pages\/91484","targetHints":{"allow":["GET"]}}],"collection":[{"href":"https:\/\/www.v-label.com\/fr\/wp-json\/wp\/v2\/pages"}],"about":[{"href":"https:\/\/www.v-label.com\/fr\/wp-json\/wp\/v2\/types\/page"}],"author":[{"embeddable":true,"href":"https:\/\/www.v-label.com\/fr\/wp-json\/wp\/v2\/users\/5"}],"replies":[{"embeddable":true,"href":"https:\/\/www.v-label.com\/fr\/wp-json\/wp\/v2\/comments?post=91484"}],"version-history":[{"count":3,"href":"https:\/\/www.v-label.com\/fr\/wp-json\/wp\/v2\/pages\/91484\/revisions"}],"predecessor-version":[{"id":91775,"href":"https:\/\/www.v-label.com\/fr\/wp-json\/wp\/v2\/pages\/91484\/revisions\/91775"}],"wp:featuredmedia":[{"embeddable":true,"href":"https:\/\/www.v-label.com\/fr\/wp-json\/wp\/v2\/media\/87485"}],"wp:attachment":[{"href":"https:\/\/www.v-label.com\/fr\/wp-json\/wp\/v2\/media?parent=91484"}],"wp:term":[{"taxonomy":"category","embeddable":true,"href":"https:\/\/www.v-label.com\/fr\/wp-json\/wp\/v2\/categories?post=91484"},{"taxonomy":"post_tag","embeddable":true,"href":"https:\/\/www.v-label.com\/fr\/wp-json\/wp\/v2\/tags?post=91484"}],"curies":[{"name":"wp","href":"https:\/\/api.w.org\/{rel}","templated":true}]}}