{"id":10357,"date":"2022-05-30T16:16:08","date_gmt":"2022-05-30T14:16:08","guid":{"rendered":"https:\/\/www.v-label.com\/faqs\/"},"modified":"2025-11-20T09:58:20","modified_gmt":"2025-11-20T08:58:20","slug":"faqs","status":"publish","type":"page","link":"https:\/\/www.v-label.com\/hr\/faqs\/","title":{"rendered":"FAQ"},"content":{"rendered":"\n<h3 class=\"wp-block-heading has-text-align-center\">Prona\u0111ite odgovore na neka od pitanja koja se mo\u017eda pitate o V-Label.<\/h3>\n\r\n<section id=\"accordion-block_4727cbbf6415723e457e31589170300b\" class=\"wp-block-accordion\">\r\n\t\t\t<button class=\"toggle_open\" id=\"button_toggle\">Pro\u0161iri sve<\/button>\r\n\t\t<ul class=\"posts_list_accordion\">\r\n\t\t\t\t\t\t\t<li>\r\n\t\t\t\t\t\t\t\t\t\t\t\t\t\t\t\t\t<h4 id=\"\">Koje prednosti nudi V-Label u odnosu na druge vege oznake?<i class=\"icon-angle-down\"><\/i><\/h4>\r\n\t\t\t\t\t\t\t\t\t\t\t\t\t\t\t\t<div class=\"accordion_text\"><p>Mnoge tvrtke i proizvo\u0111a\u010di koriste vlastite vege oznake na svojim proizvodima. Me\u0111utim, prilikom izrade ovih oznaka definiraju vlastite kriterije za veganske i vegetarijanske proizvode, \u0161to rezultira nedosljednostima s drugim tvrtkama i proizvo\u0111a\u010dima. Nedostatak osnovnog znanja me\u0111u tvrtkama o razli\u010ditim sastojcima i va\u017enim proizvodnim kriterijima mo\u017ee dovesti do neto\u010dnog ozna\u010davanja. Ove samostalno izra\u0111ene oznake ne podlije\u017eu provjerama neovisnih tijela, i neto\u010dno ozna\u010davanje ponekad mo\u017ee pro\u0107i nezapa\u017eeno kod potro\u0161a\u010da. Potro\u0161a\u010di sve vi\u0161e tra\u017ee transparentnost kako bi mogli brzo i s pouzdanjem prepoznati veganske i vegetarijanske proizvode. Trenutno samo V-Label mo\u017ee ponuditi ovakvu transparentnost zahvaljuju\u0107i standardiziranim kriterijima u ozna\u010davanju veganskih i vegetarijanskih proizvoda. Putem oznake V-Label, tvrtke mogu eksternalizirati odgovornost za osiguranje kvalitete svojih veganskih i vegetarijanskih proizvoda. Tako\u0111er, V-Label jedina je neovisna europska oznaka u kategorijama &#8220;veganskih&#8221; i &#8220;vegetarijanskih&#8221; proizvoda.    <\/p>\n<\/div>\r\n\t\t\t\t\t\t\t\t\t<\/li>\r\n\t\t\t\t\t\t\t<li>\r\n\t\t\t\t\t\t\t\t\t\t\t\t\t\t\t\t\t<h4 id=\"\">Za\u0161to nije dovoljno samo pro\u010ditati popis sastojaka?<i class=\"icon-angle-down\"><\/i><\/h4>\r\n\t\t\t\t\t\t\t\t\t\t\t\t\t\t\t\t<div class=\"accordion_text\"><p>Jednostavno \u010ditanje popisa sastojaka daje malo sigurnosti o tome je li proizvod vegetarijanski ili veganski. Neki sastojci ozna\u010davaju se E brojevima koji su mnogim potro\u0161a\u010dima nepoznati, dok drugi uop\u0107e nisu navedeni jer ih nije potrebno deklarirati. Tako\u0111er, nije uvijek jasno jesu li pojedini sastojci biljnog ili \u017eivotinjskog podrijetla \u2013 primjerice, nije uobi\u010dajeno da se aditivi za proizvodnju, od kojih su mnogi \u017eivotinjskog podrijetla, nalaze na popisu sastojaka. Promjene receptura mogu zna\u010diti da omiljeni veganski ili vegetarijanski proizvod odjednom sadr\u017ei \u017eivotinjske proizvode, a da potro\u0161a\u010di to uop\u0107e ne primijete. Osim provjere sastava proizvoda, licenciranje proizvoda oznakom V-Label podrazumijeva pomnu provjeru i svakog pojedina\u010dnog koraka u proizvodnji, tj. razvoju proizvoda. V-Label je stoga brz i pouzdan pokazatelj koji potro\u0161a\u010dima \u0161tedi vrijeme pregledavanja popisa sastojaka.     <\/p>\n<\/div>\r\n\t\t\t\t\t\t\t\t\t<\/li>\r\n\t\t\t\t\t\t\t<li>\r\n\t\t\t\t\t\t\t\t\t\t\t\t\t\t\t\t\t<h4 id=\"\">Prema kojim se kriterijima proizvodi koji nose oznaku V-Label ozna\u010davaju kao veganski ili vegetarijanski?<i class=\"icon-angle-down\"><\/i><\/h4>\r\n\t\t\t\t\t\t\t\t\t\t\t\t\t\t\t\t<div class=\"accordion_text\"><p>Definicija pojmova &#8220;vegansko&#8221; i &#8220;vegetarijansko&#8221;, koju V-Label koristi kao osnovu, u skladu je s preporu\u010denom definicijom navedenom tijekom 12. konferencije ministara za za\u0161titu potro\u0161a\u010da odr\u017eane 22. travnja 2016.<\/p>\n<p><strong>Vegetarijansko<\/strong><\/p>\n<p>Hrana i drugi proizvodi koji ne sadr\u017ee \u017eivotinje ili dijelove \u017eivotinja smatraju se vegetarijanskim. To obuhva\u0107a sve korake proizvodnje i obrade. Hrana i drugi proizvodi stvoreni uz pomo\u0107 \u017eivih \u017eivotinja i proizvoda \u017eivotinjskog podrijetla smatraju se vegetarijanskim.  <\/p>\n<p><strong>Vegansko<\/strong><\/p>\n<p>Hrana i ostali proizvodi koji ne sadr\u017ee \u017eivotinje ili dijelove \u017eivotinja smatraju se veganskim. Da bi bili veganski, hrana i drugi proizvodi ne smiju biti stvoreni uz pomo\u0107 \u017eivih \u017eivotinja ili proizvoda \u017eivotinjskog podrijetla. Ovo obuhva\u0107a sve korake proizvodnje i obrade.  <\/p>\n<p><strong>Dodatni kriteriji oznake V-Label<\/strong><\/p>\n<p>Oznaka V-Label nikada se ne izdaje u sljede\u0107im slu\u010dajevima:<\/p>\n<ul>\n<li>Proizvodi u \u010dijoj je deklaraciji navedeno da sadr\u017ee GMO (genetski modificirane organizme)<\/li>\n<li>Proizvodi koji sadr\u017ee jaja koko\u0161i u kavezima (uklju\u010duju\u0107i oboga\u0107ene kavezne sustave i uzgoj u malim grupama)<\/li>\n<\/ul>\n<p><strong>Ambala\u017ea<\/strong><\/p>\n<p>V-Label ne isklju\u010duje proizvode \u010dije pakiranje sadr\u017ei proizvode \u017eivotinjskog podrijetla. Me\u0111utim, poti\u010demo tvrtke da dobrovoljno izbjegavaju kori\u0161tenje ambala\u017ee koja sadr\u017ei proizvode \u017eivotinjskog podrijetla. <\/p>\n<p><strong>Gnojidba i uzgoj<\/strong><\/p>\n<p>Proces licenciranja proizvoda i sastojaka oznakom V-Label pokriva razdoblje od branja, tj. \u017eetve sirovna. Stoga, gnojiva koja se koriste na tlu u kojem se uzgajaju sirovine za proizvode s oznakom V-Label ne predstavljaju relevantan kriterij. Me\u0111utim, trebalo bi dati prednost sirovinama uzgojenim iz veganske, organske poljoprivrede, a tvrtke poti\u010demo da dobrovoljno izbjegavaju kori\u0161tenje gnojiva koja sadr\u017ee tvari \u017eivotinjskog podrijetla.  <\/p>\n<p><strong>Sastojci u tragovima i kontaminanti<\/strong><\/p>\n<p>Tvrtke dobrovoljno odlu\u010duju ho\u0107e li na ambala\u017ei nazna\u010diti prisutnost tragova kontaminacije alergenima ili proizvodima \u017eivotinjskog podrijetla do kojih bi moglo do\u0107i u procesu proizvodnje. Ukazivanjem na potencijalnu prisutnost sastojaka u tragovima, tvrtke se \u0161tite od bilo kakvih pravnih posljedica u slu\u010daju da kupci do\u017eive alergijske reakcije. Me\u0111utim, samo zato \u0161to su te informacije navedene ne zna\u010di nu\u017eno da krajnji proizvod zapravo sadr\u017ei \u017eivotinjske proizvode; informacije samo upozoravaju potro\u0161a\u010de na mogu\u0107nost minimalne kontaminacije koja nastaje u procesu proizvodnje.  <\/p>\n<p>Takvi proizvodi ispunjavaju kriterije oznake V-Label pod uvjetom da niti u jednom trenutku tijekom proizvodnje nisu namjerno dodani \u017eivotinjski sastojci. Proizvodni proces mora biti osmi\u0161ljen tako da isklju\u010di svaku mogu\u0107nost kontaminacije \u017eivotinjskim sastojcima. Prema V-Label kriterijima, ukupna kontaminacija sa svim provjerljivim \u017eivotinjskim sastojcima u krajnjem proizvodu ne smije prelaziti 0,1% (1 g\/kg). Za odre\u0111ene grupe proizvoda mogu se primjenjivati \u200b\u200bdruga pravila temeljena na &#8220;tehni\u010dki izvedivoj granici detekcije&#8221;.   <\/p>\n<p><strong>Primjeri<\/strong><\/p>\n<p>Oznaka V-Label nikada se ne izdaje za sljede\u0107e proizvode ili proizvode koji sadr\u017ee bilo koji od sljede\u0107ih sastojaka:<\/p>\n<ul>\n<li>Proizvod nastao klanjem \u017eivotinje<\/li>\n<li>Masti od ribe, dijelova ribe ili drugih morskih \u017eivotinja<\/li>\n<li>Arome \u017eivotinjskog podrijetla (osim aroma na bazi mlijeka)<\/li>\n<li>Jaja osim jaja peradi (npr. kavijar)<\/li>\n<li>Mlije\u010dni proizvodi u kojima se koristi \u017eivotinjsko sirilo<\/li>\n<li>Mati\u010dna mlije\u010d<\/li>\n<li>Boje napravljene od sastojaka \u017eivotinjskog podrijetla (npr. ko\u0161enil)<\/li>\n<li>\u0160e\u0107eri prera\u0111eni ugljenom od \u017eivotinjskih kostiju<\/li>\n<li>Prijenosne tvari ili aditivi \u017eivotinjskog podrijetla<\/li>\n<li>Bistrenje tvarima \u017eivotinjskog podrijetla (npr. \u017eelatina, staklo)<\/li>\n<\/ul>\n<p>Oznaka V-Label u kategoriji \u201cvegan\u201d izdaje se samo za proizvode koji dodatno ne sadr\u017ee \u017eivotinjske proizvode kao \u0161to su:<\/p>\n<ul>\n<li>Jaja<\/li>\n<li>Med<\/li>\n<li>Mlije\u010dni proizvodi<\/li>\n<li>\u017divotinjski vosak<\/li>\n<li>Boje od \u017eivotinjskih proizvoda<\/li>\n<li>Prijenosne tvari ili aditivi \u017eivotinjskog podrijetla<\/li>\n<li>Bistrenje tvarima \u017eivotinjskog podrijetla (npr. bjelanjak)<\/li>\n<\/ul>\n<\/div>\r\n\t\t\t\t\t\t\t\t\t<\/li>\r\n\t\t\t\t\t\t\t<li>\r\n\t\t\t\t\t\t\t\t\t\t\t\t\t\t\t\t\t<h4 id=\"\">Na temelju \u010dega se hrana i drugi proizvodi klasificiraju kao &quot;veganski&quot; ili &quot;vegetarijanski&quot;?<i class=\"icon-angle-down\"><\/i><\/h4>\r\n\t\t\t\t\t\t\t\t\t\t\t\t\t\t\t\t<div class=\"accordion_text\"><p>Tvrtke koje \u017eele licencirati proizvode oznakom V-Label moraju davatelju certifikata prijaviti puni sastav tih proizvoda i sve aditive kori\u0161tene tijekom obrade. Na temelju takve vlastite izjave i nakon inspekcije V-Label tima, hrana i drugi proizvodi mogu se klasificirati kao &#8220;veganski&#8221; ili &#8220;vegetarijanski&#8221;. <\/p>\n<\/div>\r\n\t\t\t\t\t\t\t\t\t<\/li>\r\n\t\t\t\t\t\t\t<li>\r\n\t\t\t\t\t\t\t\t\t\t\t\t\t\t\t\t\t<h4 id=\"\">Koji se koraci poduzimaju kako bi se osiguralo da tvrtke ispunjavaju zahtjeve oznake V-Label?<i class=\"icon-angle-down\"><\/i><\/h4>\r\n\t\t\t\t\t\t\t\t\t\t\t\t\t\t\t\t<div class=\"accordion_text\"><p>V-Label tim zadr\u017eava pravo implementacije mjera osiguranja kvalitete usmjerenih na o\u010duvanje vjerodostojnosti i prednosti koje obe\u0107ava V-Label. Bilo kakve promjene recepture ili promjene proizvodnog procesa hrane i drugih proizvoda koji nose oznaku V-Label moraju se odmah prijaviti \u010dlanovima V-Label tima odgovornim za upravljanje kvalitetom. Nakon \u0161to tvrtka iznese informacije o relevantnim promjenama, provodi se nova inspekcija.<\/p>\n<\/div>\r\n\t\t\t\t\t\t\t\t\t<\/li>\r\n\t\t\t\t\t\t\t<li>\r\n\t\t\t\t\t\t\t\t\t\t\t\t\t\t\t\t\t<h4 id=\"\">Ima li slu\u010dajeva kada nema smisla da proizvod nosi V-Label?<i class=\"icon-angle-down\"><\/i><\/h4>\r\n\t\t\t\t\t\t\t\t\t\t\t\t\t\t\t\t<div class=\"accordion_text\"><p>Nema smisla da sva hrana nosi V-Label: Monoproizvodi kao \u0161to su \u010dajevi, za\u010dini i mineralna voda i sirova hrana kao \u0161to je neprera\u0111eno povr\u0107e uvijek su biljnog porijekla i ne moraju biti posebno ozna\u010deni kao takvi. Iako u na\u010delu nema ni\u0161ta lo\u0161e u reklamiranju proizvoda navo\u0111enjem onoga \u0161to je o\u010dito istina, to se ne smatra preporu\u010dljivim. <\/p>\n<\/div>\r\n\t\t\t\t\t\t\t\t\t<\/li>\r\n\t\t\t\t\t\t\t<li>\r\n\t\t\t\t\t\t\t\t\t\t\t\t\t\t\t\t\t<h4 id=\"\">Koje tro\u0161kove tvrtke mogu o\u010dekivati prilikom licenciranja svojih proizvoda oznakom V-Label?<i class=\"icon-angle-down\"><\/i><\/h4>\r\n\t\t\t\t\t\t\t\t\t\t\t\t\t\t\t\t<div class=\"accordion_text\"><p>Kori\u0161tenje oznake V-Label podlije\u017ee godi\u0161njoj naknadi za licenciranje i jednokratnoj naknadi za inspekciju.<\/p>\n<\/div>\r\n\t\t\t\t\t\t\t\t\t<\/li>\r\n\t\t\t\t\t\t\t<li>\r\n\t\t\t\t\t\t\t\t\t\t\t\t\t\t\t\t\t<h4 id=\"\">Koliko dugo traje proces licenciranja?<i class=\"icon-angle-down\"><\/i><\/h4>\r\n\t\t\t\t\t\t\t\t\t\t\t\t\t\t\t\t<div class=\"accordion_text\"><p>Proces licenciranja uklju\u010duje pet koraka. Nakon \u0161to tvrtka podnese po\u010detni zahtjev, izra\u0111uje se ponuda na temelju dostavljenih podataka tvrtke. Nakon \u0161to tvrtka potvrdi ponudu, sklapa se ugovor o licenci. Nakon toga davatelj certifikata provjerava sve pojedinosti o proizvodu. Nakon temeljite provjere, i ako je davatelj certifikata zadovoljan ishodom, izdaje se V-Label certifikat. Na kraju, izgled pakiranja proizvoda se provjerava i odobrava za uporabu. U standardnom postupku licenciranja mo\u017ee pro\u0107i izme\u0111u 2 i 8 tjedana dok tvrtka kona\u010dno ne dobije zeleno svjetlo za kori\u0161tenje oznake V-Label.      <\/p>\n<\/div>\r\n\t\t\t\t\t\t\t\t\t<\/li>\r\n\t\t\t\t\t\t\t<li>\r\n\t\t\t\t\t\t\t\t\t\t\t\t\t\t\t\t\t<h4 id=\"\">Kakva je priroda ugovora za tvrtke?<i class=\"icon-angle-down\"><\/i><\/h4>\r\n\t\t\t\t\t\t\t\t\t\t\t\t\t\t\t\t<div class=\"accordion_text\"><p><strong>Razdoblje trajanja ugovora<\/strong><\/p>\n<p>Ugovorni odnos u pravilu traje godinu dana. Ako prodaja varira za vi\u0161e od 10% gore ili dolje, godi\u0161nja naknada za licenciranje prilago\u0111ava se u skladu s tim. Po\u010detak ugovora naveden je u samom ugovoru. Mogu\u0107e je odrediti kasniji datum kako bi se, primjerice, uzelo u obzir budu\u0107e lansiranje novih proizvoda. Ugovor se automatski produ\u017euje ako se ne raskine pisanim putem tri mjeseca prije isteka.    <\/p>\n<p><strong>Izdavanje certifikata<\/strong><\/p>\n<p>Nakon dovr\u0161etka postupka licenciranja izdaje se certifikat za proizvod u odgovaraju\u0107oj kategoriji.<\/p>\n<\/div>\r\n\t\t\t\t\t\t\t\t\t<\/li>\r\n\t\t\t\t\t<\/ul>\r\n\t<\/section>","protected":false},"excerpt":{"rendered":"<p>Prona\u0111ite odgovore na neka od pitanja koja se mo\u017eda pitate o V-Label.<\/p>\n","protected":false},"author":5,"featured_media":17152,"parent":0,"menu_order":0,"comment_status":"closed","ping_status":"closed","template":"","meta":{"_acf_changed":false,"_editorskit_title_hidden":false,"_editorskit_reading_time":0,"_editorskit_is_block_options_detached":false,"_editorskit_block_options_position":"{}","inline_featured_image":false,"_uag_custom_page_level_css":"","footnotes":""},"categories":[],"tags":[],"class_list":["post-10357","page","type-page","status-publish","has-post-thumbnail","hentry"],"acf":[],"uagb_featured_image_src":{"full":["https:\/\/www.v-label.com\/wp-content\/uploads\/2022\/12\/v-label-faqs.jpg",1280,743,false],"thumbnail":["https:\/\/www.v-label.com\/wp-content\/uploads\/2022\/12\/v-label-faqs-500x290.jpg",500,290,true],"medium":["https:\/\/www.v-label.com\/wp-content\/uploads\/2022\/12\/v-label-faqs-300x174.jpg",300,174,true],"medium_large":["https:\/\/www.v-label.com\/wp-content\/uploads\/2022\/12\/v-label-faqs-768x446.jpg",768,446,true],"large":["https:\/\/www.v-label.com\/wp-content\/uploads\/2022\/12\/v-label-faqs-1024x594.jpg",1024,594,true],"1536x1536":["https:\/\/www.v-label.com\/wp-content\/uploads\/2022\/12\/v-label-faqs.jpg",1280,743,false],"2048x2048":["https:\/\/www.v-label.com\/wp-content\/uploads\/2022\/12\/v-label-faqs.jpg",1280,743,false],"preview":["https:\/\/www.v-label.com\/wp-content\/uploads\/2022\/12\/v-label-faqs-904x720.jpg",904,720,true],"header":["https:\/\/www.v-label.com\/wp-content\/uploads\/2022\/12\/v-label-faqs-1280x720.jpg",1280,720,true],"gform-image-choice-sm":["https:\/\/www.v-label.com\/wp-content\/uploads\/2022\/12\/v-label-faqs.jpg",300,174,false],"gform-image-choice-md":["https:\/\/www.v-label.com\/wp-content\/uploads\/2022\/12\/v-label-faqs.jpg",400,232,false],"gform-image-choice-lg":["https:\/\/www.v-label.com\/wp-content\/uploads\/2022\/12\/v-label-faqs.jpg",600,348,false]},"uagb_author_info":{"display_name":"Can Aslan","author_link":"https:\/\/www.v-label.com\/hr"},"uagb_comment_info":0,"uagb_excerpt":"Prona\u0111ite odgovore na neka od pitanja koja se mo\u017eda pitate o V-Label.","_links":{"self":[{"href":"https:\/\/www.v-label.com\/hr\/wp-json\/wp\/v2\/pages\/10357","targetHints":{"allow":["GET"]}}],"collection":[{"href":"https:\/\/www.v-label.com\/hr\/wp-json\/wp\/v2\/pages"}],"about":[{"href":"https:\/\/www.v-label.com\/hr\/wp-json\/wp\/v2\/types\/page"}],"author":[{"embeddable":true,"href":"https:\/\/www.v-label.com\/hr\/wp-json\/wp\/v2\/users\/5"}],"replies":[{"embeddable":true,"href":"https:\/\/www.v-label.com\/hr\/wp-json\/wp\/v2\/comments?post=10357"}],"version-history":[{"count":5,"href":"https:\/\/www.v-label.com\/hr\/wp-json\/wp\/v2\/pages\/10357\/revisions"}],"predecessor-version":[{"id":97955,"href":"https:\/\/www.v-label.com\/hr\/wp-json\/wp\/v2\/pages\/10357\/revisions\/97955"}],"wp:featuredmedia":[{"embeddable":true,"href":"https:\/\/www.v-label.com\/hr\/wp-json\/wp\/v2\/media\/17152"}],"wp:attachment":[{"href":"https:\/\/www.v-label.com\/hr\/wp-json\/wp\/v2\/media?parent=10357"}],"wp:term":[{"taxonomy":"category","embeddable":true,"href":"https:\/\/www.v-label.com\/hr\/wp-json\/wp\/v2\/categories?post=10357"},{"taxonomy":"post_tag","embeddable":true,"href":"https:\/\/www.v-label.com\/hr\/wp-json\/wp\/v2\/tags?post=10357"}],"curies":[{"name":"wp","href":"https:\/\/api.w.org\/{rel}","templated":true}]}}