{"id":11282,"date":"2022-09-13T11:05:29","date_gmt":"2022-09-13T09:05:29","guid":{"rendered":"https:\/\/www.v-label.com\/general-information\/certified-products\/dairy-alternatives\/"},"modified":"2024-10-25T08:51:28","modified_gmt":"2024-10-25T06:51:28","slug":"mlijecne-alternative","status":"publish","type":"page","link":"https:\/\/www.v-label.com\/hr\/opce-informacije\/certificirani-proizvodi\/mlijecne-alternative\/","title":{"rendered":"Mlije\u010dne Alternative"},"content":{"rendered":"\n<p>Prijelaz sa sojinog na zobeno, bademovo i kokosovo mlijeko bio je samo po\u010detak biljne mlije\u010dne revolucije. Odaberite \u0161to \u017eelite: jogurte u prakti\u010dnim formama, od gr\u010dkog do teku\u0107eg. Ukusni i ekolo\u0161ki prihvatljivi sladoledi, maslaci i namazi za doru\u010dak i povrh svega, sir!<\/p>\n\n\n\n<div class=\"wp-block-columns are-vertically-aligned-center is-layout-flex wp-container-core-columns-is-layout-9d6595d7 wp-block-columns-is-layout-flex\">\n<div class=\"wp-block-column is-vertically-aligned-center is-layout-flow wp-block-column-is-layout-flow\">\n<figure class=\"wp-block-image aligncenter size-medium\"><a href=\"https:\/\/www.zvijezda.hr\/product-category\/omegol\/\" target=\"_blank\" rel=\"noreferrer noopener\"><img decoding=\"async\" width=\"300\" height=\"147\" src=\"https:\/\/www.v-label.com\/wp-content\/uploads\/2022\/12\/dairy-alternatives-zvijezda-1-300x147.png\" alt=\"\" class=\"wp-image-11730\" srcset=\"https:\/\/www.v-label.com\/wp-content\/uploads\/2022\/12\/dairy-alternatives-zvijezda-1-300x147.png 300w, https:\/\/www.v-label.com\/wp-content\/uploads\/2022\/12\/dairy-alternatives-zvijezda-1-500x245.png 500w, https:\/\/www.v-label.com\/wp-content\/uploads\/2022\/12\/dairy-alternatives-zvijezda-1.png 600w\" sizes=\"(max-width: 300px) 100vw, 300px\" \/><\/a><\/figure>\n<\/div>\n\n\n\n<div class=\"wp-block-column is-vertically-aligned-center is-layout-flow wp-block-column-is-layout-flow\">\n<figure class=\"wp-block-image aligncenter size-medium\"><a href=\"https:\/\/dar-vindija.hr\/\" target=\"_blank\" rel=\"noreferrer noopener\"><img decoding=\"async\" width=\"300\" height=\"300\" src=\"https:\/\/www.v-label.com\/wp-content\/uploads\/2022\/12\/dairly-alternatives-vindija-dar-brand-logo-1-300x300.png\" alt=\"\" class=\"wp-image-11670\" srcset=\"https:\/\/www.v-label.com\/wp-content\/uploads\/2022\/12\/dairly-alternatives-vindija-dar-brand-logo-1-300x300.png 300w, https:\/\/www.v-label.com\/wp-content\/uploads\/2022\/12\/dairly-alternatives-vindija-dar-brand-logo-1-500x500.png 500w, https:\/\/www.v-label.com\/wp-content\/uploads\/2022\/12\/dairly-alternatives-vindija-dar-brand-logo-1.png 600w\" sizes=\"(max-width: 300px) 100vw, 300px\" \/><\/a><\/figure>\n<\/div>\n\n\n\n<div class=\"wp-block-column is-vertically-aligned-center is-layout-flow wp-block-column-is-layout-flow\">\n<figure class=\"wp-block-image aligncenter size-medium\"><img decoding=\"async\" width=\"185\" height=\"300\" src=\"https:\/\/www.v-label.com\/wp-content\/uploads\/2022\/12\/dairy-alternatives-eko-mlikarija-logo-1-185x300.png\" alt=\"\" class=\"wp-image-11690\" srcset=\"https:\/\/www.v-label.com\/wp-content\/uploads\/2022\/12\/dairy-alternatives-eko-mlikarija-logo-1-185x300.png 185w, https:\/\/www.v-label.com\/wp-content\/uploads\/2022\/12\/dairy-alternatives-eko-mlikarija-logo-1-308x500.png 308w, https:\/\/www.v-label.com\/wp-content\/uploads\/2022\/12\/dairy-alternatives-eko-mlikarija-logo-1.png 369w\" sizes=\"(max-width: 185px) 100vw, 185px\" \/><\/figure>\n<\/div>\n\n\n\n<div class=\"wp-block-column is-vertically-aligned-center is-layout-flow wp-block-column-is-layout-flow\">\n<figure class=\"wp-block-image aligncenter size-medium\"><a href=\"https:\/\/www.daspops.com\/\" target=\"_blank\" rel=\"noreferrer noopener\"><img decoding=\"async\" width=\"300\" height=\"199\" src=\"https:\/\/www.v-label.com\/wp-content\/uploads\/2022\/12\/dairy-alternatives-das-pops-logo-1-300x199.png\" alt=\"\" class=\"wp-image-11710\" srcset=\"https:\/\/www.v-label.com\/wp-content\/uploads\/2022\/12\/dairy-alternatives-das-pops-logo-1-300x199.png 300w, https:\/\/www.v-label.com\/wp-content\/uploads\/2022\/12\/dairy-alternatives-das-pops-logo-1-500x331.png 500w, https:\/\/www.v-label.com\/wp-content\/uploads\/2022\/12\/dairy-alternatives-das-pops-logo-1.png 600w\" sizes=\"(max-width: 300px) 100vw, 300px\" \/><\/a><\/figure>\n<\/div>\n<\/div>\n","protected":false},"excerpt":{"rendered":"<p>Prijelaz sa sojinog na zobeno, bademovo i kokosovo mlijeko bio je samo po\u010detak biljne mlije\u010dne revolucije. Odaberite \u0161to \u017eelite: jogurte u prakti\u010dnim formama, od gr\u010dkog do teku\u0107eg. Ukusni i ekolo\u0161ki prihvatljivi sladoledi, maslaci i namazi za doru\u010dak i povrh svega, sir!<\/p>\n","protected":false},"author":5,"featured_media":17876,"parent":8512,"menu_order":0,"comment_status":"closed","ping_status":"closed","template":"","meta":{"_acf_changed":false,"_editorskit_title_hidden":false,"_editorskit_reading_time":0,"_editorskit_is_block_options_detached":false,"_editorskit_block_options_position":"{}","inline_featured_image":false,"_uag_custom_page_level_css":"","footnotes":""},"categories":[],"tags":[],"class_list":["post-11282","page","type-page","status-publish","has-post-thumbnail","hentry"],"acf":[],"uagb_featured_image_src":{"full":["https:\/\/www.v-label.com\/wp-content\/uploads\/2022\/12\/milk-alternatives-1280.jpg",1280,853,false],"thumbnail":["https:\/\/www.v-label.com\/wp-content\/uploads\/2022\/12\/milk-alternatives-1280-500x333.jpg",500,333,true],"medium":["https:\/\/www.v-label.com\/wp-content\/uploads\/2022\/12\/milk-alternatives-1280-300x200.jpg",300,200,true],"medium_large":["https:\/\/www.v-label.com\/wp-content\/uploads\/2022\/12\/milk-alternatives-1280-768x512.jpg",768,512,true],"large":["https:\/\/www.v-label.com\/wp-content\/uploads\/2022\/12\/milk-alternatives-1280-1024x682.jpg",1024,682,true],"1536x1536":["https:\/\/www.v-label.com\/wp-content\/uploads\/2022\/12\/milk-alternatives-1280.jpg",1280,853,false],"2048x2048":["https:\/\/www.v-label.com\/wp-content\/uploads\/2022\/12\/milk-alternatives-1280.jpg",1280,853,false],"preview":["https:\/\/www.v-label.com\/wp-content\/uploads\/2022\/12\/milk-alternatives-1280-904x720.jpg",904,720,true],"header":["https:\/\/www.v-label.com\/wp-content\/uploads\/2022\/12\/milk-alternatives-1280-1280x720.jpg",1280,720,true],"gform-image-choice-sm":["https:\/\/www.v-label.com\/wp-content\/uploads\/2022\/12\/milk-alternatives-1280.jpg",300,200,false],"gform-image-choice-md":["https:\/\/www.v-label.com\/wp-content\/uploads\/2022\/12\/milk-alternatives-1280.jpg",400,267,false],"gform-image-choice-lg":["https:\/\/www.v-label.com\/wp-content\/uploads\/2022\/12\/milk-alternatives-1280.jpg",600,400,false]},"uagb_author_info":{"display_name":"Can Aslan","author_link":"https:\/\/www.v-label.com\/hr"},"uagb_comment_info":0,"uagb_excerpt":"Prijelaz sa sojinog na zobeno, bademovo i kokosovo mlijeko bio je samo po\u010detak biljne mlije\u010dne revolucije. Odaberite \u0161to \u017eelite: jogurte u prakti\u010dnim formama, od gr\u010dkog do teku\u0107eg. Ukusni i ekolo\u0161ki prihvatljivi sladoledi, maslaci i namazi za doru\u010dak i povrh svega, sir!","_links":{"self":[{"href":"https:\/\/www.v-label.com\/hr\/wp-json\/wp\/v2\/pages\/11282","targetHints":{"allow":["GET"]}}],"collection":[{"href":"https:\/\/www.v-label.com\/hr\/wp-json\/wp\/v2\/pages"}],"about":[{"href":"https:\/\/www.v-label.com\/hr\/wp-json\/wp\/v2\/types\/page"}],"author":[{"embeddable":true,"href":"https:\/\/www.v-label.com\/hr\/wp-json\/wp\/v2\/users\/5"}],"replies":[{"embeddable":true,"href":"https:\/\/www.v-label.com\/hr\/wp-json\/wp\/v2\/comments?post=11282"}],"version-history":[{"count":2,"href":"https:\/\/www.v-label.com\/hr\/wp-json\/wp\/v2\/pages\/11282\/revisions"}],"predecessor-version":[{"id":87060,"href":"https:\/\/www.v-label.com\/hr\/wp-json\/wp\/v2\/pages\/11282\/revisions\/87060"}],"up":[{"embeddable":true,"href":"https:\/\/www.v-label.com\/hr\/wp-json\/wp\/v2\/pages\/8512"}],"wp:featuredmedia":[{"embeddable":true,"href":"https:\/\/www.v-label.com\/hr\/wp-json\/wp\/v2\/media\/17876"}],"wp:attachment":[{"href":"https:\/\/www.v-label.com\/hr\/wp-json\/wp\/v2\/media?parent=11282"}],"wp:term":[{"taxonomy":"category","embeddable":true,"href":"https:\/\/www.v-label.com\/hr\/wp-json\/wp\/v2\/categories?post=11282"},{"taxonomy":"post_tag","embeddable":true,"href":"https:\/\/www.v-label.com\/hr\/wp-json\/wp\/v2\/tags?post=11282"}],"curies":[{"name":"wp","href":"https:\/\/api.w.org\/{rel}","templated":true}]}}