{"id":11408,"date":"2022-09-13T11:06:38","date_gmt":"2022-09-13T09:06:38","guid":{"rendered":"https:\/\/www.v-label.com\/general-information\/certified-products\/sweets\/"},"modified":"2024-10-25T08:52:35","modified_gmt":"2024-10-25T06:52:35","slug":"slastice","status":"publish","type":"page","link":"https:\/\/www.v-label.com\/hr\/opce-informacije\/certificirani-proizvodi\/slastice\/","title":{"rendered":"Slastice"},"content":{"rendered":"\n<p>Provjerite jesu li va\u0161e omiljene grickalice uistinu vegetarijanske ili veganske i napunite svoju smo\u010dnicu biljnom \u010dokoladom, keksima, \u010dipsom i plo\u010dicama! Ali \u010dekajte, ima toga jo\u0161: bacite pogled na tr\u017ei\u0161te pekarskih proizvoda, s veganskim kola\u010dima, kroasanima, \u010dak i hrenovkama u tijestu, ukusnima poput &#8220;originala&#8221;.<\/p>\n\n\n\n<div class=\"wp-block-columns are-vertically-aligned-center is-layout-flex wp-container-core-columns-is-layout-9d6595d7 wp-block-columns-is-layout-flex\">\n<div class=\"wp-block-column is-vertically-aligned-center is-layout-flow wp-block-column-is-layout-flow\">\n<figure class=\"wp-block-image aligncenter size-medium\"><a href=\"https:\/\/www.delicia.hr\/\" target=\"_blank\" rel=\"noreferrer noopener\"><img decoding=\"async\" width=\"300\" height=\"126\" src=\"https:\/\/www.v-label.com\/wp-content\/uploads\/2022\/12\/sweets-delicia-1-300x126.png\" alt=\"\" class=\"wp-image-11752\" srcset=\"https:\/\/www.v-label.com\/wp-content\/uploads\/2022\/12\/sweets-delicia-1-300x126.png 300w, https:\/\/www.v-label.com\/wp-content\/uploads\/2022\/12\/sweets-delicia-1-500x209.png 500w, https:\/\/www.v-label.com\/wp-content\/uploads\/2022\/12\/sweets-delicia-1.png 600w\" sizes=\"(max-width: 300px) 100vw, 300px\" \/><\/a><\/figure>\n<\/div>\n\n\n\n<div class=\"wp-block-column is-vertically-aligned-center is-layout-flow wp-block-column-is-layout-flow\">\n<figure class=\"wp-block-image aligncenter size-medium\"><a href=\"https:\/\/ekos-pekarnica.hr\/\" target=\"_blank\" rel=\"noreferrer noopener\"><img decoding=\"async\" width=\"300\" height=\"189\" src=\"https:\/\/www.v-label.com\/wp-content\/uploads\/2022\/12\/sweets-ekos-cakes-1-300x189.png\" alt=\"\" class=\"wp-image-11772\" srcset=\"https:\/\/www.v-label.com\/wp-content\/uploads\/2022\/12\/sweets-ekos-cakes-1-300x189.png 300w, https:\/\/www.v-label.com\/wp-content\/uploads\/2022\/12\/sweets-ekos-cakes-1-500x314.png 500w, https:\/\/www.v-label.com\/wp-content\/uploads\/2022\/12\/sweets-ekos-cakes-1.png 600w\" sizes=\"(max-width: 300px) 100vw, 300px\" \/><\/a><\/figure>\n<\/div>\n<\/div>\n","protected":false},"excerpt":{"rendered":"<p>Provjerite jesu li va\u0161e omiljene grickalice uistinu vegetarijanske ili veganske i napunite svoju smo\u010dnicu biljnom \u010dokoladom, keksima, \u010dipsom i plo\u010dicama! Ali \u010dekajte, ima toga jo\u0161: bacite pogled na tr\u017ei\u0161te pekarskih proizvoda, s veganskim kola\u010dima, kroasanima, \u010dak i hrenovkama u tijestu, ukusnima poput &#8220;originala&#8221;.<\/p>\n","protected":false},"author":5,"featured_media":17313,"parent":8512,"menu_order":0,"comment_status":"closed","ping_status":"closed","template":"","meta":{"_acf_changed":false,"_editorskit_title_hidden":false,"_editorskit_reading_time":0,"_editorskit_is_block_options_detached":false,"_editorskit_block_options_position":"{}","inline_featured_image":false,"_uag_custom_page_level_css":"","footnotes":""},"categories":[],"tags":[],"class_list":["post-11408","page","type-page","status-publish","has-post-thumbnail","hentry"],"acf":[],"uagb_featured_image_src":{"full":["https:\/\/www.v-label.com\/wp-content\/uploads\/2022\/12\/sweets-1280.jpg",1280,853,false],"thumbnail":["https:\/\/www.v-label.com\/wp-content\/uploads\/2022\/12\/sweets-1280-500x333.jpg",500,333,true],"medium":["https:\/\/www.v-label.com\/wp-content\/uploads\/2022\/12\/sweets-1280-300x200.jpg",300,200,true],"medium_large":["https:\/\/www.v-label.com\/wp-content\/uploads\/2022\/12\/sweets-1280-768x512.jpg",768,512,true],"large":["https:\/\/www.v-label.com\/wp-content\/uploads\/2022\/12\/sweets-1280-1024x682.jpg",1024,682,true],"1536x1536":["https:\/\/www.v-label.com\/wp-content\/uploads\/2022\/12\/sweets-1280.jpg",1280,853,false],"2048x2048":["https:\/\/www.v-label.com\/wp-content\/uploads\/2022\/12\/sweets-1280.jpg",1280,853,false],"preview":["https:\/\/www.v-label.com\/wp-content\/uploads\/2022\/12\/sweets-1280-904x720.jpg",904,720,true],"header":["https:\/\/www.v-label.com\/wp-content\/uploads\/2022\/12\/sweets-1280-1280x720.jpg",1280,720,true],"gform-image-choice-sm":["https:\/\/www.v-label.com\/wp-content\/uploads\/2022\/12\/sweets-1280.jpg",300,200,false],"gform-image-choice-md":["https:\/\/www.v-label.com\/wp-content\/uploads\/2022\/12\/sweets-1280.jpg",400,267,false],"gform-image-choice-lg":["https:\/\/www.v-label.com\/wp-content\/uploads\/2022\/12\/sweets-1280.jpg",600,400,false]},"uagb_author_info":{"display_name":"Can Aslan","author_link":"https:\/\/www.v-label.com\/hr"},"uagb_comment_info":0,"uagb_excerpt":"Provjerite jesu li va\u0161e omiljene grickalice uistinu vegetarijanske ili veganske i napunite svoju smo\u010dnicu biljnom \u010dokoladom, keksima, \u010dipsom i plo\u010dicama! Ali \u010dekajte, ima toga jo\u0161: bacite pogled na tr\u017ei\u0161te pekarskih proizvoda, s veganskim kola\u010dima, kroasanima, \u010dak i hrenovkama u tijestu, ukusnima poput &#8220;originala&#8221;.","_links":{"self":[{"href":"https:\/\/www.v-label.com\/hr\/wp-json\/wp\/v2\/pages\/11408","targetHints":{"allow":["GET"]}}],"collection":[{"href":"https:\/\/www.v-label.com\/hr\/wp-json\/wp\/v2\/pages"}],"about":[{"href":"https:\/\/www.v-label.com\/hr\/wp-json\/wp\/v2\/types\/page"}],"author":[{"embeddable":true,"href":"https:\/\/www.v-label.com\/hr\/wp-json\/wp\/v2\/users\/5"}],"replies":[{"embeddable":true,"href":"https:\/\/www.v-label.com\/hr\/wp-json\/wp\/v2\/comments?post=11408"}],"version-history":[{"count":3,"href":"https:\/\/www.v-label.com\/hr\/wp-json\/wp\/v2\/pages\/11408\/revisions"}],"predecessor-version":[{"id":87062,"href":"https:\/\/www.v-label.com\/hr\/wp-json\/wp\/v2\/pages\/11408\/revisions\/87062"}],"up":[{"embeddable":true,"href":"https:\/\/www.v-label.com\/hr\/wp-json\/wp\/v2\/pages\/8512"}],"wp:featuredmedia":[{"embeddable":true,"href":"https:\/\/www.v-label.com\/hr\/wp-json\/wp\/v2\/media\/17313"}],"wp:attachment":[{"href":"https:\/\/www.v-label.com\/hr\/wp-json\/wp\/v2\/media?parent=11408"}],"wp:term":[{"taxonomy":"category","embeddable":true,"href":"https:\/\/www.v-label.com\/hr\/wp-json\/wp\/v2\/categories?post=11408"},{"taxonomy":"post_tag","embeddable":true,"href":"https:\/\/www.v-label.com\/hr\/wp-json\/wp\/v2\/tags?post=11408"}],"curies":[{"name":"wp","href":"https:\/\/api.w.org\/{rel}","templated":true}]}}