{"id":35099,"date":"2022-05-30T16:17:14","date_gmt":"2022-05-30T14:17:14","guid":{"rendered":"https:\/\/www.v-label.com\/info-for-producers\/resources\/"},"modified":"2025-11-20T09:58:23","modified_gmt":"2025-11-20T08:58:23","slug":"izvori","status":"publish","type":"page","link":"https:\/\/www.v-label.com\/hr\/izvori\/","title":{"rendered":"Izvori"},"content":{"rendered":"\n<h2 class=\"wp-block-heading has-text-align-center\">Besplatni izvori za poslovne i potro\u0161a\u010dke uvide<\/h2>\n\n<h3 class=\"wp-block-heading has-text-align-center\">V-Label Zalogaji, istra\u017eivanje o potro\u0161a\u010dima, B2B \u010dlanci, i jo\u0161 mnogo toga \u0161to \u0107e vam pomo\u0107i u rastu.<\/h3>\n\n<div class=\"wp-block-media-text is-stacked-on-mobile is-image-fill\"><figure class=\"wp-block-media-text__media\" style=\"background-image:url(https:\/\/www.v-label.com\/wp-content\/uploads\/2022\/09\/case-study-1-1-1024x768.jpg);background-position:50% 50%\"><img decoding=\"async\" width=\"1024\" height=\"768\" src=\"https:\/\/www.v-label.com\/wp-content\/uploads\/2022\/09\/case-study-1-1-1024x768.jpg\" alt=\"\" class=\"wp-image-1843 size-large\" srcset=\"https:\/\/www.v-label.com\/wp-content\/uploads\/2022\/09\/case-study-1-1-1024x768.jpg 1024w, https:\/\/www.v-label.com\/wp-content\/uploads\/2022\/09\/case-study-1-1-300x225.jpg 300w, https:\/\/www.v-label.com\/wp-content\/uploads\/2022\/09\/case-study-1-1-768x576.jpg 768w, https:\/\/www.v-label.com\/wp-content\/uploads\/2022\/09\/case-study-1-1-1536x1152.jpg 1536w, https:\/\/www.v-label.com\/wp-content\/uploads\/2022\/09\/case-study-1-1.jpg 2000w\" sizes=\"(max-width: 1024px) 100vw, 1024px\" \/><\/figure><div class=\"wp-block-media-text__content\">\n<h3 class=\"wp-block-heading\"><strong>Kako svjesni potro\u0161a\u010di kupuju nakon 2020.?<\/strong><\/h3>\n\n\n\n<p>S rastu\u0107om populacijom vegana, vegetarijanaca i fleksitarijanaca, tr\u017ei\u0161te biljnih proizvoda globalno je u procvatu. Pripremite se odu\u0161eviti svoje svjesne kupce, saznajte \u0161to tra\u017ee i \u0161to pokre\u0107e njihovo odlu\u010divanje u procesu kupnje. <\/p>\n\n\n\n<div class=\"wp-block-buttons is-layout-flex wp-block-buttons-is-layout-flex\">\n<div class=\"wp-block-button\"><a class=\"wp-block-button__link wp-element-button\" href=\"https:\/\/www.v-label.com\/hr\/case-studies\/\">Saznajte vi\u0161e<\/a><\/div>\n<\/div>\n<\/div><\/div>\n\n<div style=\"height:20px\" aria-hidden=\"true\" class=\"wp-block-spacer\"><\/div>\n\n<div class=\"wp-block-media-text has-media-on-the-right is-stacked-on-mobile is-image-fill\"><div class=\"wp-block-media-text__content\">\n<h3 class=\"wp-block-heading\"><strong><strong>V-Label Izvje\u0161\u0107a<\/strong><\/strong><\/h3>\n\n\n\n<p>Dono\u0161enje informiranih odluka klju\u010dno je za uspjeh na rastu\u0107em tr\u017ei\u0161tu biljnih proizvoda. Zaronite duboko u najnovije trendove i detaljno upoznajte razli\u010dite kategorije proizvoda biljnog podrijetla kako biste stvorili pobjedni\u010dku strategiju. <\/p>\n\n\n\n<div class=\"wp-block-buttons is-layout-flex wp-block-buttons-is-layout-flex\">\n<div class=\"wp-block-button\"><a class=\"wp-block-button__link wp-element-button\" href=\"https:\/\/www.v-label.com\/hr\/white-papers\/\">Preuzmite na\u0161a Izvje\u0161\u0107a<\/a><\/div>\n<\/div>\n<\/div><figure class=\"wp-block-media-text__media\" style=\"background-image:url(https:\/\/www.v-label.com\/wp-content\/uploads\/2022\/09\/white-papers-all-1-1024x717.png);background-position:50% 50%\"><img decoding=\"async\" width=\"1024\" height=\"717\" src=\"https:\/\/www.v-label.com\/wp-content\/uploads\/2022\/09\/white-papers-all-1-1024x717.png\" alt=\"\" class=\"wp-image-1861 size-large\" srcset=\"https:\/\/www.v-label.com\/wp-content\/uploads\/2022\/09\/white-papers-all-1-1024x717.png 1024w, https:\/\/www.v-label.com\/wp-content\/uploads\/2022\/09\/white-papers-all-1-300x210.png 300w, https:\/\/www.v-label.com\/wp-content\/uploads\/2022\/09\/white-papers-all-1-768x538.png 768w, https:\/\/www.v-label.com\/wp-content\/uploads\/2022\/09\/white-papers-all-1-1536x1075.png 1536w, https:\/\/www.v-label.com\/wp-content\/uploads\/2022\/09\/white-papers-all-1.png 2000w\" sizes=\"(max-width: 1024px) 100vw, 1024px\" \/><\/figure><\/div>\n\n<div style=\"height:20px\" aria-hidden=\"true\" class=\"wp-block-spacer\"><\/div>\n\n<div class=\"wp-block-media-text is-stacked-on-mobile is-image-fill\"><figure class=\"wp-block-media-text__media\" style=\"background-image:url(https:\/\/www.v-label.com\/wp-content\/uploads\/2022\/09\/v-label-bites-1024x640.jpeg);background-position:50% 50%\"><img decoding=\"async\" width=\"1024\" height=\"640\" src=\"https:\/\/www.v-label.com\/wp-content\/uploads\/2022\/09\/v-label-bites-1024x640.jpeg\" alt=\"\" class=\"wp-image-1868 size-large\" srcset=\"https:\/\/www.v-label.com\/wp-content\/uploads\/2022\/09\/v-label-bites-1024x640.jpeg 1024w, https:\/\/www.v-label.com\/wp-content\/uploads\/2022\/09\/v-label-bites-300x188.jpeg 300w, https:\/\/www.v-label.com\/wp-content\/uploads\/2022\/09\/v-label-bites-768x480.jpeg 768w, https:\/\/www.v-label.com\/wp-content\/uploads\/2022\/09\/v-label-bites-1536x960.jpeg 1536w, https:\/\/www.v-label.com\/wp-content\/uploads\/2022\/09\/v-label-bites.jpeg 2048w\" sizes=\"(max-width: 1024px) 100vw, 1024px\" \/><\/figure><div class=\"wp-block-media-text__content\">\n<h3 class=\"wp-block-heading\"><strong><strong><strong>V-Label Zalogaji<\/strong><\/strong><\/strong><\/h3>\n\n\n\n<p>Budite ispred tr\u017ei\u0161ta i saznajte \u0161to \u0107e va\u0161i kupci \u017eeljeti sutra. Saznajte vi\u0161e o trendovima koji \u0107e oblikovati budu\u0107nost prehrambene industrije s na\u0161im lako \u010ditljivim informacijama, veli\u010dine zalogaja. <\/p>\n\n\n\n<div class=\"wp-block-buttons is-layout-flex wp-block-buttons-is-layout-flex\">\n<div class=\"wp-block-button\"><a class=\"wp-block-button__link wp-element-button\" href=\"https:\/\/www.v-label.com\/hr\/izvori\/v-label-bites\/\">Uzmite jo\u0161 Zalogaja<\/a><\/div>\n<\/div>\n<\/div><\/div>\n\n<div style=\"height:20px\" aria-hidden=\"true\" class=\"wp-block-spacer\"><\/div>\n\n<div class=\"wp-block-media-text has-media-on-the-right is-stacked-on-mobile is-image-fill\"><div class=\"wp-block-media-text__content\">\n<h3 class=\"wp-block-heading\"><strong><strong><strong>V-Label B2B blogovi<\/strong><\/strong><\/strong><\/h3>\n\n\n\n<p>Nemojte ni\u0161ta propustiti! Ostanite u toku uz na\u0161 blog: saznajte \u0161to je novo na veganskom i vegetarijanskom tr\u017ei\u0161tu i upoznajte na\u0161e najnovije programe i inicijative poput na\u0161e popularne serije webinara ili Me\u0111unarodnih V-Label nagrada. <\/p>\n\n\n\n<div class=\"wp-block-buttons is-layout-flex wp-block-buttons-is-layout-flex\">\n<div class=\"wp-block-button\"><a class=\"wp-block-button__link wp-element-button\" href=\"https:\/\/www.v-label.com\/consumer-insights\/\">Pro\u010ditajte na\u0161e blogove<\/a><\/div>\n<\/div>\n<\/div><figure class=\"wp-block-media-text__media\" style=\"background-image:url(https:\/\/www.v-label.com\/wp-content\/uploads\/2022\/09\/b2b-blogs-1024x682.jpeg);background-position:50% 50%\"><img decoding=\"async\" width=\"1024\" height=\"682\" src=\"https:\/\/www.v-label.com\/wp-content\/uploads\/2022\/09\/b2b-blogs-1024x682.jpeg\" alt=\"\" class=\"wp-image-1865 size-large\" srcset=\"https:\/\/www.v-label.com\/wp-content\/uploads\/2022\/09\/b2b-blogs-1024x682.jpeg 1024w, https:\/\/www.v-label.com\/wp-content\/uploads\/2022\/09\/b2b-blogs-300x200.jpeg 300w, https:\/\/www.v-label.com\/wp-content\/uploads\/2022\/09\/b2b-blogs-768x512.jpeg 768w, https:\/\/www.v-label.com\/wp-content\/uploads\/2022\/09\/b2b-blogs-1536x1024.jpeg 1536w, https:\/\/www.v-label.com\/wp-content\/uploads\/2022\/09\/b2b-blogs.jpeg 2000w\" sizes=\"(max-width: 1024px) 100vw, 1024px\" \/><\/figure><\/div>\n","protected":false},"excerpt":{"rendered":"<p>Besplatni izvori za poslovne i potro\u0161a\u010dke uvide V-Label Zalogaji, istra\u017eivanje o potro\u0161a\u010dima, B2B \u010dlanci, i jo\u0161 mnogo toga \u0161to \u0107e vam pomo\u0107i u rastu.<\/p>\n","protected":false},"author":5,"featured_media":17508,"parent":0,"menu_order":0,"comment_status":"closed","ping_status":"closed","template":"","meta":{"_acf_changed":false,"_editorskit_title_hidden":false,"_editorskit_reading_time":0,"_editorskit_is_block_options_detached":false,"_editorskit_block_options_position":"{}","inline_featured_image":false,"_uag_custom_page_level_css":"","footnotes":""},"categories":[],"tags":[],"class_list":["post-35099","page","type-page","status-publish","has-post-thumbnail","hentry"],"acf":[],"uagb_featured_image_src":{"full":["https:\/\/www.v-label.com\/wp-content\/uploads\/2022\/12\/v-label-resources.jpg",1280,853,false],"thumbnail":["https:\/\/www.v-label.com\/wp-content\/uploads\/2022\/12\/v-label-resources-500x333.jpg",500,333,true],"medium":["https:\/\/www.v-label.com\/wp-content\/uploads\/2022\/12\/v-label-resources-300x200.jpg",300,200,true],"medium_large":["https:\/\/www.v-label.com\/wp-content\/uploads\/2022\/12\/v-label-resources-768x512.jpg",768,512,true],"large":["https:\/\/www.v-label.com\/wp-content\/uploads\/2022\/12\/v-label-resources-1024x682.jpg",1024,682,true],"1536x1536":["https:\/\/www.v-label.com\/wp-content\/uploads\/2022\/12\/v-label-resources.jpg",1280,853,false],"2048x2048":["https:\/\/www.v-label.com\/wp-content\/uploads\/2022\/12\/v-label-resources.jpg",1280,853,false],"preview":["https:\/\/www.v-label.com\/wp-content\/uploads\/2022\/12\/v-label-resources-904x720.jpg",904,720,true],"header":["https:\/\/www.v-label.com\/wp-content\/uploads\/2022\/12\/v-label-resources-1280x720.jpg",1280,720,true],"gform-image-choice-sm":["https:\/\/www.v-label.com\/wp-content\/uploads\/2022\/12\/v-label-resources.jpg",300,200,false],"gform-image-choice-md":["https:\/\/www.v-label.com\/wp-content\/uploads\/2022\/12\/v-label-resources.jpg",400,267,false],"gform-image-choice-lg":["https:\/\/www.v-label.com\/wp-content\/uploads\/2022\/12\/v-label-resources.jpg",600,400,false]},"uagb_author_info":{"display_name":"Can Aslan","author_link":"https:\/\/www.v-label.com\/hr"},"uagb_comment_info":0,"uagb_excerpt":"Besplatni izvori za poslovne i potro\u0161a\u010dke uvide V-Label Zalogaji, istra\u017eivanje o potro\u0161a\u010dima, B2B \u010dlanci, i jo\u0161 mnogo toga \u0161to \u0107e vam pomo\u0107i u rastu.","_links":{"self":[{"href":"https:\/\/www.v-label.com\/hr\/wp-json\/wp\/v2\/pages\/35099","targetHints":{"allow":["GET"]}}],"collection":[{"href":"https:\/\/www.v-label.com\/hr\/wp-json\/wp\/v2\/pages"}],"about":[{"href":"https:\/\/www.v-label.com\/hr\/wp-json\/wp\/v2\/types\/page"}],"author":[{"embeddable":true,"href":"https:\/\/www.v-label.com\/hr\/wp-json\/wp\/v2\/users\/5"}],"replies":[{"embeddable":true,"href":"https:\/\/www.v-label.com\/hr\/wp-json\/wp\/v2\/comments?post=35099"}],"version-history":[{"count":8,"href":"https:\/\/www.v-label.com\/hr\/wp-json\/wp\/v2\/pages\/35099\/revisions"}],"predecessor-version":[{"id":86205,"href":"https:\/\/www.v-label.com\/hr\/wp-json\/wp\/v2\/pages\/35099\/revisions\/86205"}],"wp:featuredmedia":[{"embeddable":true,"href":"https:\/\/www.v-label.com\/hr\/wp-json\/wp\/v2\/media\/17508"}],"wp:attachment":[{"href":"https:\/\/www.v-label.com\/hr\/wp-json\/wp\/v2\/media?parent=35099"}],"wp:term":[{"taxonomy":"category","embeddable":true,"href":"https:\/\/www.v-label.com\/hr\/wp-json\/wp\/v2\/categories?post=35099"},{"taxonomy":"post_tag","embeddable":true,"href":"https:\/\/www.v-label.com\/hr\/wp-json\/wp\/v2\/tags?post=35099"}],"curies":[{"name":"wp","href":"https:\/\/api.w.org\/{rel}","templated":true}]}}