{"id":7823,"date":"2022-05-25T18:05:39","date_gmt":"2022-05-25T16:05:39","guid":{"rendered":"https:\/\/www.v-label.com\/vodeci-svjetski-veganski-i-vegetarijanski-zastitni-znak\/"},"modified":"2024-10-11T09:22:37","modified_gmt":"2024-10-11T07:22:37","slug":"worlds-leading-vegan-vegetarian-trademark","status":"publish","type":"page","link":"https:\/\/www.v-label.com\/hr\/","title":{"rendered":"Home Page"},"content":{"rendered":"\n<div style=\"height:1px\" aria-hidden=\"true\" class=\"wp-block-spacer\"><\/div>\n\n\n\n<h2 class=\"wp-block-heading has-text-align-center has-large-font-size\" style=\"font-style:normal;font-weight:700;text-transform:uppercase\"><strong>VODE\u0106I SVJETSKI VEGANSKI I VEGETARIJANSKI ZA\u0160TITNI ZNAK <\/strong><\/h2>\n\n\n\n<div class=\"wp-block-media-text alignwide has-media-on-the-right is-stacked-on-mobile is-vertically-aligned-top is-image-fill\"><div class=\"wp-block-media-text__content\">\n<div style=\"height:10px\" aria-hidden=\"true\" class=\"wp-block-spacer\"><\/div>\n\n\n\n<p>Diljem svijeta, vi\u0161e od 70 000 proizvoda od preko 4800 tvrtki trenuta\u010dno nosi V-Label.<\/p>\n\n\n\n<p>V-Label je me\u0111unarodno priznati, registrirani znak za ozna\u010davanje veganskih i vegetarijanskih proizvoda i usluga, utemeljen u \u0160vicarskoj 1996. godine. V-Label je potro\u0161a\u010dima pouzdan orijentir za kupovinu.<\/p>\n\n\n\n<div class=\"wp-block-buttons is-layout-flex wp-block-buttons-is-layout-flex\">\n<div class=\"wp-block-button\"><a class=\"wp-block-button__link has-greendark-background-color has-background wp-element-button\" href=\"https:\/\/www.v-label.com\/hr\/get-certified\/\">Zatra\u017eite V-Label certifikat<\/a><\/div>\n<\/div>\n<\/div><figure class=\"wp-block-media-text__media\" style=\"background-image:url(https:\/\/www.v-label.com\/wp-content\/uploads\/2022\/12\/v-label-new-home-page-2-1024x732.jpg);background-position:50% 50%\"><img decoding=\"async\" width=\"1024\" height=\"732\" src=\"https:\/\/www.v-label.com\/wp-content\/uploads\/2022\/12\/v-label-new-home-page-2-1024x732.jpg\" alt=\"\" class=\"wp-image-40341 size-full\" srcset=\"https:\/\/www.v-label.com\/wp-content\/uploads\/2022\/12\/v-label-new-home-page-2-1024x732.jpg 1024w, https:\/\/www.v-label.com\/wp-content\/uploads\/2022\/12\/v-label-new-home-page-2-300x214.jpg 300w, https:\/\/www.v-label.com\/wp-content\/uploads\/2022\/12\/v-label-new-home-page-2-500x357.jpg 500w, https:\/\/www.v-label.com\/wp-content\/uploads\/2022\/12\/v-label-new-home-page-2-768x549.jpg 768w, https:\/\/www.v-label.com\/wp-content\/uploads\/2022\/12\/v-label-new-home-page-2-1536x1098.jpg 1536w, https:\/\/www.v-label.com\/wp-content\/uploads\/2022\/12\/v-label-new-home-page-2.jpg 1920w\" sizes=\"(max-width: 1024px) 100vw, 1024px\" \/><\/figure><\/div>\n\n\n\n<div style=\"height:70px\" aria-hidden=\"true\" class=\"wp-block-spacer\"><\/div>\n\n\n\n<div class=\"wp-block-media-text alignwide is-stacked-on-mobile is-image-fill\"><figure class=\"wp-block-media-text__media\" style=\"background-image:url(https:\/\/www.v-label.com\/wp-content\/uploads\/2022\/09\/home-producers-and-consumers-trust-1024x683.jpeg);background-position:50% 50%\"><img decoding=\"async\" width=\"1024\" height=\"683\" src=\"https:\/\/www.v-label.com\/wp-content\/uploads\/2022\/09\/home-producers-and-consumers-trust-1024x683.jpeg\" alt=\"\" class=\"wp-image-710 size-full\" srcset=\"https:\/\/www.v-label.com\/wp-content\/uploads\/2022\/09\/home-producers-and-consumers-trust-1024x683.jpeg 1024w, https:\/\/www.v-label.com\/wp-content\/uploads\/2022\/09\/home-producers-and-consumers-trust-300x200.jpeg 300w, https:\/\/www.v-label.com\/wp-content\/uploads\/2022\/09\/home-producers-and-consumers-trust-500x334.jpeg 500w, https:\/\/www.v-label.com\/wp-content\/uploads\/2022\/09\/home-producers-and-consumers-trust-768x512.jpeg 768w, https:\/\/www.v-label.com\/wp-content\/uploads\/2022\/09\/home-producers-and-consumers-trust-1536x1025.jpeg 1536w, https:\/\/www.v-label.com\/wp-content\/uploads\/2022\/09\/home-producers-and-consumers-trust.jpeg 1920w\" sizes=\"(max-width: 1024px) 100vw, 1024px\" \/><\/figure><div class=\"wp-block-media-text__content\">\n<h2 class=\"wp-block-heading has-text-align-left\"><strong>Proizvo\u0111a\u010di i potro\u0161a\u010di vjeruju oznaci V-Label<\/strong><\/h2>\n\n\n\n<p class=\"has-text-align-left\">S vi\u0161e od 25 godina iskustva u certificiranju proizvoda i anga\u017eiranju stru\u010dnjaka iz podru\u010dja upravljanja kvalitetom, prehrambene tehnologije, kemije, kozmetologije i marketinga, predvodnici smo globalnog pokreta. Kao takvi, sura\u0111ujemo s tvrtkama, trgovcima, potro\u0161a\u010dima i promotorima.<\/p>\n\n\n\n<div class=\"wp-block-buttons is-content-justification-left is-layout-flex wp-container-core-buttons-is-layout-fdcfc74e wp-block-buttons-is-layout-flex\">\n<div class=\"wp-block-button is-style-default\"><a class=\"wp-block-button__link has-greendark-background-color has-background wp-element-button\" href=\"https:\/\/www.v-label.com\/hr\/about-us\/\">Saznajte vi\u0161e o oznaci V-Label<\/a><\/div>\n<\/div>\n<\/div><\/div>\n\n\n\n<div style=\"height:70px\" aria-hidden=\"true\" class=\"wp-block-spacer\"><\/div>\n\n\n\n<div class=\"wp-block-media-text alignwide has-media-on-the-right is-stacked-on-mobile is-image-fill\"><div class=\"wp-block-media-text__content\">\n<div style=\"height:30px\" aria-hidden=\"true\" class=\"wp-block-spacer\"><\/div>\n\n\n\n<h2 class=\"wp-block-heading has-text-align-left\"><strong>Globalna zajednica, lokalna podr\u0161ka<\/strong><\/h2>\n\n\n\n<p class=\"has-text-align-left\">Imamo partnerske organizacije u vi\u0161e od 50 zemalja koje govore vi\u0161e od 30 jezika, \u0161to nas \u010dini jedinstveno pozicioniranima za pru\u017eanje podr\u0161ke va\u0161im proizvodima, kako na lokalnoj tako i na me\u0111unarodnoj razini.<\/p>\n\n\n\n<div class=\"wp-block-buttons is-content-justification-left is-layout-flex wp-container-core-buttons-is-layout-fdcfc74e wp-block-buttons-is-layout-flex\">\n<div class=\"wp-block-button is-style-default\"><a class=\"wp-block-button__link has-greendark-background-color has-background wp-element-button\" href=\"https:\/\/www.v-label.com\/hr\/info-for-producers\/benefits\/\">Otkrijte vi\u0161e pogodnosti<\/a><\/div>\n<\/div>\n\n\n\n<div style=\"height:30px\" aria-hidden=\"true\" class=\"wp-block-spacer\"><\/div>\n<\/div><figure class=\"wp-block-media-text__media\" style=\"background-image:url(https:\/\/www.v-label.com\/wp-content\/uploads\/2022\/12\/v-label-global-community-local-support.jpg);background-position:50% 50%\"><img decoding=\"async\" width=\"1280\" height=\"837\" src=\"https:\/\/www.v-label.com\/wp-content\/uploads\/2022\/12\/v-label-global-community-local-support.jpg\" alt=\"\" class=\"wp-image-16861 size-full\" srcset=\"https:\/\/www.v-label.com\/wp-content\/uploads\/2022\/12\/v-label-global-community-local-support.jpg 1280w, https:\/\/www.v-label.com\/wp-content\/uploads\/2022\/12\/v-label-global-community-local-support-300x196.jpg 300w, https:\/\/www.v-label.com\/wp-content\/uploads\/2022\/12\/v-label-global-community-local-support-1024x670.jpg 1024w, https:\/\/www.v-label.com\/wp-content\/uploads\/2022\/12\/v-label-global-community-local-support-500x327.jpg 500w, https:\/\/www.v-label.com\/wp-content\/uploads\/2022\/12\/v-label-global-community-local-support-768x502.jpg 768w\" sizes=\"(max-width: 1280px) 100vw, 1280px\" \/><\/figure><\/div>\n\n\n\n<h2 class=\"wp-block-heading has-text-align-center\"><strong>\u017delite se pridru\u017eiti?<\/strong><\/h2>\n\n\n\n<p class=\"has-text-align-center\">Jo\u0161 uvijek razmi\u0161ljate? Ako ste proizvo\u0111a\u010d, <strong><a href=\"https:\/\/www.v-label.com\/wp-content\/uploads\/2023\/01\/int-v-label-criteria-v0202-en-1.pdf\" data-type=\"URL\" data-id=\"https:\/\/www.v-label.com\/wp-content\/uploads\/2023\/01\/int-v-label-criteria-v0202-en-1.pdf\">detaljne kriterije i postupak certificiranja mo\u017eete prona\u0107i ovdje.<\/a><\/strong> Jeste li potro\u0161a\u010d? Pogledajte izbor vegetarijanskih i veganskih <strong><a href=\"https:\/\/www.v-label.com\/hr\/general-information\/certified-products\/\" data-type=\"URL\" data-id=\"https:\/\/www.v-label.com\/hr\/general-information\/certified-products\/\">proizvoda koje smo certificirali.<\/a><\/strong><\/p>\n","protected":false},"excerpt":{"rendered":"<p>Diljem svijeta, vi\u0161e od 70 000 proizvoda od preko 4800 vlasnika licence trenuta\u010dno nosi V-oznaku.<\/p>\n<p>V-oznaka je me\u0111unarodno priznati, registrirani simbol za ozna\u010davanje veganskih i vegetarijanskih proizvoda i usluga, utemeljen u \u0160vicarskoj 1996. godine. Ona je potro\u0161a\u010dima pouzdan orijentir za kupovinu.<\/p>\n","protected":false},"author":5,"featured_media":40403,"parent":0,"menu_order":0,"comment_status":"closed","ping_status":"closed","template":"","meta":{"_acf_changed":false,"_editorskit_title_hidden":false,"_editorskit_reading_time":0,"_editorskit_is_block_options_detached":false,"_editorskit_block_options_position":"{}","inline_featured_image":false,"_uag_custom_page_level_css":"","footnotes":""},"categories":[],"tags":[],"class_list":["post-7823","page","type-page","status-publish","has-post-thumbnail","hentry"],"acf":[],"uagb_featured_image_src":{"full":["https:\/\/www.v-label.com\/wp-content\/uploads\/2022\/12\/header-test.jpg",2000,1000,false],"thumbnail":["https:\/\/www.v-label.com\/wp-content\/uploads\/2022\/12\/header-test-500x250.jpg",500,250,true],"medium":["https:\/\/www.v-label.com\/wp-content\/uploads\/2022\/12\/header-test-300x150.jpg",300,150,true],"medium_large":["https:\/\/www.v-label.com\/wp-content\/uploads\/2022\/12\/header-test-768x384.jpg",768,384,true],"large":["https:\/\/www.v-label.com\/wp-content\/uploads\/2022\/12\/header-test-1024x512.jpg",1024,512,true],"1536x1536":["https:\/\/www.v-label.com\/wp-content\/uploads\/2022\/12\/header-test-1536x768.jpg",1536,768,true],"2048x2048":["https:\/\/www.v-label.com\/wp-content\/uploads\/2022\/12\/header-test.jpg",2000,1000,false],"preview":["https:\/\/www.v-label.com\/wp-content\/uploads\/2022\/12\/header-test-904x720.jpg",904,720,true],"header":["https:\/\/www.v-label.com\/wp-content\/uploads\/2022\/12\/header-test-2000x720.jpg",2000,720,true],"gform-image-choice-sm":["https:\/\/www.v-label.com\/wp-content\/uploads\/2022\/12\/header-test.jpg",300,150,false],"gform-image-choice-md":["https:\/\/www.v-label.com\/wp-content\/uploads\/2022\/12\/header-test.jpg",400,200,false],"gform-image-choice-lg":["https:\/\/www.v-label.com\/wp-content\/uploads\/2022\/12\/header-test.jpg",600,300,false]},"uagb_author_info":{"display_name":"Can Aslan","author_link":"https:\/\/www.v-label.com\/hr"},"uagb_comment_info":0,"uagb_excerpt":"Diljem svijeta, vi\u0161e od 70 000 proizvoda od preko 4800 vlasnika licence trenuta\u010dno nosi V-oznaku. V-oznaka je me\u0111unarodno priznati, registrirani simbol za ozna\u010davanje veganskih i vegetarijanskih proizvoda i usluga, utemeljen u \u0160vicarskoj 1996. godine. Ona je potro\u0161a\u010dima pouzdan orijentir za kupovinu.","_links":{"self":[{"href":"https:\/\/www.v-label.com\/hr\/wp-json\/wp\/v2\/pages\/7823","targetHints":{"allow":["GET"]}}],"collection":[{"href":"https:\/\/www.v-label.com\/hr\/wp-json\/wp\/v2\/pages"}],"about":[{"href":"https:\/\/www.v-label.com\/hr\/wp-json\/wp\/v2\/types\/page"}],"author":[{"embeddable":true,"href":"https:\/\/www.v-label.com\/hr\/wp-json\/wp\/v2\/users\/5"}],"replies":[{"embeddable":true,"href":"https:\/\/www.v-label.com\/hr\/wp-json\/wp\/v2\/comments?post=7823"}],"version-history":[{"count":15,"href":"https:\/\/www.v-label.com\/hr\/wp-json\/wp\/v2\/pages\/7823\/revisions"}],"predecessor-version":[{"id":86074,"href":"https:\/\/www.v-label.com\/hr\/wp-json\/wp\/v2\/pages\/7823\/revisions\/86074"}],"wp:featuredmedia":[{"embeddable":true,"href":"https:\/\/www.v-label.com\/hr\/wp-json\/wp\/v2\/media\/40403"}],"wp:attachment":[{"href":"https:\/\/www.v-label.com\/hr\/wp-json\/wp\/v2\/media?parent=7823"}],"wp:term":[{"taxonomy":"category","embeddable":true,"href":"https:\/\/www.v-label.com\/hr\/wp-json\/wp\/v2\/categories?post=7823"},{"taxonomy":"post_tag","embeddable":true,"href":"https:\/\/www.v-label.com\/hr\/wp-json\/wp\/v2\/tags?post=7823"}],"curies":[{"name":"wp","href":"https:\/\/api.w.org\/{rel}","templated":true}]}}