{"id":7889,"date":"2022-05-30T16:16:14","date_gmt":"2022-05-30T14:16:14","guid":{"rendered":"https:\/\/www.v-label.com\/info-for-producers\/"},"modified":"2024-10-10T11:47:00","modified_gmt":"2024-10-10T09:47:00","slug":"informacije-za-proizvodace","status":"publish","type":"page","link":"https:\/\/www.v-label.com\/hr\/informacije-za-proizvodace\/","title":{"rendered":"Informacije za proizvo\u0111a\u010de"},"content":{"rendered":"\n<p>Diljem svijeta, vi\u0161e od <strong>70 000 proizvoda<\/strong> iz preko <strong>4800 tvrtki<\/strong> trenuta\u010dno nosi V-Label, simbol kvalitete koji se dodjeljuje za veganske i vegetarijanske proizvode i usluge. Ova me\u0111unarodno priznata oznaka poma\u017ee kupcima diljem svijeta da na prvi pogled prepoznaju ponudu proizvoda na biljnoj osnovi.<\/p>\n\n\n\n<h3 class=\"wp-block-heading has-text-align-center has-greenlightultra-background-color has-background\">Ako ste proizvo\u0111a\u010d, evo za\u0161to biste trebali razmotriti dobivanje V-Label certifikata:<\/h3>\n\n\n\n<p><strong>Osvojite nova tr\u017ei\u0161ta. <\/strong>Budu\u0107i da se polovica stanovni\u0161tva u zemljama poput Njema\u010dke, \u0160panjolske i Poljske smatra fleksitarijancima, postoji raznolika i brzorastu\u0107a skupina kupaca koja potra\u017euje veganske i vegetarijanske proizvode iz raznih razloga, uklju\u010duju\u0107i zdravstvene i eti\u010dke motive.<\/p>\n\n\n\n<p><strong>Pove\u0107ajte svoju vidljivost.<\/strong> Istaknite svoje proizvode i olak\u0161ajte kupcima izbor tijekom kupovine uz vrlo sigurnu i prepoznatljivu oznaku.<\/p>\n\n\n\n<p><strong>Zaradite povjerenje. <\/strong>Nema potrebe za dodatnim rije\u010dima; V-Label sve govori za vas. Ugled oznake i prepoznatljivost kao profesionalnog, neovisnog simbola kvalitete i pionira industrije ono su \u0161to prodaje.<\/p>\n\n\n\n<div class=\"wp-block-buttons alignwide is-content-justification-center is-layout-flex wp-container-core-buttons-is-layout-16018d1d wp-block-buttons-is-layout-flex\">\n<div class=\"wp-block-button\"><a class=\"wp-block-button__link wp-element-button\" href=\"https:\/\/www.v-label.com\/hr\/for-business\/get-certified\/\" rel=\"noopener\">Zatra\u017eite certifikat<\/a><\/div>\n\n\n\n<div class=\"wp-block-button\"><a class=\"wp-block-button__link wp-element-button\" href=\"https:\/\/www.v-label.com\/hr\/for-business\/benefits\/\">Otkrijte vi\u0161e pogodnosti<\/a><\/div>\n<\/div>\n\n\n\n<div class=\"wp-block-columns are-vertically-aligned-center is-layout-flex wp-container-core-columns-is-layout-9d6595d7 wp-block-columns-is-layout-flex\">\n<div class=\"wp-block-column is-vertically-aligned-center is-layout-flow wp-block-column-is-layout-flow\">\n<figure class=\"wp-block-image size-full\"><img decoding=\"async\" width=\"720\" height=\"482\" src=\"https:\/\/www.v-label.com\/wp-content\/uploads\/2022\/09\/b2b-info-page-1.webp\" alt=\"\" class=\"wp-image-876\" srcset=\"https:\/\/www.v-label.com\/wp-content\/uploads\/2022\/09\/b2b-info-page-1.webp 720w, https:\/\/www.v-label.com\/wp-content\/uploads\/2022\/09\/b2b-info-page-1-300x201.webp 300w\" sizes=\"(max-width: 720px) 100vw, 720px\" \/><\/figure>\n<\/div>\n\n\n\n<div class=\"wp-block-column is-vertically-aligned-center is-layout-flow wp-block-column-is-layout-flow\">\n<figure class=\"wp-block-image size-full\"><img decoding=\"async\" width=\"720\" height=\"497\" src=\"https:\/\/www.v-label.com\/wp-content\/uploads\/2022\/09\/b2b-info-page-2.webp\" alt=\"\" class=\"wp-image-879\" srcset=\"https:\/\/www.v-label.com\/wp-content\/uploads\/2022\/09\/b2b-info-page-2.webp 720w, https:\/\/www.v-label.com\/wp-content\/uploads\/2022\/09\/b2b-info-page-2-300x207.webp 300w\" sizes=\"(max-width: 720px) 100vw, 720px\" \/><\/figure>\n<\/div>\n\n\n\n<div class=\"wp-block-column is-vertically-aligned-center is-layout-flow wp-block-column-is-layout-flow\">\n<figure class=\"wp-block-image size-full\"><img decoding=\"async\" width=\"720\" height=\"482\" src=\"https:\/\/www.v-label.com\/wp-content\/uploads\/2022\/09\/b2b-info-page-3.webp\" alt=\"\" class=\"wp-image-860\" srcset=\"https:\/\/www.v-label.com\/wp-content\/uploads\/2022\/09\/b2b-info-page-3.webp 720w, https:\/\/www.v-label.com\/wp-content\/uploads\/2022\/09\/b2b-info-page-3-300x201.webp 300w\" sizes=\"(max-width: 720px) 100vw, 720px\" \/><\/figure>\n<\/div>\n<\/div>\n\n\n\n<h3 class=\"wp-block-heading\"><strong>Zatra\u017eite certifikat<\/strong><\/h3>\n\n\n\n<p><strong>Jeste li spremni pove\u0107ati vidljivost svojih veganskih i vegetarijanskih proizvoda?<\/strong> Pomo\u0107u oznake V-Label kupci \u0107e na prvi pogled mo\u0107i prepoznati va\u0161e proizvode kao veganske ili vegetarijanske te ih kupovati bez oklijevanja i preispitivanja njihove veganske ili vegetarijanske kvalitete.<\/p>\n\n\n\n<p>S poslovnog stajali\u0161ta, partnerstvo s liderom industrije poput oznake V-Label pove\u0107ava va\u0161u pouzdanost i transparentnost u vegetarijanskom i veganskom ozna\u010davanju. Za va\u0161e kupce V-Label je jednostavan i pouzdan vodi\u010d koji \u0107e im pomo\u0107i da donesu dobre, odr\u017eive i dosljedne odluke tijekom kupnje.<\/p>\n\n\n\n<div class=\"wp-block-buttons alignwide is-content-justification-center is-layout-flex wp-container-core-buttons-is-layout-16018d1d wp-block-buttons-is-layout-flex\">\n<div class=\"wp-block-button\"><a class=\"wp-block-button__link wp-element-button\" href=\"https:\/\/www.v-label.com\/hr\/for-business\/get-certified\/\" rel=\"noopener\">Zatra\u017eite certifikat V-Label<\/a><\/div>\n<\/div>\n\n\n\n<h3 class=\"wp-block-heading\"><strong>Kriteriji i \u010desto postavljana pitanja<\/strong><\/h3>\n\n\n\n<p>Prona\u0111ite odgovore na pitanja koja biste mogli imati o oznaci V-Label.<\/p>\n\n\n\n<div class=\"wp-block-buttons alignwide is-content-justification-center is-layout-flex wp-container-core-buttons-is-layout-16018d1d wp-block-buttons-is-layout-flex\">\n<div class=\"wp-block-button\"><a class=\"wp-block-button__link wp-element-button\" href=\"https:\/\/www.v-label.com\/hr\/faqs\/\">Istra\u017eite \u010desto postavljana pitanja<\/a><\/div>\n<\/div>\n","protected":false},"excerpt":{"rendered":"<p>Diljem svijeta, vi\u0161e od 70 000 proizvoda iz preko 4800 tvrtki trenuta\u010dno nosi V-Label, simbol kvalitete koji se dodjeljuje za veganske i vegetarijanske proizvode i usluge. Ova me\u0111unarodno priznata oznaka poma\u017ee kupcima diljem svijeta da na prvi pogled prepoznaju ponudu proizvoda na biljnoj osnovi. Ako ste proizvo\u0111a\u010d, evo za\u0161to biste trebali razmotriti dobivanje V-Label certifikata: [&hellip;]<\/p>\n","protected":false},"author":5,"featured_media":39752,"parent":0,"menu_order":0,"comment_status":"closed","ping_status":"closed","template":"","meta":{"_acf_changed":false,"_editorskit_title_hidden":false,"_editorskit_reading_time":0,"_editorskit_is_block_options_detached":false,"_editorskit_block_options_position":"{}","inline_featured_image":false,"_uag_custom_page_level_css":"","footnotes":""},"categories":[],"tags":[],"class_list":["post-7889","page","type-page","status-publish","has-post-thumbnail","hentry"],"acf":[],"uagb_featured_image_src":{"full":["https:\/\/www.v-label.com\/wp-content\/uploads\/2022\/12\/v-label-info-for-producers.jpg",1280,870,false],"thumbnail":["https:\/\/www.v-label.com\/wp-content\/uploads\/2022\/12\/v-label-info-for-producers-500x340.jpg",500,340,true],"medium":["https:\/\/www.v-label.com\/wp-content\/uploads\/2022\/12\/v-label-info-for-producers-300x204.jpg",300,204,true],"medium_large":["https:\/\/www.v-label.com\/wp-content\/uploads\/2022\/12\/v-label-info-for-producers-768x522.jpg",768,522,true],"large":["https:\/\/www.v-label.com\/wp-content\/uploads\/2022\/12\/v-label-info-for-producers-1024x696.jpg",1024,696,true],"1536x1536":["https:\/\/www.v-label.com\/wp-content\/uploads\/2022\/12\/v-label-info-for-producers.jpg",1280,870,false],"2048x2048":["https:\/\/www.v-label.com\/wp-content\/uploads\/2022\/12\/v-label-info-for-producers.jpg",1280,870,false],"preview":["https:\/\/www.v-label.com\/wp-content\/uploads\/2022\/12\/v-label-info-for-producers-904x720.jpg",904,720,true],"header":["https:\/\/www.v-label.com\/wp-content\/uploads\/2022\/12\/v-label-info-for-producers-1280x720.jpg",1280,720,true],"gform-image-choice-sm":["https:\/\/www.v-label.com\/wp-content\/uploads\/2022\/12\/v-label-info-for-producers.jpg",300,204,false],"gform-image-choice-md":["https:\/\/www.v-label.com\/wp-content\/uploads\/2022\/12\/v-label-info-for-producers.jpg",400,272,false],"gform-image-choice-lg":["https:\/\/www.v-label.com\/wp-content\/uploads\/2022\/12\/v-label-info-for-producers.jpg",600,408,false]},"uagb_author_info":{"display_name":"Can Aslan","author_link":"https:\/\/www.v-label.com\/hr"},"uagb_comment_info":0,"uagb_excerpt":"Diljem svijeta, vi\u0161e od 70 000 proizvoda iz preko 4800 tvrtki trenuta\u010dno nosi V-Label, simbol kvalitete koji se dodjeljuje za veganske i vegetarijanske proizvode i usluge. Ova me\u0111unarodno priznata oznaka poma\u017ee kupcima diljem svijeta da na prvi pogled prepoznaju ponudu proizvoda na biljnoj osnovi. Ako ste proizvo\u0111a\u010d, evo za\u0161to biste trebali razmotriti dobivanje V-Label certifikata:&hellip;","_links":{"self":[{"href":"https:\/\/www.v-label.com\/hr\/wp-json\/wp\/v2\/pages\/7889","targetHints":{"allow":["GET"]}}],"collection":[{"href":"https:\/\/www.v-label.com\/hr\/wp-json\/wp\/v2\/pages"}],"about":[{"href":"https:\/\/www.v-label.com\/hr\/wp-json\/wp\/v2\/types\/page"}],"author":[{"embeddable":true,"href":"https:\/\/www.v-label.com\/hr\/wp-json\/wp\/v2\/users\/5"}],"replies":[{"embeddable":true,"href":"https:\/\/www.v-label.com\/hr\/wp-json\/wp\/v2\/comments?post=7889"}],"version-history":[{"count":6,"href":"https:\/\/www.v-label.com\/hr\/wp-json\/wp\/v2\/pages\/7889\/revisions"}],"predecessor-version":[{"id":86051,"href":"https:\/\/www.v-label.com\/hr\/wp-json\/wp\/v2\/pages\/7889\/revisions\/86051"}],"wp:featuredmedia":[{"embeddable":true,"href":"https:\/\/www.v-label.com\/hr\/wp-json\/wp\/v2\/media\/39752"}],"wp:attachment":[{"href":"https:\/\/www.v-label.com\/hr\/wp-json\/wp\/v2\/media?parent=7889"}],"wp:term":[{"taxonomy":"category","embeddable":true,"href":"https:\/\/www.v-label.com\/hr\/wp-json\/wp\/v2\/categories?post=7889"},{"taxonomy":"post_tag","embeddable":true,"href":"https:\/\/www.v-label.com\/hr\/wp-json\/wp\/v2\/tags?post=7889"}],"curies":[{"name":"wp","href":"https:\/\/api.w.org\/{rel}","templated":true}]}}