{"id":7946,"date":"2022-05-30T16:16:29","date_gmt":"2022-05-30T14:16:29","guid":{"rendered":"https:\/\/www.v-label.com\/info-for-producers\/benefits\/"},"modified":"2024-10-10T11:44:39","modified_gmt":"2024-10-10T09:44:39","slug":"pogodnosti","status":"publish","type":"page","link":"https:\/\/www.v-label.com\/hr\/informacije-za-proizvodace\/pogodnosti\/","title":{"rendered":"Pogodnosti"},"content":{"rendered":"\n<p>Kupci diljem svijeta sve se vi\u0161e odlu\u010duju za proizvode biljnog podrijetla iz razloga koji se\u017eu od zdravlja do netolerancije na hranu, prakti\u010dnosti, etike, u\u017eitka ili jednostavno zato \u0161to ih njihova djeca vole. Kako veganstvo postaje sve rasprostranjenije, vlade i organizacije po\u010dele su primje\u0107ivati tu promjenu. Postaje o\u010dito da ne\u0107e biti dostignuti ciljevi Pari\u0161kog klimatskog sporazuma, na koji su se obavezale gotovo sve vlade, ako se ne smanji konzumacija \u017eivotinja. Sve ovo poti\u010de proizvo\u0111a\u010de da osmisle inovativne i odr\u017eive alternative. Pozicionirajte se na ovom stalno rastu\u0107em tr\u017eitu danas i u nadolaze\u0107im godinama uz V-Label.<\/p>\n\n\n\n<div class=\"wp-block-media-text is-stacked-on-mobile is-vertically-aligned-center is-image-fill\"><figure class=\"wp-block-media-text__media\" style=\"background-image:url(https:\/\/www.v-label.com\/wp-content\/uploads\/2022\/12\/v-label-consumers-favorite.jpg);background-position:62% 53%\"><img decoding=\"async\" src=\"https:\/\/www.v-label.com\/wp-content\/uploads\/2022\/12\/v-label-consumers-favorite.jpg\" alt=\"\" class=\"wp-image-39649 size-full\"\/><\/figure><div class=\"wp-block-media-text__content\">\n<h3 class=\"wp-block-heading\"><strong><strong><strong><strong><strong><strong><strong>Miljenik potro\u0161a\u010da<\/strong><\/strong><\/strong><\/strong><\/strong><\/strong><\/strong><\/h3>\n\n\n\n<p>U Njema\u010dkoj, prema renomiranom izvje\u0161taju o istra\u017eivanju tr\u017ei\u0161ta G\u00fctesiegel Monitor 2020, V-Label je osmi najpoznatiji i tre\u0107i najpouzdaniji pe\u010dat kvalitete hrane. U Europskoj uniji V-Label je trenuta\u010dno najpoznatija oznaka vegetarijanskih i veganskih proizvoda. Oznaka V-Label certificirala je vi\u0161e od 70 000 proizvoda \u0161irom svijeta te ima \u0161iroku podr\u0161ku u veganskoj i vegetarijanskoj zajednici. Kroz lako razumljivu kategorizaciju proizvoda kao veganskih ili vegetarijanskih, V-Label je brz i pouzdan pokazatelj ljudima \u0161to to\u010dno kupuju.<\/p>\n<\/div><\/div>\n\n\n\n<div style=\"height:30px\" aria-hidden=\"true\" class=\"wp-block-spacer\"><\/div>\n\n\n\n<div class=\"wp-block-media-text is-stacked-on-mobile is-vertically-aligned-center is-image-fill\"><figure class=\"wp-block-media-text__media\" style=\"background-image:url(https:\/\/www.v-label.com\/wp-content\/uploads\/2022\/12\/v-label-global-recognition.jpg);background-position:50% 50%\"><img decoding=\"async\" width=\"1280\" height=\"959\" src=\"https:\/\/www.v-label.com\/wp-content\/uploads\/2022\/12\/v-label-global-recognition.jpg\" alt=\"\" class=\"wp-image-17595 size-full\" srcset=\"https:\/\/www.v-label.com\/wp-content\/uploads\/2022\/12\/v-label-global-recognition.jpg 1280w, https:\/\/www.v-label.com\/wp-content\/uploads\/2022\/12\/v-label-global-recognition-300x225.jpg 300w, https:\/\/www.v-label.com\/wp-content\/uploads\/2022\/12\/v-label-global-recognition-1024x767.jpg 1024w, https:\/\/www.v-label.com\/wp-content\/uploads\/2022\/12\/v-label-global-recognition-500x375.jpg 500w, https:\/\/www.v-label.com\/wp-content\/uploads\/2022\/12\/v-label-global-recognition-768x575.jpg 768w\" sizes=\"(max-width: 1280px) 100vw, 1280px\" \/><\/figure><div class=\"wp-block-media-text__content\">\n<h3 class=\"wp-block-heading\"><strong><strong><strong><strong><strong><strong><strong>Globalno priznata<\/strong><\/strong><\/strong><\/strong><\/strong><\/strong><\/strong><\/h3>\n\n\n\n<p>Utemeljena prije 25 godina u \u0160vicarskoj, oznaka V-Label je zavrijedila vode\u0107e mjesto u potvr\u0111ivanju kvalitete veganskih i vegetarijanskih proizvoda i usluga. Uz V-Label imate jedinstven certifikat koji je vrlo prepoznatljiv na svim tr\u017ei\u0161tima. Od Berlina do Buenos Airesa, oku svjesnog potro\u0161a\u010da te\u0161ko mo\u017ee promaknuti \u017euta boja koja se isti\u010de me\u0111u zelenim i zemljanim bojama, \u010desto kori\u0161tenim kod odr\u017eive ambala\u017ee.<\/p>\n<\/div><\/div>\n\n\n\n<div style=\"height:30px\" aria-hidden=\"true\" class=\"wp-block-spacer\"><\/div>\n\n\n\n<div class=\"wp-block-media-text is-stacked-on-mobile is-vertically-aligned-center is-image-fill\"><figure class=\"wp-block-media-text__media\" style=\"background-image:url(https:\/\/www.v-label.com\/wp-content\/uploads\/2022\/12\/v-label-business-partnerships.jpg);background-position:50% 50%\"><img decoding=\"async\" width=\"1280\" height=\"853\" src=\"https:\/\/www.v-label.com\/wp-content\/uploads\/2022\/12\/v-label-business-partnerships.jpg\" alt=\"\" class=\"wp-image-17615 size-full\" srcset=\"https:\/\/www.v-label.com\/wp-content\/uploads\/2022\/12\/v-label-business-partnerships.jpg 1280w, https:\/\/www.v-label.com\/wp-content\/uploads\/2022\/12\/v-label-business-partnerships-300x200.jpg 300w, https:\/\/www.v-label.com\/wp-content\/uploads\/2022\/12\/v-label-business-partnerships-1024x682.jpg 1024w, https:\/\/www.v-label.com\/wp-content\/uploads\/2022\/12\/v-label-business-partnerships-500x333.jpg 500w, https:\/\/www.v-label.com\/wp-content\/uploads\/2022\/12\/v-label-business-partnerships-768x512.jpg 768w\" sizes=\"(max-width: 1280px) 100vw, 1280px\" \/><\/figure><div class=\"wp-block-media-text__content\">\n<h3 class=\"wp-block-heading\"><strong><strong><strong><strong><strong><strong>Poslovno partnerstvo<\/strong><\/strong><\/strong><\/strong><\/strong><\/strong><\/h3>\n\n\n\n<p>Budu\u0107i da je jedini svjetski certifikat koji ima lokalne predstavnike u vi\u0161e od 50 zemalja (i slu\u017ebu za korisnike na vi\u0161e od 30 jezika), V-Label vas poziva na putovanje koje daleko nadma\u0161uje samo dobivanje certifikata. \u0160to bi za va\u0161u tvrtku zna\u010dilo da imate alate za izgradnju poslovanja poput uvida u tr\u017ei\u0161te, kvalitativne analize, savjetovanja o sastojcima i drugih smjernica? Lansirate li novi proizvod ili prvi put ulazite na vegansko tr\u017ei\u0161te? Rado \u0107emo vas uputiti na stru\u010dnjake (specijaliste za prehrambenu tehnologiju, zakon o hrani, upravljanje kvalitetom, kozmetologiju, marketing, biotehnologiju, nutricionizam, istra\u017eivanje tr\u017ei\u0161ta i potro\u0161a\u010da i vi\u0161e) te kontakte u veganskoj industriji i zajednici.<\/p>\n<\/div><\/div>\n\n\n\n<div style=\"height:30px\" aria-hidden=\"true\" class=\"wp-block-spacer\"><\/div>\n\n\n\n<div class=\"wp-block-media-text is-stacked-on-mobile is-vertically-aligned-center is-image-fill\"><figure class=\"wp-block-media-text__media\" style=\"background-image:url(https:\/\/www.v-label.com\/wp-content\/uploads\/2022\/12\/v-label-inclusive-approach.jpg);background-position:12% 52%\"><img decoding=\"async\" width=\"1280\" height=\"854\" src=\"https:\/\/www.v-label.com\/wp-content\/uploads\/2022\/12\/v-label-inclusive-approach.jpg\" alt=\"\" class=\"wp-image-17635 size-full\" srcset=\"https:\/\/www.v-label.com\/wp-content\/uploads\/2022\/12\/v-label-inclusive-approach.jpg 1280w, https:\/\/www.v-label.com\/wp-content\/uploads\/2022\/12\/v-label-inclusive-approach-300x200.jpg 300w, https:\/\/www.v-label.com\/wp-content\/uploads\/2022\/12\/v-label-inclusive-approach-1024x683.jpg 1024w, https:\/\/www.v-label.com\/wp-content\/uploads\/2022\/12\/v-label-inclusive-approach-500x334.jpg 500w, https:\/\/www.v-label.com\/wp-content\/uploads\/2022\/12\/v-label-inclusive-approach-768x512.jpg 768w\" sizes=\"(max-width: 1280px) 100vw, 1280px\" \/><\/figure><div class=\"wp-block-media-text__content\">\n<h3 class=\"wp-block-heading\"><strong><strong><strong><strong><strong><strong><strong>Inkluzivan pristup<\/strong><\/strong><\/strong><\/strong><\/strong><\/strong><\/strong><\/h3>\n\n\n\n<p>Pru\u017eaju\u0107i proizvo\u0111a\u010dima i veganske i vegetarijanske certifikate temeljene na detaljnim provjerama i upravljanju kvalitetom, oznaka V-Label namijenjena je svim tvrtkama \u2013 od novoosnovanih veganskih poduze\u0107a do me\u0111unarodnih tvrtki kao \u0161to su Unilever, Nestl\u00e9 ili Danone. Zajedno s poslovnom inteligencijom, ona \u010dini odr\u017eivu opciju za tvrtke koje nisu prete\u017eito orijentirane na biljne proizvode, ali \u017eele ponuditi proizvode rastu\u0107oj fleksitarijanskoj populaciji. Osim u prehrambenoj industriji, dostupna je i u industrijama poput mode, kozmetike, gastronomije, sredstava za \u010di\u0161\u0107enje i mnogih drugih.<\/p>\n<\/div><\/div>\n","protected":false},"excerpt":{"rendered":"<p>Kupci diljem svijeta sve se vi\u0161e odlu\u010duju za proizvode biljnog podrijetla iz razloga koji se\u017eu od zdravlja do netolerancije na hranu, prakti\u010dnosti, etike, u\u017eitka ili jednostavno zato \u0161to ih njihova djeca vole. Kako veganstvo postaje sve rasprostranjenije, vlade i organizacije po\u010dele su primje\u0107ivati tu promjenu. Postaje o\u010dito da ne\u0107e biti dostignuti ciljevi Pari\u0161kog klimatskog sporazuma, [&hellip;]<\/p>\n","protected":false},"author":5,"featured_media":17548,"parent":7889,"menu_order":0,"comment_status":"closed","ping_status":"closed","template":"","meta":{"_acf_changed":false,"_editorskit_title_hidden":false,"_editorskit_reading_time":0,"_editorskit_is_block_options_detached":false,"_editorskit_block_options_position":"{}","inline_featured_image":false,"_uag_custom_page_level_css":"","footnotes":""},"categories":[],"tags":[],"class_list":["post-7946","page","type-page","status-publish","has-post-thumbnail","hentry"],"acf":[],"uagb_featured_image_src":{"full":["https:\/\/www.v-label.com\/wp-content\/uploads\/2022\/12\/v-label-benefits.jpg",1280,878,false],"thumbnail":["https:\/\/www.v-label.com\/wp-content\/uploads\/2022\/12\/v-label-benefits-500x343.jpg",500,343,true],"medium":["https:\/\/www.v-label.com\/wp-content\/uploads\/2022\/12\/v-label-benefits-300x206.jpg",300,206,true],"medium_large":["https:\/\/www.v-label.com\/wp-content\/uploads\/2022\/12\/v-label-benefits-768x527.jpg",768,527,true],"large":["https:\/\/www.v-label.com\/wp-content\/uploads\/2022\/12\/v-label-benefits-1024x702.jpg",1024,702,true],"1536x1536":["https:\/\/www.v-label.com\/wp-content\/uploads\/2022\/12\/v-label-benefits.jpg",1280,878,false],"2048x2048":["https:\/\/www.v-label.com\/wp-content\/uploads\/2022\/12\/v-label-benefits.jpg",1280,878,false],"preview":["https:\/\/www.v-label.com\/wp-content\/uploads\/2022\/12\/v-label-benefits-904x720.jpg",904,720,true],"header":["https:\/\/www.v-label.com\/wp-content\/uploads\/2022\/12\/v-label-benefits-1280x720.jpg",1280,720,true],"gform-image-choice-sm":["https:\/\/www.v-label.com\/wp-content\/uploads\/2022\/12\/v-label-benefits.jpg",300,206,false],"gform-image-choice-md":["https:\/\/www.v-label.com\/wp-content\/uploads\/2022\/12\/v-label-benefits.jpg",400,274,false],"gform-image-choice-lg":["https:\/\/www.v-label.com\/wp-content\/uploads\/2022\/12\/v-label-benefits.jpg",600,412,false]},"uagb_author_info":{"display_name":"Can Aslan","author_link":"https:\/\/www.v-label.com\/hr"},"uagb_comment_info":0,"uagb_excerpt":"Kupci diljem svijeta sve se vi\u0161e odlu\u010duju za proizvode biljnog podrijetla iz razloga koji se\u017eu od zdravlja do netolerancije na hranu, prakti\u010dnosti, etike, u\u017eitka ili jednostavno zato \u0161to ih njihova djeca vole. Kako veganstvo postaje sve rasprostranjenije, vlade i organizacije po\u010dele su primje\u0107ivati tu promjenu. Postaje o\u010dito da ne\u0107e biti dostignuti ciljevi Pari\u0161kog klimatskog sporazuma,&hellip;","_links":{"self":[{"href":"https:\/\/www.v-label.com\/hr\/wp-json\/wp\/v2\/pages\/7946","targetHints":{"allow":["GET"]}}],"collection":[{"href":"https:\/\/www.v-label.com\/hr\/wp-json\/wp\/v2\/pages"}],"about":[{"href":"https:\/\/www.v-label.com\/hr\/wp-json\/wp\/v2\/types\/page"}],"author":[{"embeddable":true,"href":"https:\/\/www.v-label.com\/hr\/wp-json\/wp\/v2\/users\/5"}],"replies":[{"embeddable":true,"href":"https:\/\/www.v-label.com\/hr\/wp-json\/wp\/v2\/comments?post=7946"}],"version-history":[{"count":6,"href":"https:\/\/www.v-label.com\/hr\/wp-json\/wp\/v2\/pages\/7946\/revisions"}],"predecessor-version":[{"id":86049,"href":"https:\/\/www.v-label.com\/hr\/wp-json\/wp\/v2\/pages\/7946\/revisions\/86049"}],"up":[{"embeddable":true,"href":"https:\/\/www.v-label.com\/hr\/wp-json\/wp\/v2\/pages\/7889"}],"wp:featuredmedia":[{"embeddable":true,"href":"https:\/\/www.v-label.com\/hr\/wp-json\/wp\/v2\/media\/17548"}],"wp:attachment":[{"href":"https:\/\/www.v-label.com\/hr\/wp-json\/wp\/v2\/media?parent=7946"}],"wp:term":[{"taxonomy":"category","embeddable":true,"href":"https:\/\/www.v-label.com\/hr\/wp-json\/wp\/v2\/categories?post=7946"},{"taxonomy":"post_tag","embeddable":true,"href":"https:\/\/www.v-label.com\/hr\/wp-json\/wp\/v2\/tags?post=7946"}],"curies":[{"name":"wp","href":"https:\/\/api.w.org\/{rel}","templated":true}]}}