{"id":8010,"date":"2022-05-30T16:14:53","date_gmt":"2022-05-30T14:14:53","guid":{"rendered":"https:\/\/www.v-label.com\/branches\/"},"modified":"2024-10-15T11:34:29","modified_gmt":"2024-10-15T09:34:29","slug":"sektori","status":"publish","type":"page","link":"https:\/\/www.v-label.com\/hr\/sektori\/","title":{"rendered":"Op\u0107e informacije"},"content":{"rendered":"\n<p>Globalno tr\u017ei\u0161te sastojaka biljnog podrijetla bilje\u017eilo je rekordnu prodaju tijekom mnogo godina i <a href=\"https:\/\/univdatos.com\/report\/global-plant-based-foods-market-insights-insights-and-forecast-2019-2025\" target=\"_blank\" aria-label=\" (opens in a new tab)\" rel=\"noreferrer noopener\" class=\"ek-link\">o\u010dekuje se da \u0107e rasti <\/a> 8,94% godi\u0161nje tijekom razdoblja od 2019. do 2025. godine. Iako je u 2018. godini prihod procijenjen na 10,66 milijardi dolara, <a href=\"https:\/\/www.absolutemarketsinsights.com\/reports\/Global-Vegan-Food-Market-2019-2027-532\" target=\"_blank\" rel=\"noopener\">o\u010dekuje se da \u0107e do 2027. dose\u0107i 27,98 milijardi dolara.<\/a>  <\/p>\n\n<p>Globalno, potro\u0161a\u010di sve vi\u0161e tra\u017ee zdrave, eti\u010dne i isplative proizvode s malim utjecajem na okoli\u0161, <a href=\"https:\/\/www.researchandmarkets.com\/reports\/5141758\/plant-based-meat-market-global-outlook-and\" target=\"_blank\" rel=\"noopener\">\u0161to poti\u010de potra\u017enju<\/a> za veganskim i vegetarijanskim alternativama. Sve vi\u0161e i vi\u0161e tvrtki prepoznaje pogodnosti ispunjavanja rastu\u0107ih potreba tr\u017ei\u0161ta za nizom raznovrsnih i visokokvalitetnih proizvoda bez \u017eivotinjskih sastojaka.  <\/p>\n\n<p>Tako\u0111er, potro\u0161a\u010di sve vi\u0161e pozivaju na transparentnost u ozna\u010davanju. \u017dele mo\u0107i brzo i pouzdano prepoznati veganske i vegetarijanske proizvode. G\u00fctesiegel Monitor ocijenio je V-Label jednom od tri najpouzdanijih oznaka hrane u Njema\u010dkoj 2020. godine. Ozna\u010davanje koje provode neovisne organizacije daje potro\u0161a\u010dima ve\u0107u sigurnost nego oznake koje izra\u0111uju sami proizvo\u0111a\u010di \u2013 samo u Njema\u010dkoj 60% potro\u0161a\u010da vjeruje da ekolo\u0161ka ustanova vr\u0161i dosljednije inspekcije nego privatne robne marke.   <\/p>\n\r\n<ul id=\"pagelinks-block_844a3203f7d9e317c694f3c1bf76f05b\" class=\"wp-block-pagelinks alignwide\">\r\n\t\t\t\t\t\t<li>\r\n\t\t\t\t<article>\r\n\t\t\t\t\t\t\t\t\t\t\t<a href=\"https:\/\/www.v-label.com\/hr\/sektori\/kozmetika\/\" class=\"post_thumbnail\">\r\n\t\t\t\t\t\t\t<img decoding=\"async\" width=\"904\" height=\"720\" src=\"https:\/\/www.v-label.com\/wp-content\/uploads\/2022\/12\/cosmetics-1280-904x720.jpg\" class=\"attachment-preview size-preview wp-post-image\" alt=\"\" \/>\t\t\t\t\t\t<\/a>\r\n\t\t\t\t\t\t\t\t\t\t<div class=\"inner\">\r\n\t\t\t\t\t\t<div class=\"inner_top\">\r\n\t\t\t\t\t\t\t<header>\r\n\t\t\t\t\t\t\t\t<h3>\r\n\t\t\t\t\t\t\t\t\t<a href=\"https:\/\/www.v-label.com\/hr\/sektori\/kozmetika\/\">Kozmetika i sredstva za \u010di\u0161\u0107enje<\/a>\r\n\t\t\t\t\t\t\t\t<\/h3>\r\n\t\t\t\t\t\t\t\t\t\t\t\t\t\t\t<\/header>\r\n\t\t\t\t\t\t\t\t\t\t\t\t\t\t\t<div class=\"excerpt\">\r\n\t\t\t\t\t\t\t\t\t<p>Prakti\u010dnost, preuzimanje odgovornosti za vlastito zdravlje i glasniji poziv na ljepotu bez okrutnosti. To su tri glavna razloga zbog kojih se predvi\u0111a da \u0107e globalno tr\u017ei\u0161te veganske kozmetike dose\u0107i 20,8 milijardi dolara do 2025. godine, rastu\u0107i stopom od 6,3%, prema \u201eIzvje\u0161\u0107u o analizi veli\u010dine, udjela i trendova veganske kozmetike\u201c iz 2018. godine. Europa ima glavni [&hellip;]<\/p>\r\n\t\t\t\t\t\t\t\t<\/div>\r\n\t\t\t\t\t\t\t\t\t\t\t\t\t<\/div>\r\n\t\t\t\t\t\t<a href=\"https:\/\/www.v-label.com\/hr\/sektori\/kozmetika\/\" class=\"read_more\">Read more<\/a>\r\n\t\t\t\t\t<\/div>\r\n\t\t\t\t<\/article>\r\n\t\t\t<\/li>\r\n\t\t\t\t\t<li>\r\n\t\t\t\t<article>\r\n\t\t\t\t\t\t\t\t\t\t\t<a href=\"https:\/\/www.v-label.com\/hr\/sektori\/hrana\/\" class=\"post_thumbnail\">\r\n\t\t\t\t\t\t\t<img decoding=\"async\" width=\"904\" height=\"720\" src=\"https:\/\/www.v-label.com\/wp-content\/uploads\/2022\/12\/v-label-food-sector-904x720.jpg\" class=\"attachment-preview size-preview wp-post-image\" alt=\"\" \/>\t\t\t\t\t\t<\/a>\r\n\t\t\t\t\t\t\t\t\t\t<div class=\"inner\">\r\n\t\t\t\t\t\t<div class=\"inner_top\">\r\n\t\t\t\t\t\t\t<header>\r\n\t\t\t\t\t\t\t\t<h3>\r\n\t\t\t\t\t\t\t\t\t<a href=\"https:\/\/www.v-label.com\/hr\/sektori\/hrana\/\">Hrana<\/a>\r\n\t\t\t\t\t\t\t\t<\/h3>\r\n\t\t\t\t\t\t\t\t\t\t\t\t\t\t\t<\/header>\r\n\t\t\t\t\t\t\t\t\t\t\t\t\t\t\t<div class=\"excerpt\">\r\n\t\t\t\t\t\t\t\t\t<p>Jeste li znali da se prema Euromonitor International, tr\u017ei\u0161te biljnih proizvoda samo u proteklom desetlje\u0107u u zapadnoj Europi udvostru\u010dilo, \u010dine\u0107i 38,5% ukupnog globalnog prihoda? Dok se o\u010dekuje da \u0107e globalno tr\u017ei\u0161te biljne hrane rasti po stopi od 8,94 %, samo tr\u017ei\u0161te proteina ubrzat \u0107e svoj rast za 18 % te dosegnuti prag od 28 milijarda [&hellip;]<\/p>\r\n\t\t\t\t\t\t\t\t<\/div>\r\n\t\t\t\t\t\t\t\t\t\t\t\t\t<\/div>\r\n\t\t\t\t\t\t<a href=\"https:\/\/www.v-label.com\/hr\/sektori\/hrana\/\" class=\"read_more\">Read more<\/a>\r\n\t\t\t\t\t<\/div>\r\n\t\t\t\t<\/article>\r\n\t\t\t<\/li>\r\n\t\t\t\t\t<li>\r\n\t\t\t\t<article>\r\n\t\t\t\t\t\t\t\t\t\t\t<a href=\"https:\/\/www.v-label.com\/hr\/sektori\/gastronomy\/\" class=\"post_thumbnail\">\r\n\t\t\t\t\t\t\t<img decoding=\"async\" width=\"904\" height=\"720\" src=\"https:\/\/www.v-label.com\/wp-content\/uploads\/2022\/12\/gastronomy-1280-904x720.jpg\" class=\"attachment-preview size-preview wp-post-image\" alt=\"\" \/>\t\t\t\t\t\t<\/a>\r\n\t\t\t\t\t\t\t\t\t\t<div class=\"inner\">\r\n\t\t\t\t\t\t<div class=\"inner_top\">\r\n\t\t\t\t\t\t\t<header>\r\n\t\t\t\t\t\t\t\t<h3>\r\n\t\t\t\t\t\t\t\t\t<a href=\"https:\/\/www.v-label.com\/hr\/sektori\/gastronomy\/\">Gastronomija<\/a>\r\n\t\t\t\t\t\t\t\t<\/h3>\r\n\t\t\t\t\t\t\t\t\t\t\t\t\t\t\t<\/header>\r\n\t\t\t\t\t\t\t\t\t\t\t\t\t\t\t<div class=\"excerpt\">\r\n\t\t\t\t\t\t\t\t\t<p>Od kafi\u0107a do vrhunskih restorana, bistroa i kioska, veli\u010dina ugostiteljske industrije gotovo je jednaka maloprodaji hrane. Tijekom posljednjeg desetlje\u0107a potro\u0161a\u010di mla\u0111i od 40 godina pove\u0107ali su unos svje\u017eeg povr\u0107a za 52 %, prema Globalnoj varijabilnosti u potro\u0161nji vo\u0107a i povr\u0107a, studiji napisanoj uz kori\u0161tenje podataka iz Svjetske zdravstvene ankete Svjetske zdravstvene organizacije. Samo u 2021. [&hellip;]<\/p>\r\n\t\t\t\t\t\t\t\t<\/div>\r\n\t\t\t\t\t\t\t\t\t\t\t\t\t<\/div>\r\n\t\t\t\t\t\t<a href=\"https:\/\/www.v-label.com\/hr\/sektori\/gastronomy\/\" class=\"read_more\">Read more<\/a>\r\n\t\t\t\t\t<\/div>\r\n\t\t\t\t<\/article>\r\n\t\t\t<\/li>\r\n\t\t\t\t\t<li>\r\n\t\t\t\t<article>\r\n\t\t\t\t\t\t\t\t\t\t\t<a href=\"https:\/\/www.v-label.com\/hr\/sektori\/neprehrambeni-proizvodi\/\" class=\"post_thumbnail\">\r\n\t\t\t\t\t\t\t<img decoding=\"async\" width=\"904\" height=\"692\" src=\"https:\/\/www.v-label.com\/wp-content\/uploads\/2022\/12\/v-label-non-food-sectors-904x692.jpg\" class=\"attachment-preview size-preview wp-post-image\" alt=\"\" \/>\t\t\t\t\t\t<\/a>\r\n\t\t\t\t\t\t\t\t\t\t<div class=\"inner\">\r\n\t\t\t\t\t\t<div class=\"inner_top\">\r\n\t\t\t\t\t\t\t<header>\r\n\t\t\t\t\t\t\t\t<h3>\r\n\t\t\t\t\t\t\t\t\t<a href=\"https:\/\/www.v-label.com\/hr\/sektori\/neprehrambeni-proizvodi\/\">Neprehrambeni proizvodi<\/a>\r\n\t\t\t\t\t\t\t\t<\/h3>\r\n\t\t\t\t\t\t\t\t\t\t\t\t\t\t\t<\/header>\r\n\t\t\t\t\t\t\t\t\t\t\t\t\t\t\t<div class=\"excerpt\">\r\n\t\t\t\t\t\t\t\t\t<p>Industrija u procvatu koja \u0107e bilje\u017eiti porast i u nadolaze\u0107im godinama, veganska i moda bez okrutnosti se ve\u0107 smatraju popularnom i luksuznom. Globalno tr\u017ei\u0161te veganske \u017eenske mode procijenjeno je na 396,3 milijardi dolara u 2019. godini, a o\u010dekuje se da \u0107e rasti po stopi od 13,6% do 2027. godine, prema Statista.com. Tr\u017ei\u0161te veganske ko\u017ee je [&hellip;]<\/p>\r\n\t\t\t\t\t\t\t\t<\/div>\r\n\t\t\t\t\t\t\t\t\t\t\t\t\t<\/div>\r\n\t\t\t\t\t\t<a href=\"https:\/\/www.v-label.com\/hr\/sektori\/neprehrambeni-proizvodi\/\" class=\"read_more\">Read more<\/a>\r\n\t\t\t\t\t<\/div>\r\n\t\t\t\t<\/article>\r\n\t\t\t<\/li>\r\n\t\t\t<\/ul>","protected":false},"excerpt":{"rendered":"<p>Globalno tr\u017ei\u0161te sastojaka biljnog podrijetla bilje\u017eilo je rekordnu prodaju tijekom mnogo godina i o\u010dekuje se da \u0107e rasti 8,94% godi\u0161nje tijekom razdoblja od 2019. do 2025. godine. Iako je u 2018. godini prihod procijenjen na 10,66 milijardi dolara, o\u010dekuje se da \u0107e do 2027. dose\u0107i 27,98 milijardi dolara. Globalno, potro\u0161a\u010di sve vi\u0161e tra\u017ee zdrave, eti\u010dne [&hellip;]<\/p>\n","protected":false},"author":5,"featured_media":16967,"parent":0,"menu_order":0,"comment_status":"closed","ping_status":"closed","template":"","meta":{"_acf_changed":false,"_editorskit_title_hidden":false,"_editorskit_reading_time":0,"_editorskit_is_block_options_detached":false,"_editorskit_block_options_position":"{}","inline_featured_image":false,"_uag_custom_page_level_css":"","footnotes":""},"categories":[],"tags":[],"class_list":["post-8010","page","type-page","status-publish","has-post-thumbnail","hentry"],"acf":[],"uagb_featured_image_src":{"full":["https:\/\/www.v-label.com\/wp-content\/uploads\/2022\/12\/v-label-general-info-sectors.jpg",1280,716,false],"thumbnail":["https:\/\/www.v-label.com\/wp-content\/uploads\/2022\/12\/v-label-general-info-sectors-500x280.jpg",500,280,true],"medium":["https:\/\/www.v-label.com\/wp-content\/uploads\/2022\/12\/v-label-general-info-sectors-300x168.jpg",300,168,true],"medium_large":["https:\/\/www.v-label.com\/wp-content\/uploads\/2022\/12\/v-label-general-info-sectors-768x430.jpg",768,430,true],"large":["https:\/\/www.v-label.com\/wp-content\/uploads\/2022\/12\/v-label-general-info-sectors-1024x573.jpg",1024,573,true],"1536x1536":["https:\/\/www.v-label.com\/wp-content\/uploads\/2022\/12\/v-label-general-info-sectors.jpg",1280,716,false],"2048x2048":["https:\/\/www.v-label.com\/wp-content\/uploads\/2022\/12\/v-label-general-info-sectors.jpg",1280,716,false],"preview":["https:\/\/www.v-label.com\/wp-content\/uploads\/2022\/12\/v-label-general-info-sectors-904x716.jpg",904,716,true],"header":["https:\/\/www.v-label.com\/wp-content\/uploads\/2022\/12\/v-label-general-info-sectors.jpg",1280,716,false],"gform-image-choice-sm":["https:\/\/www.v-label.com\/wp-content\/uploads\/2022\/12\/v-label-general-info-sectors.jpg",300,168,false],"gform-image-choice-md":["https:\/\/www.v-label.com\/wp-content\/uploads\/2022\/12\/v-label-general-info-sectors.jpg",400,224,false],"gform-image-choice-lg":["https:\/\/www.v-label.com\/wp-content\/uploads\/2022\/12\/v-label-general-info-sectors.jpg",600,336,false]},"uagb_author_info":{"display_name":"Can Aslan","author_link":"https:\/\/www.v-label.com\/hr"},"uagb_comment_info":0,"uagb_excerpt":"Globalno tr\u017ei\u0161te sastojaka biljnog podrijetla bilje\u017eilo je rekordnu prodaju tijekom mnogo godina i o\u010dekuje se da \u0107e rasti 8,94% godi\u0161nje tijekom razdoblja od 2019. do 2025. godine. Iako je u 2018. godini prihod procijenjen na 10,66 milijardi dolara, o\u010dekuje se da \u0107e do 2027. dose\u0107i 27,98 milijardi dolara. Globalno, potro\u0161a\u010di sve vi\u0161e tra\u017ee zdrave, eti\u010dne&hellip;","_links":{"self":[{"href":"https:\/\/www.v-label.com\/hr\/wp-json\/wp\/v2\/pages\/8010","targetHints":{"allow":["GET"]}}],"collection":[{"href":"https:\/\/www.v-label.com\/hr\/wp-json\/wp\/v2\/pages"}],"about":[{"href":"https:\/\/www.v-label.com\/hr\/wp-json\/wp\/v2\/types\/page"}],"author":[{"embeddable":true,"href":"https:\/\/www.v-label.com\/hr\/wp-json\/wp\/v2\/users\/5"}],"replies":[{"embeddable":true,"href":"https:\/\/www.v-label.com\/hr\/wp-json\/wp\/v2\/comments?post=8010"}],"version-history":[{"count":6,"href":"https:\/\/www.v-label.com\/hr\/wp-json\/wp\/v2\/pages\/8010\/revisions"}],"predecessor-version":[{"id":86110,"href":"https:\/\/www.v-label.com\/hr\/wp-json\/wp\/v2\/pages\/8010\/revisions\/86110"}],"wp:featuredmedia":[{"embeddable":true,"href":"https:\/\/www.v-label.com\/hr\/wp-json\/wp\/v2\/media\/16967"}],"wp:attachment":[{"href":"https:\/\/www.v-label.com\/hr\/wp-json\/wp\/v2\/media?parent=8010"}],"wp:term":[{"taxonomy":"category","embeddable":true,"href":"https:\/\/www.v-label.com\/hr\/wp-json\/wp\/v2\/categories?post=8010"},{"taxonomy":"post_tag","embeddable":true,"href":"https:\/\/www.v-label.com\/hr\/wp-json\/wp\/v2\/tags?post=8010"}],"curies":[{"name":"wp","href":"https:\/\/api.w.org\/{rel}","templated":true}]}}