{"id":8049,"date":"2022-05-30T16:15:29","date_gmt":"2022-05-30T14:15:29","guid":{"rendered":"https:\/\/www.v-label.com\/branches\/cosmetics\/"},"modified":"2025-11-20T10:20:07","modified_gmt":"2025-11-20T09:20:07","slug":"kozmetika","status":"publish","type":"page","link":"https:\/\/www.v-label.com\/hr\/sektori\/kozmetika\/","title":{"rendered":"Kozmetika i sredstva za \u010di\u0161\u0107enje"},"content":{"rendered":"\n<p>Prakti\u010dnost, preuzimanje odgovornosti za vlastito zdravlje i glasniji poziv na ljepotu bez okrutnosti. To su tri glavna razloga zbog kojih se predvi\u0111a da \u0107e globalno tr\u017ei\u0161te veganske kozmetike dose\u0107i 20,8 milijardi dolara do 2025. godine, rastu\u0107i stopom od 6,3%, prema \u201eIzvje\u0161\u0107u o analizi veli\u010dine, udjela i trendova veganske kozmetike\u201c iz 2018. godine.  <\/p>\n\n<p>Europa ima glavni udio na tr\u017ei\u0161tu i svjedo\u010di naglom porastu potra\u017enje za proizvodima koji nisu testirani na \u017eivotinjama. Od njege ko\u017ee preko dezodoransa do \u0161ampona, sve vi\u0161e potro\u0161a\u010da prilikom kupnje tra\u017ee klju\u010dne rije\u010di poput vegan. <\/p>\n\n<p>Budu\u0107i da je veganska kozmetika jo\u0161 uvijek novitet, potro\u0161a\u010di odli\u010dno zamje\u0107uju ozna\u010davanje kao i druga obilje\u017eja koji dokazuju da je njihov izbor veganski ili vegetarijanski. Jeste li znali da, prema podacima organizacije The Vegan Society, 19% ljudi provjerava jesu li njihovi kozmeti\u010dki proizvodi testirani na \u017eivotinjama? Neka ova zna\u010dajka va\u0161eg proizvoda bude vidljiva s oznakom V-Label i tako postanite njihov uobi\u010dajen izbor!   <\/p>\n\n<p>Nije samo osobna njega svjedok porastu veganskih i vegetarijanskih alternativa, ve\u0107 i ku\u0107anstvo! Neka se va\u0161i proizvodi za \u010di\u0161\u0107enje istaknu upadljivom V-Label oznakom. <\/p>\n\n<div class=\"wp-block-buttons is-content-justification-center is-layout-flex wp-container-core-buttons-is-layout-16018d1d wp-block-buttons-is-layout-flex\">\n<div class=\"wp-block-button\"><a class=\"wp-block-button__link wp-element-button\" href=\"https:\/\/www.v-label.com\/hr\/zatrazite-certifikat\/\">Zatra\u017eite V-Label certifikat<\/a><\/div>\n<\/div>\n","protected":false},"excerpt":{"rendered":"<p>Prakti\u010dnost, preuzimanje odgovornosti za vlastito zdravlje i glasniji poziv na ljepotu bez okrutnosti. To su tri glavna razloga zbog kojih se predvi\u0111a da \u0107e globalno tr\u017ei\u0161te veganske kozmetike dose\u0107i 20,8 milijardi dolara do 2025. godine, rastu\u0107i stopom od 6,3%, prema \u201eIzvje\u0161\u0107u o analizi veli\u010dine, udjela i trendova veganske kozmetike\u201c iz 2018. godine. Europa ima glavni [&hellip;]<\/p>\n","protected":false},"author":5,"featured_media":17273,"parent":8010,"menu_order":0,"comment_status":"closed","ping_status":"closed","template":"","meta":{"_acf_changed":false,"_editorskit_title_hidden":false,"_editorskit_reading_time":0,"_editorskit_is_block_options_detached":false,"_editorskit_block_options_position":"{}","inline_featured_image":false,"_uag_custom_page_level_css":"","footnotes":""},"categories":[],"tags":[],"class_list":["post-8049","page","type-page","status-publish","has-post-thumbnail","hentry"],"acf":[],"uagb_featured_image_src":{"full":["https:\/\/www.v-label.com\/wp-content\/uploads\/2022\/12\/cosmetics-1280.jpg",1280,868,false],"thumbnail":["https:\/\/www.v-label.com\/wp-content\/uploads\/2022\/12\/cosmetics-1280-500x339.jpg",500,339,true],"medium":["https:\/\/www.v-label.com\/wp-content\/uploads\/2022\/12\/cosmetics-1280-300x203.jpg",300,203,true],"medium_large":["https:\/\/www.v-label.com\/wp-content\/uploads\/2022\/12\/cosmetics-1280-768x521.jpg",768,521,true],"large":["https:\/\/www.v-label.com\/wp-content\/uploads\/2022\/12\/cosmetics-1280-1024x694.jpg",1024,694,true],"1536x1536":["https:\/\/www.v-label.com\/wp-content\/uploads\/2022\/12\/cosmetics-1280.jpg",1280,868,false],"2048x2048":["https:\/\/www.v-label.com\/wp-content\/uploads\/2022\/12\/cosmetics-1280.jpg",1280,868,false],"preview":["https:\/\/www.v-label.com\/wp-content\/uploads\/2022\/12\/cosmetics-1280-904x720.jpg",904,720,true],"header":["https:\/\/www.v-label.com\/wp-content\/uploads\/2022\/12\/cosmetics-1280-1280x720.jpg",1280,720,true],"gform-image-choice-sm":["https:\/\/www.v-label.com\/wp-content\/uploads\/2022\/12\/cosmetics-1280.jpg",300,203,false],"gform-image-choice-md":["https:\/\/www.v-label.com\/wp-content\/uploads\/2022\/12\/cosmetics-1280.jpg",400,271,false],"gform-image-choice-lg":["https:\/\/www.v-label.com\/wp-content\/uploads\/2022\/12\/cosmetics-1280.jpg",600,407,false]},"uagb_author_info":{"display_name":"Can Aslan","author_link":"https:\/\/www.v-label.com\/hr"},"uagb_comment_info":0,"uagb_excerpt":"Prakti\u010dnost, preuzimanje odgovornosti za vlastito zdravlje i glasniji poziv na ljepotu bez okrutnosti. To su tri glavna razloga zbog kojih se predvi\u0111a da \u0107e globalno tr\u017ei\u0161te veganske kozmetike dose\u0107i 20,8 milijardi dolara do 2025. godine, rastu\u0107i stopom od 6,3%, prema \u201eIzvje\u0161\u0107u o analizi veli\u010dine, udjela i trendova veganske kozmetike\u201c iz 2018. godine. Europa ima glavni&hellip;","_links":{"self":[{"href":"https:\/\/www.v-label.com\/hr\/wp-json\/wp\/v2\/pages\/8049","targetHints":{"allow":["GET"]}}],"collection":[{"href":"https:\/\/www.v-label.com\/hr\/wp-json\/wp\/v2\/pages"}],"about":[{"href":"https:\/\/www.v-label.com\/hr\/wp-json\/wp\/v2\/types\/page"}],"author":[{"embeddable":true,"href":"https:\/\/www.v-label.com\/hr\/wp-json\/wp\/v2\/users\/5"}],"replies":[{"embeddable":true,"href":"https:\/\/www.v-label.com\/hr\/wp-json\/wp\/v2\/comments?post=8049"}],"version-history":[{"count":10,"href":"https:\/\/www.v-label.com\/hr\/wp-json\/wp\/v2\/pages\/8049\/revisions"}],"predecessor-version":[{"id":98010,"href":"https:\/\/www.v-label.com\/hr\/wp-json\/wp\/v2\/pages\/8049\/revisions\/98010"}],"up":[{"embeddable":true,"href":"https:\/\/www.v-label.com\/hr\/wp-json\/wp\/v2\/pages\/8010"}],"wp:featuredmedia":[{"embeddable":true,"href":"https:\/\/www.v-label.com\/hr\/wp-json\/wp\/v2\/media\/17273"}],"wp:attachment":[{"href":"https:\/\/www.v-label.com\/hr\/wp-json\/wp\/v2\/media?parent=8049"}],"wp:term":[{"taxonomy":"category","embeddable":true,"href":"https:\/\/www.v-label.com\/hr\/wp-json\/wp\/v2\/categories?post=8049"},{"taxonomy":"post_tag","embeddable":true,"href":"https:\/\/www.v-label.com\/hr\/wp-json\/wp\/v2\/tags?post=8049"}],"curies":[{"name":"wp","href":"https:\/\/api.w.org\/{rel}","templated":true}]}}