{"id":8117,"date":"2022-05-30T16:15:42","date_gmt":"2022-05-30T14:15:42","guid":{"rendered":"https:\/\/www.v-label.com\/branches\/gastronomy\/"},"modified":"2024-10-25T08:55:09","modified_gmt":"2024-10-25T06:55:09","slug":"gastronomy","status":"publish","type":"page","link":"https:\/\/www.v-label.com\/hr\/sektori\/gastronomy\/","title":{"rendered":"Gastronomija"},"content":{"rendered":"\n<p>Od kafi\u0107a do vrhunskih restorana, bistroa i kioska, veli\u010dina ugostiteljske industrije gotovo je jednaka maloprodaji hrane. Tijekom posljednjeg desetlje\u0107a potro\u0161a\u010di mla\u0111i od 40 godina pove\u0107ali su unos svje\u017eeg povr\u0107a za 52 %, prema Globalnoj varijabilnosti u potro\u0161nji vo\u0107a i povr\u0107a, studiji napisanoj uz kori\u0161tenje podataka iz Svjetske zdravstvene ankete Svjetske zdravstvene organizacije. Samo u 2021. godini<strong> vi\u0161e od 500 000 ljudi pridru\u017eilo se mjesecu veganstva (<em>Veganuary<\/em>)<\/strong>, a pizza od cvjeta\u010de, vegeburgeri i \u0107ufte bez mesa danas se smatraju osnovom u njihovoj prehrani. Usto, ugostiteljstvo, globalna multibilijunska industrija, zabilje\u017eila je porast od 123 % za veganski specifi\u010dna radna mjesta samo u posljednjih 12 mjeseci, prema podacima organizacije The Vegan Society, \u0161to pokazuje da sve ve\u0107i broj tradicionalnih poduze\u0107a tra\u017ei specijalizirane vje\u0161tine i mijenja opcije na svojim jelovnicima.<\/p>\n\n\n\n<p>Ali ljudi ne jedu samo vegansko, ve\u0107 i putuju veganski. Vi\u0161e od 500 smje\u0161tajnih kapaciteta diljem svijeta ispunjava uvjete da bude <strong>\u201evege hotel\u201d<\/strong>. Eti\u010dni hotel mnogo je vi\u0161e od biljne sveobuhvatne ponude: hoteli, pansioni ili brodovi za krstarenje osmi\u0161ljavaju veganska iskustva od poda do krova, s namje\u0161tajem bez ko\u017ee, o\u010di\u0161\u0107enim isklju\u010divo proizvodima koji nisu testirani na \u017eivotinjama.<\/p>\n\n\n\n<div class=\"wp-block-buttons is-content-justification-center is-layout-flex wp-container-core-buttons-is-layout-16018d1d wp-block-buttons-is-layout-flex\">\n<div class=\"wp-block-button\"><a class=\"wp-block-button__link wp-element-button\" href=\"https:\/\/www.v-label.com\/hr\/zatrazite-certifikat\/\">Zatra\u017eite V-Label certifikat<\/a><\/div>\n<\/div>\n","protected":false},"excerpt":{"rendered":"<p>Od kafi\u0107a do vrhunskih restorana, bistroa i kioska, veli\u010dina ugostiteljske industrije gotovo je jednaka maloprodaji hrane. Tijekom posljednjeg desetlje\u0107a potro\u0161a\u010di mla\u0111i od 40 godina pove\u0107ali su unos svje\u017eeg povr\u0107a za 52 %, prema Globalnoj varijabilnosti u potro\u0161nji vo\u0107a i povr\u0107a, studiji napisanoj uz kori\u0161tenje podataka iz Svjetske zdravstvene ankete Svjetske zdravstvene organizacije. Samo u 2021. [&hellip;]<\/p>\n","protected":false},"author":5,"featured_media":17856,"parent":8010,"menu_order":0,"comment_status":"closed","ping_status":"closed","template":"","meta":{"_acf_changed":false,"_editorskit_title_hidden":false,"_editorskit_reading_time":0,"_editorskit_is_block_options_detached":false,"_editorskit_block_options_position":"{}","inline_featured_image":false,"_uag_custom_page_level_css":"","footnotes":""},"categories":[],"tags":[],"class_list":["post-8117","page","type-page","status-publish","has-post-thumbnail","hentry"],"acf":[],"uagb_featured_image_src":{"full":["https:\/\/www.v-label.com\/wp-content\/uploads\/2022\/12\/gastronomy-1280.jpg",1280,854,false],"thumbnail":["https:\/\/www.v-label.com\/wp-content\/uploads\/2022\/12\/gastronomy-1280-500x334.jpg",500,334,true],"medium":["https:\/\/www.v-label.com\/wp-content\/uploads\/2022\/12\/gastronomy-1280-300x200.jpg",300,200,true],"medium_large":["https:\/\/www.v-label.com\/wp-content\/uploads\/2022\/12\/gastronomy-1280-768x512.jpg",768,512,true],"large":["https:\/\/www.v-label.com\/wp-content\/uploads\/2022\/12\/gastronomy-1280-1024x683.jpg",1024,683,true],"1536x1536":["https:\/\/www.v-label.com\/wp-content\/uploads\/2022\/12\/gastronomy-1280.jpg",1280,854,false],"2048x2048":["https:\/\/www.v-label.com\/wp-content\/uploads\/2022\/12\/gastronomy-1280.jpg",1280,854,false],"preview":["https:\/\/www.v-label.com\/wp-content\/uploads\/2022\/12\/gastronomy-1280-904x720.jpg",904,720,true],"header":["https:\/\/www.v-label.com\/wp-content\/uploads\/2022\/12\/gastronomy-1280-1280x720.jpg",1280,720,true],"gform-image-choice-sm":["https:\/\/www.v-label.com\/wp-content\/uploads\/2022\/12\/gastronomy-1280.jpg",300,200,false],"gform-image-choice-md":["https:\/\/www.v-label.com\/wp-content\/uploads\/2022\/12\/gastronomy-1280.jpg",400,267,false],"gform-image-choice-lg":["https:\/\/www.v-label.com\/wp-content\/uploads\/2022\/12\/gastronomy-1280.jpg",600,400,false]},"uagb_author_info":{"display_name":"Can Aslan","author_link":"https:\/\/www.v-label.com\/hr"},"uagb_comment_info":0,"uagb_excerpt":"Od kafi\u0107a do vrhunskih restorana, bistroa i kioska, veli\u010dina ugostiteljske industrije gotovo je jednaka maloprodaji hrane. Tijekom posljednjeg desetlje\u0107a potro\u0161a\u010di mla\u0111i od 40 godina pove\u0107ali su unos svje\u017eeg povr\u0107a za 52 %, prema Globalnoj varijabilnosti u potro\u0161nji vo\u0107a i povr\u0107a, studiji napisanoj uz kori\u0161tenje podataka iz Svjetske zdravstvene ankete Svjetske zdravstvene organizacije. Samo u 2021.&hellip;","_links":{"self":[{"href":"https:\/\/www.v-label.com\/hr\/wp-json\/wp\/v2\/pages\/8117","targetHints":{"allow":["GET"]}}],"collection":[{"href":"https:\/\/www.v-label.com\/hr\/wp-json\/wp\/v2\/pages"}],"about":[{"href":"https:\/\/www.v-label.com\/hr\/wp-json\/wp\/v2\/types\/page"}],"author":[{"embeddable":true,"href":"https:\/\/www.v-label.com\/hr\/wp-json\/wp\/v2\/users\/5"}],"replies":[{"embeddable":true,"href":"https:\/\/www.v-label.com\/hr\/wp-json\/wp\/v2\/comments?post=8117"}],"version-history":[{"count":6,"href":"https:\/\/www.v-label.com\/hr\/wp-json\/wp\/v2\/pages\/8117\/revisions"}],"predecessor-version":[{"id":87067,"href":"https:\/\/www.v-label.com\/hr\/wp-json\/wp\/v2\/pages\/8117\/revisions\/87067"}],"up":[{"embeddable":true,"href":"https:\/\/www.v-label.com\/hr\/wp-json\/wp\/v2\/pages\/8010"}],"wp:featuredmedia":[{"embeddable":true,"href":"https:\/\/www.v-label.com\/hr\/wp-json\/wp\/v2\/media\/17856"}],"wp:attachment":[{"href":"https:\/\/www.v-label.com\/hr\/wp-json\/wp\/v2\/media?parent=8117"}],"wp:term":[{"taxonomy":"category","embeddable":true,"href":"https:\/\/www.v-label.com\/hr\/wp-json\/wp\/v2\/categories?post=8117"},{"taxonomy":"post_tag","embeddable":true,"href":"https:\/\/www.v-label.com\/hr\/wp-json\/wp\/v2\/tags?post=8117"}],"curies":[{"name":"wp","href":"https:\/\/api.w.org\/{rel}","templated":true}]}}