{"id":8151,"date":"2022-05-30T16:15:52","date_gmt":"2022-05-30T14:15:52","guid":{"rendered":"https:\/\/www.v-label.com\/branches\/non-food\/"},"modified":"2025-11-20T10:20:09","modified_gmt":"2025-11-20T09:20:09","slug":"neprehrambeni-proizvodi","status":"publish","type":"page","link":"https:\/\/www.v-label.com\/hr\/sektori\/neprehrambeni-proizvodi\/","title":{"rendered":"Neprehrambeni proizvodi"},"content":{"rendered":"\n<p>Industrija u procvatu koja \u0107e bilje\u017eiti porast i u nadolaze\u0107im godinama, veganska i moda bez okrutnosti se ve\u0107 smatraju popularnom i luksuznom. Globalno tr\u017ei\u0161te veganske \u017eenske mode procijenjeno je na 396,3 milijardi dolara u 2019. godini, a o\u010dekuje se da \u0107e rasti po stopi od 13,6% do 2027. godine, prema Statista.com. Tr\u017ei\u0161te veganske ko\u017ee je pokreta\u010dka snaga ove industrije, prete\u017eno zahvaljuju\u0107i tehnolo\u0161kom napretku koji usavr\u0161ava nove materijale i pove\u0107ava vijek trajanja veganske ko\u017ee. Umjesto ko\u017ee na bazi plastike, sve \u010de\u0161\u0107e vi\u0111amo odr\u017eivije, prirodne tkanine od razli\u010ditih izvora poput li\u0161\u0107a ananasa, fermentiranog kvasca, nusproizvoda vinske industrije i gljiva. Tako\u0111er se razvijaju alternative vuni i svili izra\u0111ene od celuloznih vlakana, kao i razni reciklirani materijali koji se prera\u0111uju u sve popularniju vegansku sportsku odje\u0107u.     <\/p>\n\n<p>Posljednje, ali ne i manje va\u017eno \u2013 ne radi se samo o odje\u0107i, torbicama i cipelama. Druge neprehrambene industrije su tako\u0111er potaknute da osmisle veganske proizvode bez okrutnosti (knjige, nakit ili svije\u0107e). Imati vegansku ili vegetarijansku oznaku smatra se dodatnom poslovnom predno\u0161\u0107u i pridonosi isticanju proizvoda. Tako\u0111er, poma\u017ee potro\u0161a\u010dima prona\u0107i sigurnu i odr\u017eivu odje\u0107u na stranicama e-trgovina ili u maloprodajnim trgovinama.   <\/p>\n\n<div class=\"wp-block-buttons is-content-justification-center is-layout-flex wp-container-core-buttons-is-layout-16018d1d wp-block-buttons-is-layout-flex\">\n<div class=\"wp-block-button\"><a class=\"wp-block-button__link wp-element-button\" href=\"https:\/\/www.v-label.com\/hr\/zatrazite-certifikat\/\">Zatra\u017eite V-Label certifikat<\/a><\/div>\n<\/div>\n","protected":false},"excerpt":{"rendered":"<p>Industrija u procvatu koja \u0107e bilje\u017eiti porast i u nadolaze\u0107im godinama, veganska i moda bez okrutnosti se ve\u0107 smatraju popularnom i luksuznom. Globalno tr\u017ei\u0161te veganske \u017eenske mode procijenjeno je na 396,3 milijardi dolara u 2019. godini, a o\u010dekuje se da \u0107e rasti po stopi od 13,6% do 2027. godine, prema Statista.com. Tr\u017ei\u0161te veganske ko\u017ee je [&hellip;]<\/p>\n","protected":false},"author":5,"featured_media":17110,"parent":8010,"menu_order":0,"comment_status":"closed","ping_status":"closed","template":"","meta":{"_acf_changed":false,"_editorskit_title_hidden":false,"_editorskit_reading_time":0,"_editorskit_is_block_options_detached":false,"_editorskit_block_options_position":"{}","inline_featured_image":false,"_uag_custom_page_level_css":"","footnotes":""},"categories":[],"tags":[],"class_list":["post-8151","page","type-page","status-publish","has-post-thumbnail","hentry"],"acf":[],"uagb_featured_image_src":{"full":["https:\/\/www.v-label.com\/wp-content\/uploads\/2022\/12\/v-label-non-food-sectors.jpg",1280,692,false],"thumbnail":["https:\/\/www.v-label.com\/wp-content\/uploads\/2022\/12\/v-label-non-food-sectors-500x270.jpg",500,270,true],"medium":["https:\/\/www.v-label.com\/wp-content\/uploads\/2022\/12\/v-label-non-food-sectors-300x162.jpg",300,162,true],"medium_large":["https:\/\/www.v-label.com\/wp-content\/uploads\/2022\/12\/v-label-non-food-sectors-768x415.jpg",768,415,true],"large":["https:\/\/www.v-label.com\/wp-content\/uploads\/2022\/12\/v-label-non-food-sectors-1024x554.jpg",1024,554,true],"1536x1536":["https:\/\/www.v-label.com\/wp-content\/uploads\/2022\/12\/v-label-non-food-sectors.jpg",1280,692,false],"2048x2048":["https:\/\/www.v-label.com\/wp-content\/uploads\/2022\/12\/v-label-non-food-sectors.jpg",1280,692,false],"preview":["https:\/\/www.v-label.com\/wp-content\/uploads\/2022\/12\/v-label-non-food-sectors-904x692.jpg",904,692,true],"header":["https:\/\/www.v-label.com\/wp-content\/uploads\/2022\/12\/v-label-non-food-sectors.jpg",1280,692,false],"gform-image-choice-sm":["https:\/\/www.v-label.com\/wp-content\/uploads\/2022\/12\/v-label-non-food-sectors.jpg",300,162,false],"gform-image-choice-md":["https:\/\/www.v-label.com\/wp-content\/uploads\/2022\/12\/v-label-non-food-sectors.jpg",400,216,false],"gform-image-choice-lg":["https:\/\/www.v-label.com\/wp-content\/uploads\/2022\/12\/v-label-non-food-sectors.jpg",600,324,false]},"uagb_author_info":{"display_name":"Can Aslan","author_link":"https:\/\/www.v-label.com\/hr"},"uagb_comment_info":0,"uagb_excerpt":"Industrija u procvatu koja \u0107e bilje\u017eiti porast i u nadolaze\u0107im godinama, veganska i moda bez okrutnosti se ve\u0107 smatraju popularnom i luksuznom. Globalno tr\u017ei\u0161te veganske \u017eenske mode procijenjeno je na 396,3 milijardi dolara u 2019. godini, a o\u010dekuje se da \u0107e rasti po stopi od 13,6% do 2027. godine, prema Statista.com. Tr\u017ei\u0161te veganske ko\u017ee je&hellip;","_links":{"self":[{"href":"https:\/\/www.v-label.com\/hr\/wp-json\/wp\/v2\/pages\/8151","targetHints":{"allow":["GET"]}}],"collection":[{"href":"https:\/\/www.v-label.com\/hr\/wp-json\/wp\/v2\/pages"}],"about":[{"href":"https:\/\/www.v-label.com\/hr\/wp-json\/wp\/v2\/types\/page"}],"author":[{"embeddable":true,"href":"https:\/\/www.v-label.com\/hr\/wp-json\/wp\/v2\/users\/5"}],"replies":[{"embeddable":true,"href":"https:\/\/www.v-label.com\/hr\/wp-json\/wp\/v2\/comments?post=8151"}],"version-history":[{"count":6,"href":"https:\/\/www.v-label.com\/hr\/wp-json\/wp\/v2\/pages\/8151\/revisions"}],"predecessor-version":[{"id":98009,"href":"https:\/\/www.v-label.com\/hr\/wp-json\/wp\/v2\/pages\/8151\/revisions\/98009"}],"up":[{"embeddable":true,"href":"https:\/\/www.v-label.com\/hr\/wp-json\/wp\/v2\/pages\/8010"}],"wp:featuredmedia":[{"embeddable":true,"href":"https:\/\/www.v-label.com\/hr\/wp-json\/wp\/v2\/media\/17110"}],"wp:attachment":[{"href":"https:\/\/www.v-label.com\/hr\/wp-json\/wp\/v2\/media?parent=8151"}],"wp:term":[{"taxonomy":"category","embeddable":true,"href":"https:\/\/www.v-label.com\/hr\/wp-json\/wp\/v2\/categories?post=8151"},{"taxonomy":"post_tag","embeddable":true,"href":"https:\/\/www.v-label.com\/hr\/wp-json\/wp\/v2\/tags?post=8151"}],"curies":[{"name":"wp","href":"https:\/\/api.w.org\/{rel}","templated":true}]}}