{"id":8421,"date":"2022-05-30T16:16:01","date_gmt":"2022-05-30T14:16:01","guid":{"rendered":"https:\/\/www.v-label.com\/general-information\/"},"modified":"2024-10-15T11:35:52","modified_gmt":"2024-10-15T09:35:52","slug":"opce-informacije","status":"publish","type":"page","link":"https:\/\/www.v-label.com\/hr\/opce-informacije\/","title":{"rendered":"Op\u0107e informacije"},"content":{"rendered":"\n<h2 class=\"has-text-align-center wp-block-heading\">Informacije za potro\u0161a\u010de<\/h2>\n\n<p>Jeste li vegan, vegetarijanac, fleksitarijanac, \u017eelite smanjiti unos hrane \u017eivotinjskog podrijetla ili ste samo znati\u017eeljni? Budu\u0107i da ste posjetili ovu stranicu, velika je vjerojatnost da \u017eelite pravedan, odr\u017eiv (i ukusan!) svijet. Mi smo uz vas, a na\u010din na koji pridonosimo takvoj budu\u0107nosti je da \u010dinimo veganske i vegetarijanske proizvode \u0161iroko rasprostranjenima i lako prepoznatljivima.  <\/p>\n\n<p><strong>V-Label, me\u0111unarodno prepoznata oznaka<\/strong> za vegetarijanske ili veganske proizvode koji su pro\u0161li temeljite provjere, va\u0161 je saveznik u biranju biljnih proizvoda, jednom po jednom informiranom kupnjom. <\/p>\n\n<p><strong>Jednostavan i lako razumljiv svakodnevni vodi\u010d<\/strong>, V-Label \u0161tedi vam vrijeme i spa\u0161ava od iscrpljenosti uslijed dono\u0161enja odluka. Potra\u017eite upadljivu \u017eutu oznaku prilikom sljede\u0107e kupnje: na prvi pogled znat \u0107ete koji su proizvodi odobreni, a time i sigurni za kupnju! <\/p>\n\n<p><strong>Pouzdan i vjerodostojan.<\/strong> Kada kupujete proizvod ili uslugu ozna\u010denu V-Label oznakom, mo\u017eete se osloniti na standardizirane kriterije za veganske i vegetarijanske proizvode koji se primjenjuju pravedno i internacionalno. Ne trebate brinuti o tvrtkama koje krivo ozna\u010duju proizvode na temelju vlastitih nasumi\u010dnih kriterija. Oznaka V-Label, utemeljena 1996. godine u \u0160vicarskoj, jedan je od lidera industrije.    <\/p>\n\n<div class=\"wp-block-buttons is-content-justification-center is-layout-flex wp-container-core-buttons-is-layout-16018d1d wp-block-buttons-is-layout-flex\">\n<div class=\"wp-block-button\"><a class=\"wp-block-button__link wp-element-button\" href=\"https:\/\/www.v-label.com\/hr\/general-information\/certified-products\/\">Certificirani proizvodi<\/a><\/div>\n\n\n\n<div class=\"wp-block-button\"><a class=\"wp-block-button__link wp-element-button\" href=\"https:\/\/www.v-label.com\/hr\/prijavite-zlouporabu\/\">Prijavite zlouporabu<\/a><\/div>\n<\/div>\n\n<h3 class=\"has-text-align-center wp-block-heading\"><strong>Za \u0161to se zala\u017eemo?<\/strong><\/h3>\n\n<p>Kada kupujete proizvod ili uslugu koju pru\u017ea V-Label, mo\u017eete biti sigurni da:<\/p>\n\n<ul class=\"wp-block-list\">\n<li><strong>Ni u jednoj fazi proizvodnje nisu kori\u0161teni sastojci \u017eivotinjskog podrijetla ako<\/strong> su ozna\u010deni kao <strong>veganski<\/strong>. Tako\u0111er, uzeti su u obzir aditivi i arome. <strong> <\/strong>Provjere se ne zaustavljaju na popisu sastojaka, ve\u0107 obuhva\u0107aju i tvari koje ne moraju biti nazna\u010dene, poput biotehnolo\u0161kih kultura i pomo\u0107nih sredstava za preradu. Stoga mo\u017eete biti sigurni da sok od jabuke ili vino nisu bili razbistreni \u017eelatinom, \u0161e\u0107er nije tretiran ko\u0161tanim bra\u0161nom, a kruh nije tretiran cisteinom dobivenim od svinjskih \u010dekinja. <\/li>\n\n\n\n<li>Samo su mlijeko, kolostrum, jaja koja nisu iz kaveznog uzgoja, med, p\u010delinji vosak, propolis i vunena mast i njihove prera\u0111evine dopu\u0161teni u proizvodnji ako proizvod ima <strong>vegetarijansku<\/strong> oznaku. <\/li>\n\n\n\n<li>Sve faze proizvodnje trebaju biti osmi\u0161ljene na na\u010din da se <strong>ne\u017eeljeni tragovi<\/strong> neveganskih ili nevegetarijanskih tvari u kona\u010dnom proizvodu svedu na najmanju mogu\u0107u mjeru. <\/li>\n\n\n\n<li><strong>Bilo koja vrsta ispitivanja na \u017eivotinjama<\/strong> ne smije se provoditi niti smije biti provedena za kona\u010dni proizvod, kao ni za pojedina\u010dne sastojke, pomo\u0107ne tvari i druge tvari koje se koriste za preradu ako su razvijene za kona\u010dni proizvod.<\/li>\n<\/ul>\n\n<p>Posljednje, ali svakako ne najmanje va\u017eno, <strong>prihod od certifikacijskih naknada<\/strong> uglavnom se koristi za financiranje raznih <strong>nevladinih udruga i projekata<\/strong> koji promoviraju veganstvo i prava \u017eivotinja.<\/p>\n\n<div class=\"wp-block-columns are-vertically-aligned-center is-layout-flex wp-container-core-columns-is-layout-9d6595d7 wp-block-columns-is-layout-flex\">\n<div class=\"wp-block-column is-vertically-aligned-center is-layout-flow wp-block-column-is-layout-flow\">\n<figure class=\"wp-block-image size-full\"><img decoding=\"async\" width=\"720\" height=\"497\" src=\"https:\/\/www.v-label.com\/wp-content\/uploads\/2022\/09\/b2b-info-page-2.webp\" alt=\"\" class=\"wp-image-879\" srcset=\"https:\/\/www.v-label.com\/wp-content\/uploads\/2022\/09\/b2b-info-page-2.webp 720w, https:\/\/www.v-label.com\/wp-content\/uploads\/2022\/09\/b2b-info-page-2-300x207.webp 300w\" sizes=\"(max-width: 720px) 100vw, 720px\" \/><\/figure><\/div>\n\n\n\n<div class=\"wp-block-column is-vertically-aligned-center is-layout-flow wp-block-column-is-layout-flow\">\n<figure class=\"wp-block-image size-full\"><img decoding=\"async\" width=\"720\" height=\"482\" src=\"https:\/\/www.v-label.com\/wp-content\/uploads\/2022\/09\/b2b-info-page-1.webp\" alt=\"\" class=\"wp-image-876\" srcset=\"https:\/\/www.v-label.com\/wp-content\/uploads\/2022\/09\/b2b-info-page-1.webp 720w, https:\/\/www.v-label.com\/wp-content\/uploads\/2022\/09\/b2b-info-page-1-300x201.webp 300w\" sizes=\"(max-width: 720px) 100vw, 720px\" \/><\/figure><\/div>\n\n\n\n<div class=\"wp-block-column is-vertically-aligned-center is-layout-flow wp-block-column-is-layout-flow\">\n<figure class=\"wp-block-image size-full\"><img decoding=\"async\" width=\"720\" height=\"482\" src=\"https:\/\/www.v-label.com\/wp-content\/uploads\/2022\/09\/b2b-info-page-3.webp\" alt=\"\" class=\"wp-image-860\" srcset=\"https:\/\/www.v-label.com\/wp-content\/uploads\/2022\/09\/b2b-info-page-3.webp 720w, https:\/\/www.v-label.com\/wp-content\/uploads\/2022\/09\/b2b-info-page-3-300x201.webp 300w\" sizes=\"(max-width: 720px) 100vw, 720px\" \/><\/figure><\/div>\n<\/div>\n","protected":false},"excerpt":{"rendered":"<p>Informacije za potro\u0161a\u010de Jeste li vegan, vegetarijanac, fleksitarijanac, \u017eelite smanjiti unos hrane \u017eivotinjskog podrijetla ili ste samo znati\u017eeljni? Budu\u0107i da ste posjetili ovu stranicu, velika je vjerojatnost da \u017eelite pravedan, odr\u017eiv (i ukusan!) svijet. Mi smo uz vas, a na\u010din na koji pridonosimo takvoj budu\u0107nosti je da \u010dinimo veganske i vegetarijanske proizvode \u0161iroko rasprostranjenima i [&hellip;]<\/p>\n","protected":false},"author":5,"featured_media":17172,"parent":0,"menu_order":0,"comment_status":"closed","ping_status":"closed","template":"","meta":{"_acf_changed":false,"_editorskit_title_hidden":false,"_editorskit_reading_time":0,"_editorskit_is_block_options_detached":false,"_editorskit_block_options_position":"{}","inline_featured_image":false,"_uag_custom_page_level_css":"","footnotes":""},"categories":[],"tags":[],"class_list":["post-8421","page","type-page","status-publish","has-post-thumbnail","hentry"],"acf":[],"uagb_featured_image_src":{"full":["https:\/\/www.v-label.com\/wp-content\/uploads\/2022\/12\/v-label-general-info-consumers.jpg",1280,738,false],"thumbnail":["https:\/\/www.v-label.com\/wp-content\/uploads\/2022\/12\/v-label-general-info-consumers-500x288.jpg",500,288,true],"medium":["https:\/\/www.v-label.com\/wp-content\/uploads\/2022\/12\/v-label-general-info-consumers-300x173.jpg",300,173,true],"medium_large":["https:\/\/www.v-label.com\/wp-content\/uploads\/2022\/12\/v-label-general-info-consumers-768x443.jpg",768,443,true],"large":["https:\/\/www.v-label.com\/wp-content\/uploads\/2022\/12\/v-label-general-info-consumers-1024x590.jpg",1024,590,true],"1536x1536":["https:\/\/www.v-label.com\/wp-content\/uploads\/2022\/12\/v-label-general-info-consumers.jpg",1280,738,false],"2048x2048":["https:\/\/www.v-label.com\/wp-content\/uploads\/2022\/12\/v-label-general-info-consumers.jpg",1280,738,false],"preview":["https:\/\/www.v-label.com\/wp-content\/uploads\/2022\/12\/v-label-general-info-consumers-904x720.jpg",904,720,true],"header":["https:\/\/www.v-label.com\/wp-content\/uploads\/2022\/12\/v-label-general-info-consumers-1280x720.jpg",1280,720,true],"gform-image-choice-sm":["https:\/\/www.v-label.com\/wp-content\/uploads\/2022\/12\/v-label-general-info-consumers.jpg",300,173,false],"gform-image-choice-md":["https:\/\/www.v-label.com\/wp-content\/uploads\/2022\/12\/v-label-general-info-consumers.jpg",400,231,false],"gform-image-choice-lg":["https:\/\/www.v-label.com\/wp-content\/uploads\/2022\/12\/v-label-general-info-consumers.jpg",600,346,false]},"uagb_author_info":{"display_name":"Can Aslan","author_link":"https:\/\/www.v-label.com\/hr"},"uagb_comment_info":0,"uagb_excerpt":"Informacije za potro\u0161a\u010de Jeste li vegan, vegetarijanac, fleksitarijanac, \u017eelite smanjiti unos hrane \u017eivotinjskog podrijetla ili ste samo znati\u017eeljni? Budu\u0107i da ste posjetili ovu stranicu, velika je vjerojatnost da \u017eelite pravedan, odr\u017eiv (i ukusan!) svijet. Mi smo uz vas, a na\u010din na koji pridonosimo takvoj budu\u0107nosti je da \u010dinimo veganske i vegetarijanske proizvode \u0161iroko rasprostranjenima i&hellip;","_links":{"self":[{"href":"https:\/\/www.v-label.com\/hr\/wp-json\/wp\/v2\/pages\/8421","targetHints":{"allow":["GET"]}}],"collection":[{"href":"https:\/\/www.v-label.com\/hr\/wp-json\/wp\/v2\/pages"}],"about":[{"href":"https:\/\/www.v-label.com\/hr\/wp-json\/wp\/v2\/types\/page"}],"author":[{"embeddable":true,"href":"https:\/\/www.v-label.com\/hr\/wp-json\/wp\/v2\/users\/5"}],"replies":[{"embeddable":true,"href":"https:\/\/www.v-label.com\/hr\/wp-json\/wp\/v2\/comments?post=8421"}],"version-history":[{"count":6,"href":"https:\/\/www.v-label.com\/hr\/wp-json\/wp\/v2\/pages\/8421\/revisions"}],"predecessor-version":[{"id":86122,"href":"https:\/\/www.v-label.com\/hr\/wp-json\/wp\/v2\/pages\/8421\/revisions\/86122"}],"wp:featuredmedia":[{"embeddable":true,"href":"https:\/\/www.v-label.com\/hr\/wp-json\/wp\/v2\/media\/17172"}],"wp:attachment":[{"href":"https:\/\/www.v-label.com\/hr\/wp-json\/wp\/v2\/media?parent=8421"}],"wp:term":[{"taxonomy":"category","embeddable":true,"href":"https:\/\/www.v-label.com\/hr\/wp-json\/wp\/v2\/categories?post=8421"},{"taxonomy":"post_tag","embeddable":true,"href":"https:\/\/www.v-label.com\/hr\/wp-json\/wp\/v2\/tags?post=8421"}],"curies":[{"name":"wp","href":"https:\/\/api.w.org\/{rel}","templated":true}]}}