{"id":8512,"date":"2022-09-09T10:47:40","date_gmt":"2022-09-09T08:47:40","guid":{"rendered":"https:\/\/www.v-label.com\/general-information\/certified-products\/"},"modified":"2024-10-25T08:53:55","modified_gmt":"2024-10-25T06:53:55","slug":"certificirani-proizvodi","status":"publish","type":"page","link":"https:\/\/www.v-label.com\/hr\/opce-informacije\/certificirani-proizvodi\/","title":{"rendered":"Certificirani Proizvodi"},"content":{"rendered":"\n<p>Kako je proizvodnja hrane odgovorna za \u010detvrtinu svjetskih emisija stakleni\u010dkih plinova, a sve je vi\u0161e ljudi zabrinuto zbog klimatskih promjena, nedavne studije pokazuju da biste se, ako \u017eelite smanjiti osobnu emisiju stakleni\u010dkih plinova, trebali usredoto\u010diti na ono \u0161to jedete, a ne je li va\u0161a hrana iz lokalnog uzgoja.<a href=\"https:\/\/ourworldindata.org\/food-choice-vs-eating-local#licence\" target=\"_blank\" rel=\"noopener\"><sup>1<\/sup><\/a><\/p>\n\n\n\n<p>Mo\u017eete, ali ne morate, biti 100% vegan da biste u\u017eivali u raznovrsnim biljnim opcijama. Veganska i vegetarijanska hrana je zdrava, zasitna, povoljna, jednostavna za pripremu i primamljiva. Osim \u0161to je eti\u010dna i odr\u017eiva, izraz je osobnog identiteta.   <\/p>\n\n\n\n<p>V-Label se trenuta\u010dno nalazi na vi\u0161e od 70 000 proizvoda. Pogledajte odli\u010dan izbor nekih od certificiranih proizvoda koji \u0107e vas inspirirati pri sljede\u0107oj kupnji.<\/p>\n\n\n\n<h3 class=\"wp-block-heading has-text-align-center\">Neka se va\u0161a kupnja ra\u010duna<\/h3>\n\n\n\n<div class=\"wp-block-group alignwide is-content-justification-center is-nowrap is-layout-flex wp-container-core-group-is-layout-499140ed wp-block-group-is-layout-flex\">\n<figure class=\"wp-block-image size-thumbnail is-resized\"><img decoding=\"async\" width=\"500\" height=\"500\" src=\"https:\/\/www.v-label.com\/wp-content\/uploads\/2022\/07\/logo-vlabel-favicon-500x500.png\" alt=\"\" class=\"wp-image-331\" style=\"width:50px;height:50px\" srcset=\"https:\/\/www.v-label.com\/wp-content\/uploads\/2022\/07\/logo-vlabel-favicon-500x500.png 500w, https:\/\/www.v-label.com\/wp-content\/uploads\/2022\/07\/logo-vlabel-favicon-300x300.png 300w, https:\/\/www.v-label.com\/wp-content\/uploads\/2022\/07\/logo-vlabel-favicon-768x768.png 768w, https:\/\/www.v-label.com\/wp-content\/uploads\/2022\/07\/logo-vlabel-favicon.png 852w\" sizes=\"(max-width: 500px) 100vw, 500px\" \/><\/figure>\n<\/div>\n\n\n\n<div class=\"wp-block-columns is-layout-flex wp-container-core-columns-is-layout-9d6595d7 wp-block-columns-is-layout-flex\">\n<div class=\"wp-block-column is-layout-flow wp-block-column-is-layout-flow\">\n<figure class=\"wp-block-image size-full\"><img decoding=\"async\" width=\"1280\" height=\"852\" src=\"https:\/\/www.v-label.com\/wp-content\/uploads\/2022\/12\/meat-alternatives-1280.jpg\" alt=\"\" class=\"wp-image-17391\" srcset=\"https:\/\/www.v-label.com\/wp-content\/uploads\/2022\/12\/meat-alternatives-1280.jpg 1280w, https:\/\/www.v-label.com\/wp-content\/uploads\/2022\/12\/meat-alternatives-1280-300x200.jpg 300w, https:\/\/www.v-label.com\/wp-content\/uploads\/2022\/12\/meat-alternatives-1280-1024x682.jpg 1024w, https:\/\/www.v-label.com\/wp-content\/uploads\/2022\/12\/meat-alternatives-1280-500x333.jpg 500w, https:\/\/www.v-label.com\/wp-content\/uploads\/2022\/12\/meat-alternatives-1280-768x511.jpg 768w\" sizes=\"(max-width: 1280px) 100vw, 1280px\" \/><\/figure>\n\n\n\n<h2 class=\"wp-block-heading\"><a href=\"https:\/\/www.v-label.com\/general-information\/certified-products\/meat-alternatives\/\" data-type=\"page\" data-id=\"1016\">Mesne alternative<\/a><\/h2>\n\n\n\n<p>Novine u razvoju sastojaka, \u0161iroka prepoznatljivost i neograni\u010dene mogu\u0107nosti rasta. Tri razloga za\u0161to alternative mesu ne samo da eksponencijalno rastu, nego i pribli\u017eavaju budu\u0107nost na\u010dina konzumacije hrane. Pregledajte i zadovoljite svoje nepce!   <\/p>\n\n\n\n<p><strong>Vrste proizvoda:<\/strong> burgeri, kobasice, mljeveno meso, komadi\u0107i, naresci<\/p>\n<\/div>\n\n\n\n<div class=\"wp-block-column is-layout-flow wp-block-column-is-layout-flow\">\n<figure class=\"wp-block-image size-full\"><img decoding=\"async\" width=\"1280\" height=\"853\" src=\"https:\/\/www.v-label.com\/wp-content\/uploads\/2022\/12\/milk-alternatives-1280.jpg\" alt=\"\" class=\"wp-image-17874\" srcset=\"https:\/\/www.v-label.com\/wp-content\/uploads\/2022\/12\/milk-alternatives-1280.jpg 1280w, https:\/\/www.v-label.com\/wp-content\/uploads\/2022\/12\/milk-alternatives-1280-300x200.jpg 300w, https:\/\/www.v-label.com\/wp-content\/uploads\/2022\/12\/milk-alternatives-1280-1024x682.jpg 1024w, https:\/\/www.v-label.com\/wp-content\/uploads\/2022\/12\/milk-alternatives-1280-500x333.jpg 500w, https:\/\/www.v-label.com\/wp-content\/uploads\/2022\/12\/milk-alternatives-1280-768x512.jpg 768w\" sizes=\"(max-width: 1280px) 100vw, 1280px\" \/><\/figure>\n\n\n\n<h2 class=\"wp-block-heading\"><a href=\"https:\/\/www.v-label.com\/general-information\/certified-products\/dairy-alternatives\/\" data-type=\"page\" data-id=\"1325\">Mlije\u010dne alternative<\/a><\/h2>\n\n\n\n<p>Prijelaz sa sojinog na zobeno, bademovo i kokosovo mlijeko bio je samo po\u010detak biljne mlije\u010dne revolucije. Odaberite \u0161to \u017eelite: jogurte u prakti\u010dnim formama, od gr\u010dkog do teku\u0107eg. Ukusni i ekolo\u0161ki prihvatljivi sladoledi, maslaci i namazi za doru\u010dak i povrh svega, sir!  <br><br><strong>Vrste proizvoda:<\/strong> mlijeka, jogurti, sladoledi, sir, maslac\/namazi<\/p>\n<\/div>\n\n\n\n<div class=\"wp-block-column is-layout-flow wp-block-column-is-layout-flow\">\n<figure class=\"wp-block-image size-full\"><img decoding=\"async\" width=\"1280\" height=\"852\" src=\"https:\/\/www.v-label.com\/wp-content\/uploads\/2022\/12\/ready-meals-1280.jpg\" alt=\"\" class=\"wp-image-17211\" srcset=\"https:\/\/www.v-label.com\/wp-content\/uploads\/2022\/12\/ready-meals-1280.jpg 1280w, https:\/\/www.v-label.com\/wp-content\/uploads\/2022\/12\/ready-meals-1280-300x200.jpg 300w, https:\/\/www.v-label.com\/wp-content\/uploads\/2022\/12\/ready-meals-1280-1024x682.jpg 1024w, https:\/\/www.v-label.com\/wp-content\/uploads\/2022\/12\/ready-meals-1280-500x333.jpg 500w, https:\/\/www.v-label.com\/wp-content\/uploads\/2022\/12\/ready-meals-1280-768x511.jpg 768w\" sizes=\"(max-width: 1280px) 100vw, 1280px\" \/><\/figure>\n\n\n\n<h2 class=\"wp-block-heading\"><a href=\"https:\/\/www.v-label.com\/general-information\/certified-products\/ready-made-meals\/\" data-type=\"page\" data-id=\"1327\">Gotova jela<\/a><\/h2>\n\n\n\n<p>Ru\u010dak s nogu vi\u0161e ne mora biti kompromis. Zdravo, ukusno i povrtno je moto ve\u0107ine velikih trgovaca koji pune odjeljke zamrznute hrane pizzama na biljnoj osnovi i nude \u0161iroku paletu jela \u2013 od gotovih juha od le\u0107e do \u010dilija bez mesa. <\/p>\n\n\n\n<p><strong>Vrste proizvoda:<\/strong> pizza, sendvi\u010di, wrapovi\/burritos<\/p>\n<\/div>\n<\/div>\n\n\n\n<div class=\"wp-block-columns is-layout-flex wp-container-core-columns-is-layout-9d6595d7 wp-block-columns-is-layout-flex\">\n<div class=\"wp-block-column is-layout-flow wp-block-column-is-layout-flow\">\n<figure class=\"wp-block-image size-full\"><img decoding=\"async\" width=\"1280\" height=\"853\" src=\"https:\/\/www.v-label.com\/wp-content\/uploads\/2022\/12\/sweets-1280.jpg\" alt=\"\" class=\"wp-image-17311\" srcset=\"https:\/\/www.v-label.com\/wp-content\/uploads\/2022\/12\/sweets-1280.jpg 1280w, https:\/\/www.v-label.com\/wp-content\/uploads\/2022\/12\/sweets-1280-300x200.jpg 300w, https:\/\/www.v-label.com\/wp-content\/uploads\/2022\/12\/sweets-1280-1024x682.jpg 1024w, https:\/\/www.v-label.com\/wp-content\/uploads\/2022\/12\/sweets-1280-500x333.jpg 500w, https:\/\/www.v-label.com\/wp-content\/uploads\/2022\/12\/sweets-1280-768x512.jpg 768w\" sizes=\"(max-width: 1280px) 100vw, 1280px\" \/><\/figure>\n\n\n\n<h2 class=\"wp-block-heading\"><a href=\"https:\/\/www.v-label.com\/general-information\/certified-products\/sweets\/\" data-type=\"page\" data-id=\"1329\">Slastice<\/a><\/h2>\n\n\n\n<p>Provjerite jesu li va\u0161e omiljene grickalice uistinu vegetarijanske ili veganske i napunite svoju smo\u010dnicu biljnom \u010dokoladom, keksima, \u010dipsom i plo\u010dicama! Ali \u010dekajte, ima toga jo\u0161: bacite pogled na tr\u017ei\u0161te pekarskih proizvoda, s veganskim kola\u010dima, kroasanima, \u010dak i hrenovkama u tijestu, ukusnima poput &#8220;originala&#8221;.  <\/p>\n\n\n\n<p><strong>Vrste proizvoda:<\/strong> \u010dokolade, slatki\u0161i, keksi\/biskviti, kola\u010d<\/p>\n<\/div>\n\n\n\n<div class=\"wp-block-column is-layout-flow wp-block-column-is-layout-flow\">\n<figure class=\"wp-block-image size-full\"><img decoding=\"async\" width=\"1280\" height=\"853\" src=\"https:\/\/www.v-label.com\/wp-content\/uploads\/2022\/12\/beverages-1280.jpg\" alt=\"\" class=\"wp-image-17291\" srcset=\"https:\/\/www.v-label.com\/wp-content\/uploads\/2022\/12\/beverages-1280.jpg 1280w, https:\/\/www.v-label.com\/wp-content\/uploads\/2022\/12\/beverages-1280-300x200.jpg 300w, https:\/\/www.v-label.com\/wp-content\/uploads\/2022\/12\/beverages-1280-1024x682.jpg 1024w, https:\/\/www.v-label.com\/wp-content\/uploads\/2022\/12\/beverages-1280-500x333.jpg 500w, https:\/\/www.v-label.com\/wp-content\/uploads\/2022\/12\/beverages-1280-768x512.jpg 768w\" sizes=\"(max-width: 1280px) 100vw, 1280px\" \/><\/figure>\n\n\n\n<h2 class=\"wp-block-heading\"><a href=\"https:\/\/www.v-label.com\/general-information\/certified-products\/beverages\/\" data-type=\"page\" data-id=\"1331\">Pi\u0107a<\/a><\/h2>\n\n\n\n<p>Pazite na skrivene \u017eivotinjske sastojke u va\u0161em omiljenom pi\u0107u! Doznajte u kojim sokovima nema neveganskog D3, koja vina nisu rafinirana ili filtrirana pomo\u0107u \u017eivotinjskih bjelan\u010devina, i provjerite je li va\u0161e gazirano pi\u0107e 100% biljno.  <\/p>\n\n\n\n<p><strong>Vrste proizvoda:<\/strong> sokovi, vina, energetska pi\u0107a (bezalkoholna pi\u0107a)<\/p>\n<\/div>\n\n\n\n<div class=\"wp-block-column is-layout-flow wp-block-column-is-layout-flow\">\n<figure class=\"wp-block-image size-full\"><img decoding=\"async\" width=\"1280\" height=\"868\" src=\"https:\/\/www.v-label.com\/wp-content\/uploads\/2022\/12\/cosmetics-1280.jpg\" alt=\"\" class=\"wp-image-17271\" srcset=\"https:\/\/www.v-label.com\/wp-content\/uploads\/2022\/12\/cosmetics-1280.jpg 1280w, https:\/\/www.v-label.com\/wp-content\/uploads\/2022\/12\/cosmetics-1280-300x203.jpg 300w, https:\/\/www.v-label.com\/wp-content\/uploads\/2022\/12\/cosmetics-1280-1024x694.jpg 1024w, https:\/\/www.v-label.com\/wp-content\/uploads\/2022\/12\/cosmetics-1280-500x339.jpg 500w, https:\/\/www.v-label.com\/wp-content\/uploads\/2022\/12\/cosmetics-1280-768x521.jpg 768w\" sizes=\"(max-width: 1280px) 100vw, 1280px\" \/><\/figure>\n\n\n\n<h2 class=\"wp-block-heading\"><a href=\"https:\/\/www.v-label.com\/general-information\/certified-products\/cosmetics\/\" data-type=\"page\" data-id=\"1333\">Kozmetika<\/a><\/h2>\n\n\n\n<p>Kreirajte svoju rutinu ljepote na\u0161im izborom veganskih proizvoda za njegu kose i ko\u017ee. Od hidratantnih krema do maskare, birajte izme\u0111u robnih marki koje koriste isklju\u010divo mineralne ili biljne sastojke.  <\/p>\n\n\n\n<p><strong>Vrste proizvoda:<\/strong> gelovi za tu\u0161iranje, \u0161amponi, sapuni, njega ko\u017ee, dekorativna kozmetika<\/p>\n<\/div>\n<\/div>\n","protected":false},"excerpt":{"rendered":"<p>Kako je proizvodnja hrane odgovorna za \u010detvrtinu svjetskih emisija stakleni\u010dkih plinova, a sve je vi\u0161e ljudi zabrinuto zbog klimatskih promjena, nedavne studije pokazuju da biste se, ako \u017eelite smanjiti osobnu emisiju stakleni\u010dkih plinova, trebali usredoto\u010diti na ono \u0161to jedete, a ne je li va\u0161a hrana iz lokalnog uzgoja.1 Mo\u017eete, ali ne morate, biti 100% vegan [&hellip;]<\/p>\n","protected":false},"author":5,"featured_media":17193,"parent":8421,"menu_order":0,"comment_status":"closed","ping_status":"closed","template":"","meta":{"_acf_changed":false,"_editorskit_title_hidden":false,"_editorskit_reading_time":0,"_editorskit_is_block_options_detached":false,"_editorskit_block_options_position":"{}","inline_featured_image":false,"_uag_custom_page_level_css":"","footnotes":""},"categories":[],"tags":[],"class_list":["post-8512","page","type-page","status-publish","has-post-thumbnail","hentry"],"acf":[],"uagb_featured_image_src":{"full":["https:\/\/www.v-label.com\/wp-content\/uploads\/2022\/12\/v-label-cert-products.jpg",2000,1339,false],"thumbnail":["https:\/\/www.v-label.com\/wp-content\/uploads\/2022\/12\/v-label-cert-products-500x335.jpg",500,335,true],"medium":["https:\/\/www.v-label.com\/wp-content\/uploads\/2022\/12\/v-label-cert-products-300x201.jpg",300,201,true],"medium_large":["https:\/\/www.v-label.com\/wp-content\/uploads\/2022\/12\/v-label-cert-products-768x514.jpg",768,514,true],"large":["https:\/\/www.v-label.com\/wp-content\/uploads\/2022\/12\/v-label-cert-products-1024x686.jpg",1024,686,true],"1536x1536":["https:\/\/www.v-label.com\/wp-content\/uploads\/2022\/12\/v-label-cert-products-1536x1028.jpg",1536,1028,true],"2048x2048":["https:\/\/www.v-label.com\/wp-content\/uploads\/2022\/12\/v-label-cert-products.jpg",2000,1339,false],"preview":["https:\/\/www.v-label.com\/wp-content\/uploads\/2022\/12\/v-label-cert-products-904x720.jpg",904,720,true],"header":["https:\/\/www.v-label.com\/wp-content\/uploads\/2022\/12\/v-label-cert-products-2000x720.jpg",2000,720,true],"gform-image-choice-sm":["https:\/\/www.v-label.com\/wp-content\/uploads\/2022\/12\/v-label-cert-products.jpg",300,201,false],"gform-image-choice-md":["https:\/\/www.v-label.com\/wp-content\/uploads\/2022\/12\/v-label-cert-products.jpg",400,268,false],"gform-image-choice-lg":["https:\/\/www.v-label.com\/wp-content\/uploads\/2022\/12\/v-label-cert-products.jpg",600,402,false]},"uagb_author_info":{"display_name":"Can Aslan","author_link":"https:\/\/www.v-label.com\/hr"},"uagb_comment_info":0,"uagb_excerpt":"Kako je proizvodnja hrane odgovorna za \u010detvrtinu svjetskih emisija stakleni\u010dkih plinova, a sve je vi\u0161e ljudi zabrinuto zbog klimatskih promjena, nedavne studije pokazuju da biste se, ako \u017eelite smanjiti osobnu emisiju stakleni\u010dkih plinova, trebali usredoto\u010diti na ono \u0161to jedete, a ne je li va\u0161a hrana iz lokalnog uzgoja.1 Mo\u017eete, ali ne morate, biti 100% vegan&hellip;","_links":{"self":[{"href":"https:\/\/www.v-label.com\/hr\/wp-json\/wp\/v2\/pages\/8512","targetHints":{"allow":["GET"]}}],"collection":[{"href":"https:\/\/www.v-label.com\/hr\/wp-json\/wp\/v2\/pages"}],"about":[{"href":"https:\/\/www.v-label.com\/hr\/wp-json\/wp\/v2\/types\/page"}],"author":[{"embeddable":true,"href":"https:\/\/www.v-label.com\/hr\/wp-json\/wp\/v2\/users\/5"}],"replies":[{"embeddable":true,"href":"https:\/\/www.v-label.com\/hr\/wp-json\/wp\/v2\/comments?post=8512"}],"version-history":[{"count":10,"href":"https:\/\/www.v-label.com\/hr\/wp-json\/wp\/v2\/pages\/8512\/revisions"}],"predecessor-version":[{"id":87065,"href":"https:\/\/www.v-label.com\/hr\/wp-json\/wp\/v2\/pages\/8512\/revisions\/87065"}],"up":[{"embeddable":true,"href":"https:\/\/www.v-label.com\/hr\/wp-json\/wp\/v2\/pages\/8421"}],"wp:featuredmedia":[{"embeddable":true,"href":"https:\/\/www.v-label.com\/hr\/wp-json\/wp\/v2\/media\/17193"}],"wp:attachment":[{"href":"https:\/\/www.v-label.com\/hr\/wp-json\/wp\/v2\/media?parent=8512"}],"wp:term":[{"taxonomy":"category","embeddable":true,"href":"https:\/\/www.v-label.com\/hr\/wp-json\/wp\/v2\/categories?post=8512"},{"taxonomy":"post_tag","embeddable":true,"href":"https:\/\/www.v-label.com\/hr\/wp-json\/wp\/v2\/tags?post=8512"}],"curies":[{"name":"wp","href":"https:\/\/api.w.org\/{rel}","templated":true}]}}