{"id":7855,"date":"2022-05-25T18:05:39","date_gmt":"2022-05-25T16:05:39","guid":{"rendered":"https:\/\/www.v-label.com\/worlds-leading-vegan-vegetarian-trademark\/"},"modified":"2024-07-09T15:20:34","modified_gmt":"2024-07-09T13:20:34","slug":"worlds-leading-vegan-vegetarian-trademark","status":"publish","type":"page","link":"https:\/\/www.v-label.com\/hu\/","title":{"rendered":"Home Page"},"content":{"rendered":"\n<div style=\"height:1px\" aria-hidden=\"true\" class=\"wp-block-spacer\"><\/div>\n\n\n\n<h2 class=\"wp-block-heading has-text-align-center has-large-font-size\" style=\"font-style:normal;font-weight:700;text-transform:uppercase\"><strong>A vil\u00e1g vezet\u0151 veg\u00e1n \u00e9s veget\u00e1ri\u00e1nus v\u00e9djegye<\/strong><\/h2>\n\n\n\n<div class=\"wp-block-media-text alignwide has-media-on-the-right is-stacked-on-mobile is-vertically-aligned-top is-image-fill\"><div class=\"wp-block-media-text__content\">\n<div style=\"height:10px\" aria-hidden=\"true\" class=\"wp-block-spacer\"><\/div>\n\n\n\n<p>Vil\u00e1gszerte ma m\u00e1r 4800-n\u00e1l t\u00f6bb enged\u00e9lybirtokos alkalmazza a V-v\u00e9djegyet t\u00f6bb mint 70 000 term\u00e9ken.<\/p>\n\n\n\n<p>A V-v\u00e9djegy egy nemzetk\u00f6zi szinten elismert, bejegyzett v\u00e9djegy a veg\u00e1n \u00e9s veget\u00e1ri\u00e1nus term\u00e9kek \u00e9s szolg\u00e1ltat\u00e1sok megjel\u00f6l\u00e9s\u00e9re, amelyet 1996-ban Sv\u00e1jcban alap\u00edtottak. Ez egy megb\u00edzhat\u00f3, ir\u00e1nyad\u00f3 v\u00e1s\u00e1rl\u00e1si \u00fatmutat\u00f3 a fogyaszt\u00f3k sz\u00e1m\u00e1ra.<\/p>\n\n\n\n<div class=\"wp-block-buttons is-layout-flex wp-block-buttons-is-layout-flex\">\n<div class=\"wp-block-button\"><a class=\"wp-block-button__link has-greendark-background-color has-background wp-element-button\" href=\"https:\/\/www.v-label.com\/hu\/get-certified\/\">Legyen \u00f6n is enged\u00e9lybirtokos!<\/a><\/div>\n<\/div>\n<\/div><figure class=\"wp-block-media-text__media\" style=\"background-image:url(https:\/\/www.v-label.com\/wp-content\/uploads\/2022\/12\/v-label-new-home-page-2-1024x732.jpg);background-position:50% 50%\"><img decoding=\"async\" width=\"1024\" height=\"732\" src=\"https:\/\/www.v-label.com\/wp-content\/uploads\/2022\/12\/v-label-new-home-page-2-1024x732.jpg\" alt=\"\" class=\"wp-image-40341 size-full\" srcset=\"https:\/\/www.v-label.com\/wp-content\/uploads\/2022\/12\/v-label-new-home-page-2-1024x732.jpg 1024w, https:\/\/www.v-label.com\/wp-content\/uploads\/2022\/12\/v-label-new-home-page-2-300x214.jpg 300w, https:\/\/www.v-label.com\/wp-content\/uploads\/2022\/12\/v-label-new-home-page-2-500x357.jpg 500w, https:\/\/www.v-label.com\/wp-content\/uploads\/2022\/12\/v-label-new-home-page-2-768x549.jpg 768w, https:\/\/www.v-label.com\/wp-content\/uploads\/2022\/12\/v-label-new-home-page-2-1536x1098.jpg 1536w, https:\/\/www.v-label.com\/wp-content\/uploads\/2022\/12\/v-label-new-home-page-2.jpg 1920w\" sizes=\"(max-width: 1024px) 100vw, 1024px\" \/><\/figure><\/div>\n\n\n\n<div style=\"height:70px\" aria-hidden=\"true\" class=\"wp-block-spacer\"><\/div>\n\n\n\n<div class=\"wp-block-media-text alignwide is-stacked-on-mobile is-image-fill\"><figure class=\"wp-block-media-text__media\" style=\"background-image:url(https:\/\/www.v-label.com\/wp-content\/uploads\/2022\/09\/home-producers-and-consumers-trust-1024x683.jpeg);background-position:50% 50%\"><img decoding=\"async\" width=\"1024\" height=\"683\" src=\"https:\/\/www.v-label.com\/wp-content\/uploads\/2022\/09\/home-producers-and-consumers-trust-1024x683.jpeg\" alt=\"\" class=\"wp-image-710 size-full\" srcset=\"https:\/\/www.v-label.com\/wp-content\/uploads\/2022\/09\/home-producers-and-consumers-trust-1024x683.jpeg 1024w, https:\/\/www.v-label.com\/wp-content\/uploads\/2022\/09\/home-producers-and-consumers-trust-300x200.jpeg 300w, https:\/\/www.v-label.com\/wp-content\/uploads\/2022\/09\/home-producers-and-consumers-trust-500x334.jpeg 500w, https:\/\/www.v-label.com\/wp-content\/uploads\/2022\/09\/home-producers-and-consumers-trust-768x512.jpeg 768w, https:\/\/www.v-label.com\/wp-content\/uploads\/2022\/09\/home-producers-and-consumers-trust-1536x1025.jpeg 1536w, https:\/\/www.v-label.com\/wp-content\/uploads\/2022\/09\/home-producers-and-consumers-trust.jpeg 1920w\" sizes=\"(max-width: 1024px) 100vw, 1024px\" \/><\/figure><div class=\"wp-block-media-text__content\">\n<h2 class=\"wp-block-heading has-text-align-left\"><strong>A gy\u00e1rt\u00f3k \u00e9s fogyaszt\u00f3k b\u00edznak a V-v\u00e9djegyben<\/strong><\/h2>\n\n\n\n<p class=\"has-text-align-left\">Egy glob\u00e1lis mozgalom \u00e9lharcosai vagyunk, mivel t\u00f6bb mint 25 \u00e9ves tapasztalattal rendelkez\u00fcnk a term\u00e9kek enged\u00e9lyez\u00e9s\u00e9ben, valamint szak\u00e9rt\u0151ket alkalmazunk a min\u0151s\u00e9gir\u00e1ny\u00edt\u00e1s, az \u00e9lelmiszer-technol\u00f3gia, a vegy\u00e9szet, a sz\u00e9ps\u00e9g\u00e1pol\u00e1s \u00e9s a marketing ter\u00fclet\u00e9n. A fentiekkel \u00f6sszhangban v\u00e1llalkoz\u00e1sokkal, kiskeresked\u0151kkel, fogyaszt\u00f3kkal \u00e9s akt<strong>i<\/strong>vist\u00e1kkal is egy\u00fcttm\u0171k\u00f6d\u00fcnk.<\/p>\n\n\n\n<div class=\"wp-block-buttons is-content-justification-left is-layout-flex wp-container-core-buttons-is-layout-fdcfc74e wp-block-buttons-is-layout-flex\">\n<div class=\"wp-block-button is-style-default\"><a class=\"wp-block-button__link has-greendark-background-color has-background wp-element-button\" href=\"https:\/\/www.v-label.com\/hu\/about-us\/\">Ismerje meg a V-v\u00e9djegyet!<\/a><\/div>\n<\/div>\n<\/div><\/div>\n\n\n\n<div style=\"height:70px\" aria-hidden=\"true\" class=\"wp-block-spacer\"><\/div>\n\n\n\n<div class=\"wp-block-media-text alignwide has-media-on-the-right is-stacked-on-mobile is-image-fill\"><div class=\"wp-block-media-text__content\">\n<div style=\"height:30px\" aria-hidden=\"true\" class=\"wp-block-spacer\"><\/div>\n\n\n\n<h2 class=\"wp-block-heading has-text-align-left\"><strong>Vil\u00e1gm\u00e9ret\u0171 k\u00f6z\u00f6ss\u00e9g, helyi t\u00e1mogat\u00e1s<\/strong><\/h2>\n\n\n\n<p class=\"has-text-align-left\">T\u00f6bb mint 50 orsz\u00e1gban vannak partnerszervezeteink, \u00e9s azok tagjai t\u00f6bb mint 30 nyelvet besz\u00e9lnek. \u00cdgy egyed\u00fcl\u00e1ll\u00f3 helyzetben vagyunk amiatt, hogy az \u00f6n\u00f6k term\u00e9keit helyi \u00e9s nemzetk\u00f6zi szinten egyar\u00e1nt t\u00e1mogatjuk.<\/p>\n\n\n\n<div class=\"wp-block-buttons is-content-justification-left is-layout-flex wp-container-core-buttons-is-layout-fdcfc74e wp-block-buttons-is-layout-flex\">\n<div class=\"wp-block-button is-style-default\"><a class=\"wp-block-button__link has-greendark-background-color has-background wp-element-button\" href=\"https:\/\/www.v-label.com\/hu\/info-for-producers\/benefits\/\">Fedezze fel milyen el\u0151ny\u00f6kkel j\u00e1r a v\u00e9djegy alkalmaz\u00e1sa!<\/a><\/div>\n<\/div>\n\n\n\n<div style=\"height:30px\" aria-hidden=\"true\" class=\"wp-block-spacer\"><\/div>\n<\/div><figure class=\"wp-block-media-text__media\" style=\"background-image:url(https:\/\/www.v-label.com\/wp-content\/uploads\/2022\/12\/v-label-global-community-local-support.jpg);background-position:50% 50%\"><img decoding=\"async\" width=\"1280\" height=\"837\" src=\"https:\/\/www.v-label.com\/wp-content\/uploads\/2022\/12\/v-label-global-community-local-support.jpg\" alt=\"\" class=\"wp-image-16861 size-full\" srcset=\"https:\/\/www.v-label.com\/wp-content\/uploads\/2022\/12\/v-label-global-community-local-support.jpg 1280w, https:\/\/www.v-label.com\/wp-content\/uploads\/2022\/12\/v-label-global-community-local-support-300x196.jpg 300w, https:\/\/www.v-label.com\/wp-content\/uploads\/2022\/12\/v-label-global-community-local-support-1024x670.jpg 1024w, https:\/\/www.v-label.com\/wp-content\/uploads\/2022\/12\/v-label-global-community-local-support-500x327.jpg 500w, https:\/\/www.v-label.com\/wp-content\/uploads\/2022\/12\/v-label-global-community-local-support-768x502.jpg 768w\" sizes=\"(max-width: 1280px) 100vw, 1280px\" \/><\/figure><\/div>\n\n\n\n<h2 class=\"wp-block-heading has-text-align-center\"><strong>K\u00e9szen \u00e1ll a csatlakoz\u00e1sra?<\/strong><\/h2>\n\n\n\n<p class=\"has-text-align-center\">M\u00e9g mindig gondolkodik rajta? Ha \u00f6n egy <strong>gy\u00e1rt\u00f3<\/strong>, <a href=\"https:\/\/dev.boks.li\/vlabel\/wp-content\/uploads\/2022\/12\/regulations-hu.pdf\" data-type=\"URL\" data-id=\"https:\/\/dev.boks.li\/vlabel\/wp-content\/uploads\/2022\/12\/regulations-hu.pdf\" target=\"_blank\" rel=\"noopener\">itt tal\u00e1lja a r\u00e9szletes inform\u00e1ci\u00f3kat a felt\u00e9telekr\u0151l \u00e9s a tan\u00fas\u00edt\u00e1si elj\u00e1r\u00e1sr\u00f3l<\/a>. Ha \u00f6n <strong>fogyaszt\u00f3<\/strong>, akkor tekintse meg az \u00e1ltalunk enged\u00e9lyezett veget\u00e1ri\u00e1nus \u00e9s veg\u00e1n term\u00e9keket.<\/p>\n","protected":false},"excerpt":{"rendered":"<p>Across the globe, more than 70,000 products from more than 4,800 licensees now carry the V-Label. <\/p>\n<p>V-Label is an internationally recognised, registered seal for labelling vegan and vegetarian products and services established in Switzerland in 1996. It is a reliable, go-to shopping guide for consumers.<\/p>\n","protected":false},"author":5,"featured_media":40411,"parent":0,"menu_order":0,"comment_status":"closed","ping_status":"closed","template":"","meta":{"_acf_changed":false,"_editorskit_title_hidden":false,"_editorskit_reading_time":0,"_editorskit_is_block_options_detached":false,"_editorskit_block_options_position":"{}","inline_featured_image":false,"_uag_custom_page_level_css":"","footnotes":""},"categories":[],"tags":[],"class_list":["post-7855","page","type-page","status-publish","has-post-thumbnail","hentry"],"acf":[],"uagb_featured_image_src":{"full":["https:\/\/www.v-label.com\/wp-content\/uploads\/2022\/12\/header-test.jpg",2000,1000,false],"thumbnail":["https:\/\/www.v-label.com\/wp-content\/uploads\/2022\/12\/header-test-500x250.jpg",500,250,true],"medium":["https:\/\/www.v-label.com\/wp-content\/uploads\/2022\/12\/header-test-300x150.jpg",300,150,true],"medium_large":["https:\/\/www.v-label.com\/wp-content\/uploads\/2022\/12\/header-test-768x384.jpg",768,384,true],"large":["https:\/\/www.v-label.com\/wp-content\/uploads\/2022\/12\/header-test-1024x512.jpg",1024,512,true],"1536x1536":["https:\/\/www.v-label.com\/wp-content\/uploads\/2022\/12\/header-test-1536x768.jpg",1536,768,true],"2048x2048":["https:\/\/www.v-label.com\/wp-content\/uploads\/2022\/12\/header-test.jpg",2000,1000,false],"preview":["https:\/\/www.v-label.com\/wp-content\/uploads\/2022\/12\/header-test-904x720.jpg",904,720,true],"header":["https:\/\/www.v-label.com\/wp-content\/uploads\/2022\/12\/header-test-2000x720.jpg",2000,720,true],"gform-image-choice-sm":["https:\/\/www.v-label.com\/wp-content\/uploads\/2022\/12\/header-test.jpg",300,150,false],"gform-image-choice-md":["https:\/\/www.v-label.com\/wp-content\/uploads\/2022\/12\/header-test.jpg",400,200,false],"gform-image-choice-lg":["https:\/\/www.v-label.com\/wp-content\/uploads\/2022\/12\/header-test.jpg",600,300,false]},"uagb_author_info":{"display_name":"Can Aslan","author_link":"https:\/\/www.v-label.com\/hu"},"uagb_comment_info":0,"uagb_excerpt":"Across the globe, more than 70,000 products from more than 4,800 licensees now carry the V-Label. V-Label is an internationally recognised, registered seal for labelling vegan and vegetarian products and services established in Switzerland in 1996. It is a reliable, go-to shopping guide for consumers.","_links":{"self":[{"href":"https:\/\/www.v-label.com\/hu\/wp-json\/wp\/v2\/pages\/7855","targetHints":{"allow":["GET"]}}],"collection":[{"href":"https:\/\/www.v-label.com\/hu\/wp-json\/wp\/v2\/pages"}],"about":[{"href":"https:\/\/www.v-label.com\/hu\/wp-json\/wp\/v2\/types\/page"}],"author":[{"embeddable":true,"href":"https:\/\/www.v-label.com\/hu\/wp-json\/wp\/v2\/users\/5"}],"replies":[{"embeddable":true,"href":"https:\/\/www.v-label.com\/hu\/wp-json\/wp\/v2\/comments?post=7855"}],"version-history":[{"count":10,"href":"https:\/\/www.v-label.com\/hu\/wp-json\/wp\/v2\/pages\/7855\/revisions"}],"predecessor-version":[{"id":83900,"href":"https:\/\/www.v-label.com\/hu\/wp-json\/wp\/v2\/pages\/7855\/revisions\/83900"}],"wp:featuredmedia":[{"embeddable":true,"href":"https:\/\/www.v-label.com\/hu\/wp-json\/wp\/v2\/media\/40411"}],"wp:attachment":[{"href":"https:\/\/www.v-label.com\/hu\/wp-json\/wp\/v2\/media?parent=7855"}],"wp:term":[{"taxonomy":"category","embeddable":true,"href":"https:\/\/www.v-label.com\/hu\/wp-json\/wp\/v2\/categories?post=7855"},{"taxonomy":"post_tag","embeddable":true,"href":"https:\/\/www.v-label.com\/hu\/wp-json\/wp\/v2\/tags?post=7855"}],"curies":[{"name":"wp","href":"https:\/\/api.w.org\/{rel}","templated":true}]}}