{"id":7896,"date":"2022-05-30T16:16:14","date_gmt":"2022-05-30T14:16:14","guid":{"rendered":"https:\/\/www.v-label.com\/info-for-producers\/"},"modified":"2024-07-09T15:14:50","modified_gmt":"2024-07-09T13:14:50","slug":"info-for-producers","status":"publish","type":"page","link":"https:\/\/www.v-label.com\/hu\/info-for-producers\/","title":{"rendered":"T\u00e1j\u00e9koztat\u00f3 a gy\u00e1rt\u00f3k sz\u00e1m\u00e1ra"},"content":{"rendered":"\n<p>Vil\u00e1gszerte t\u00f6bb mint <strong>4 800 enged\u00e9lybirtokos<\/strong>, t\u00f6bb mint <strong>70 000 term\u00e9k\u00e9n<\/strong> tal\u00e1lhat\u00f3 meg a V-v\u00e9djegy, amely a veg\u00e1n \u00e9s veget\u00e1ri\u00e1nus term\u00e9kek \u00e9s szolg\u00e1ltat\u00e1sok min\u0151s\u00edt\u00e9se. Ez a nemzetk\u00f6zileg elismert v\u00e9djegy az eg\u00e9sz vil\u00e1gon olyan ir\u00e1nymutat\u00e1st biztos\u00edt az \u00fcgyfeleknek, hogy egy pillant\u00e1s alatt azonos\u00edtj\u00e1k a n\u00f6v\u00e9nyi alap\u00fa term\u00e9keket.<\/p>\n\n\n\n<h3 class=\"wp-block-heading has-text-align-center has-greenlightultra-background-color has-background\">Ha \u00d6n gy\u00e1rt\u00f3, akkor a k\u00f6vetkez\u0151k miatt \u00e9rdemes megfontolnia a V-v\u00e9djegy tan\u00fas\u00edtv\u00e1ny megszerz\u00e9s\u00e9t:<\/h3>\n\n\n\n<p><strong>H\u00f3d\u00edtson meg \u00faj piacokat. <\/strong>Az olyan \u00e1llamokban, mint N\u00e9metorsz\u00e1g, Spanyolorsz\u00e1g vagy Lengyelorsz\u00e1g, ahol a lakoss\u00e1g fele f\u00e9lig veget\u00e1ri\u00e1nusnak tartja mag\u00e1t, l\u00e9tezik egy v\u00e1ltozatos, gyorsan n\u00f6vekv\u0151 \u00fcgyf\u00e9lk\u00f6r, amely veg\u00e1n \u00e9s veget\u00e1ri\u00e1nus term\u00e9keket v\u00e1laszt, \u00e9s teszi mindezt az eg\u00e9szs\u00e9g\u00fcgyi okokt\u00f3l kezdve eg\u00e9szen az \u00e1llatetikai okokig terjed\u0151 sz\u00e9les sk\u00e1l\u00e1n.<\/p>\n\n\n\n<p><strong>N\u00f6velje ismerts\u00e9g\u00e9t. <\/strong>H\u00edvja fel az emberek figyelm\u00e9t a term\u00e9keire, \u00e9s k\u00f6nny\u00edtse meg v\u00e1s\u00e1rl\u00e1sukat egy rendk\u00edv\u00fcl hiteles \u00e9s sz\u00e9les k\u00f6rben elismert v\u00e9djeggyel.<\/p>\n\n\n\n<p><strong>Nyerje el a v\u00e1s\u00e1rl\u00f3k bizalm\u00e1t. <\/strong>Ne mondjon t\u00f6bbet: a V-v\u00e9djegy megteszi \u00f6n helyett. H\u00edrneve \u00e9s elismer\u00e9se miatt \u00f6nmag\u00e1t \u00e9rt\u00e9kes\u00edti, mint szakszer\u0171, f\u00fcggetlen, min\u0151s\u00e9gbiztos\u00edt\u00e1si v\u00e9djegy \u00e9s az ipari ir\u00e1nyzatok meghat\u00e1roz\u00f3ja.<\/p>\n\n\n\n<div class=\"wp-block-buttons alignwide is-content-justification-center is-layout-flex wp-container-core-buttons-is-layout-16018d1d wp-block-buttons-is-layout-flex\">\n<div class=\"wp-block-button\"><a class=\"wp-block-button__link wp-element-button\" href=\"https:\/\/www.v-label.com\/hu\/for-business\/get-certified\/\" rel=\"noopener\">Ig\u00e9nyelje a tan\u00fas\u00edt\u00e1st<\/a><\/div>\n\n\n\n<div class=\"wp-block-button\"><a class=\"wp-block-button__link wp-element-button\" href=\"https:\/\/www.v-label.com\/hu\/for-business\/benefits\/\">Fedezze fel milyen tov\u00e1bbi el\u0151ny\u00f6kkel j\u00e1r a v\u00e9djegy alkalmaz\u00e1sa<\/a><\/div>\n<\/div>\n\n\n\n<div class=\"wp-block-columns are-vertically-aligned-center is-layout-flex wp-container-core-columns-is-layout-9d6595d7 wp-block-columns-is-layout-flex\">\n<div class=\"wp-block-column is-vertically-aligned-center is-layout-flow wp-block-column-is-layout-flow\">\n<figure class=\"wp-block-image size-full\"><img decoding=\"async\" width=\"720\" height=\"482\" src=\"https:\/\/www.v-label.com\/wp-content\/uploads\/2022\/09\/b2b-info-page-1.webp\" alt=\"\" class=\"wp-image-876\" srcset=\"https:\/\/www.v-label.com\/wp-content\/uploads\/2022\/09\/b2b-info-page-1.webp 720w, https:\/\/www.v-label.com\/wp-content\/uploads\/2022\/09\/b2b-info-page-1-300x201.webp 300w\" sizes=\"(max-width: 720px) 100vw, 720px\" \/><\/figure>\n<\/div>\n\n\n\n<div class=\"wp-block-column is-vertically-aligned-center is-layout-flow wp-block-column-is-layout-flow\">\n<figure class=\"wp-block-image size-full\"><img decoding=\"async\" width=\"720\" height=\"497\" src=\"https:\/\/www.v-label.com\/wp-content\/uploads\/2022\/09\/b2b-info-page-2.webp\" alt=\"\" class=\"wp-image-879\" srcset=\"https:\/\/www.v-label.com\/wp-content\/uploads\/2022\/09\/b2b-info-page-2.webp 720w, https:\/\/www.v-label.com\/wp-content\/uploads\/2022\/09\/b2b-info-page-2-300x207.webp 300w\" sizes=\"(max-width: 720px) 100vw, 720px\" \/><\/figure>\n<\/div>\n\n\n\n<div class=\"wp-block-column is-vertically-aligned-center is-layout-flow wp-block-column-is-layout-flow\">\n<figure class=\"wp-block-image size-full\"><img decoding=\"async\" width=\"720\" height=\"482\" src=\"https:\/\/www.v-label.com\/wp-content\/uploads\/2022\/09\/b2b-info-page-3.webp\" alt=\"\" class=\"wp-image-860\" srcset=\"https:\/\/www.v-label.com\/wp-content\/uploads\/2022\/09\/b2b-info-page-3.webp 720w, https:\/\/www.v-label.com\/wp-content\/uploads\/2022\/09\/b2b-info-page-3-300x201.webp 300w\" sizes=\"(max-width: 720px) 100vw, 720px\" \/><\/figure>\n<\/div>\n<\/div>\n\n\n\n<h3 class=\"wp-block-heading\"><strong>Ig\u00e9nyelje a tan\u00fas\u00edt\u00e1st<\/strong><\/h3>\n\n\n\n<p><strong>K\u00e9szen \u00e1ll, hogy n\u00f6velje a veg\u00e1n \u00e9s veget\u00e1ri\u00e1nus term\u00e9kei ismerts\u00e9g\u00e9t?<\/strong> A V-v\u00e9djegy alkalmaz\u00e1s\u00e1val az \u00fcgyfelek egy pillanat alatt k\u00e9pesek lesznek beazonos\u00edtani term\u00e9keit veg\u00e1nnak vagy veget\u00e1ri\u00e1nusnak &#8211; \u00edgy haboz\u00e1s n\u00e9lk\u00fcl megv\u00e1s\u00e1rolj\u00e1k \u0151ket an\u00e9lk\u00fcl, hogy megk\u00e9rd\u0151jelezn\u00e9k veg\u00e1n vagy veget\u00e1ri\u00e1nus min\u0151s\u00e9g\u00fcket.<\/p>\n\n\n\n<p>\u00dczleti szempontb\u00f3l egy olyan ipar\u00e1gi vezet\u0151vel val\u00f3 egy\u00fcttm\u0171k\u00f6d\u00e9s, mint amilyen a V-v\u00e9djegy n\u00f6veli a veget\u00e1ri\u00e1nus \u00e9s veg\u00e1n megjel\u00f6l\u00e9s megb\u00edzhat\u00f3s\u00e1g\u00e1t \u00e9s \u00e1tl\u00e1that\u00f3s\u00e1g\u00e1t. Az \u00f6n v\u00e1s\u00e1rl\u00f3i sz\u00e1m\u00e1ra a V-v\u00e9djegy egy egyszer\u0171 \u00e9s megb\u00edzhat\u00f3 \u00edr\u00e1nyt\u0171, amely seg\u00edt nekik megfelel\u0151, fenntarthat\u00f3 \u00e9s k\u00f6vetkezetes v\u00e1s\u00e1rl\u00e1si d\u00f6nt\u00e9seket hozni.<\/p>\n\n\n\n<div class=\"wp-block-buttons alignwide is-content-justification-center is-layout-flex wp-container-core-buttons-is-layout-16018d1d wp-block-buttons-is-layout-flex\">\n<div class=\"wp-block-button\"><a class=\"wp-block-button__link wp-element-button\" href=\"https:\/\/www.v-label.com\/hu\/for-business\/get-certified\/\" rel=\"noopener\">Legyen \u00f6n is enged\u00e9lybirtokos<\/a><\/div>\n<\/div>\n\n\n\n<h3 class=\"wp-block-heading\"><strong>A v\u00e9djegy felt\u00e9telrendszere \u00e9s Gyakran ism\u00e9tl\u0151d\u0151 k\u00e9rd\u00e9sek<\/strong><\/h3>\n\n\n\n<p>Tal\u00e1lja meg a v\u00e1laszt n\u00e9h\u00e1ny olyan V-v\u00e9djeggyel kapcsolatos k\u00e9rd\u00e9sre, ami bizony\u00e1ra m\u00e1r \u00f6nben is felmer\u00fclt.<\/p>\n\n\n\n<div class=\"wp-block-buttons alignwide is-content-justification-center is-layout-flex wp-container-core-buttons-is-layout-16018d1d wp-block-buttons-is-layout-flex\">\n<div class=\"wp-block-button\"><a class=\"wp-block-button__link wp-element-button\" href=\"https:\/\/www.v-label.com\/hu\/faqs\/\">Ismerje meg a GYIK-et<\/a><\/div>\n<\/div>\n","protected":false},"excerpt":{"rendered":"<p>Vil\u00e1gszerte t\u00f6bb mint 4 800 enged\u00e9lybirtokos, t\u00f6bb mint 70 000 term\u00e9k\u00e9n tal\u00e1lhat\u00f3 meg a V-v\u00e9djegy, amely a veg\u00e1n \u00e9s veget\u00e1ri\u00e1nus term\u00e9kek \u00e9s szolg\u00e1ltat\u00e1sok min\u0151s\u00edt\u00e9se. Ez a nemzetk\u00f6zileg elismert v\u00e9djegy az eg\u00e9sz vil\u00e1gon olyan ir\u00e1nymutat\u00e1st biztos\u00edt az \u00fcgyfeleknek, hogy egy pillant\u00e1s alatt azonos\u00edtj\u00e1k a n\u00f6v\u00e9nyi alap\u00fa term\u00e9keket. Ha \u00d6n gy\u00e1rt\u00f3, akkor a k\u00f6vetkez\u0151k miatt \u00e9rdemes megfontolnia [&hellip;]<\/p>\n","protected":false},"author":5,"featured_media":39760,"parent":0,"menu_order":0,"comment_status":"closed","ping_status":"closed","template":"","meta":{"_acf_changed":false,"_editorskit_title_hidden":false,"_editorskit_reading_time":0,"_editorskit_is_block_options_detached":false,"_editorskit_block_options_position":"{}","inline_featured_image":false,"_uag_custom_page_level_css":"","footnotes":""},"categories":[],"tags":[],"class_list":["post-7896","page","type-page","status-publish","has-post-thumbnail","hentry"],"acf":[],"uagb_featured_image_src":{"full":["https:\/\/www.v-label.com\/wp-content\/uploads\/2022\/12\/v-label-info-for-producers.jpg",1280,870,false],"thumbnail":["https:\/\/www.v-label.com\/wp-content\/uploads\/2022\/12\/v-label-info-for-producers-500x340.jpg",500,340,true],"medium":["https:\/\/www.v-label.com\/wp-content\/uploads\/2022\/12\/v-label-info-for-producers-300x204.jpg",300,204,true],"medium_large":["https:\/\/www.v-label.com\/wp-content\/uploads\/2022\/12\/v-label-info-for-producers-768x522.jpg",768,522,true],"large":["https:\/\/www.v-label.com\/wp-content\/uploads\/2022\/12\/v-label-info-for-producers-1024x696.jpg",1024,696,true],"1536x1536":["https:\/\/www.v-label.com\/wp-content\/uploads\/2022\/12\/v-label-info-for-producers.jpg",1280,870,false],"2048x2048":["https:\/\/www.v-label.com\/wp-content\/uploads\/2022\/12\/v-label-info-for-producers.jpg",1280,870,false],"preview":["https:\/\/www.v-label.com\/wp-content\/uploads\/2022\/12\/v-label-info-for-producers-904x720.jpg",904,720,true],"header":["https:\/\/www.v-label.com\/wp-content\/uploads\/2022\/12\/v-label-info-for-producers-1280x720.jpg",1280,720,true],"gform-image-choice-sm":["https:\/\/www.v-label.com\/wp-content\/uploads\/2022\/12\/v-label-info-for-producers.jpg",300,204,false],"gform-image-choice-md":["https:\/\/www.v-label.com\/wp-content\/uploads\/2022\/12\/v-label-info-for-producers.jpg",400,272,false],"gform-image-choice-lg":["https:\/\/www.v-label.com\/wp-content\/uploads\/2022\/12\/v-label-info-for-producers.jpg",600,408,false]},"uagb_author_info":{"display_name":"Can Aslan","author_link":"https:\/\/www.v-label.com\/hu"},"uagb_comment_info":0,"uagb_excerpt":"Vil\u00e1gszerte t\u00f6bb mint 4 800 enged\u00e9lybirtokos, t\u00f6bb mint 70 000 term\u00e9k\u00e9n tal\u00e1lhat\u00f3 meg a V-v\u00e9djegy, amely a veg\u00e1n \u00e9s veget\u00e1ri\u00e1nus term\u00e9kek \u00e9s szolg\u00e1ltat\u00e1sok min\u0151s\u00edt\u00e9se. Ez a nemzetk\u00f6zileg elismert v\u00e9djegy az eg\u00e9sz vil\u00e1gon olyan ir\u00e1nymutat\u00e1st biztos\u00edt az \u00fcgyfeleknek, hogy egy pillant\u00e1s alatt azonos\u00edtj\u00e1k a n\u00f6v\u00e9nyi alap\u00fa term\u00e9keket. Ha \u00d6n gy\u00e1rt\u00f3, akkor a k\u00f6vetkez\u0151k miatt \u00e9rdemes megfontolnia&hellip;","_links":{"self":[{"href":"https:\/\/www.v-label.com\/hu\/wp-json\/wp\/v2\/pages\/7896","targetHints":{"allow":["GET"]}}],"collection":[{"href":"https:\/\/www.v-label.com\/hu\/wp-json\/wp\/v2\/pages"}],"about":[{"href":"https:\/\/www.v-label.com\/hu\/wp-json\/wp\/v2\/types\/page"}],"author":[{"embeddable":true,"href":"https:\/\/www.v-label.com\/hu\/wp-json\/wp\/v2\/users\/5"}],"replies":[{"embeddable":true,"href":"https:\/\/www.v-label.com\/hu\/wp-json\/wp\/v2\/comments?post=7896"}],"version-history":[{"count":4,"href":"https:\/\/www.v-label.com\/hu\/wp-json\/wp\/v2\/pages\/7896\/revisions"}],"predecessor-version":[{"id":83888,"href":"https:\/\/www.v-label.com\/hu\/wp-json\/wp\/v2\/pages\/7896\/revisions\/83888"}],"wp:featuredmedia":[{"embeddable":true,"href":"https:\/\/www.v-label.com\/hu\/wp-json\/wp\/v2\/media\/39760"}],"wp:attachment":[{"href":"https:\/\/www.v-label.com\/hu\/wp-json\/wp\/v2\/media?parent=7896"}],"wp:term":[{"taxonomy":"category","embeddable":true,"href":"https:\/\/www.v-label.com\/hu\/wp-json\/wp\/v2\/categories?post=7896"},{"taxonomy":"post_tag","embeddable":true,"href":"https:\/\/www.v-label.com\/hu\/wp-json\/wp\/v2\/tags?post=7896"}],"curies":[{"name":"wp","href":"https:\/\/api.w.org\/{rel}","templated":true}]}}