{"id":7953,"date":"2022-05-30T16:16:29","date_gmt":"2022-05-30T14:16:29","guid":{"rendered":"https:\/\/www.v-label.com\/info-for-producers\/benefits\/"},"modified":"2024-07-09T15:15:48","modified_gmt":"2024-07-09T13:15:48","slug":"benefits","status":"publish","type":"page","link":"https:\/\/www.v-label.com\/hu\/info-for-producers\/benefits\/","title":{"rendered":"El\u0151ny\u00f6ket"},"content":{"rendered":"\n<p>A fogyaszt\u00f3k egyre ink\u00e1bb a n\u00f6v\u00e9nyi alap\u00fa term\u00e9keket v\u00e1lasztj\u00e1k a vil\u00e1g minden t\u00e1j\u00e1n olyan k\u00fcl\u00f6nf\u00e9le okokb\u00f3l, mint az eg\u00e9szs\u00e9g, \u00e9tel intolerancia, k\u00e9nyelem, etikai meggy\u0151z\u0151d\u00e9s, k\u00e9nyeztet\u00e9s, vagy egyszer\u0171en csak az\u00e9rt, mert a gyermekeiknek ez tetszik. A veganizmus egyre sz\u00e9lesebb k\u00f6rben val\u00f3 elterjed\u00e9se miatt a korm\u00e1nyok \u00e9s m\u00e1s szervezetek is tudom\u00e1sul veszik annak l\u00e9tjogosults\u00e1g\u00e1t. Nyilv\u00e1nval\u00f3v\u00e1 v\u00e1lt, hogy az \u00e1llati eredet\u0171 \u00e9lelmiszerek fogyaszt\u00e1s\u00e1nak cs\u00f6kkent\u00e9se n\u00e9lk\u00fcl nem lehet el\u00e9rni a p\u00e1rizsi kl\u00edmameg\u00e1llapod\u00e1s c\u00e9ljait, amelyekre szinte az \u00f6sszes korm\u00e1ny k\u00f6telezetts\u00e9get v\u00e1llalt. Mindez l\u00e9tfontoss\u00e1g\u00fa \u00f6kosziszt\u00e9m\u00e1t jelent a termel\u0151k sz\u00e1m\u00e1ra az\u00e9rt, hogy innovat\u00edv \u00e9s fenntarthat\u00f3 t\u00e1pl\u00e1lkoz\u00e1si alternat\u00edv\u00e1kat tal\u00e1ljanak ki. A V-v\u00e9djegy seg\u00edts\u00e9g\u00e9vel az \u00f6n term\u00e9ke is r\u00e9szese lehet ennek a folyamatosan n\u00f6vekv\u0151 piacnak m\u00e1r ma \u00e9s az elk\u00f6vetkez\u0151 \u00e9vekben is.<\/p>\n\n\n\n<div class=\"wp-block-media-text is-stacked-on-mobile is-vertically-aligned-center is-image-fill\"><figure class=\"wp-block-media-text__media\" style=\"background-image:url(https:\/\/www.v-label.com\/wp-content\/uploads\/2022\/12\/v-label-consumers-favorite.jpg);background-position:62% 53%\"><img decoding=\"async\" src=\"https:\/\/www.v-label.com\/wp-content\/uploads\/2022\/12\/v-label-consumers-favorite.jpg\" alt=\"\" class=\"wp-image-39649 size-full\"\/><\/figure><div class=\"wp-block-media-text__content\">\n<h3 class=\"wp-block-heading\"><strong><strong><strong>A fogyaszt\u00f3k kedvence<\/strong><\/strong><\/strong><\/h3>\n\n\n\n<p>N\u00e9metorsz\u00e1gban a neves G\u00fctesiegel Monitor 2020 felm\u00e9r\u00e9se szerint a V-v\u00e9djegy a 8. legismertebb \u00e9s a 3. legmegb\u00edzhat\u00f3bb \u00e9lelmiszer-min\u0151s\u00e9gi v\u00e9djegy. Az Eur\u00f3pai Uni\u00f3ban a V-v\u00e9djegy a veget\u00e1ri\u00e1nus \u00e9s veg\u00e1n term\u00e9kek legismertebb megjel\u00f6l\u00e9se. A V-v\u00e9djegy t\u00f6bb mint 70 000 term\u00e9ket tan\u00fas\u00edtott vil\u00e1gszerte, \u00e9s sz\u00e9les k\u00f6r\u0171 t\u00e1mogat\u00e1st \u00e9lvez a veg\u00e1n \u00e9s veget\u00e1ri\u00e1nus k\u00f6z\u00f6ss\u00e9gben. A term\u00e9kek veg\u00e1n vagy veget\u00e1ri\u00e1nusk\u00e9nt k\u00f6nnyen \u00e9rthet\u0151 kateg\u00f3ri\u00e1ba sorol\u00e1sa r\u00e9v\u00e9n a V-v\u00e9djegy gyors \u00e9s megb\u00edzhat\u00f3 m\u00f3dja annak, hogy pontosan meghat\u00e1rozzuk az embereknek, mit v\u00e1s\u00e1rolnak.<\/p>\n<\/div><\/div>\n\n\n\n<div style=\"height:30px\" aria-hidden=\"true\" class=\"wp-block-spacer\"><\/div>\n\n\n\n<div class=\"wp-block-media-text is-stacked-on-mobile is-vertically-aligned-center is-image-fill\"><figure class=\"wp-block-media-text__media\" style=\"background-image:url(https:\/\/www.v-label.com\/wp-content\/uploads\/2022\/12\/v-label-global-recognition.jpg);background-position:50% 50%\"><img decoding=\"async\" width=\"1280\" height=\"959\" src=\"https:\/\/www.v-label.com\/wp-content\/uploads\/2022\/12\/v-label-global-recognition.jpg\" alt=\"\" class=\"wp-image-17595 size-full\" srcset=\"https:\/\/www.v-label.com\/wp-content\/uploads\/2022\/12\/v-label-global-recognition.jpg 1280w, https:\/\/www.v-label.com\/wp-content\/uploads\/2022\/12\/v-label-global-recognition-300x225.jpg 300w, https:\/\/www.v-label.com\/wp-content\/uploads\/2022\/12\/v-label-global-recognition-1024x767.jpg 1024w, https:\/\/www.v-label.com\/wp-content\/uploads\/2022\/12\/v-label-global-recognition-500x375.jpg 500w, https:\/\/www.v-label.com\/wp-content\/uploads\/2022\/12\/v-label-global-recognition-768x575.jpg 768w\" sizes=\"(max-width: 1280px) 100vw, 1280px\" \/><\/figure><div class=\"wp-block-media-text__content\">\n<h3 class=\"wp-block-heading\"><strong><strong><strong>Vil\u00e1gszerte elismert<\/strong><\/strong><\/strong><\/h3>\n\n\n\n<p>A 25 \u00e9vvel ezel\u0151tt Sv\u00e1jcban alap\u00edtott V-v\u00e9djegy vezet\u0151 helyet szerzett a veg\u00e1n \u00e9s veget\u00e1ri\u00e1nus term\u00e9kek \u00e9s szolg\u00e1ltat\u00e1sok min\u0151s\u00e9g\u00e9nek tan\u00fas\u00edt\u00e1s\u00e1ban. A V-v\u00e9djegy alkalmaz\u00e1s\u00e1val \u00f6n olyan tan\u00fas\u00edtv\u00e1nnyal rendelkezik, amelyet minden piacon elismernek. Berlint\u0151l Buenos Airesig a tudatos fogyaszt\u00f3 tekintete aligha t\u00e9vesztheti el a z\u00f6ld \u00e9s f\u00f6ldes sz\u00ednek k\u00f6z\u00f6tt kiemelked\u0151 s\u00e1rg\u00e1t, amelyet gyakran haszn\u00e1lnak a fenntarthat\u00f3 csomagol\u00f3anyagokn\u00e1l.<\/p>\n<\/div><\/div>\n\n\n\n<div style=\"height:30px\" aria-hidden=\"true\" class=\"wp-block-spacer\"><\/div>\n\n\n\n<div class=\"wp-block-media-text is-stacked-on-mobile is-vertically-aligned-center is-image-fill\"><figure class=\"wp-block-media-text__media\" style=\"background-image:url(https:\/\/www.v-label.com\/wp-content\/uploads\/2022\/12\/v-label-inclusive-approach.jpg);background-position:12% 52%\"><img decoding=\"async\" width=\"1280\" height=\"854\" src=\"https:\/\/www.v-label.com\/wp-content\/uploads\/2022\/12\/v-label-inclusive-approach.jpg\" alt=\"\" class=\"wp-image-17635 size-full\" srcset=\"https:\/\/www.v-label.com\/wp-content\/uploads\/2022\/12\/v-label-inclusive-approach.jpg 1280w, https:\/\/www.v-label.com\/wp-content\/uploads\/2022\/12\/v-label-inclusive-approach-300x200.jpg 300w, https:\/\/www.v-label.com\/wp-content\/uploads\/2022\/12\/v-label-inclusive-approach-1024x683.jpg 1024w, https:\/\/www.v-label.com\/wp-content\/uploads\/2022\/12\/v-label-inclusive-approach-500x334.jpg 500w, https:\/\/www.v-label.com\/wp-content\/uploads\/2022\/12\/v-label-inclusive-approach-768x512.jpg 768w\" sizes=\"(max-width: 1280px) 100vw, 1280px\" \/><\/figure><div class=\"wp-block-media-text__content\">\n<h3 class=\"wp-block-heading\"><strong><strong><strong>Teljesk\u00f6r\u0171 szeml\u00e9let<\/strong><\/strong><\/strong><\/h3>\n\n\n\n<p>Az alapos ellen\u0151rz\u00e9seken \u00e9s min\u0151s\u00e9gmenedzsmenten alapul\u00f3 veg\u00e1n \u00e9s veget\u00e1ri\u00e1nus tan\u00fas\u00edt\u00e1st egyar\u00e1nt biztos\u00edtva a gy\u00e1rt\u00f3k sz\u00e1m\u00e1ra a V-v\u00e9djegy b\u00e1rmilyen t\u00edpus\u00fa v\u00e1llalkoz\u00e1snak sz\u00f3l, az indul\u00f3 veg\u00e1n v\u00e1llalkoz\u00e1sokt\u00f3l kezdve olyan nemzetk\u00f6zi v\u00e1llalatokig, mint az Unilever, a Nestl\u00e9, vagy a Danone. Az \u00fczleti intelligenci\u00e1val egy\u00fctt, ez egy \u00e9letk\u00e9pes lehet\u0151s\u00e9g azoknak a v\u00e1llalatoknak, amelyek nem els\u0151sorban a n\u00f6v\u00e9nyi-alap\u00fa \u00e9lelmiszeripari szegmenshez igazodnak, m\u00e9gis a n\u00f6vekv\u0151 flexit\u00e1rius n\u00e9pess\u00e9get akarj\u00e1k szolg\u00e1lni. Az \u00e9lelmiszereken k\u00edv\u00fcl olyan ipar\u00e1gakban is szert lehet tenni a v\u00e9djegyre, mint a divat, a kozmetika, a gasztron\u00f3mia, a tiszt\u00edt\u00f3szerek \u00e9s egy\u00e9b \u00e1gazatok.<\/p>\n<\/div><\/div>\n","protected":false},"excerpt":{"rendered":"<p>A fogyaszt\u00f3k egyre ink\u00e1bb a n\u00f6v\u00e9nyi alap\u00fa term\u00e9keket v\u00e1lasztj\u00e1k a vil\u00e1g minden t\u00e1j\u00e1n olyan k\u00fcl\u00f6nf\u00e9le okokb\u00f3l, mint az eg\u00e9szs\u00e9g, \u00e9tel intolerancia, k\u00e9nyelem, etikai meggy\u0151z\u0151d\u00e9s, k\u00e9nyeztet\u00e9s, vagy egyszer\u0171en csak az\u00e9rt, mert a gyermekeiknek ez tetszik. A veganizmus egyre sz\u00e9lesebb k\u00f6rben val\u00f3 elterjed\u00e9se miatt a korm\u00e1nyok \u00e9s m\u00e1s szervezetek is tudom\u00e1sul veszik annak l\u00e9tjogosults\u00e1g\u00e1t. Nyilv\u00e1nval\u00f3v\u00e1 v\u00e1lt, hogy [&hellip;]<\/p>\n","protected":false},"author":5,"featured_media":17556,"parent":7896,"menu_order":0,"comment_status":"closed","ping_status":"closed","template":"","meta":{"_acf_changed":false,"_editorskit_title_hidden":false,"_editorskit_reading_time":0,"_editorskit_is_block_options_detached":false,"_editorskit_block_options_position":"{}","inline_featured_image":false,"_uag_custom_page_level_css":"","footnotes":""},"categories":[],"tags":[],"class_list":["post-7953","page","type-page","status-publish","has-post-thumbnail","hentry"],"acf":[],"uagb_featured_image_src":{"full":["https:\/\/www.v-label.com\/wp-content\/uploads\/2022\/12\/v-label-benefits.jpg",1280,878,false],"thumbnail":["https:\/\/www.v-label.com\/wp-content\/uploads\/2022\/12\/v-label-benefits-500x343.jpg",500,343,true],"medium":["https:\/\/www.v-label.com\/wp-content\/uploads\/2022\/12\/v-label-benefits-300x206.jpg",300,206,true],"medium_large":["https:\/\/www.v-label.com\/wp-content\/uploads\/2022\/12\/v-label-benefits-768x527.jpg",768,527,true],"large":["https:\/\/www.v-label.com\/wp-content\/uploads\/2022\/12\/v-label-benefits-1024x702.jpg",1024,702,true],"1536x1536":["https:\/\/www.v-label.com\/wp-content\/uploads\/2022\/12\/v-label-benefits.jpg",1280,878,false],"2048x2048":["https:\/\/www.v-label.com\/wp-content\/uploads\/2022\/12\/v-label-benefits.jpg",1280,878,false],"preview":["https:\/\/www.v-label.com\/wp-content\/uploads\/2022\/12\/v-label-benefits-904x720.jpg",904,720,true],"header":["https:\/\/www.v-label.com\/wp-content\/uploads\/2022\/12\/v-label-benefits-1280x720.jpg",1280,720,true],"gform-image-choice-sm":["https:\/\/www.v-label.com\/wp-content\/uploads\/2022\/12\/v-label-benefits.jpg",300,206,false],"gform-image-choice-md":["https:\/\/www.v-label.com\/wp-content\/uploads\/2022\/12\/v-label-benefits.jpg",400,274,false],"gform-image-choice-lg":["https:\/\/www.v-label.com\/wp-content\/uploads\/2022\/12\/v-label-benefits.jpg",600,412,false]},"uagb_author_info":{"display_name":"Can Aslan","author_link":"https:\/\/www.v-label.com\/hu"},"uagb_comment_info":0,"uagb_excerpt":"A fogyaszt\u00f3k egyre ink\u00e1bb a n\u00f6v\u00e9nyi alap\u00fa term\u00e9keket v\u00e1lasztj\u00e1k a vil\u00e1g minden t\u00e1j\u00e1n olyan k\u00fcl\u00f6nf\u00e9le okokb\u00f3l, mint az eg\u00e9szs\u00e9g, \u00e9tel intolerancia, k\u00e9nyelem, etikai meggy\u0151z\u0151d\u00e9s, k\u00e9nyeztet\u00e9s, vagy egyszer\u0171en csak az\u00e9rt, mert a gyermekeiknek ez tetszik. A veganizmus egyre sz\u00e9lesebb k\u00f6rben val\u00f3 elterjed\u00e9se miatt a korm\u00e1nyok \u00e9s m\u00e1s szervezetek is tudom\u00e1sul veszik annak l\u00e9tjogosults\u00e1g\u00e1t. Nyilv\u00e1nval\u00f3v\u00e1 v\u00e1lt, hogy&hellip;","_links":{"self":[{"href":"https:\/\/www.v-label.com\/hu\/wp-json\/wp\/v2\/pages\/7953","targetHints":{"allow":["GET"]}}],"collection":[{"href":"https:\/\/www.v-label.com\/hu\/wp-json\/wp\/v2\/pages"}],"about":[{"href":"https:\/\/www.v-label.com\/hu\/wp-json\/wp\/v2\/types\/page"}],"author":[{"embeddable":true,"href":"https:\/\/www.v-label.com\/hu\/wp-json\/wp\/v2\/users\/5"}],"replies":[{"embeddable":true,"href":"https:\/\/www.v-label.com\/hu\/wp-json\/wp\/v2\/comments?post=7953"}],"version-history":[{"count":5,"href":"https:\/\/www.v-label.com\/hu\/wp-json\/wp\/v2\/pages\/7953\/revisions"}],"predecessor-version":[{"id":83890,"href":"https:\/\/www.v-label.com\/hu\/wp-json\/wp\/v2\/pages\/7953\/revisions\/83890"}],"up":[{"embeddable":true,"href":"https:\/\/www.v-label.com\/hu\/wp-json\/wp\/v2\/pages\/7896"}],"wp:featuredmedia":[{"embeddable":true,"href":"https:\/\/www.v-label.com\/hu\/wp-json\/wp\/v2\/media\/17556"}],"wp:attachment":[{"href":"https:\/\/www.v-label.com\/hu\/wp-json\/wp\/v2\/media?parent=7953"}],"wp:term":[{"taxonomy":"category","embeddable":true,"href":"https:\/\/www.v-label.com\/hu\/wp-json\/wp\/v2\/categories?post=7953"},{"taxonomy":"post_tag","embeddable":true,"href":"https:\/\/www.v-label.com\/hu\/wp-json\/wp\/v2\/tags?post=7953"}],"curies":[{"name":"wp","href":"https:\/\/api.w.org\/{rel}","templated":true}]}}