{"id":8017,"date":"2022-05-30T16:14:53","date_gmt":"2022-05-30T14:14:53","guid":{"rendered":"https:\/\/www.v-label.com\/branches\/"},"modified":"2022-12-10T09:35:02","modified_gmt":"2022-12-10T08:35:02","slug":"branches","status":"publish","type":"page","link":"https:\/\/www.v-label.com\/hu\/branches\/","title":{"rendered":"\u00c1ltal\u00e1nos Inform\u00e1ci\u00f3k"},"content":{"rendered":"\n<p>A n\u00f6v\u00e9nyi alap\u00fa \u00f6sszetev\u0151k glob\u00e1lis piac\u00e1n a sz\u00e1mok cs\u00facseredm\u00e9nyeket mutatnak m\u00e1r t\u00f6bb \u00e9ven kereszt\u00fcl, \u00e9s ez v\u00e1rhat\u00f3an \u00e9vente 8,94%-kal fog n\u00f6vekedni a 2019 \u00e9s 2025 k\u00f6z\u00f6tti id\u0151szakban. Am\u00edg 2018-ban a bev\u00e9telt 10.66 milli\u00e1rd USA dol\u00e1rra becs\u00fclt\u00e9k, ez a sz\u00e1m v\u00e1rhat\u00f3an el\u00e9ri a 27.98 milli\u00e1rd doll\u00e1rt 2027-ig.<\/p>\n\n\n\n<p>A fogyaszt\u00f3k vil\u00e1gszerte egyre ink\u00e1bb eg\u00e9szs\u00e9ges, erk\u00f6lcsileg tiszta, \u00e9s k\u00f6lts\u00e9ghat\u00e9kony term\u00e9keket keresnek, alacsony k\u00f6rnyezeti hat\u00e1ssal, amely term\u00e9szetszer\u0171leg \u00f6szt\u00f6nzi a veg\u00e1n \u00e9s veget\u00e1ri\u00e1nus alternat\u00edv\u00e1k ir\u00e1nti keresletet. Egyre t\u00f6bb v\u00e1llalat ismeri fel annak el\u0151nyeit, hogy eleget tegyen a piac n\u00f6vekv\u0151 sz\u00fcks\u00e9gleteinek, ami ig\u00e9nyli a k\u00fcl\u00f6nb\u00f6z\u0151, kiv\u00e1l\u00f3 min\u0151s\u00e9g\u0171, \u00e1llati eredet\u0171 anyagokt\u00f3l mentes term\u00e9keket.<\/p>\n\n\n\n<p>A fogyaszt\u00f3k egyre ink\u00e1bb az \u00e1tl\u00e1that\u00f3s\u00e1got ig\u00e9nylik a c\u00edmk\u00e9z\u00e9s sor\u00e1n. A veg\u00e1n- \u00e9s veget\u00e1ri\u00e1nus term\u00e9keket gyorsan \u00e9s magabiztosan szeretn\u00e9k beazonos\u00edtani. A G\u00fctesiegel Monitor 2020-ban a V-v\u00e9djegyet \u00fagy rangsorolta, mint az egyik a h\u00e1rom legmegb\u00edzhat\u00f3bb \u00e9lelmiszer-v\u00e9djegy k\u00f6z\u00fcl N\u00e9metorsz\u00e1gban. A f\u00fcggetlen szervezetek \u00e1ltal biztos\u00edtott min\u0151s\u00edt\u00e9ssel kapcsolatban a fogyaszt\u00f3knak nagyobb bizalma van, mint a gy\u00e1rt\u00f3 \u00e1ltal el\u0151\u00e1ll\u00edtott saj\u00e1t c\u00edmk\u00e9kkel szemben &#8211; csup\u00e1n N\u00e9metorsz\u00e1gban a fogyaszt\u00f3k 60%-a v\u00e9li \u00fagy, hogy egy k\u00f6rnyezetv\u00e9delmi int\u00e9zm\u00e9ny k\u00f6vetkezetesebb ellen\u0151rz\u00e9seket v\u00e9gez, mint egy mag\u00e1nk\u00e9zben l\u00e9v\u0151 min\u0151s\u00edt\u00e9si rendszer.<\/p>\n\n\n\r\n<ul id=\"pagelinks-block_9c5cc61fef7e8160a4f31e58c78899a7\" class=\"wp-block-pagelinks\">\r\n\t\t\t\t\t\t<li>\r\n\t\t\t\t<article>\r\n\t\t\t\t\t\t\t\t\t\t\t<a href=\"https:\/\/www.v-label.com\/hu\/branches\/cosmetics\/\" class=\"post_thumbnail\">\r\n\t\t\t\t\t\t\t<img decoding=\"async\" width=\"904\" height=\"720\" src=\"https:\/\/www.v-label.com\/wp-content\/uploads\/2022\/12\/cosmetics-1280-904x720.jpg\" class=\"attachment-preview size-preview wp-post-image\" alt=\"\" \/>\t\t\t\t\t\t<\/a>\r\n\t\t\t\t\t\t\t\t\t\t<div class=\"inner\">\r\n\t\t\t\t\t\t<div class=\"inner_top\">\r\n\t\t\t\t\t\t\t<header>\r\n\t\t\t\t\t\t\t\t<h3>\r\n\t\t\t\t\t\t\t\t\t<a href=\"https:\/\/www.v-label.com\/hu\/branches\/cosmetics\/\">Kozmetikai term\u00e9kek \u00e9s tiszt\u00edt\u00f3szerek<\/a>\r\n\t\t\t\t\t\t\t\t<\/h3>\r\n\t\t\t\t\t\t\t\t\t\t\t\t\t\t\t<\/header>\r\n\t\t\t\t\t\t\t\t\t\t\t\t\t\t\t<div class=\"excerpt\">\r\n\t\t\t\t\t\t\t\t\t<p>K\u00e9nyelem, saj\u00e1t eg\u00e9szs\u00e9g\u00fcnk figyelembe v\u00e9tele, \u00e9s egy hangos ki\u00e1lt\u00e1s a kegyetlens\u00e9g n\u00e9lk\u00fcli sz\u00e9ps\u00e9g\u00e9rt. Ez a h\u00e1rom f\u0151 oka annak, hogy a glob\u00e1lis veg\u00e1n kozmetikumok piaci m\u00e9rete 20,8 milli\u00e1rd doll\u00e1rt \u00e9r majd el 2025-re, ami 6,3%-os ar\u00e1nyban n\u00f6vekszik a Vegan Cosmetics Market Size, Share &amp; Trends Analysis (Veg\u00e1n kozmetikumok piaci m\u00e9rete, megoszl\u00e1sa \u00e9s trendek elemz\u00e9se) 2018 [&hellip;]<\/p>\r\n\t\t\t\t\t\t\t\t<\/div>\r\n\t\t\t\t\t\t\t\t\t\t\t\t\t<\/div>\r\n\t\t\t\t\t\t<a href=\"https:\/\/www.v-label.com\/hu\/branches\/cosmetics\/\" class=\"read_more\">Read more<\/a>\r\n\t\t\t\t\t<\/div>\r\n\t\t\t\t<\/article>\r\n\t\t\t<\/li>\r\n\t\t\t\t\t<li>\r\n\t\t\t\t<article>\r\n\t\t\t\t\t\t\t\t\t\t\t<a href=\"https:\/\/www.v-label.com\/hu\/branches\/food\/\" class=\"post_thumbnail\">\r\n\t\t\t\t\t\t\t<img decoding=\"async\" width=\"904\" height=\"720\" src=\"https:\/\/www.v-label.com\/wp-content\/uploads\/2022\/12\/v-label-food-sector-904x720.jpg\" class=\"attachment-preview size-preview wp-post-image\" alt=\"\" \/>\t\t\t\t\t\t<\/a>\r\n\t\t\t\t\t\t\t\t\t\t<div class=\"inner\">\r\n\t\t\t\t\t\t<div class=\"inner_top\">\r\n\t\t\t\t\t\t\t<header>\r\n\t\t\t\t\t\t\t\t<h3>\r\n\t\t\t\t\t\t\t\t\t<a href=\"https:\/\/www.v-label.com\/hu\/branches\/food\/\">\u00c9lelmiszer<\/a>\r\n\t\t\t\t\t\t\t\t<\/h3>\r\n\t\t\t\t\t\t\t\t\t\t\t\t\t\t\t<\/header>\r\n\t\t\t\t\t\t\t\t\t\t\t\t\t\t\t<div class=\"excerpt\">\r\n\t\t\t\t\t\t\t\t\t<p>Tudta-e, hogy az Euromonitor International szerint Nyugat-Eur\u00f3p\u00e1ban csak az elm\u00falt \u00e9vtizedben dupl\u00e1j\u00e1ra n\u0151tt a n\u00f6v\u00e9nyi \u00e9lelmiszerek piaca, ami a teljes glob\u00e1lis \u00f6sszbev\u00e9tel 38,5%-\u00e1t teszi ki? Am\u00edg vil\u00e1gszerte a n\u00f6v\u00e9nyi alap\u00fa \u00e9lelmiszerpiac v\u00e1rhat\u00f3an 8,94%-os ar\u00e1nyban n\u00f6vekszik, a feh\u00e9rje \u00e1gazat is 18%-kal felgyorsul, el\u00e9rve a 28 milli\u00e1rd doll\u00e1ros k\u00fcsz\u00f6b\u00e9rt\u00e9ket 2025-ig. Az \u00fajabbn\u00e1l \u00fajabb veg\u00e1n v\u00e1llalkoz\u00e1sok elind\u00edt\u00e1sa azonnal [&hellip;]<\/p>\r\n\t\t\t\t\t\t\t\t<\/div>\r\n\t\t\t\t\t\t\t\t\t\t\t\t\t<\/div>\r\n\t\t\t\t\t\t<a href=\"https:\/\/www.v-label.com\/hu\/branches\/food\/\" class=\"read_more\">Read more<\/a>\r\n\t\t\t\t\t<\/div>\r\n\t\t\t\t<\/article>\r\n\t\t\t<\/li>\r\n\t\t\t\t\t<li>\r\n\t\t\t\t<article>\r\n\t\t\t\t\t\t\t\t\t\t\t<a href=\"https:\/\/www.v-label.com\/hu\/branches\/gastronomy\/\" class=\"post_thumbnail\">\r\n\t\t\t\t\t\t\t<img decoding=\"async\" width=\"904\" height=\"720\" src=\"https:\/\/www.v-label.com\/wp-content\/uploads\/2022\/12\/gastronomy-1280-904x720.jpg\" class=\"attachment-preview size-preview wp-post-image\" alt=\"\" \/>\t\t\t\t\t\t<\/a>\r\n\t\t\t\t\t\t\t\t\t\t<div class=\"inner\">\r\n\t\t\t\t\t\t<div class=\"inner_top\">\r\n\t\t\t\t\t\t\t<header>\r\n\t\t\t\t\t\t\t\t<h3>\r\n\t\t\t\t\t\t\t\t\t<a href=\"https:\/\/www.v-label.com\/hu\/branches\/gastronomy\/\">Gasztron\u00f3mia<\/a>\r\n\t\t\t\t\t\t\t\t<\/h3>\r\n\t\t\t\t\t\t\t\t\t\t\t\t\t\t\t<\/header>\r\n\t\t\t\t\t\t\t\t\t\t\t\t\t\t\t<div class=\"excerpt\">\r\n\t\t\t\t\t\t\t\t\t<p>A k\u00e1v\u00e9 \u00fczletekt\u0151l kezdve a n\u00edv\u00f3s \u00e9ttermekig, bisztr\u00f3kig, \u00e9s a pop-up gasztrohelysz\u00ednekig az \u00e9lelmiszer-szolg\u00e1ltat\u00f3 ipar csaknem akkora, mint az \u00e9lelmiszeripar kiskereskedelmi \u00e1gazata. Az elm\u00falt \u00e9vtizedben a 40 \u00e9v alatti fogyaszt\u00f3k 52%-kal n\u00f6velt\u00e9k a gy\u00fcm\u00f6lcs- \u00e9s z\u00f6lds\u00e9gfogyaszt\u00e1sukat a Global Variability in Fruit and Vegetable Consumption szerint, ami egy olyan tanulm\u00e1ny, amelyet a Vil\u00e1g Eg\u00e9szs\u00e9g\u00fcgyi Szervezet (WHO) [&hellip;]<\/p>\r\n\t\t\t\t\t\t\t\t<\/div>\r\n\t\t\t\t\t\t\t\t\t\t\t\t\t<\/div>\r\n\t\t\t\t\t\t<a href=\"https:\/\/www.v-label.com\/hu\/branches\/gastronomy\/\" class=\"read_more\">Read more<\/a>\r\n\t\t\t\t\t<\/div>\r\n\t\t\t\t<\/article>\r\n\t\t\t<\/li>\r\n\t\t\t\t\t<li>\r\n\t\t\t\t<article>\r\n\t\t\t\t\t\t\t\t\t\t\t<a href=\"https:\/\/www.v-label.com\/hu\/branches\/non-food\/\" class=\"post_thumbnail\">\r\n\t\t\t\t\t\t\t<img decoding=\"async\" width=\"904\" height=\"692\" src=\"https:\/\/www.v-label.com\/wp-content\/uploads\/2022\/12\/v-label-non-food-sectors-904x692.jpg\" class=\"attachment-preview size-preview wp-post-image\" alt=\"\" \/>\t\t\t\t\t\t<\/a>\r\n\t\t\t\t\t\t\t\t\t\t<div class=\"inner\">\r\n\t\t\t\t\t\t<div class=\"inner_top\">\r\n\t\t\t\t\t\t\t<header>\r\n\t\t\t\t\t\t\t\t<h3>\r\n\t\t\t\t\t\t\t\t\t<a href=\"https:\/\/www.v-label.com\/hu\/branches\/non-food\/\">Nem \u00e9lelmiszerterm\u00e9kek<\/a>\r\n\t\t\t\t\t\t\t\t<\/h3>\r\n\t\t\t\t\t\t\t\t\t\t\t\t\t\t\t<\/header>\r\n\t\t\t\t\t\t\t\t\t\t\t\t\t\t\t<div class=\"excerpt\">\r\n\t\t\t\t\t\t\t\t\t<p>Az elk\u00f6vetkez\u0151 \u00e9vek vir\u00e1gz\u00f3 ipar\u00e1ga, a veg\u00e1n \u00e9s az \u00e1llatk\u00eds\u00e9rlet-mentesen el\u0151\u00e1ll\u00edtott divatterm\u00e9kek m\u00e1r manaps\u00e1g men\u0151nek \u00e9s f\u00e9ny\u0171z\u0151nek sz\u00e1m\u00edtanak. A vil\u00e1gszint\u0171 veg\u00e1n n\u0151i divat piac\u00e1t 396,3 milli\u00e1rd USA doll\u00e1rra becs\u00fclt\u00e9k m\u00e1r 2019-ben, \u00e9s ez v\u00e1rhat\u00f3an 13,6%-os ar\u00e1nnyal fog n\u00f6vekedni 2027-re a Statista.com \u00e9rt\u00e9kel\u00e9se szerint. A veg\u00e1n b\u0151rpiac az ipar\u00e1g hajt\u00f3ereje, ami els\u0151sorban a technikai fejl\u0151d\u00e9snek k\u00f6sz\u00f6nheti [&hellip;]<\/p>\r\n\t\t\t\t\t\t\t\t<\/div>\r\n\t\t\t\t\t\t\t\t\t\t\t\t\t<\/div>\r\n\t\t\t\t\t\t<a href=\"https:\/\/www.v-label.com\/hu\/branches\/non-food\/\" class=\"read_more\">Read more<\/a>\r\n\t\t\t\t\t<\/div>\r\n\t\t\t\t<\/article>\r\n\t\t\t<\/li>\r\n\t\t\t<\/ul>","protected":false},"excerpt":{"rendered":"<p>A n\u00f6v\u00e9nyi alap\u00fa \u00f6sszetev\u0151k glob\u00e1lis piac\u00e1n a sz\u00e1mok cs\u00facseredm\u00e9nyeket mutatnak m\u00e1r t\u00f6bb \u00e9ven kereszt\u00fcl, \u00e9s ez v\u00e1rhat\u00f3an \u00e9vente 8,94%-kal fog n\u00f6vekedni a 2019 \u00e9s 2025 k\u00f6z\u00f6tti id\u0151szakban. Am\u00edg 2018-ban a bev\u00e9telt 10.66 milli\u00e1rd USA dol\u00e1rra becs\u00fclt\u00e9k, ez a sz\u00e1m v\u00e1rhat\u00f3an el\u00e9ri a 27.98 milli\u00e1rd doll\u00e1rt 2027-ig. A fogyaszt\u00f3k vil\u00e1gszerte egyre ink\u00e1bb eg\u00e9szs\u00e9ges, erk\u00f6lcsileg tiszta, \u00e9s [&hellip;]<\/p>\n","protected":false},"author":5,"featured_media":16975,"parent":0,"menu_order":0,"comment_status":"closed","ping_status":"closed","template":"","meta":{"_acf_changed":false,"_editorskit_title_hidden":false,"_editorskit_reading_time":0,"_editorskit_is_block_options_detached":false,"_editorskit_block_options_position":"{}","inline_featured_image":false,"_uag_custom_page_level_css":"","footnotes":""},"categories":[],"tags":[],"class_list":["post-8017","page","type-page","status-publish","has-post-thumbnail","hentry"],"acf":[],"uagb_featured_image_src":{"full":["https:\/\/www.v-label.com\/wp-content\/uploads\/2022\/12\/v-label-general-info-sectors.jpg",1280,716,false],"thumbnail":["https:\/\/www.v-label.com\/wp-content\/uploads\/2022\/12\/v-label-general-info-sectors-500x280.jpg",500,280,true],"medium":["https:\/\/www.v-label.com\/wp-content\/uploads\/2022\/12\/v-label-general-info-sectors-300x168.jpg",300,168,true],"medium_large":["https:\/\/www.v-label.com\/wp-content\/uploads\/2022\/12\/v-label-general-info-sectors-768x430.jpg",768,430,true],"large":["https:\/\/www.v-label.com\/wp-content\/uploads\/2022\/12\/v-label-general-info-sectors-1024x573.jpg",1024,573,true],"1536x1536":["https:\/\/www.v-label.com\/wp-content\/uploads\/2022\/12\/v-label-general-info-sectors.jpg",1280,716,false],"2048x2048":["https:\/\/www.v-label.com\/wp-content\/uploads\/2022\/12\/v-label-general-info-sectors.jpg",1280,716,false],"preview":["https:\/\/www.v-label.com\/wp-content\/uploads\/2022\/12\/v-label-general-info-sectors-904x716.jpg",904,716,true],"header":["https:\/\/www.v-label.com\/wp-content\/uploads\/2022\/12\/v-label-general-info-sectors.jpg",1280,716,false],"gform-image-choice-sm":["https:\/\/www.v-label.com\/wp-content\/uploads\/2022\/12\/v-label-general-info-sectors.jpg",300,168,false],"gform-image-choice-md":["https:\/\/www.v-label.com\/wp-content\/uploads\/2022\/12\/v-label-general-info-sectors.jpg",400,224,false],"gform-image-choice-lg":["https:\/\/www.v-label.com\/wp-content\/uploads\/2022\/12\/v-label-general-info-sectors.jpg",600,336,false]},"uagb_author_info":{"display_name":"Can Aslan","author_link":"https:\/\/www.v-label.com\/hu"},"uagb_comment_info":0,"uagb_excerpt":"A n\u00f6v\u00e9nyi alap\u00fa \u00f6sszetev\u0151k glob\u00e1lis piac\u00e1n a sz\u00e1mok cs\u00facseredm\u00e9nyeket mutatnak m\u00e1r t\u00f6bb \u00e9ven kereszt\u00fcl, \u00e9s ez v\u00e1rhat\u00f3an \u00e9vente 8,94%-kal fog n\u00f6vekedni a 2019 \u00e9s 2025 k\u00f6z\u00f6tti id\u0151szakban. Am\u00edg 2018-ban a bev\u00e9telt 10.66 milli\u00e1rd USA dol\u00e1rra becs\u00fclt\u00e9k, ez a sz\u00e1m v\u00e1rhat\u00f3an el\u00e9ri a 27.98 milli\u00e1rd doll\u00e1rt 2027-ig. A fogyaszt\u00f3k vil\u00e1gszerte egyre ink\u00e1bb eg\u00e9szs\u00e9ges, erk\u00f6lcsileg tiszta, \u00e9s&hellip;","_links":{"self":[{"href":"https:\/\/www.v-label.com\/hu\/wp-json\/wp\/v2\/pages\/8017","targetHints":{"allow":["GET"]}}],"collection":[{"href":"https:\/\/www.v-label.com\/hu\/wp-json\/wp\/v2\/pages"}],"about":[{"href":"https:\/\/www.v-label.com\/hu\/wp-json\/wp\/v2\/types\/page"}],"author":[{"embeddable":true,"href":"https:\/\/www.v-label.com\/hu\/wp-json\/wp\/v2\/users\/5"}],"replies":[{"embeddable":true,"href":"https:\/\/www.v-label.com\/hu\/wp-json\/wp\/v2\/comments?post=8017"}],"version-history":[{"count":4,"href":"https:\/\/www.v-label.com\/hu\/wp-json\/wp\/v2\/pages\/8017\/revisions"}],"predecessor-version":[{"id":10478,"href":"https:\/\/www.v-label.com\/hu\/wp-json\/wp\/v2\/pages\/8017\/revisions\/10478"}],"wp:featuredmedia":[{"embeddable":true,"href":"https:\/\/www.v-label.com\/hu\/wp-json\/wp\/v2\/media\/16975"}],"wp:attachment":[{"href":"https:\/\/www.v-label.com\/hu\/wp-json\/wp\/v2\/media?parent=8017"}],"wp:term":[{"taxonomy":"category","embeddable":true,"href":"https:\/\/www.v-label.com\/hu\/wp-json\/wp\/v2\/categories?post=8017"},{"taxonomy":"post_tag","embeddable":true,"href":"https:\/\/www.v-label.com\/hu\/wp-json\/wp\/v2\/tags?post=8017"}],"curies":[{"name":"wp","href":"https:\/\/api.w.org\/{rel}","templated":true}]}}