{"id":8056,"date":"2022-05-30T16:15:29","date_gmt":"2022-05-30T14:15:29","guid":{"rendered":"https:\/\/www.v-label.com\/branches\/cosmetics\/"},"modified":"2022-12-25T10:08:01","modified_gmt":"2022-12-25T09:08:01","slug":"cosmetics","status":"publish","type":"page","link":"https:\/\/www.v-label.com\/hu\/branches\/cosmetics\/","title":{"rendered":"Kozmetikai term\u00e9kek \u00e9s tiszt\u00edt\u00f3szerek"},"content":{"rendered":"\n<p>K\u00e9nyelem, saj\u00e1t eg\u00e9szs\u00e9g\u00fcnk figyelembe v\u00e9tele, \u00e9s egy hangos ki\u00e1lt\u00e1s a kegyetlens\u00e9g n\u00e9lk\u00fcli sz\u00e9ps\u00e9g\u00e9rt. Ez a h\u00e1rom f\u0151 oka annak, hogy a glob\u00e1lis veg\u00e1n kozmetikumok piaci m\u00e9rete 20,8 milli\u00e1rd doll\u00e1rt \u00e9r majd el 2025-re, ami 6,3%-os ar\u00e1nyban n\u00f6vekszik a Vegan Cosmetics Market Size, Share &amp; Trends Analysis (Veg\u00e1n kozmetikumok piaci m\u00e9rete, megoszl\u00e1sa \u00e9s trendek elemz\u00e9se) 2018 \u00e9vi jelent\u00e9se szerint.<\/p>\n\n\n\n<p>Eur\u00f3pa jelent\u0151s r\u00e9szesed\u00e9ssel rendelkezik ezen a piacon, mik\u00f6zben az \u00e1llatokon nem vizsg\u00e1lt term\u00e9kek ir\u00e1nti ig\u00e9ny kiemelked\u0151 m\u00e9reteket \u00f6lt. A b\u0151r\u00e1pol\u00e1st\u00f3l kezdve a dezodorok haszn\u00e1lat\u00e1n kereszt\u00fcl eg\u00e9szen a samponokig egyre t\u00f6bb fogyaszt\u00f3i r\u00e9teg keresi v\u00e1s\u00e1rl\u00e1s k\u00f6zben az olyan kulcsszavakat, mint p\u00e9ld\u00e1ul a veg\u00e1n.<\/p>\n\n\n\n<p>Mivel a veg\u00e1n kozmetikumok m\u00e9g mindig \u00fajdons\u00e1gnak sz\u00e1m\u00edtanak, a fogyaszt\u00f3k nagym\u00e9rt\u00e9kben befogad\u00f3ak a v\u00e9djeggyel \u00e9s m\u00e1s ismertet\u0151jelekkel szemben, amelyek igazolj\u00e1k, hogy az \u00e1ltaluk v\u00e1lasztott term\u00e9k veg\u00e1n vagy veget\u00e1ri\u00e1nus. Tudta \u00f6n, hogy a Vegan Society szerint az emberek 19%-a ellen\u0151rzi, hogy tesztelik-e \u00e1llatokon az \u00e1ltaluk haszn\u00e1lt piperecikkeket? Szerezze meg term\u00e9k\u00e9nek ezt az ismertet\u0151t a V-v\u00e9djegy seg\u00edts\u00e9g\u00e9vel, \u00e9s legyen emiatt term\u00e9szetes v\u00e1laszt\u00e1s minden fogyaszt\u00f3ja sz\u00e1m\u00e1ra!<\/p>\n\n\n\n<p>\u00dagy l\u00e1tszik, nem csak a sz\u00e9ps\u00e9g\u00e1pol\u00e1s a tan\u00faja a veg\u00e1n \u00e9s veget\u00e1ri\u00e1nus alternat\u00edv\u00e1k felemelked\u00e9s\u00e9nek, hanem a h\u00e1ztart\u00e1s is. Tegyen \u00e9rte, hogy a tiszt\u00edt\u00f3szerek is kiemelkedjenek a szemet gy\u00f6ny\u00f6rk\u00f6dtet\u0151 V-v\u00e9djegy miatt!<\/p>\n\n\n\n<div class=\"wp-block-buttons is-content-justification-center is-layout-flex wp-container-core-buttons-is-layout-16018d1d wp-block-buttons-is-layout-flex\">\n<div class=\"wp-block-button\"><a class=\"wp-block-button__link wp-element-button\" href=\"https:\/\/www.v-label.com\/hu\/for-business\/get-certified\/\">Ig\u00e9nyelje a V-v\u00e9djegy tan\u00fas\u00edt\u00e1st<\/a><\/div>\n<\/div>\n","protected":false},"excerpt":{"rendered":"<p>K\u00e9nyelem, saj\u00e1t eg\u00e9szs\u00e9g\u00fcnk figyelembe v\u00e9tele, \u00e9s egy hangos ki\u00e1lt\u00e1s a kegyetlens\u00e9g n\u00e9lk\u00fcli sz\u00e9ps\u00e9g\u00e9rt. Ez a h\u00e1rom f\u0151 oka annak, hogy a glob\u00e1lis veg\u00e1n kozmetikumok piaci m\u00e9rete 20,8 milli\u00e1rd doll\u00e1rt \u00e9r majd el 2025-re, ami 6,3%-os ar\u00e1nyban n\u00f6vekszik a Vegan Cosmetics Market Size, Share &amp; Trends Analysis (Veg\u00e1n kozmetikumok piaci m\u00e9rete, megoszl\u00e1sa \u00e9s trendek elemz\u00e9se) 2018 [&hellip;]<\/p>\n","protected":false},"author":5,"featured_media":17281,"parent":8017,"menu_order":0,"comment_status":"closed","ping_status":"closed","template":"","meta":{"_acf_changed":false,"_editorskit_title_hidden":false,"_editorskit_reading_time":0,"_editorskit_is_block_options_detached":false,"_editorskit_block_options_position":"{}","inline_featured_image":false,"_uag_custom_page_level_css":"","footnotes":""},"categories":[],"tags":[],"class_list":["post-8056","page","type-page","status-publish","has-post-thumbnail","hentry"],"acf":[],"uagb_featured_image_src":{"full":["https:\/\/www.v-label.com\/wp-content\/uploads\/2022\/12\/cosmetics-1280.jpg",1280,868,false],"thumbnail":["https:\/\/www.v-label.com\/wp-content\/uploads\/2022\/12\/cosmetics-1280-500x339.jpg",500,339,true],"medium":["https:\/\/www.v-label.com\/wp-content\/uploads\/2022\/12\/cosmetics-1280-300x203.jpg",300,203,true],"medium_large":["https:\/\/www.v-label.com\/wp-content\/uploads\/2022\/12\/cosmetics-1280-768x521.jpg",768,521,true],"large":["https:\/\/www.v-label.com\/wp-content\/uploads\/2022\/12\/cosmetics-1280-1024x694.jpg",1024,694,true],"1536x1536":["https:\/\/www.v-label.com\/wp-content\/uploads\/2022\/12\/cosmetics-1280.jpg",1280,868,false],"2048x2048":["https:\/\/www.v-label.com\/wp-content\/uploads\/2022\/12\/cosmetics-1280.jpg",1280,868,false],"preview":["https:\/\/www.v-label.com\/wp-content\/uploads\/2022\/12\/cosmetics-1280-904x720.jpg",904,720,true],"header":["https:\/\/www.v-label.com\/wp-content\/uploads\/2022\/12\/cosmetics-1280-1280x720.jpg",1280,720,true],"gform-image-choice-sm":["https:\/\/www.v-label.com\/wp-content\/uploads\/2022\/12\/cosmetics-1280.jpg",300,203,false],"gform-image-choice-md":["https:\/\/www.v-label.com\/wp-content\/uploads\/2022\/12\/cosmetics-1280.jpg",400,271,false],"gform-image-choice-lg":["https:\/\/www.v-label.com\/wp-content\/uploads\/2022\/12\/cosmetics-1280.jpg",600,407,false]},"uagb_author_info":{"display_name":"Can Aslan","author_link":"https:\/\/www.v-label.com\/hu"},"uagb_comment_info":0,"uagb_excerpt":"K\u00e9nyelem, saj\u00e1t eg\u00e9szs\u00e9g\u00fcnk figyelembe v\u00e9tele, \u00e9s egy hangos ki\u00e1lt\u00e1s a kegyetlens\u00e9g n\u00e9lk\u00fcli sz\u00e9ps\u00e9g\u00e9rt. Ez a h\u00e1rom f\u0151 oka annak, hogy a glob\u00e1lis veg\u00e1n kozmetikumok piaci m\u00e9rete 20,8 milli\u00e1rd doll\u00e1rt \u00e9r majd el 2025-re, ami 6,3%-os ar\u00e1nyban n\u00f6vekszik a Vegan Cosmetics Market Size, Share &amp; Trends Analysis (Veg\u00e1n kozmetikumok piaci m\u00e9rete, megoszl\u00e1sa \u00e9s trendek elemz\u00e9se) 2018&hellip;","_links":{"self":[{"href":"https:\/\/www.v-label.com\/hu\/wp-json\/wp\/v2\/pages\/8056","targetHints":{"allow":["GET"]}}],"collection":[{"href":"https:\/\/www.v-label.com\/hu\/wp-json\/wp\/v2\/pages"}],"about":[{"href":"https:\/\/www.v-label.com\/hu\/wp-json\/wp\/v2\/types\/page"}],"author":[{"embeddable":true,"href":"https:\/\/www.v-label.com\/hu\/wp-json\/wp\/v2\/users\/5"}],"replies":[{"embeddable":true,"href":"https:\/\/www.v-label.com\/hu\/wp-json\/wp\/v2\/comments?post=8056"}],"version-history":[{"count":7,"href":"https:\/\/www.v-label.com\/hu\/wp-json\/wp\/v2\/pages\/8056\/revisions"}],"predecessor-version":[{"id":34991,"href":"https:\/\/www.v-label.com\/hu\/wp-json\/wp\/v2\/pages\/8056\/revisions\/34991"}],"up":[{"embeddable":true,"href":"https:\/\/www.v-label.com\/hu\/wp-json\/wp\/v2\/pages\/8017"}],"wp:featuredmedia":[{"embeddable":true,"href":"https:\/\/www.v-label.com\/hu\/wp-json\/wp\/v2\/media\/17281"}],"wp:attachment":[{"href":"https:\/\/www.v-label.com\/hu\/wp-json\/wp\/v2\/media?parent=8056"}],"wp:term":[{"taxonomy":"category","embeddable":true,"href":"https:\/\/www.v-label.com\/hu\/wp-json\/wp\/v2\/categories?post=8056"},{"taxonomy":"post_tag","embeddable":true,"href":"https:\/\/www.v-label.com\/hu\/wp-json\/wp\/v2\/tags?post=8056"}],"curies":[{"name":"wp","href":"https:\/\/api.w.org\/{rel}","templated":true}]}}