{"id":8090,"date":"2022-05-30T16:15:11","date_gmt":"2022-05-30T14:15:11","guid":{"rendered":"https:\/\/www.v-label.com\/branches\/food\/"},"modified":"2022-12-25T09:50:36","modified_gmt":"2022-12-25T08:50:36","slug":"food","status":"publish","type":"page","link":"https:\/\/www.v-label.com\/hu\/branches\/food\/","title":{"rendered":"\u00c9lelmiszer"},"content":{"rendered":"\n<p>Tudta-e, hogy az Euromonitor International szerint Nyugat-Eur\u00f3p\u00e1ban csak az elm\u00falt \u00e9vtizedben dupl\u00e1j\u00e1ra n\u0151tt a n\u00f6v\u00e9nyi \u00e9lelmiszerek piaca, ami a teljes glob\u00e1lis \u00f6sszbev\u00e9tel 38,5%-\u00e1t teszi ki?<\/p>\n\n\n\n<p>Am\u00edg vil\u00e1gszerte a n\u00f6v\u00e9nyi alap\u00fa \u00e9lelmiszerpiac v\u00e1rhat\u00f3an 8,94%-os ar\u00e1nyban n\u00f6vekszik, a feh\u00e9rje \u00e1gazat is 18%-kal felgyorsul, el\u00e9rve a 28 milli\u00e1rd doll\u00e1ros k\u00fcsz\u00f6b\u00e9rt\u00e9ket 2025-ig. Az \u00fajabbn\u00e1l \u00fajabb veg\u00e1n v\u00e1llalkoz\u00e1sok elind\u00edt\u00e1sa azonnal jav\u00edtja a statisztikai adatokat: a veg\u00e1n marhah\u00fas, hal, sajt, tej, joghurt, toj\u00e1s, s\u00fctem\u00e9nyek, vitaminok \u00e9s kieg\u00e9sz\u00edt\u0151k n\u00f6vekv\u0151 ig\u00e9ny\u00e9nek kiel\u00e9g\u00edt\u00e9s\u00e9re \u00f6sszpontos\u00edtanak, mik\u00f6zben mindegyik k\u00fcl\u00f6nb\u00f6z\u0151 vir\u00e1gz\u00f3 piacot jelent a v\u00e1llalkoz\u00e1snak. R\u00e1ad\u00e1sul a szegmens piacok term\u00e9kei be\u00e9p\u00fcltek a hagyom\u00e1nyos kiskereskedelmi l\u00e1ncokba, \u00e9s ez\u00e1ltal a megl\u00e9v\u0151 \u00e9lelmiszertermel\u0151k veg\u00e1n- \u00e9s veget\u00e1ri\u00e1nus \u00e1rufajt\u00e1kat vezetnek be.<\/p>\n\n\n\n<p>\u00c9rdekes, hogy ez csak a kezdet. A ProVeg International szerint az emelked\u0151 beruh\u00e1z\u00e1sok a technol\u00f3giai innov\u00e1ci\u00f3 ter\u00e9n biztos\u00edtj\u00e1k, hogy ezen term\u00e9kek \u00edze, szerkezete, \u00e9s \u00e1llaga folyamatosan javuljon a tov\u00e1bbi \u00f6sszetev\u0151 \u00e9s feldolgoz\u00e1s fejleszt\u00e9sek v\u00e9gett. Mint a legismertebb veg\u00e1n \u00e9s veget\u00e1ri\u00e1nus v\u00e9djegy az \u00e9lelmiszer-szegmensben, a V-v\u00e9djegy azt jelenti, hogy \u00f6n is \u00e9lvezheti az el\u0151ny\u00e9t ennek a p\u00e9ld\u00e1tlan piaci n\u00f6veked\u00e9snek.<\/p>\n\n\n\n<div class=\"wp-block-buttons is-content-justification-center is-layout-flex wp-container-core-buttons-is-layout-16018d1d wp-block-buttons-is-layout-flex\">\n<div class=\"wp-block-button\"><a class=\"wp-block-button__link wp-element-button\" href=\"https:\/\/www.v-label.com\/hu\/for-business\/get-certified\/\">Ig\u00e9nyelje a V-v\u00e9djegy tan\u00fas\u00edt\u00e1st<\/a><\/div>\n<\/div>\n","protected":false},"excerpt":{"rendered":"<p>Tudta-e, hogy az Euromonitor International szerint Nyugat-Eur\u00f3p\u00e1ban csak az elm\u00falt \u00e9vtizedben dupl\u00e1j\u00e1ra n\u0151tt a n\u00f6v\u00e9nyi \u00e9lelmiszerek piaca, ami a teljes glob\u00e1lis \u00f6sszbev\u00e9tel 38,5%-\u00e1t teszi ki? Am\u00edg vil\u00e1gszerte a n\u00f6v\u00e9nyi alap\u00fa \u00e9lelmiszerpiac v\u00e1rhat\u00f3an 8,94%-os ar\u00e1nyban n\u00f6vekszik, a feh\u00e9rje \u00e1gazat is 18%-kal felgyorsul, el\u00e9rve a 28 milli\u00e1rd doll\u00e1ros k\u00fcsz\u00f6b\u00e9rt\u00e9ket 2025-ig. Az \u00fajabbn\u00e1l \u00fajabb veg\u00e1n v\u00e1llalkoz\u00e1sok elind\u00edt\u00e1sa azonnal [&hellip;]<\/p>\n","protected":false},"author":5,"featured_media":16996,"parent":8017,"menu_order":0,"comment_status":"closed","ping_status":"closed","template":"","meta":{"_acf_changed":false,"_editorskit_title_hidden":false,"_editorskit_reading_time":0,"_editorskit_is_block_options_detached":false,"_editorskit_block_options_position":"{}","inline_featured_image":false,"_uag_custom_page_level_css":"","footnotes":""},"categories":[],"tags":[],"class_list":["post-8090","page","type-page","status-publish","has-post-thumbnail","hentry"],"acf":[],"uagb_featured_image_src":{"full":["https:\/\/www.v-label.com\/wp-content\/uploads\/2022\/12\/v-label-food-sector.jpg",1280,857,false],"thumbnail":["https:\/\/www.v-label.com\/wp-content\/uploads\/2022\/12\/v-label-food-sector-500x335.jpg",500,335,true],"medium":["https:\/\/www.v-label.com\/wp-content\/uploads\/2022\/12\/v-label-food-sector-300x201.jpg",300,201,true],"medium_large":["https:\/\/www.v-label.com\/wp-content\/uploads\/2022\/12\/v-label-food-sector-768x514.jpg",768,514,true],"large":["https:\/\/www.v-label.com\/wp-content\/uploads\/2022\/12\/v-label-food-sector-1024x686.jpg",1024,686,true],"1536x1536":["https:\/\/www.v-label.com\/wp-content\/uploads\/2022\/12\/v-label-food-sector.jpg",1280,857,false],"2048x2048":["https:\/\/www.v-label.com\/wp-content\/uploads\/2022\/12\/v-label-food-sector.jpg",1280,857,false],"preview":["https:\/\/www.v-label.com\/wp-content\/uploads\/2022\/12\/v-label-food-sector-904x720.jpg",904,720,true],"header":["https:\/\/www.v-label.com\/wp-content\/uploads\/2022\/12\/v-label-food-sector-1280x720.jpg",1280,720,true],"gform-image-choice-sm":["https:\/\/www.v-label.com\/wp-content\/uploads\/2022\/12\/v-label-food-sector.jpg",300,201,false],"gform-image-choice-md":["https:\/\/www.v-label.com\/wp-content\/uploads\/2022\/12\/v-label-food-sector.jpg",400,268,false],"gform-image-choice-lg":["https:\/\/www.v-label.com\/wp-content\/uploads\/2022\/12\/v-label-food-sector.jpg",600,402,false]},"uagb_author_info":{"display_name":"Can Aslan","author_link":"https:\/\/www.v-label.com\/hu"},"uagb_comment_info":0,"uagb_excerpt":"Tudta-e, hogy az Euromonitor International szerint Nyugat-Eur\u00f3p\u00e1ban csak az elm\u00falt \u00e9vtizedben dupl\u00e1j\u00e1ra n\u0151tt a n\u00f6v\u00e9nyi \u00e9lelmiszerek piaca, ami a teljes glob\u00e1lis \u00f6sszbev\u00e9tel 38,5%-\u00e1t teszi ki? Am\u00edg vil\u00e1gszerte a n\u00f6v\u00e9nyi alap\u00fa \u00e9lelmiszerpiac v\u00e1rhat\u00f3an 8,94%-os ar\u00e1nyban n\u00f6vekszik, a feh\u00e9rje \u00e1gazat is 18%-kal felgyorsul, el\u00e9rve a 28 milli\u00e1rd doll\u00e1ros k\u00fcsz\u00f6b\u00e9rt\u00e9ket 2025-ig. Az \u00fajabbn\u00e1l \u00fajabb veg\u00e1n v\u00e1llalkoz\u00e1sok elind\u00edt\u00e1sa azonnal&hellip;","_links":{"self":[{"href":"https:\/\/www.v-label.com\/hu\/wp-json\/wp\/v2\/pages\/8090","targetHints":{"allow":["GET"]}}],"collection":[{"href":"https:\/\/www.v-label.com\/hu\/wp-json\/wp\/v2\/pages"}],"about":[{"href":"https:\/\/www.v-label.com\/hu\/wp-json\/wp\/v2\/types\/page"}],"author":[{"embeddable":true,"href":"https:\/\/www.v-label.com\/hu\/wp-json\/wp\/v2\/users\/5"}],"replies":[{"embeddable":true,"href":"https:\/\/www.v-label.com\/hu\/wp-json\/wp\/v2\/comments?post=8090"}],"version-history":[{"count":6,"href":"https:\/\/www.v-label.com\/hu\/wp-json\/wp\/v2\/pages\/8090\/revisions"}],"predecessor-version":[{"id":34951,"href":"https:\/\/www.v-label.com\/hu\/wp-json\/wp\/v2\/pages\/8090\/revisions\/34951"}],"up":[{"embeddable":true,"href":"https:\/\/www.v-label.com\/hu\/wp-json\/wp\/v2\/pages\/8017"}],"wp:featuredmedia":[{"embeddable":true,"href":"https:\/\/www.v-label.com\/hu\/wp-json\/wp\/v2\/media\/16996"}],"wp:attachment":[{"href":"https:\/\/www.v-label.com\/hu\/wp-json\/wp\/v2\/media?parent=8090"}],"wp:term":[{"taxonomy":"category","embeddable":true,"href":"https:\/\/www.v-label.com\/hu\/wp-json\/wp\/v2\/categories?post=8090"},{"taxonomy":"post_tag","embeddable":true,"href":"https:\/\/www.v-label.com\/hu\/wp-json\/wp\/v2\/tags?post=8090"}],"curies":[{"name":"wp","href":"https:\/\/api.w.org\/{rel}","templated":true}]}}