{"id":8158,"date":"2022-05-30T16:15:52","date_gmt":"2022-05-30T14:15:52","guid":{"rendered":"https:\/\/www.v-label.com\/branches\/non-food\/"},"modified":"2022-12-25T10:19:32","modified_gmt":"2022-12-25T09:19:32","slug":"non-food","status":"publish","type":"page","link":"https:\/\/www.v-label.com\/hu\/branches\/non-food\/","title":{"rendered":"Nem \u00e9lelmiszerterm\u00e9kek"},"content":{"rendered":"\n<p>Az elk\u00f6vetkez\u0151 \u00e9vek vir\u00e1gz\u00f3 ipar\u00e1ga, a veg\u00e1n \u00e9s az \u00e1llatk\u00eds\u00e9rlet-mentesen el\u0151\u00e1ll\u00edtott divatterm\u00e9kek m\u00e1r manaps\u00e1g men\u0151nek \u00e9s f\u00e9ny\u0171z\u0151nek sz\u00e1m\u00edtanak. A vil\u00e1gszint\u0171 veg\u00e1n n\u0151i divat piac\u00e1t 396,3 milli\u00e1rd USA doll\u00e1rra becs\u00fclt\u00e9k m\u00e1r 2019-ben, \u00e9s ez v\u00e1rhat\u00f3an 13,6%-os ar\u00e1nnyal fog n\u00f6vekedni 2027-re a <a href=\"http:\/\/statista.com\/\" target=\"_blank\" rel=\"noopener\">Statista.com<\/a> \u00e9rt\u00e9kel\u00e9se szerint. A veg\u00e1n b\u0151rpiac az ipar\u00e1g hajt\u00f3ereje, ami els\u0151sorban a technikai fejl\u0151d\u00e9snek k\u00f6sz\u00f6nheti az el\u0151rehalad\u00e1st, amely \u00e1ltal t\u00f6k\u00e9letes\u00edtik az \u00faj anyagokat \u00e9s n\u00f6velik a veg\u00e1n b\u0151r \u00e9lettartalm\u00e1t. A m\u0171anyag alap\u00fa b\u0151r helyett egyre t\u00f6bbet l\u00e1tunk fenntarthat\u00f3, term\u00e9szetes forr\u00e1sokb\u00f3l sz\u00e1rmaz\u00f3 olyan v\u00e1ltozatos anyagokat, mint az anan\u00e1szlev\u00e9l, az erjesztett \u00e9leszt\u0151, a bor\u00e1szati mell\u00e9kterm\u00e9kek, \u00e9s a k\u00fcl\u00f6nf\u00e9le gomb\u00e1k. A cellul\u00f3zsz\u00e1lak, mint alternat\u00edv\u00e1k a gyapj\u00fa \u00e9s selyem helyett, ugyancsak fejleszt\u00e9s alatt \u00e1llnak, csak\u00fagy mint a k\u00fcl\u00f6nb\u00f6z\u0151 \u00e9rt\u00e9kn\u00f6velt \u00fajrahasznos\u00edt\u00e1s sor\u00e1n k\u00e9sz\u00fclt anyagok, melyek korszer\u0171s\u00edt\u00e9s\u00e9vel egyre n\u00e9pszer\u0171bb\u00e9 v\u00e1lik a veg\u00e1n sportruh\u00e1zat.<\/p>\n\n\n\n<p>V\u00e9g\u00fcl, de nem utols\u00f3sorban, ez nem csak a ruh\u00e1zatr\u00f3l, a k\u00e9zit\u00e1sk\u00e1kr\u00f3l \u00e9s a cip\u0151kr\u0151l sz\u00f3l. M\u00e1s, nem \u00e9lelmiszeripari \u00e1gazatok is szemben\u00e9znek a kih\u00edv\u00e1ssal, \u00e9s \u00f6szt\u00f6n\u00f6z\u00f6ttek, hogy veg\u00e1n, \u00e1llatkis\u00e9rlet-mentes term\u00e9keket (k\u00f6nyveket, \u00e9kszereket, vagy gyerty\u00e1kat) \u00e1ll\u00edtsanak el\u0151. A veg\u00e1n \u00e9s veget\u00e1ri\u00e1nus v\u00e9djeggyel ell\u00e1tott term\u00e9keket hozz\u00e1adott \u00e9rt\u00e9kes\u00edt\u00e9si ponttal rendelkez\u0151 \u00e1runak tekintik, ami megk\u00fcl\u00f6nb\u00f6ztet\u0151 ism\u00e9rvvel rendelkezik. Mindez ezen k\u00edv\u00fcl seg\u00edti a fogyaszt\u00f3kat, hogy sikeresen v\u00e1lasszanak, \u00e9s biztons\u00e1gos, fenntarthat\u00f3 ruh\u00e1zatot tal\u00e1ljanak az e-kereskedelemben vagy a kiskereskedelmi \u00fczletekben.<\/p>\n\n\n\n<div class=\"wp-block-buttons is-content-justification-center is-layout-flex wp-container-core-buttons-is-layout-16018d1d wp-block-buttons-is-layout-flex\">\n<div class=\"wp-block-button\"><a class=\"wp-block-button__link wp-element-button\" href=\"https:\/\/www.v-label.com\/hu\/for-business\/get-certified\/\">Ig\u00e9nyelje a V-v\u00e9djegy tan\u00fas\u00edt\u00e1st<\/a><\/div>\n<\/div>\n","protected":false},"excerpt":{"rendered":"<p>Az elk\u00f6vetkez\u0151 \u00e9vek vir\u00e1gz\u00f3 ipar\u00e1ga, a veg\u00e1n \u00e9s az \u00e1llatk\u00eds\u00e9rlet-mentesen el\u0151\u00e1ll\u00edtott divatterm\u00e9kek m\u00e1r manaps\u00e1g men\u0151nek \u00e9s f\u00e9ny\u0171z\u0151nek sz\u00e1m\u00edtanak. A vil\u00e1gszint\u0171 veg\u00e1n n\u0151i divat piac\u00e1t 396,3 milli\u00e1rd USA doll\u00e1rra becs\u00fclt\u00e9k m\u00e1r 2019-ben, \u00e9s ez v\u00e1rhat\u00f3an 13,6%-os ar\u00e1nnyal fog n\u00f6vekedni 2027-re a Statista.com \u00e9rt\u00e9kel\u00e9se szerint. A veg\u00e1n b\u0151rpiac az ipar\u00e1g hajt\u00f3ereje, ami els\u0151sorban a technikai fejl\u0151d\u00e9snek k\u00f6sz\u00f6nheti [&hellip;]<\/p>\n","protected":false},"author":5,"featured_media":17118,"parent":8017,"menu_order":0,"comment_status":"closed","ping_status":"closed","template":"","meta":{"_acf_changed":false,"_editorskit_title_hidden":false,"_editorskit_reading_time":0,"_editorskit_is_block_options_detached":false,"_editorskit_block_options_position":"{}","inline_featured_image":false,"_uag_custom_page_level_css":"","footnotes":""},"categories":[],"tags":[],"class_list":["post-8158","page","type-page","status-publish","has-post-thumbnail","hentry"],"acf":[],"uagb_featured_image_src":{"full":["https:\/\/www.v-label.com\/wp-content\/uploads\/2022\/12\/v-label-non-food-sectors.jpg",1280,692,false],"thumbnail":["https:\/\/www.v-label.com\/wp-content\/uploads\/2022\/12\/v-label-non-food-sectors-500x270.jpg",500,270,true],"medium":["https:\/\/www.v-label.com\/wp-content\/uploads\/2022\/12\/v-label-non-food-sectors-300x162.jpg",300,162,true],"medium_large":["https:\/\/www.v-label.com\/wp-content\/uploads\/2022\/12\/v-label-non-food-sectors-768x415.jpg",768,415,true],"large":["https:\/\/www.v-label.com\/wp-content\/uploads\/2022\/12\/v-label-non-food-sectors-1024x554.jpg",1024,554,true],"1536x1536":["https:\/\/www.v-label.com\/wp-content\/uploads\/2022\/12\/v-label-non-food-sectors.jpg",1280,692,false],"2048x2048":["https:\/\/www.v-label.com\/wp-content\/uploads\/2022\/12\/v-label-non-food-sectors.jpg",1280,692,false],"preview":["https:\/\/www.v-label.com\/wp-content\/uploads\/2022\/12\/v-label-non-food-sectors-904x692.jpg",904,692,true],"header":["https:\/\/www.v-label.com\/wp-content\/uploads\/2022\/12\/v-label-non-food-sectors.jpg",1280,692,false],"gform-image-choice-sm":["https:\/\/www.v-label.com\/wp-content\/uploads\/2022\/12\/v-label-non-food-sectors.jpg",300,162,false],"gform-image-choice-md":["https:\/\/www.v-label.com\/wp-content\/uploads\/2022\/12\/v-label-non-food-sectors.jpg",400,216,false],"gform-image-choice-lg":["https:\/\/www.v-label.com\/wp-content\/uploads\/2022\/12\/v-label-non-food-sectors.jpg",600,324,false]},"uagb_author_info":{"display_name":"Can Aslan","author_link":"https:\/\/www.v-label.com\/hu"},"uagb_comment_info":0,"uagb_excerpt":"Az elk\u00f6vetkez\u0151 \u00e9vek vir\u00e1gz\u00f3 ipar\u00e1ga, a veg\u00e1n \u00e9s az \u00e1llatk\u00eds\u00e9rlet-mentesen el\u0151\u00e1ll\u00edtott divatterm\u00e9kek m\u00e1r manaps\u00e1g men\u0151nek \u00e9s f\u00e9ny\u0171z\u0151nek sz\u00e1m\u00edtanak. A vil\u00e1gszint\u0171 veg\u00e1n n\u0151i divat piac\u00e1t 396,3 milli\u00e1rd USA doll\u00e1rra becs\u00fclt\u00e9k m\u00e1r 2019-ben, \u00e9s ez v\u00e1rhat\u00f3an 13,6%-os ar\u00e1nnyal fog n\u00f6vekedni 2027-re a Statista.com \u00e9rt\u00e9kel\u00e9se szerint. A veg\u00e1n b\u0151rpiac az ipar\u00e1g hajt\u00f3ereje, ami els\u0151sorban a technikai fejl\u0151d\u00e9snek k\u00f6sz\u00f6nheti&hellip;","_links":{"self":[{"href":"https:\/\/www.v-label.com\/hu\/wp-json\/wp\/v2\/pages\/8158","targetHints":{"allow":["GET"]}}],"collection":[{"href":"https:\/\/www.v-label.com\/hu\/wp-json\/wp\/v2\/pages"}],"about":[{"href":"https:\/\/www.v-label.com\/hu\/wp-json\/wp\/v2\/types\/page"}],"author":[{"embeddable":true,"href":"https:\/\/www.v-label.com\/hu\/wp-json\/wp\/v2\/users\/5"}],"replies":[{"embeddable":true,"href":"https:\/\/www.v-label.com\/hu\/wp-json\/wp\/v2\/comments?post=8158"}],"version-history":[{"count":4,"href":"https:\/\/www.v-label.com\/hu\/wp-json\/wp\/v2\/pages\/8158\/revisions"}],"predecessor-version":[{"id":35019,"href":"https:\/\/www.v-label.com\/hu\/wp-json\/wp\/v2\/pages\/8158\/revisions\/35019"}],"up":[{"embeddable":true,"href":"https:\/\/www.v-label.com\/hu\/wp-json\/wp\/v2\/pages\/8017"}],"wp:featuredmedia":[{"embeddable":true,"href":"https:\/\/www.v-label.com\/hu\/wp-json\/wp\/v2\/media\/17118"}],"wp:attachment":[{"href":"https:\/\/www.v-label.com\/hu\/wp-json\/wp\/v2\/media?parent=8158"}],"wp:term":[{"taxonomy":"category","embeddable":true,"href":"https:\/\/www.v-label.com\/hu\/wp-json\/wp\/v2\/categories?post=8158"},{"taxonomy":"post_tag","embeddable":true,"href":"https:\/\/www.v-label.com\/hu\/wp-json\/wp\/v2\/tags?post=8158"}],"curies":[{"name":"wp","href":"https:\/\/api.w.org\/{rel}","templated":true}]}}