{"id":8428,"date":"2022-05-30T16:16:01","date_gmt":"2022-05-30T14:16:01","guid":{"rendered":"https:\/\/www.v-label.com\/general-information\/"},"modified":"2022-12-28T08:59:05","modified_gmt":"2022-12-28T07:59:05","slug":"general-information","status":"publish","type":"page","link":"https:\/\/www.v-label.com\/hu\/general-information\/","title":{"rendered":"\u00c1ltal\u00e1nos Inform\u00e1ci\u00f3k"},"content":{"rendered":"\n<h2 class=\"has-text-align-center wp-block-heading\"><strong>T\u00e1j\u00e9koztat\u00f3 fogyaszt\u00f3k sz\u00e1m\u00e1ra<\/strong><\/h2>\n\n\n\n<p>\u00d6n veg\u00e1n, veget\u00e1ri\u00e1nus, flexit\u00e1ri\u00e1nus, esetleg kevesebb \u00e1llati eredet\u0171 \u00e9telt fogyaszt, vagy csak egyszer\u0171en k\u00edv\u00e1ncsi? Mivel megl\u00e1togatta ezt a honlapot, felt\u00e9telezz\u00fck, hogy egy tisztess\u00e9ges, fenntarthat\u00f3 (\u00e9s \u00edzletes!) vil\u00e1got szeretne. Mi is ezt szeretn\u00e9nk, \u00e9s azzal j\u00e1rulunk hozz\u00e1 ehhez a j\u00f6v\u0151k\u00e9phez, hogy a veg\u00e1n \u00e9s a veget\u00e1ri\u00e1nus term\u00e9kek sz\u00e9les k\u00f6rben elterjedjenek \u00e9s k\u00f6nnyen felismerhet\u0151ek legyenek.<\/p>\n\n\n\n<p>A V-v\u00e9djegy azon t\u00fal, hogy egy nemzetk\u00f6zileg elismert v\u00e9djegy a veget\u00e1ri\u00e1nus vagy veg\u00e1n term\u00e9kekre vonatkoz\u00f3an, amelyeket alapos ellen\u0151rz\u00e9snek vetnek al\u00e1, egyben egy olyan sz\u00f6vets\u00e9ges\u00fcnk is, ami az \u00e9let\u00fcnkbe t\u00f6bb n\u00f6v\u00e9nyi alap\u00fa term\u00e9ket hoz, \u00e9s egy hitelt \u00e9deml\u0151 v\u00e1s\u00e1rl\u00e1st is biztos\u00edt egyid\u0151ben.<\/p>\n\n\n\n<p>Egy egyszer\u0171 \u00e9s k\u00f6nnyen \u00e9rthet\u0151 mindennapi \u00fatmutat\u00f3k\u00e9nt, a V-v\u00e9djegy id\u0151t takar\u00edt meg \u00e9s megk\u00edm\u00e9li \u00f6nt a d\u00f6nt\u00e9si vesz\u0151ds\u00e9gt\u0151l. Keresse a szembe\u00f6tl\u0151 s\u00e1rga log\u00f3t a k\u00f6vetkez\u0151 alkalommal, amikor v\u00e1s\u00e1rol: m\u00e1r az els\u0151 pillant\u00e1sra tudni fogja, hogy mely term\u00e9keket hagytuk j\u00f3v\u00e1, \u00e9s ez\u00e9rt biztons\u00e1ggal megv\u00e1s\u00e1rolhatja azokat!<\/p>\n\n\n\n<p><strong>Megb\u00edzhat\u00f3 \u00e9s hiteles.<\/strong> Amikor \u00f6n megvesz egy term\u00e9ket vagy szolg\u00e1ltat\u00e1st, amit a V-v\u00e9djeggyel jel\u00f6ltek meg, akkor egy olyan szabv\u00e1nyos\u00edtott felt\u00e9telrendszerre t\u00e1maszkodhat a veg\u00e1n \u00e9s veget\u00e1ri\u00e1nus term\u00e9kekkel kapcsolatban, amelyet hitelesen \u00e9s nemzetk\u00f6zi szinten alkalmaznak. Nem kell agg\u00f3dnia, hogy esetlegesen a v\u00e1llalatok saj\u00e1t v\u00e9letlenszer\u0171 szempontjaik alapj\u00e1n t\u00e9vesen c\u00edmk\u00e9zik a term\u00e9keket. Az 1996-ban Sv\u00e1jcban alap\u00edtott V-v\u00e9djegy az egyik ipar\u00e1g-alak\u00edt\u00f3 ir\u00e1nyzat a vil\u00e1gban.<\/p>\n\n\n\n<div class=\"wp-block-buttons is-content-justification-center is-layout-flex wp-container-core-buttons-is-layout-16018d1d wp-block-buttons-is-layout-flex\">\n<div class=\"wp-block-button\"><a class=\"wp-block-button__link wp-element-button\" href=\"https:\/\/www.v-label.com\/hu\/report-a-misuse\/\"><strong>Jelentse a v\u00e9djeggyel val\u00f3 vissza\u00e9l\u00e9st<\/strong><\/a><\/div>\n<\/div>\n\n\n\n<h3 class=\"has-text-align-center wp-block-heading\"><strong><strong>Mit k\u00e9pvisel\u00fcnk?<\/strong><\/strong><\/h3>\n\n\n\n<p>Ha v\u00e1s\u00e1rol egy term\u00e9ket vagy egy szolg\u00e1ltat\u00e1st, amit a V-v\u00e9djegy jel\u00f6l\u00e9se f\u00e9mjelez, biztos lehet benne, hogy:<\/p>\n\n\n\n<ul class=\"wp-block-list\">\n<li>Ha a term\u00e9ket veg\u00e1n v\u00e9djeggyel jel\u00f6lt\u00e9k meg, akkor a termel\u00e9si folyamat egyik szakasz\u00e1ban sem alkalmaztak \u00e1llati eredet\u0171 \u00f6sszetev\u0151ket. Ezenk\u00edv\u00fcl figyelembe vett\u00e9k az adal\u00e9kanyagokat \u00e9s arom\u00e1kat is. Az ellen\u0151rz\u00e9sek sor\u00e1n nem csup\u00e1n az \u00f6sszetev\u0151k list\u00e1j\u00e1t vizsg\u00e1lt\u00e1k meg, hanem m\u00e9g olyan rejtett anyagokat is, amelyeket \u00e1ltal\u00e1noss\u00e1gban nem kell felt\u00fcntetni, mint p\u00e9ld\u00e1ul a biotechnol\u00f3giai t\u00e1ptalajokat \u00e9s a feldolgoz\u00e1si seg\u00e9danyagokat is. Teh\u00e1t biztos\u00edtjuk \u00f6nt, hogy az almal\u00e9 vagy a bor nem zselatinnal lett tiszt\u00edtva vagy der\u00edtve, a cukrot nem kezelt\u00e9k csontliszttel, \u00e9s a kenyeret sem kezelt\u00e9k ciszteinnel, ami sert\u00e9s s\u00f6rt\u00e9kb\u0151l k\u00e9sz\u00fclt.<\/li>\n\n\n\n<li>Kiz\u00e1r\u00f3lag csak a tej, kolosztrum, szabad tart\u00e1sban teny\u00e9sztett sz\u00e1rnyasok toj\u00e1sa, m\u00e9z, m\u00e9hviasz, propolisz, illetve gyapj\u00fazs\u00edr, valamint a bel\u0151l\u00fck k\u00e9sz\u00fclt \u00f6sszetev\u0151k megengedettek a veget\u00e1ri\u00e1nus term\u00e9kek el\u0151\u00e1ll\u00edt\u00e1sa sor\u00e1n.<\/li>\n\n\n\n<li>A termel\u00e9s minden szakasz\u00e1t \u00fagy kell megtervezni, hogy minim\u00e1lisra cs\u00f6kkenjen a v\u00e9gterm\u00e9kben l\u00e9v\u0151 nem veg\u00e1n vagy nem veget\u00e1ri\u00e1nus \u00f6sszetev\u0151k m\u00e9rt\u00e9k\u00e9nek nyoma, amelyek nem sz\u00e1nd\u00e9kos m\u00f3don ker\u00fcltek a term\u00e9kbe.<\/li>\n\n\n\n<li>A v\u00e9gterm\u00e9k szempontj\u00e1b\u00f3l tilos vagy nem lett volna szabad az \u00e1llatok b\u00e1rmilyen t\u00edpus\u00fa k\u00eds\u00e9rlet\u00e9t elv\u00e9gezni, tov\u00e1bb\u00e1 az egyes \u00f6sszetev\u0151k, seg\u00e9danyagok \u00e9s m\u00e1s feldolgoz\u00e1sra haszn\u00e1lt anyagok szempontj\u00e1b\u00f3l sem, ha azokat a v\u00e9gterm\u00e9k kifejleszt\u00e9s\u00e9nek c\u00e9lj\u00e1b\u00f3l alkalmazz\u00e1k.<\/li>\n<\/ul>\n\n\n\n<p>V\u00e9g\u00fcl, de term\u00e9szetesen nem utols\u00f3sorban, a licencd\u00edjb\u00f3l sz\u00e1rmaz\u00f3 j\u00f6vedelem f\u0151k\u00e9nt a k\u00fcl\u00f6nb\u00f6z\u0151 veg\u00e1n- \u00e9s \u00e1llatjogi nem korm\u00e1nyzati szervezetek \u00e9s projektek finansz\u00edroz\u00e1s\u00e1ra szolg\u00e1l.<\/p>\n\n\n\n<div class=\"wp-block-columns are-vertically-aligned-center is-layout-flex wp-container-core-columns-is-layout-9d6595d7 wp-block-columns-is-layout-flex\">\n<div class=\"wp-block-column is-vertically-aligned-center is-layout-flow wp-block-column-is-layout-flow\">\n<figure class=\"wp-block-image size-full\"><img decoding=\"async\" width=\"720\" height=\"497\" src=\"https:\/\/www.v-label.com\/wp-content\/uploads\/2022\/09\/b2b-info-page-2.webp\" alt=\"\" class=\"wp-image-879\" srcset=\"https:\/\/www.v-label.com\/wp-content\/uploads\/2022\/09\/b2b-info-page-2.webp 720w, https:\/\/www.v-label.com\/wp-content\/uploads\/2022\/09\/b2b-info-page-2-300x207.webp 300w\" sizes=\"(max-width: 720px) 100vw, 720px\" \/><\/figure>\n<\/div>\n\n\n\n<div class=\"wp-block-column is-vertically-aligned-center is-layout-flow wp-block-column-is-layout-flow\">\n<figure class=\"wp-block-image size-full\"><img decoding=\"async\" width=\"720\" height=\"482\" src=\"https:\/\/www.v-label.com\/wp-content\/uploads\/2022\/09\/b2b-info-page-1.webp\" alt=\"\" class=\"wp-image-876\" srcset=\"https:\/\/www.v-label.com\/wp-content\/uploads\/2022\/09\/b2b-info-page-1.webp 720w, https:\/\/www.v-label.com\/wp-content\/uploads\/2022\/09\/b2b-info-page-1-300x201.webp 300w\" sizes=\"(max-width: 720px) 100vw, 720px\" \/><\/figure>\n<\/div>\n\n\n\n<div class=\"wp-block-column is-vertically-aligned-center is-layout-flow wp-block-column-is-layout-flow\">\n<figure class=\"wp-block-image size-full\"><img decoding=\"async\" width=\"720\" height=\"482\" src=\"https:\/\/www.v-label.com\/wp-content\/uploads\/2022\/09\/b2b-info-page-3.webp\" alt=\"\" class=\"wp-image-860\" srcset=\"https:\/\/www.v-label.com\/wp-content\/uploads\/2022\/09\/b2b-info-page-3.webp 720w, https:\/\/www.v-label.com\/wp-content\/uploads\/2022\/09\/b2b-info-page-3-300x201.webp 300w\" sizes=\"(max-width: 720px) 100vw, 720px\" \/><\/figure>\n<\/div>\n<\/div>\n","protected":false},"excerpt":{"rendered":"<p>T\u00e1j\u00e9koztat\u00f3 fogyaszt\u00f3k sz\u00e1m\u00e1ra \u00d6n veg\u00e1n, veget\u00e1ri\u00e1nus, flexit\u00e1ri\u00e1nus, esetleg kevesebb \u00e1llati eredet\u0171 \u00e9telt fogyaszt, vagy csak egyszer\u0171en k\u00edv\u00e1ncsi? Mivel megl\u00e1togatta ezt a honlapot, felt\u00e9telezz\u00fck, hogy egy tisztess\u00e9ges, fenntarthat\u00f3 (\u00e9s \u00edzletes!) vil\u00e1got szeretne. Mi is ezt szeretn\u00e9nk, \u00e9s azzal j\u00e1rulunk hozz\u00e1 ehhez a j\u00f6v\u0151k\u00e9phez, hogy a veg\u00e1n \u00e9s a veget\u00e1ri\u00e1nus term\u00e9kek sz\u00e9les k\u00f6rben elterjedjenek \u00e9s k\u00f6nnyen felismerhet\u0151ek [&hellip;]<\/p>\n","protected":false},"author":5,"featured_media":17180,"parent":0,"menu_order":0,"comment_status":"closed","ping_status":"closed","template":"","meta":{"_acf_changed":false,"_editorskit_title_hidden":false,"_editorskit_reading_time":0,"_editorskit_is_block_options_detached":false,"_editorskit_block_options_position":"{}","inline_featured_image":false,"_uag_custom_page_level_css":"","footnotes":""},"categories":[],"tags":[],"class_list":["post-8428","page","type-page","status-publish","has-post-thumbnail","hentry"],"acf":[],"uagb_featured_image_src":{"full":["https:\/\/www.v-label.com\/wp-content\/uploads\/2022\/12\/v-label-general-info-consumers.jpg",1280,738,false],"thumbnail":["https:\/\/www.v-label.com\/wp-content\/uploads\/2022\/12\/v-label-general-info-consumers-500x288.jpg",500,288,true],"medium":["https:\/\/www.v-label.com\/wp-content\/uploads\/2022\/12\/v-label-general-info-consumers-300x173.jpg",300,173,true],"medium_large":["https:\/\/www.v-label.com\/wp-content\/uploads\/2022\/12\/v-label-general-info-consumers-768x443.jpg",768,443,true],"large":["https:\/\/www.v-label.com\/wp-content\/uploads\/2022\/12\/v-label-general-info-consumers-1024x590.jpg",1024,590,true],"1536x1536":["https:\/\/www.v-label.com\/wp-content\/uploads\/2022\/12\/v-label-general-info-consumers.jpg",1280,738,false],"2048x2048":["https:\/\/www.v-label.com\/wp-content\/uploads\/2022\/12\/v-label-general-info-consumers.jpg",1280,738,false],"preview":["https:\/\/www.v-label.com\/wp-content\/uploads\/2022\/12\/v-label-general-info-consumers-904x720.jpg",904,720,true],"header":["https:\/\/www.v-label.com\/wp-content\/uploads\/2022\/12\/v-label-general-info-consumers-1280x720.jpg",1280,720,true],"gform-image-choice-sm":["https:\/\/www.v-label.com\/wp-content\/uploads\/2022\/12\/v-label-general-info-consumers.jpg",300,173,false],"gform-image-choice-md":["https:\/\/www.v-label.com\/wp-content\/uploads\/2022\/12\/v-label-general-info-consumers.jpg",400,231,false],"gform-image-choice-lg":["https:\/\/www.v-label.com\/wp-content\/uploads\/2022\/12\/v-label-general-info-consumers.jpg",600,346,false]},"uagb_author_info":{"display_name":"Can Aslan","author_link":"https:\/\/www.v-label.com\/hu"},"uagb_comment_info":0,"uagb_excerpt":"T\u00e1j\u00e9koztat\u00f3 fogyaszt\u00f3k sz\u00e1m\u00e1ra \u00d6n veg\u00e1n, veget\u00e1ri\u00e1nus, flexit\u00e1ri\u00e1nus, esetleg kevesebb \u00e1llati eredet\u0171 \u00e9telt fogyaszt, vagy csak egyszer\u0171en k\u00edv\u00e1ncsi? Mivel megl\u00e1togatta ezt a honlapot, felt\u00e9telezz\u00fck, hogy egy tisztess\u00e9ges, fenntarthat\u00f3 (\u00e9s \u00edzletes!) vil\u00e1got szeretne. Mi is ezt szeretn\u00e9nk, \u00e9s azzal j\u00e1rulunk hozz\u00e1 ehhez a j\u00f6v\u0151k\u00e9phez, hogy a veg\u00e1n \u00e9s a veget\u00e1ri\u00e1nus term\u00e9kek sz\u00e9les k\u00f6rben elterjedjenek \u00e9s k\u00f6nnyen felismerhet\u0151ek&hellip;","_links":{"self":[{"href":"https:\/\/www.v-label.com\/hu\/wp-json\/wp\/v2\/pages\/8428","targetHints":{"allow":["GET"]}}],"collection":[{"href":"https:\/\/www.v-label.com\/hu\/wp-json\/wp\/v2\/pages"}],"about":[{"href":"https:\/\/www.v-label.com\/hu\/wp-json\/wp\/v2\/types\/page"}],"author":[{"embeddable":true,"href":"https:\/\/www.v-label.com\/hu\/wp-json\/wp\/v2\/users\/5"}],"replies":[{"embeddable":true,"href":"https:\/\/www.v-label.com\/hu\/wp-json\/wp\/v2\/comments?post=8428"}],"version-history":[{"count":5,"href":"https:\/\/www.v-label.com\/hu\/wp-json\/wp\/v2\/pages\/8428\/revisions"}],"predecessor-version":[{"id":39736,"href":"https:\/\/www.v-label.com\/hu\/wp-json\/wp\/v2\/pages\/8428\/revisions\/39736"}],"wp:featuredmedia":[{"embeddable":true,"href":"https:\/\/www.v-label.com\/hu\/wp-json\/wp\/v2\/media\/17180"}],"wp:attachment":[{"href":"https:\/\/www.v-label.com\/hu\/wp-json\/wp\/v2\/media?parent=8428"}],"wp:term":[{"taxonomy":"category","embeddable":true,"href":"https:\/\/www.v-label.com\/hu\/wp-json\/wp\/v2\/categories?post=8428"},{"taxonomy":"post_tag","embeddable":true,"href":"https:\/\/www.v-label.com\/hu\/wp-json\/wp\/v2\/tags?post=8428"}],"curies":[{"name":"wp","href":"https:\/\/api.w.org\/{rel}","templated":true}]}}