{"id":69832,"date":"2022-05-25T18:05:39","date_gmt":"2022-05-25T16:05:39","guid":{"rendered":"https:\/\/www.v-label.com\/populiariausias-pasaulyje-veganisku-ir-vegetarisku-produktu-zenklas\/"},"modified":"2024-07-09T15:20:04","modified_gmt":"2024-07-09T13:20:04","slug":"populiariausias-pasaulyje-veganisku-ir-vegetarisku-produktu-zenklas","status":"publish","type":"page","link":"https:\/\/www.v-label.com\/lt\/","title":{"rendered":"Pagrindinis puslapis"},"content":{"rendered":"\n<div style=\"height:1px\" aria-hidden=\"true\" class=\"wp-block-spacer\"><\/div>\n\n\n\n<h2 class=\"wp-block-heading has-text-align-center has-large-font-size\" style=\"font-style:normal;font-weight:700;text-transform:uppercase\">POPULIARIAUSIAS PASAULYJE VEGANI\u0160K\u0172 IR VEGETARI\u0160K\u0172 PRODUKT\u0172 \u017dENKLAS<\/h2>\n\n\n\n<div class=\"wp-block-media-text alignwide has-media-on-the-right is-stacked-on-mobile is-vertically-aligned-top is-image-fill\"><div class=\"wp-block-media-text__content\">\n<div style=\"height:10px\" aria-hidden=\"true\" class=\"wp-block-spacer\"><\/div>\n\n\n\n<p>Daugiau nei 4 800 gamintoj\u0173 visame pasaulyje jau pa\u017eenklino daugiau nei 70 000 produkt\u0173 V-Label \u017eenklu.<\/p>\n\n\n\n<p>V-Label yra tarptautinis \u017eenklas ir sertifikatas, 1996 metais sukurtas \u0160veicarijoje. Jo paskirtis \u2013 \u017eenklinti vegani\u0161kos ir vegetari\u0161kos kilm\u0117s produktus bei paslaugas, taip padedant pirk\u0117jams lengvai ir patikimai apsipirkti. <\/p>\n\n\n\n<div class=\"wp-block-buttons is-layout-flex wp-block-buttons-is-layout-flex\">\n<div class=\"wp-block-button\"><a class=\"wp-block-button__link has-greendark-background-color has-background wp-element-button\" href=\"https:\/\/www.v-label.com\/get-certified\/\">Gaukite sertifikat\u0105<\/a><\/div>\n<\/div>\n<\/div><figure class=\"wp-block-media-text__media\" style=\"background-image:url(https:\/\/www.v-label.com\/wp-content\/uploads\/2022\/12\/v-label-new-home-page-2-1024x732.jpg);background-position:50% 50%\"><img decoding=\"async\" width=\"1024\" height=\"732\" src=\"https:\/\/www.v-label.com\/wp-content\/uploads\/2022\/12\/v-label-new-home-page-2-1024x732.jpg\" alt=\"Daugiau nei 4 300 gamintoj\u0173 visame pasaulyje jau pa\u017eenklino daugiau nei 50 000 produkt\u0173 V-Label \u017eenklu.\" class=\"wp-image-40341 size-full\" srcset=\"https:\/\/www.v-label.com\/wp-content\/uploads\/2022\/12\/v-label-new-home-page-2-1024x732.jpg 1024w, https:\/\/www.v-label.com\/wp-content\/uploads\/2022\/12\/v-label-new-home-page-2-300x214.jpg 300w, https:\/\/www.v-label.com\/wp-content\/uploads\/2022\/12\/v-label-new-home-page-2-500x357.jpg 500w, https:\/\/www.v-label.com\/wp-content\/uploads\/2022\/12\/v-label-new-home-page-2-768x549.jpg 768w, https:\/\/www.v-label.com\/wp-content\/uploads\/2022\/12\/v-label-new-home-page-2-1536x1098.jpg 1536w, https:\/\/www.v-label.com\/wp-content\/uploads\/2022\/12\/v-label-new-home-page-2.jpg 1920w\" sizes=\"(max-width: 1024px) 100vw, 1024px\" \/><\/figure><\/div>\n\n\n\n<div style=\"height:70px\" aria-hidden=\"true\" class=\"wp-block-spacer\"><\/div>\n\n\n\n<div class=\"wp-block-media-text alignwide is-stacked-on-mobile is-image-fill\"><figure class=\"wp-block-media-text__media\" style=\"background-image:url(https:\/\/www.v-label.com\/wp-content\/uploads\/2022\/09\/home-producers-and-consumers-trust-1024x683.jpeg);background-position:50% 50%\"><img decoding=\"async\" width=\"1024\" height=\"683\" src=\"https:\/\/www.v-label.com\/wp-content\/uploads\/2022\/09\/home-producers-and-consumers-trust-1024x683.jpeg\" alt=\"Tur\u0117dami daugiau nei 25 met\u0173 patirt\u012f \u017eenklinant produktus ir bendradarbiaujant su ekspertais kokyb\u0117s vadybos, maisto technologij\u0173, chemijos, kosmetologijos bei rinkodaros srityse, mes esame pasaulinio jud\u0117jimo prie\u0161akyje. Taip pat aktyviai bendradarbiaujame su verslais, prekybininkais, vartotojais ir aktyvistais. \" class=\"wp-image-710 size-full\" srcset=\"https:\/\/www.v-label.com\/wp-content\/uploads\/2022\/09\/home-producers-and-consumers-trust-1024x683.jpeg 1024w, https:\/\/www.v-label.com\/wp-content\/uploads\/2022\/09\/home-producers-and-consumers-trust-300x200.jpeg 300w, https:\/\/www.v-label.com\/wp-content\/uploads\/2022\/09\/home-producers-and-consumers-trust-500x334.jpeg 500w, https:\/\/www.v-label.com\/wp-content\/uploads\/2022\/09\/home-producers-and-consumers-trust-768x512.jpeg 768w, https:\/\/www.v-label.com\/wp-content\/uploads\/2022\/09\/home-producers-and-consumers-trust-1536x1025.jpeg 1536w, https:\/\/www.v-label.com\/wp-content\/uploads\/2022\/09\/home-producers-and-consumers-trust.jpeg 1920w\" sizes=\"(max-width: 1024px) 100vw, 1024px\" \/><\/figure><div class=\"wp-block-media-text__content\">\n<h2 class=\"wp-block-heading has-text-align-left\">Gamintojai ir vartotojai pasitiki V-Label<\/h2>\n\n\n\n<p class=\"has-text-align-left\">Tur\u0117dami daugiau nei <strong>25 met\u0173 patirt\u012f<\/strong> \u017eenklinant produktus ir bendradarbiaujant su ekspertais kokyb\u0117s vadybos, maisto technologij\u0173, chemijos, kosmetologijos bei rinkodaros srityse, mes esame pasaulinio jud\u0117jimo prie\u0161akyje. Taip pat aktyviai bendradarbiaujame su verslais, prekybininkais, vartotojais ir aktyvistais. <\/p>\n\n\n\n<div class=\"wp-block-buttons is-content-justification-left is-layout-flex wp-container-core-buttons-is-layout-fdcfc74e wp-block-buttons-is-layout-flex\">\n<div class=\"wp-block-button is-style-default\"><a class=\"wp-block-button__link has-greendark-background-color has-background wp-element-button\" href=\"https:\/\/www.v-label.com\/about-us\/\">Su\u017einokite daugiau apie V-Label<\/a><\/div>\n<\/div>\n<\/div><\/div>\n\n\n\n<div style=\"height:70px\" aria-hidden=\"true\" class=\"wp-block-spacer\"><\/div>\n\n\n\n<div class=\"wp-block-media-text alignwide has-media-on-the-right is-stacked-on-mobile is-image-fill\"><div class=\"wp-block-media-text__content\">\n<div style=\"height:30px\" aria-hidden=\"true\" class=\"wp-block-spacer\"><\/div>\n\n\n\n<h2 class=\"wp-block-heading has-text-align-left\">Tarptautin\u0117 bendruomen\u0117, vietin\u0117 parama<\/h2>\n\n\n\n<p class=\"has-text-align-left\">Turime partnerius <strong>50-yje \u0161ali\u0173<\/strong> ir kalbame daugiau nei <strong>30 kalb\u0173<\/strong>. Tai mums suteikia prana\u0161um\u0105 bei galimyb\u0119 <strong>Jums suteikti palaikym\u0105<\/strong> tiek vietiniu, tiek tarptautiniu mastu.<\/p>\n\n\n\n<div class=\"wp-block-buttons is-content-justification-left is-layout-flex wp-container-core-buttons-is-layout-fdcfc74e wp-block-buttons-is-layout-flex\">\n<div class=\"wp-block-button is-style-default\"><a class=\"wp-block-button__link has-greendark-background-color has-background wp-element-button\" href=\"https:\/\/www.v-label.com\/info-for-producers\/benefits\/\">Atraskite daugiau privalum\u0173<\/a><\/div>\n<\/div>\n\n\n\n<div style=\"height:30px\" aria-hidden=\"true\" class=\"wp-block-spacer\"><\/div>\n<\/div><figure class=\"wp-block-media-text__media\" style=\"background-image:url(https:\/\/www.v-label.com\/wp-content\/uploads\/2022\/12\/v-label-global-community-local-support.jpg);background-position:50% 50%\"><img decoding=\"async\" width=\"1280\" height=\"837\" src=\"https:\/\/www.v-label.com\/wp-content\/uploads\/2022\/12\/v-label-global-community-local-support.jpg\" alt=\"Turime partnerius 30-yje \u0161ali\u0173 ir kalbame daugiau nei 20 kalb\u0173. Tai mums suteikia prana\u0161um\u0105 bei galimyb\u0119 Jums suteikti palaikym\u0105 tiek vietiniu, tiek tarptautiniu mastu.\" class=\"wp-image-16861 size-full\" srcset=\"https:\/\/www.v-label.com\/wp-content\/uploads\/2022\/12\/v-label-global-community-local-support.jpg 1280w, https:\/\/www.v-label.com\/wp-content\/uploads\/2022\/12\/v-label-global-community-local-support-300x196.jpg 300w, https:\/\/www.v-label.com\/wp-content\/uploads\/2022\/12\/v-label-global-community-local-support-1024x670.jpg 1024w, https:\/\/www.v-label.com\/wp-content\/uploads\/2022\/12\/v-label-global-community-local-support-500x327.jpg 500w, https:\/\/www.v-label.com\/wp-content\/uploads\/2022\/12\/v-label-global-community-local-support-768x502.jpg 768w\" sizes=\"(max-width: 1280px) 100vw, 1280px\" \/><\/figure><\/div>\n\n\n\n<h2 class=\"wp-block-heading has-text-align-center\">Ar esate pasiruo\u0161\u0119 prisijungti?<\/h2>\n\n\n\n<p class=\"has-text-align-center\">Vis dar svarstote? Jei esate <strong>gamintojai<\/strong>, detalius kriterijus ir sertifikavimo proces\u0105 galite per\u017ei\u016br\u0117ti <a href=\"https:\/\/www.v-label.com\/wp-content\/uploads\/2023\/01\/int-v-label-criteria-v0202-en-1.pdf\" class=\"ek-link\">\u010dia<\/a>.  Jei esate <strong>vartotojai<\/strong>, galite per\u017ei\u016br\u0117ti m\u016bs\u0173 <a href=\"https:\/\/www.v-label.com\/general-information\/certified-products\/\" data-type=\"page\" data-id=\"1007\" target=\"_blank\" rel=\"noreferrer noopener\">sertifikuotus vegetari\u0161kus ir vegani\u0161kus produktus<\/a><a href=\"https:\/\/www.v-label.com\/de\/products\/\" data-type=\"URL\" data-id=\"https:\/\/www.v-label.com\/products\/\" target=\"_blank\" rel=\"noreferrer noopener\">.<\/a> <\/p>\n","protected":false},"excerpt":{"rendered":"<p>Daugiau nei 4 800 gamintoj\u0173 visame pasaulyje jau pa\u017eenklino daugiau nei 70 000 produkt\u0173 V-Label \u017eenklu. <\/p>\n","protected":false},"author":5,"featured_media":69847,"parent":0,"menu_order":0,"comment_status":"closed","ping_status":"closed","template":"","meta":{"_acf_changed":false,"_editorskit_title_hidden":false,"_editorskit_reading_time":0,"_editorskit_is_block_options_detached":false,"_editorskit_block_options_position":"{}","inline_featured_image":false,"_uag_custom_page_level_css":"","footnotes":""},"categories":[],"tags":[],"class_list":["post-69832","page","type-page","status-publish","has-post-thumbnail","hentry"],"acf":[],"uagb_featured_image_src":{"full":["https:\/\/www.v-label.com\/wp-content\/uploads\/2022\/12\/header-test.jpg",2000,1000,false],"thumbnail":["https:\/\/www.v-label.com\/wp-content\/uploads\/2022\/12\/header-test-500x250.jpg",500,250,true],"medium":["https:\/\/www.v-label.com\/wp-content\/uploads\/2022\/12\/header-test-300x150.jpg",300,150,true],"medium_large":["https:\/\/www.v-label.com\/wp-content\/uploads\/2022\/12\/header-test-768x384.jpg",768,384,true],"large":["https:\/\/www.v-label.com\/wp-content\/uploads\/2022\/12\/header-test-1024x512.jpg",1024,512,true],"1536x1536":["https:\/\/www.v-label.com\/wp-content\/uploads\/2022\/12\/header-test-1536x768.jpg",1536,768,true],"2048x2048":["https:\/\/www.v-label.com\/wp-content\/uploads\/2022\/12\/header-test.jpg",2000,1000,false],"preview":["https:\/\/www.v-label.com\/wp-content\/uploads\/2022\/12\/header-test-904x720.jpg",904,720,true],"header":["https:\/\/www.v-label.com\/wp-content\/uploads\/2022\/12\/header-test-2000x720.jpg",2000,720,true],"gform-image-choice-sm":["https:\/\/www.v-label.com\/wp-content\/uploads\/2022\/12\/header-test.jpg",300,150,false],"gform-image-choice-md":["https:\/\/www.v-label.com\/wp-content\/uploads\/2022\/12\/header-test.jpg",400,200,false],"gform-image-choice-lg":["https:\/\/www.v-label.com\/wp-content\/uploads\/2022\/12\/header-test.jpg",600,300,false]},"uagb_author_info":{"display_name":"Can Aslan","author_link":"https:\/\/www.v-label.com\/lt"},"uagb_comment_info":0,"uagb_excerpt":"Daugiau nei 4 800 gamintoj\u0173 visame pasaulyje jau pa\u017eenklino daugiau nei 70 000 produkt\u0173 V-Label \u017eenklu.","_links":{"self":[{"href":"https:\/\/www.v-label.com\/lt\/wp-json\/wp\/v2\/pages\/69832","targetHints":{"allow":["GET"]}}],"collection":[{"href":"https:\/\/www.v-label.com\/lt\/wp-json\/wp\/v2\/pages"}],"about":[{"href":"https:\/\/www.v-label.com\/lt\/wp-json\/wp\/v2\/types\/page"}],"author":[{"embeddable":true,"href":"https:\/\/www.v-label.com\/lt\/wp-json\/wp\/v2\/users\/5"}],"replies":[{"embeddable":true,"href":"https:\/\/www.v-label.com\/lt\/wp-json\/wp\/v2\/comments?post=69832"}],"version-history":[{"count":6,"href":"https:\/\/www.v-label.com\/lt\/wp-json\/wp\/v2\/pages\/69832\/revisions"}],"predecessor-version":[{"id":83899,"href":"https:\/\/www.v-label.com\/lt\/wp-json\/wp\/v2\/pages\/69832\/revisions\/83899"}],"wp:featuredmedia":[{"embeddable":true,"href":"https:\/\/www.v-label.com\/lt\/wp-json\/wp\/v2\/media\/69847"}],"wp:attachment":[{"href":"https:\/\/www.v-label.com\/lt\/wp-json\/wp\/v2\/media?parent=69832"}],"wp:term":[{"taxonomy":"category","embeddable":true,"href":"https:\/\/www.v-label.com\/lt\/wp-json\/wp\/v2\/categories?post=69832"},{"taxonomy":"post_tag","embeddable":true,"href":"https:\/\/www.v-label.com\/lt\/wp-json\/wp\/v2\/tags?post=69832"}],"curies":[{"name":"wp","href":"https:\/\/api.w.org\/{rel}","templated":true}]}}