{"id":69854,"date":"2022-05-30T16:14:53","date_gmt":"2022-05-30T14:14:53","guid":{"rendered":"https:\/\/www.v-label.com\/branches\/"},"modified":"2023-11-09T10:21:52","modified_gmt":"2023-11-09T09:21:52","slug":"sektoriai","status":"publish","type":"page","link":"https:\/\/www.v-label.com\/lt\/sektoriai\/","title":{"rendered":"Bendra informacija"},"content":{"rendered":"\n<p>Pasaulin\u0117 augalini\u0173 ingredient\u0173 rinka jau kur\u012f laik\u0105 gerino pardavim\u0173 rekordus. Numatoma, jog 2019 \u2013 2025 metais <a href=\"https:\/\/univdatos.com\/report\/global-plant-based-foods-market-insights-insights-and-forecast-2019-2025\" class=\"ek-link\" target=\"_blank\" rel=\"noopener\">pardavimai ir toliau augs<\/a> po 8,94 % kasmet. 2018 jos vert\u0117 buvo matuojama 10,66 mlrd. JAV doleri\u0173 ir numanoma, jog iki <a href=\"https:\/\/www.absolutemarketsinsights.com\/reports\/Global-Vegan-Food-Market-2019-2027-532\" target=\"_blank\" rel=\"noopener\">2027 met\u0173 augs iki 27,98 mlrd. JAV doleri\u0173<\/a>. <\/p>\n\n\n\n<p>Pasauliniu mastu vartotojai vis labiau ie\u0161ko sveik\u0173, eti\u0161k\u0173 ir ma\u017eesn\u0119 \u012ftak\u0105 aplinkai daran\u010di\u0173 produkt\u0173, o tai <a href=\"https:\/\/www.researchandmarkets.com\/reports\/5141758\/plant-based-meat-market-global-outlook-and\" target=\"_blank\" rel=\"noopener\">didina vegani\u0161k\u0173 ir vegetari\u0161k\u0173 produkt\u0173 paklaus\u0105<\/a>. Vis daugiau \u012fmoni\u0173 atkreipia d\u0117mes\u012f \u012f b\u016btinyb\u0119 atliepti nuolat augant\u012f rinkos poreik\u012f \u012fvairiems auk\u0161tos kokyb\u0117s augaliniams produktams. <\/p>\n\n\n\n<p>Vartotojai taip pat tikisi vis daugiau skaidrumo produkt\u0173 \u017eenklinimo srityje bei galimyb\u0117s greitai ir u\u017etikrintai atpa\u017einti vegani\u0161kus ir vegetari\u0161kus produktus. G\u00fctesiegel Monitor 2020 Vokietijoje \u012fvertino V-Label kaip vien\u0105 i\u0161 trij\u0173 patikimiausi\u0173 maisto sertifikavimo \u017eenkl\u0173. Toks nepriklausom\u0173 organizacij\u0173 \u012fgyvendinamas \u017eenklinimas suteikia vartotojams daugiau pasitik\u0117jimo nei pa\u010di\u0173 gamintoj\u0173 sukurti ir naudojami \u017eenklai. Vien Vokietijoje 60 % apklaust\u0173j\u0173 mano, jog su aplinkosauga susijusios organizacijos vykdo nuoseklesnius patikrinimus nei priva\u010dios \u012fmon\u0117s.   <\/p>\n\n\n\r\n<ul id=\"pagelinks-block_a346bfea6d0ce176252f89a01d659c5d\" class=\"wp-block-pagelinks alignwide\">\r\n\t\t\t\t\t\t<li>\r\n\t\t\t\t<article>\r\n\t\t\t\t\t\t\t\t\t\t\t<a href=\"https:\/\/www.v-label.com\/lt\/sektoriai\/maistas\/\" class=\"post_thumbnail\">\r\n\t\t\t\t\t\t\t<img decoding=\"async\" width=\"904\" height=\"720\" src=\"https:\/\/www.v-label.com\/wp-content\/uploads\/2022\/12\/v-label-food-sector-904x720.jpg\" class=\"attachment-preview size-preview wp-post-image\" alt=\"\" \/>\t\t\t\t\t\t<\/a>\r\n\t\t\t\t\t\t\t\t\t\t<div class=\"inner\">\r\n\t\t\t\t\t\t<div class=\"inner_top\">\r\n\t\t\t\t\t\t\t<header>\r\n\t\t\t\t\t\t\t\t<h3>\r\n\t\t\t\t\t\t\t\t\t<a href=\"https:\/\/www.v-label.com\/lt\/sektoriai\/maistas\/\">Maistas<\/a>\r\n\t\t\t\t\t\t\t\t<\/h3>\r\n\t\t\t\t\t\t\t\t\t\t\t\t\t\t\t<\/header>\r\n\t\t\t\t\t\t\t\t\t\t\t\t\t\t\t<div class=\"excerpt\">\r\n\t\t\t\t\t\t\t\t\t<p>Ar \u017einojote, jog pasak Euromonitor International, per pastaraj\u012f de\u0161imtmet\u012f augalin\u0117s kilm\u0117s produkt\u0173 rinka Vakar\u0173 Europoje i\u0161augo dvigubai ir sugeneravo net 38,5 % bendro augalin\u0117s industrijos pelno pasauliniu mastu? Pasaulin\u0117 augalin\u0117s kilm\u0117s maisto rinka tur\u0117t\u0173 augti po 8,94 %, o baltym\u0173 sektorius, numanoma, augs po 18 %, pasiekdamas 28 mrld. JAV doleri\u0173 slenkst\u012f jau iki 2025. [&hellip;]<\/p>\r\n\t\t\t\t\t\t\t\t<\/div>\r\n\t\t\t\t\t\t\t\t\t\t\t\t\t<\/div>\r\n\t\t\t\t\t\t<a href=\"https:\/\/www.v-label.com\/lt\/sektoriai\/maistas\/\" class=\"read_more\">Read more<\/a>\r\n\t\t\t\t\t<\/div>\r\n\t\t\t\t<\/article>\r\n\t\t\t<\/li>\r\n\t\t\t\t\t<li>\r\n\t\t\t\t<article>\r\n\t\t\t\t\t\t\t\t\t\t\t<a href=\"https:\/\/www.v-label.com\/lt\/sektoriai\/kosmetika\/\" class=\"post_thumbnail\">\r\n\t\t\t\t\t\t\t<img decoding=\"async\" width=\"904\" height=\"720\" src=\"https:\/\/www.v-label.com\/wp-content\/uploads\/2022\/12\/cosmetics-1280-904x720.jpg\" class=\"attachment-preview size-preview wp-post-image\" alt=\"\" \/>\t\t\t\t\t\t<\/a>\r\n\t\t\t\t\t\t\t\t\t\t<div class=\"inner\">\r\n\t\t\t\t\t\t<div class=\"inner_top\">\r\n\t\t\t\t\t\t\t<header>\r\n\t\t\t\t\t\t\t\t<h3>\r\n\t\t\t\t\t\t\t\t\t<a href=\"https:\/\/www.v-label.com\/lt\/sektoriai\/kosmetika\/\">Kosmetika ir valymo priemon\u0117s<\/a>\r\n\t\t\t\t\t\t\t\t<\/h3>\r\n\t\t\t\t\t\t\t\t\t\t\t\t\t\t\t<\/header>\r\n\t\t\t\t\t\t\t\t\t\t\t\t\t\t\t<div class=\"excerpt\">\r\n\t\t\t\t\t\t\t\t\t<p>Patogumas, r\u016bpestis savo sveikata bei aktyvios netestuot\u0173 su gyv\u016bnais produkt\u0173 paie\u0161kos. Tai, pasak \u201eVegan Cosmetics Market Size, Share &amp; Trends Analysis Report from 2018\u201c analiz\u0117s, yra trys pagrindin\u0117s prie\u017eastys, kod\u0117l vegani\u0161kai kosmetikai prognozuojamas 6,3 % augimas, iki 2025 met\u0173 pasieksiantis 20,8 mlrd. JAV doleri\u0173. Europa ap\u0117musi did\u017eiul\u0119 \u0161ios rinkos dal\u012f, tad nesunku pasteb\u0117ti \u017eaibi\u0161kai i\u0161augus\u012f [&hellip;]<\/p>\r\n\t\t\t\t\t\t\t\t<\/div>\r\n\t\t\t\t\t\t\t\t\t\t\t\t\t<\/div>\r\n\t\t\t\t\t\t<a href=\"https:\/\/www.v-label.com\/lt\/sektoriai\/kosmetika\/\" class=\"read_more\">Read more<\/a>\r\n\t\t\t\t\t<\/div>\r\n\t\t\t\t<\/article>\r\n\t\t\t<\/li>\r\n\t\t\t\t\t<li>\r\n\t\t\t\t<article>\r\n\t\t\t\t\t\t\t\t\t\t\t<a href=\"https:\/\/www.v-label.com\/lt\/sektoriai\/ne-maisto-produktai\/\" class=\"post_thumbnail\">\r\n\t\t\t\t\t\t\t<img decoding=\"async\" width=\"904\" height=\"692\" src=\"https:\/\/www.v-label.com\/wp-content\/uploads\/2022\/12\/v-label-non-food-sectors-904x692.jpg\" class=\"attachment-preview size-preview wp-post-image\" alt=\"\" \/>\t\t\t\t\t\t<\/a>\r\n\t\t\t\t\t\t\t\t\t\t<div class=\"inner\">\r\n\t\t\t\t\t\t<div class=\"inner_top\">\r\n\t\t\t\t\t\t\t<header>\r\n\t\t\t\t\t\t\t\t<h3>\r\n\t\t\t\t\t\t\t\t\t<a href=\"https:\/\/www.v-label.com\/lt\/sektoriai\/ne-maisto-produktai\/\">Ne-maisto produktai<\/a>\r\n\t\t\t\t\t\t\t\t<\/h3>\r\n\t\t\t\t\t\t\t\t\t\t\t\t\t\t\t<\/header>\r\n\t\t\t\t\t\t\t\t\t\t\t\t\t\t\t<div class=\"excerpt\">\r\n\t\t\t\t\t\t\t\t\t<p>Jau \u0161iandien klestinti, o ateityje dar labiau augsianti vegani\u0161ka ir be bandym\u0173 su gyv\u016bnais apsieinanti mada jau dabar yra laikoma stilinga ir prabangia. Pasak Statista.com, pasaulin\u0117 vegani\u0161kos moter\u0173 mados rinka 2019 metais buvo vertinama 396,3 mrld. JAV doleri\u0173 ir numatoma, jog ir toliau augs po 13,6 % iki 2027. Industrijos varomoji j\u0117ga yra vegani\u0161kos odos [&hellip;]<\/p>\r\n\t\t\t\t\t\t\t\t<\/div>\r\n\t\t\t\t\t\t\t\t\t\t\t\t\t<\/div>\r\n\t\t\t\t\t\t<a href=\"https:\/\/www.v-label.com\/lt\/sektoriai\/ne-maisto-produktai\/\" class=\"read_more\">Read more<\/a>\r\n\t\t\t\t\t<\/div>\r\n\t\t\t\t<\/article>\r\n\t\t\t<\/li>\r\n\t\t\t\t\t<li>\r\n\t\t\t\t<article>\r\n\t\t\t\t\t\t\t\t\t\t\t<a href=\"https:\/\/www.v-label.com\/lt\/sektoriai\/gastronomija\/\" class=\"post_thumbnail\">\r\n\t\t\t\t\t\t\t<img decoding=\"async\" width=\"904\" height=\"720\" src=\"https:\/\/www.v-label.com\/wp-content\/uploads\/2022\/12\/gastronomy-1280-904x720.jpg\" class=\"attachment-preview size-preview wp-post-image\" alt=\"\" \/>\t\t\t\t\t\t<\/a>\r\n\t\t\t\t\t\t\t\t\t\t<div class=\"inner\">\r\n\t\t\t\t\t\t<div class=\"inner_top\">\r\n\t\t\t\t\t\t\t<header>\r\n\t\t\t\t\t\t\t\t<h3>\r\n\t\t\t\t\t\t\t\t\t<a href=\"https:\/\/www.v-label.com\/lt\/sektoriai\/gastronomija\/\">Gastronomija<\/a>\r\n\t\t\t\t\t\t\t\t<\/h3>\r\n\t\t\t\t\t\t\t\t\t\t\t\t\t\t\t<\/header>\r\n\t\t\t\t\t\t\t\t\t\t\t\t\t\t\t<div class=\"excerpt\">\r\n\t\t\t\t\t\t\t\t\t<p>Kavin\u0117s, restoranai, bistro, u\u017ekandin\u0117s \u2013 vie\u0161ojo maitinimo sritis yra beveik tokio pat dyd\u017eio, kaip ir ma\u017emeninis maisto sektorius. Pasak Pasaulio Sveikatos Organizacijos parengtos Global Variability in Fruit and Vegetable Consumption ataskaitos, para\u0161ytos 2021 metais, per pastar\u0105j\u012f de\u0161imtmet\u012f, vartotoj\u0173 iki 40 met\u0173 am\u017eiaus grup\u0117je, net 52 % padid\u0117jo \u0161vie\u017ei\u0173 dar\u017eovi\u0173 suvartojimas. Vien 2021 metais, vir\u0161 500 [&hellip;]<\/p>\r\n\t\t\t\t\t\t\t\t<\/div>\r\n\t\t\t\t\t\t\t\t\t\t\t\t\t<\/div>\r\n\t\t\t\t\t\t<a href=\"https:\/\/www.v-label.com\/lt\/sektoriai\/gastronomija\/\" class=\"read_more\">Read more<\/a>\r\n\t\t\t\t\t<\/div>\r\n\t\t\t\t<\/article>\r\n\t\t\t<\/li>\r\n\t\t\t<\/ul>","protected":false},"excerpt":{"rendered":"<p>Pasaulin\u0117 augalini\u0173 ingredient\u0173 rinka jau kur\u012f laik\u0105 gerino pardavim\u0173 rekordus. Numatoma, jog 2019 \u2013 2025 metais pardavimai ir toliau augs po 8,94 % kasmet. 2018 jos vert\u0117 buvo matuojama 10,66 mlrd. JAV doleri\u0173 ir numanoma, jog iki 2027 met\u0173 augs iki 27,98 mlrd. JAV doleri\u0173. Pasauliniu mastu vartotojai vis labiau ie\u0161ko sveik\u0173, eti\u0161k\u0173 ir ma\u017eesn\u0119 [&hellip;]<\/p>\n","protected":false},"author":5,"featured_media":69857,"parent":0,"menu_order":0,"comment_status":"closed","ping_status":"closed","template":"","meta":{"_acf_changed":false,"_editorskit_title_hidden":false,"_editorskit_reading_time":0,"_editorskit_is_block_options_detached":false,"_editorskit_block_options_position":"{}","inline_featured_image":false,"_uag_custom_page_level_css":"","footnotes":""},"categories":[],"tags":[],"class_list":["post-69854","page","type-page","status-publish","has-post-thumbnail","hentry"],"acf":[],"uagb_featured_image_src":{"full":["https:\/\/www.v-label.com\/wp-content\/uploads\/2022\/12\/v-label-general-info-sectors.jpg",1280,716,false],"thumbnail":["https:\/\/www.v-label.com\/wp-content\/uploads\/2022\/12\/v-label-general-info-sectors-500x280.jpg",500,280,true],"medium":["https:\/\/www.v-label.com\/wp-content\/uploads\/2022\/12\/v-label-general-info-sectors-300x168.jpg",300,168,true],"medium_large":["https:\/\/www.v-label.com\/wp-content\/uploads\/2022\/12\/v-label-general-info-sectors-768x430.jpg",768,430,true],"large":["https:\/\/www.v-label.com\/wp-content\/uploads\/2022\/12\/v-label-general-info-sectors-1024x573.jpg",1024,573,true],"1536x1536":["https:\/\/www.v-label.com\/wp-content\/uploads\/2022\/12\/v-label-general-info-sectors.jpg",1280,716,false],"2048x2048":["https:\/\/www.v-label.com\/wp-content\/uploads\/2022\/12\/v-label-general-info-sectors.jpg",1280,716,false],"preview":["https:\/\/www.v-label.com\/wp-content\/uploads\/2022\/12\/v-label-general-info-sectors-904x716.jpg",904,716,true],"header":["https:\/\/www.v-label.com\/wp-content\/uploads\/2022\/12\/v-label-general-info-sectors.jpg",1280,716,false],"gform-image-choice-sm":["https:\/\/www.v-label.com\/wp-content\/uploads\/2022\/12\/v-label-general-info-sectors.jpg",300,168,false],"gform-image-choice-md":["https:\/\/www.v-label.com\/wp-content\/uploads\/2022\/12\/v-label-general-info-sectors.jpg",400,224,false],"gform-image-choice-lg":["https:\/\/www.v-label.com\/wp-content\/uploads\/2022\/12\/v-label-general-info-sectors.jpg",600,336,false]},"uagb_author_info":{"display_name":"Can Aslan","author_link":"https:\/\/www.v-label.com\/lt"},"uagb_comment_info":0,"uagb_excerpt":"Pasaulin\u0117 augalini\u0173 ingredient\u0173 rinka jau kur\u012f laik\u0105 gerino pardavim\u0173 rekordus. Numatoma, jog 2019 \u2013 2025 metais pardavimai ir toliau augs po 8,94 % kasmet. 2018 jos vert\u0117 buvo matuojama 10,66 mlrd. JAV doleri\u0173 ir numanoma, jog iki 2027 met\u0173 augs iki 27,98 mlrd. JAV doleri\u0173. Pasauliniu mastu vartotojai vis labiau ie\u0161ko sveik\u0173, eti\u0161k\u0173 ir ma\u017eesn\u0119&hellip;","_links":{"self":[{"href":"https:\/\/www.v-label.com\/lt\/wp-json\/wp\/v2\/pages\/69854","targetHints":{"allow":["GET"]}}],"collection":[{"href":"https:\/\/www.v-label.com\/lt\/wp-json\/wp\/v2\/pages"}],"about":[{"href":"https:\/\/www.v-label.com\/lt\/wp-json\/wp\/v2\/types\/page"}],"author":[{"embeddable":true,"href":"https:\/\/www.v-label.com\/lt\/wp-json\/wp\/v2\/users\/5"}],"replies":[{"embeddable":true,"href":"https:\/\/www.v-label.com\/lt\/wp-json\/wp\/v2\/comments?post=69854"}],"version-history":[{"count":6,"href":"https:\/\/www.v-label.com\/lt\/wp-json\/wp\/v2\/pages\/69854\/revisions"}],"predecessor-version":[{"id":70549,"href":"https:\/\/www.v-label.com\/lt\/wp-json\/wp\/v2\/pages\/69854\/revisions\/70549"}],"wp:featuredmedia":[{"embeddable":true,"href":"https:\/\/www.v-label.com\/lt\/wp-json\/wp\/v2\/media\/69857"}],"wp:attachment":[{"href":"https:\/\/www.v-label.com\/lt\/wp-json\/wp\/v2\/media?parent=69854"}],"wp:term":[{"taxonomy":"category","embeddable":true,"href":"https:\/\/www.v-label.com\/lt\/wp-json\/wp\/v2\/categories?post=69854"},{"taxonomy":"post_tag","embeddable":true,"href":"https:\/\/www.v-label.com\/lt\/wp-json\/wp\/v2\/tags?post=69854"}],"curies":[{"name":"wp","href":"https:\/\/api.w.org\/{rel}","templated":true}]}}