{"id":69859,"date":"2022-05-30T16:16:01","date_gmt":"2022-05-30T14:16:01","guid":{"rendered":"https:\/\/www.v-label.com\/bendra-informacija\/"},"modified":"2025-11-20T09:58:17","modified_gmt":"2025-11-20T08:58:17","slug":"bendra-informacija","status":"publish","type":"page","link":"https:\/\/www.v-label.com\/lt\/bendra-informacija\/","title":{"rendered":"Bendra informacija"},"content":{"rendered":"\n<h2 class=\"has-text-align-center wp-block-heading\">Informacija vartotojams<\/h2>\n\n<p>Esate veganai, vegetarai, fleksitarai? Siekiate suma\u017einti gyv\u016bnin\u0117s kilm\u0117s produkt\u0173 suvartojim\u0105? O gal tiesiog smalsu? Kadangi u\u017esukote \u012f m\u016bs\u0173 svetain\u0119, tik\u0117tina, jog norite gyventi s\u0105\u017einingame, tvariame (ir skaniame!) pasaulyje. Mes taip pat! Siekiame kurti toki\u0105 ateit\u012f didindami vegani\u0161k\u0173 ir vegetari\u0161k\u0173 produkt\u0173 matomum\u0105 bei prieinamum\u0105.  <\/p>\n\n<p><strong>V-Label yra tarptautinis kokyb\u0117s \u017eenklas<\/strong> skiriamas nuodugniai patikrintiems vegani\u0161kiems ir vegetari\u0161kiems produktams ir ateinantis Jums \u012f pagalb\u0105 kurti augalinus \u012fpro\u010dius. <\/p>\n\n<p><strong>V-Label yra paprastas ir lengvai suprantamas kasdienio apsipirkimo gidas<\/strong>, sutaupantis Jums laiko ir j\u0117g\u0173. Tiesiog ie\u0161kokite lengvai atpa\u017e\u012fstamo geltono logotipo ir vienu \u017evilgsniu \u017einosite, kurie produktai yra patikrinti ir juos \u012fsigyti saugu! <\/p>\n\n<p><strong>V-Label \u2013 patikimas.<\/strong> Perkant ir naudojantis V-Label \u017eenklintais produktais ir paslaugomis, galite b\u016bti u\u017etikrinti, jog \u0161iems galioja tarptautiniai, standartizuoti ir ai\u0161k\u016bs vegani\u0161ki bei vegetari\u0161ki kriterijai. Nebelieka pagrindo nerimauti apie pa\u010di\u0173 gamintoj\u0173 sukurt\u0105 bei neapibr\u0117\u017etais kriterijais gr\u012fst\u0105 produkt\u0173 bei paslaug\u0173 \u017eenklinim\u0105. V-Label, \u012fkurtas dar 1996, yra vienas i\u0161 industrij\u0105 formuojan\u010di\u0173 lyderi\u0173.    <\/p>\n\n<div class=\"wp-block-buttons is-content-justification-center is-layout-flex wp-container-core-buttons-is-layout-16018d1d wp-block-buttons-is-layout-flex\">\n<div class=\"wp-block-button\"><a class=\"wp-block-button__link wp-element-button\" href=\"https:\/\/www.v-label.com\/general-information\/certified-products\/\">Sertifikuoti produktai<\/a><\/div>\n\n\n\n<div class=\"wp-block-button\"><a class=\"wp-block-button__link wp-element-button\" href=\"https:\/\/www.v-label.com\/lt\/praneskite-apie-netinkama-naudojima\/\">Prane\u0161kite apie netinkam\u0105 naudojim\u0105<\/a><\/div>\n<\/div>\n\n<h3 class=\"has-text-align-center wp-block-heading\"><strong>M\u016bs\u0173 vertyb\u0117s<\/strong><\/h3>\n\n<p>Kai perkate ar naudojate V-Label sertifikatu pa\u017eenklint\u0105 produkt\u0105 ar paslaug\u0105, galite b\u016bti u\u017etikrinti, jog:<\/p>\n\n<ul class=\"wp-block-list\">\n<li><strong>Nei viename i\u0161 vegani\u0161ko produkto gamybos etap\u0173 nebuvo naudojami gyv\u016bnin\u0117s kilm\u0117s ingredientai<\/strong><strong>.<\/strong> \u012e tai \u012feina ir priedai bei kvapikliai. <strong> <\/strong>Patikrinimai neapribojami vien ingredient\u0173 s\u0105ra\u0161u \u2013 j\u0173 metu yra tikrinamos net ir tos med\u017eiagos, kurias nurodyti neb\u016btina, pavyzd\u017eiui, biotechnologin\u0117s terp\u0117s bei pagalbin\u0117s apdorojimo priemon\u0117s. Tad galite b\u016bti ram\u016bs, jog obuoli\u0173 sultys ar vynas nebuvo skaidrintas \u017eelatina, cukrus nebuvo apdorotas kaul\u0173 miltais ir jog duona nebuvo apdorota i\u0161 \u0161eri\u0173 gaminamu cisteinu. <\/li>\n\n\n\n<li>Tik pienas, prie\u0161pienis, laisvai laikom\u0173 vi\u0161t\u0173 kiau\u0161iniai, medus, bi\u010di\u0173 va\u0161kas, propolis, vilnos riebalai bei j\u0173 produktai gali b\u016bti naudojami \u017eenklinant prekes ir paslaugas \u017eenklu \u201e<strong>vegetari\u0161ka<\/strong>\u201c. <\/li>\n\n\n\n<li>Visi galutinio produkto gamybos etapai turi b\u016bti sukurti taip, jog rizika pasitaikyti nevegani\u0161k\u0173 ar nevegetari\u0161k\u0173 produkt\u0173 <strong>nenumatytiems p\u0117dsakams<\/strong> b\u016bt\u0173 minimizuota. <\/li>\n\n\n\n<li><strong>Bet kokio pob\u016bd\u017eio bandymai su gyv\u016bnais<\/strong> negali b\u016bti atlikti ar atliekami tiek galutinio produkto, tiek j\u012f sudaran\u010di\u0173 ingredient\u0173, apdirbimo ar papildom\u0173 med\u017eiag\u0173 gamyboje.<\/li>\n<\/ul>\n\n<p>Galiausiai, <strong>pajamos, gaunamos i\u0161 licencijos mokes\u010dio<\/strong>, naudojamos \u012fgyvendinti \u012fvairius augalin\u0117s mitybos bei gyv\u016bn\u0173 teisi\u0173 srityse dirban\u010di\u0173 <strong>ne pelno siekian\u010di\u0173 organizacij\u0173 projektus.<\/strong><\/p>\n\n<div class=\"wp-block-columns are-vertically-aligned-center is-layout-flex wp-container-core-columns-is-layout-9d6595d7 wp-block-columns-is-layout-flex\">\n<div class=\"wp-block-column is-vertically-aligned-center is-layout-flow wp-block-column-is-layout-flow\">\n<figure class=\"wp-block-image size-full\"><img decoding=\"async\" width=\"720\" height=\"497\" src=\"https:\/\/www.v-label.com\/wp-content\/uploads\/2022\/09\/b2b-info-page-2.webp\" alt=\"\" class=\"wp-image-879\" srcset=\"https:\/\/www.v-label.com\/wp-content\/uploads\/2022\/09\/b2b-info-page-2.webp 720w, https:\/\/www.v-label.com\/wp-content\/uploads\/2022\/09\/b2b-info-page-2-300x207.webp 300w\" sizes=\"(max-width: 720px) 100vw, 720px\" \/><\/figure>\n<\/div>\n\n\n\n<div class=\"wp-block-column is-vertically-aligned-center is-layout-flow wp-block-column-is-layout-flow\">\n<figure class=\"wp-block-image size-full\"><img decoding=\"async\" width=\"720\" height=\"482\" src=\"https:\/\/www.v-label.com\/wp-content\/uploads\/2022\/09\/b2b-info-page-1.webp\" alt=\"\" class=\"wp-image-876\" srcset=\"https:\/\/www.v-label.com\/wp-content\/uploads\/2022\/09\/b2b-info-page-1.webp 720w, https:\/\/www.v-label.com\/wp-content\/uploads\/2022\/09\/b2b-info-page-1-300x201.webp 300w\" sizes=\"(max-width: 720px) 100vw, 720px\" \/><\/figure>\n<\/div>\n\n\n\n<div class=\"wp-block-column is-vertically-aligned-center is-layout-flow wp-block-column-is-layout-flow\">\n<figure class=\"wp-block-image size-full\"><img decoding=\"async\" width=\"720\" height=\"482\" src=\"https:\/\/www.v-label.com\/wp-content\/uploads\/2022\/09\/b2b-info-page-3.webp\" alt=\"\" class=\"wp-image-860\" srcset=\"https:\/\/www.v-label.com\/wp-content\/uploads\/2022\/09\/b2b-info-page-3.webp 720w, https:\/\/www.v-label.com\/wp-content\/uploads\/2022\/09\/b2b-info-page-3-300x201.webp 300w\" sizes=\"(max-width: 720px) 100vw, 720px\" \/><\/figure>\n<\/div>\n<\/div>\n","protected":false},"excerpt":{"rendered":"<p>Informacija vartotojams Esate veganai, vegetarai, fleksitarai? Siekiate suma\u017einti gyv\u016bnin\u0117s kilm\u0117s produkt\u0173 suvartojim\u0105? O gal tiesiog smalsu? Kadangi u\u017esukote \u012f m\u016bs\u0173 svetain\u0119, tik\u0117tina, jog norite gyventi s\u0105\u017einingame, tvariame (ir skaniame!) pasaulyje. Mes taip pat! Siekiame kurti toki\u0105 ateit\u012f didindami vegani\u0161k\u0173 ir vegetari\u0161k\u0173 produkt\u0173 matomum\u0105 bei prieinamum\u0105. V-Label yra tarptautinis kokyb\u0117s \u017eenklas skiriamas nuodugniai patikrintiems vegani\u0161kiems ir [&hellip;]<\/p>\n","protected":false},"author":5,"featured_media":69860,"parent":0,"menu_order":0,"comment_status":"closed","ping_status":"closed","template":"","meta":{"_acf_changed":false,"_editorskit_title_hidden":false,"_editorskit_reading_time":0,"_editorskit_is_block_options_detached":false,"_editorskit_block_options_position":"{}","inline_featured_image":false,"_uag_custom_page_level_css":"","footnotes":""},"categories":[],"tags":[],"class_list":["post-69859","page","type-page","status-publish","has-post-thumbnail","hentry"],"acf":[],"uagb_featured_image_src":{"full":["https:\/\/www.v-label.com\/wp-content\/uploads\/2022\/12\/v-label-general-info-consumers.jpg",1280,738,false],"thumbnail":["https:\/\/www.v-label.com\/wp-content\/uploads\/2022\/12\/v-label-general-info-consumers-500x288.jpg",500,288,true],"medium":["https:\/\/www.v-label.com\/wp-content\/uploads\/2022\/12\/v-label-general-info-consumers-300x173.jpg",300,173,true],"medium_large":["https:\/\/www.v-label.com\/wp-content\/uploads\/2022\/12\/v-label-general-info-consumers-768x443.jpg",768,443,true],"large":["https:\/\/www.v-label.com\/wp-content\/uploads\/2022\/12\/v-label-general-info-consumers-1024x590.jpg",1024,590,true],"1536x1536":["https:\/\/www.v-label.com\/wp-content\/uploads\/2022\/12\/v-label-general-info-consumers.jpg",1280,738,false],"2048x2048":["https:\/\/www.v-label.com\/wp-content\/uploads\/2022\/12\/v-label-general-info-consumers.jpg",1280,738,false],"preview":["https:\/\/www.v-label.com\/wp-content\/uploads\/2022\/12\/v-label-general-info-consumers-904x720.jpg",904,720,true],"header":["https:\/\/www.v-label.com\/wp-content\/uploads\/2022\/12\/v-label-general-info-consumers-1280x720.jpg",1280,720,true],"gform-image-choice-sm":["https:\/\/www.v-label.com\/wp-content\/uploads\/2022\/12\/v-label-general-info-consumers.jpg",300,173,false],"gform-image-choice-md":["https:\/\/www.v-label.com\/wp-content\/uploads\/2022\/12\/v-label-general-info-consumers.jpg",400,231,false],"gform-image-choice-lg":["https:\/\/www.v-label.com\/wp-content\/uploads\/2022\/12\/v-label-general-info-consumers.jpg",600,346,false]},"uagb_author_info":{"display_name":"Can Aslan","author_link":"https:\/\/www.v-label.com\/lt"},"uagb_comment_info":0,"uagb_excerpt":"Informacija vartotojams Esate veganai, vegetarai, fleksitarai? Siekiate suma\u017einti gyv\u016bnin\u0117s kilm\u0117s produkt\u0173 suvartojim\u0105? O gal tiesiog smalsu? Kadangi u\u017esukote \u012f m\u016bs\u0173 svetain\u0119, tik\u0117tina, jog norite gyventi s\u0105\u017einingame, tvariame (ir skaniame!) pasaulyje. Mes taip pat! Siekiame kurti toki\u0105 ateit\u012f didindami vegani\u0161k\u0173 ir vegetari\u0161k\u0173 produkt\u0173 matomum\u0105 bei prieinamum\u0105. V-Label yra tarptautinis kokyb\u0117s \u017eenklas skiriamas nuodugniai patikrintiems vegani\u0161kiems ir&hellip;","_links":{"self":[{"href":"https:\/\/www.v-label.com\/lt\/wp-json\/wp\/v2\/pages\/69859","targetHints":{"allow":["GET"]}}],"collection":[{"href":"https:\/\/www.v-label.com\/lt\/wp-json\/wp\/v2\/pages"}],"about":[{"href":"https:\/\/www.v-label.com\/lt\/wp-json\/wp\/v2\/types\/page"}],"author":[{"embeddable":true,"href":"https:\/\/www.v-label.com\/lt\/wp-json\/wp\/v2\/users\/5"}],"replies":[{"embeddable":true,"href":"https:\/\/www.v-label.com\/lt\/wp-json\/wp\/v2\/comments?post=69859"}],"version-history":[{"count":4,"href":"https:\/\/www.v-label.com\/lt\/wp-json\/wp\/v2\/pages\/69859\/revisions"}],"predecessor-version":[{"id":86180,"href":"https:\/\/www.v-label.com\/lt\/wp-json\/wp\/v2\/pages\/69859\/revisions\/86180"}],"wp:featuredmedia":[{"embeddable":true,"href":"https:\/\/www.v-label.com\/lt\/wp-json\/wp\/v2\/media\/69860"}],"wp:attachment":[{"href":"https:\/\/www.v-label.com\/lt\/wp-json\/wp\/v2\/media?parent=69859"}],"wp:term":[{"taxonomy":"category","embeddable":true,"href":"https:\/\/www.v-label.com\/lt\/wp-json\/wp\/v2\/categories?post=69859"},{"taxonomy":"post_tag","embeddable":true,"href":"https:\/\/www.v-label.com\/lt\/wp-json\/wp\/v2\/tags?post=69859"}],"curies":[{"name":"wp","href":"https:\/\/api.w.org\/{rel}","templated":true}]}}