{"id":69862,"date":"2022-05-30T16:16:08","date_gmt":"2022-05-30T14:16:08","guid":{"rendered":"https:\/\/www.v-label.com\/duk\/"},"modified":"2025-11-20T09:58:21","modified_gmt":"2025-11-20T08:58:21","slug":"duk","status":"publish","type":"page","link":"https:\/\/www.v-label.com\/lt\/duk\/","title":{"rendered":"D.U.K."},"content":{"rendered":"\n<h3 class=\"wp-block-heading has-text-align-center\">Raskite atsakymus \u012f sau r\u016bpimus klausimus apie V-Label.<\/h3>\n\r\n<section id=\"accordion-block_7ded4f035e01d8caeb11a50d4b8bafd9\" class=\"wp-block-accordion\">\r\n\t\t\t<button class=\"toggle_open\" id=\"button_toggle\">Expand all<\/button>\r\n\t\t<ul class=\"posts_list_accordion\">\r\n\t\t\t\t\t\t\t<li>\r\n\t\t\t\t\t\t\t\t\t\t\t\t\t\t\t\t\t<h4 id=\"\">Kokie V-Label privalumai, lyginant su kitomis augalin\u012f \u017eenklinim\u0105 si\u016blan\u010diomis \u012fstaigomis?<i class=\"icon-angle-down\"><\/i><\/h4>\r\n\t\t\t\t\t\t\t\t\t\t\t\t\t\t\t\t<div class=\"accordion_text\"><p>Didel\u0117 dalis \u012fmoni\u0173 bei gamintoj\u0173 naudoja savo \u017eenklinim\u0105 nurodydami, jog j\u0173 produktai yra augalin\u0117s kilm\u0117s. Ta\u010diau taip \u017eenklindamos, pa\u010dios \u012fmon\u0117s ir apsibr\u0117\u017eia \u017eenklinimo kriterijus vegani\u0161kiems ir vegetari\u0161kiems produktams. To pasekm\u0117 \u2013 skirting\u0173 gamintoj\u0173 sugalvotos savos \u017eenklinimo sistemos, d\u0117l standartizuotos sistemos nebuvimo kelian\u010dios nema\u017eai galvos skausmo vartotojams. \u012evairi\u0173 ingredient\u0173 ir kriterij\u0173 nei\u0161manymas \u012fmoni\u0173 tarpe gali nulemti netinkamos kategorijos priskyrim\u0105. Kadangi \u0161ios savo nuo\u017ei\u016bra priskirto \u017eenklinimo praktikos nereguliuoja jokios nepriklausomos \u012fstaigos, labai realu, jog vartotojai gali nepasteb\u0117ti \u0161io \u017eenklinimo klaidinan\u010di\u0173 savybi\u0173. D\u0117l \u0161ios prie\u017easties, vartotojai vis da\u017eniau reikalauja skaidrumo tam, jog gal\u0117t\u0173 greitai ir su pasitik\u0117jimu atpa\u017einti vegani\u0161kus ir vegetari\u0161kus produktus. \u0160iuo metu \u0161\u012f standartizuot\u0173 kriterij\u0173 teikiam\u0105 ai\u0161kum\u0105, renkantis vegani\u0161kus ir vegetari\u0161kus produktus, gali pasi\u016blyti tik V-Label. M\u016bs\u0173 \u017eenklinimas rei\u0161kia, jog \u012fmon\u0117s gali kokyb\u0117s u\u017etikrinimo atsakomyb\u0119 bei inspekcijas perkelti ant m\u016bs\u0173 pe\u010di\u0173. Be to, V-Label yra vienintelis nepriklausomas \u201eVegani\u0161ka\u201c ir \u201eVegetari\u0161ka\u201c kategorij\u0173 \u017eenklinimas Europoje.    <\/p>\n<\/div>\r\n\t\t\t\t\t\t\t\t\t<\/li>\r\n\t\t\t\t\t\t\t<li>\r\n\t\t\t\t\t\t\t\t\t\t\t\t\t\t\t\t\t<h4 id=\"\">Kod\u0117l neu\u017etenka tiesiog perskaityti produkto sud\u0117t\u012f?<i class=\"icon-angle-down\"><\/i><\/h4>\r\n\t\t\t\t\t\t\t\t\t\t\t\t\t\t\t\t<div class=\"accordion_text\"><p>Vien tik produkto sud\u0117ties perskaitymas nesuteikia garantijos, jog produktas i\u0161ties yra vegani\u0161kas ar vegetari\u0161kas. Kai kurie ingredientai gali b\u016bti \u012fvardijami E numerias, kurie da\u017enam vartotojui yra nesuprantami. Tuo tarpu kit\u0173 sudedam\u0173j\u0173 dali\u0173 gamintojas gali ir nepamin\u0117ti, nes tai n\u0117ra b\u016btina. Taip pat, ne visada ai\u0161ku, ar tam tikri ingredientai yra augalin\u0117s ar gyv\u016bnin\u0117s kilm\u0117s. Pavyzd\u017eiui, gamybos proceso metu naudojamus priedus, i\u0161 kuri\u0173 dauguma yra gyv\u016bnin\u0117s kilm\u0117s, n\u0117ra \u012fprasta \u012ftraukti \u012f sudedam\u0173j\u0173 dali\u0173 s\u0105ra\u0161\u0105. Tokiu b\u016bdu, produkto recept\u016bros pasikeitimas gali reik\u0161ti, jog \u012f m\u0117gstamo vegani\u0161ko ar vegetari\u0161ko produkto sud\u0117t\u012f staiga \u012ftraukiamas gyv\u016bnin\u0117s kilm\u0117s ingredientas, pirk\u0117jui net neturint galimyb\u0117s \u0161\u012f pokyt\u012f pasteb\u0117ti. Su V-Label, vartotojai gali b\u016bti ram\u016bs, jog ne tik i\u0161tiriame licencijuojam\u0173 produkt\u0173 sud\u0117tis, bet ir skiriame daug d\u0117mesio kiekvienam atskiram gamybos bei apdorojimo proceso \u017eingsniui. Taigi, V-Label yra greitas ir patikimas \u017eenklinimas, kuris sutaupo vartotoj\u0173 laiko per\u017ei\u016brint ir analizuojant produkt\u0173 sud\u0117tis.<\/p>\n<\/div>\r\n\t\t\t\t\t\t\t\t\t<\/li>\r\n\t\t\t\t\t\t\t<li>\r\n\t\t\t\t\t\t\t\t\t\t\t\t\t\t\t\t\t<h4 id=\"\">Kokiais kriterijais remiantis V-Label \u017eenklinim\u0105 turintys produktai yra \u017eymimi, kaip vegani\u0161ki ar vegetari\u0161ki?<i class=\"icon-angle-down\"><\/i><\/h4>\r\n\t\t\t\t\t\t\t\t\t\t\t\t\t\t\t\t<div class=\"accordion_text\"><p>V-Label naudojamos s\u0105vokos \u201evegani\u0161ka\u201c ir \u201evegetari\u0161ka\u201c, atitinka per dvylikt\u0105j\u0105 Minister for Consumer Protection Conference (vykusi\u0105 Baland\u017eio 22-\u0105 dien\u0105, 2016 metais) rekomenduot\u0105 apibr\u0117\u017eim\u0105.<\/p>\n<p><strong>Vegetari\u0161ka<\/strong><\/p>\n<p>Maisto ir kiti produktai, kuriuose n\u0117ra gyv\u016bn\u0173 ar gyv\u016bn\u0173 dali\u0173, yra laikomi vegetari\u0161kais. Tai \u012ftraukia visus gamybos ir apdorojimo \u017eingsnius. Maisto ir kiti produktai, sukurti kliaujantis gyv\u0173 gyv\u016bn\u0173 pagalba, ar i\u0161 gyv\u016bn\u0173 i\u0161gauti produktai yra laikomi vegetari\u0161kais.  <\/p>\n<p><strong>Vegani\u0161ka<\/strong><\/p>\n<p>Maisto ir kiti produktai, kuriuose n\u0117ra gyv\u016bn\u0173 ar gyv\u016bn\u0173 dali\u0173 yra laikomi vegani\u0161kais. Tam, jog b\u016bt\u0173 vegani\u0161ki, maistas ir kiti produktai negali b\u016bti gyv\u016bnin\u0117s kilm\u0117s. Tai apima visus gamybos bei apdorojimo \u017eingsnius, i\u0161skyrus auginim\u0105 ir derliaus nu\u0117mim\u0105.  <\/p>\n<p><strong>Papildomi V-Label reikalavimai<\/strong><\/p>\n<p>V-Label sertifikatas n\u0117ra suteikiamas jokiomis aplinkyb\u0117mis \u0161iais atvejais:<\/p>\n<ul>\n<li>Produktai, turintys GMO (geneti\u0161kai modifikuot\u0173 organizm\u0173)<\/li>\n<li>Produktai, kuriuose yra bet kokio pob\u016bd\u017eio narvuose laikom\u0173 vi\u0161t\u0173 kiau\u0161ini\u0173<\/li>\n<\/ul>\n<p><strong>Pakuot\u0117s<\/strong><\/p>\n<p>V-Label gali b\u016bti naudojamas produkt\u0173, kuri\u0173 pakuo\u010di\u0173 sud\u0117tyje yra gyv\u016bnin\u0117s kilm\u0117s ingredient\u0173, \u017eenklinimui. Nepaisant to, skatiname \u012fmones vengti toki\u0173 pakuo\u010di\u0173 savo iniciatyva. <\/p>\n<p><strong>Tr\u0119\u0161imas ir derliaus nu\u0117mimas<\/strong><\/p>\n<p>V-Label kriterijai produktams bei j\u0173 sudedamosioms dalims galioja nuo derliaus nu\u0117mimo pabaigos. Dirvoje, kurioje buvo auginami V-Label \u017eenklinim\u0105 tur\u0117sian\u010dio produkto ingredientai, naudot\u0173 tr\u0105\u0161\u0173 kilm\u0117 n\u0117ra reik\u0161mingas kriterijus. Ta\u010diau skatiname produkt\u0173 \u017ealiav\u0105 auginti praktikuojant vegani\u0161k\u0105 ir organin\u0119 \u016bkininkyst\u0119, bei vengti tr\u0105\u0161\u0173, turin\u010di\u0173 gyv\u016bnin\u0117s kilm\u0117s sudedam\u0173j\u0173 dali\u0173.  <\/p>\n<p><strong>Produkt\u0173 p\u0117dsakai ir ter\u0161alai<\/strong><\/p>\n<p>\u012emon\u0117s turi teis\u0119 savaranki\u0161kai nuspr\u0119sti, ar ant pakuot\u0117s nurodyti pa\u0161alini\u0173 ingredient\u0173, alergen\u0173 bei gyv\u016bnin\u0117s kilm\u0117s produkt\u0173 p\u0117dsakus. Nurodydamos pastaruosius, \u012fmon\u0117s apsisaugo nuo bet koki\u0173 teisini\u0173 pasekmi\u0173, galin\u010di\u0173 kilti d\u0117l vartotoj\u0173 alergini\u0173 reakcij\u0173. Ta\u010diau \u0161ios informacijos pamin\u0117jimas neb\u016btinai rei\u0161kia, jog galutinio produkto sud\u0117tyje i\u0161ties yra gyv\u016bnin\u0117s kilm\u0117s produkt\u0173; \u0161i informacija tiesiog informuoja vartotojus apie galim\u0105 minimal\u0173 produkto u\u017eter\u0161im\u0105, galimai pasitaikant\u012f gamybos metu.  <\/p>\n<p>Produktai, ant kuri\u0173 pakuo\u010di\u0173 pateikiama \u0161i informacija, tenkina V-Label kriterijus tik tuo atveju, jei gamintojas gali u\u017etikrinti, jog n\u0117 viename produkto gamybos etape gyv\u016bnin\u0117s kilm\u0117s produktai nebuvo tikslingai \u012ftraukti. Gamybos procesas turi b\u016bti organizuojamas taip, jog nelieka jokios u\u017eter\u0161imo gyv\u016bnin\u0117s kilm\u0117s produktais galimyb\u0117s. Pagal V-Label kriterijus, galutinio produkto bendras u\u017eter\u0161imas su visais patvirtintais gyv\u016bnin\u0117s kilm\u0117s ingredientais negali vir\u0161yti 0,1 % (1 g\/kg). Kitos, su \u201etechni\u0161kai galima aptikimo riba\u201d susijusios, taisykl\u0117s gali b\u016bti taikomos tam tikr\u0173 produkt\u0173 grup\u0117ms.   <\/p>\n<p><strong>Pavyzd\u017eiai<\/strong><\/p>\n<p>V-Label jokiomis aplinkyb\u0117mis nesuteikia sertifikato \u0161iems produktams ir\/ar sudedamosioms dalims:<\/p>\n<ul>\n<li>Skerdienos produktams<\/li>\n<li>\u017duv\u0173, j\u0173 dali\u0173 bei kit\u0173 j\u016bros gyv\u016bn\u0173 riebalams<\/li>\n<li>Gyv\u016bnin\u0117s kilm\u0117s gardikliams (i\u0161skyrus pieno pagrindu pagamintus gardiklius)<\/li>\n<li>Ne pauk\u0161tienos kiau\u0161iniams (pavyzd\u017eiui, ikrams)<\/li>\n<li>Pieno produktams, kuriuose naudojamas gyv\u016bnin\u0117s kilm\u0117s \u0161liu\u017eo fermentas<\/li>\n<li>Bi\u010di\u0173 pieneliui<\/li>\n<li>Gyv\u016bnin\u0117s kilm\u0117s da\u017eikliams (pavyzd\u017eiui, ko\u0161eniliui)<\/li>\n<li>Cukrams, kurie buvo balinti kaul\u0173 anglimi<\/li>\n<li>Gyv\u016bnin\u0117s kilm\u0117s ne\u0161iklin\u0117ms med\u017eiagoms ir priedams (angl., carrier substances)<\/li>\n<li>Med\u017eiagoms, kurios buvo gryninamos su gyv\u016bnin\u0117s kilm\u0117s med\u017eiagomis, kaip \u017eelatina ar \u017euvies p\u016bsl\u0117<\/li>\n<\/ul>\n<p>V-label sertifikatas kategorijoje \u201evegani\u0161ka\u201c suteikiamas tik produktams, savo sud\u0117tyje neturintiems \u0161i\u0173 ingredient\u0173:<\/p>\n<ul>\n<li>Kiau\u0161ini\u0173<\/li>\n<li>Medaus<\/li>\n<li>Pieno produkt\u0173<\/li>\n<li>Gyv\u016bnin\u0117s kilm\u0117s va\u0161ko<\/li>\n<li>Gyv\u016bnin\u0117s kilm\u0117s da\u017eikli\u0173<\/li>\n<li>Gyv\u016bnin\u0117s kilm\u0117s ne\u0161iklini\u0173 med\u017eiag\u0173 ir pried\u0173<\/li>\n<li>Med\u017eiag\u0173, kurios buvo gryninamos su gyv\u016bnin\u0117s kilm\u0117s med\u017eiagomis (pavyzd\u017eiui, kiau\u0161inio baltymu)<\/li>\n<\/ul>\n<\/div>\r\n\t\t\t\t\t\t\t\t\t<\/li>\r\n\t\t\t\t\t\t\t<li>\r\n\t\t\t\t\t\t\t\t\t\t\t\t\t\t\t\t\t<h4 id=\"\">Kokiu pagrindu maisto ir kitiems produktams suteikiami \u201evegani\u0161ka\u201c ar \u201evegetari\u0161ka\u201c sertifikatai?<i class=\"icon-angle-down\"><\/i><\/h4>\r\n\t\t\t\t\t\t\t\t\t\t\t\t\t\t\t\t<div class=\"accordion_text\"><p>\u012emon\u0117s, norin\u010dios savo produktus \u017eenklinti V-Label sertifikatu, privalo licencij\u0105 i\u0161duodan\u010diai \u012fstaigai pateikti licencijuojamo produkto bei jo gamyboje naudojam\u0173 pried\u0173 sud\u0117tis detalizuojan\u010dius dokumentus. Po \u0161io savaranki\u0161ko sud\u0117\u010di\u0173 deklaravimo ir inspekcijos, maisto bei kiti produktai gali gauti \u201evegani\u0161ka\u201c ar \u201evegetari\u0161ka\u201c sertifikat\u0105. <\/p>\n<\/div>\r\n\t\t\t\t\t\t\t\t\t<\/li>\r\n\t\t\t\t\t\t\t<li>\r\n\t\t\t\t\t\t\t\t\t\t\t\t\t\t\t\t\t<h4 id=\"\">Kokie \u017eingsniai yra b\u016btini, siekiant u\u017etikrinti, jog \u012fmon\u0117s \u012fgyvendina V-Label reikalavimus?<i class=\"icon-angle-down\"><\/i><\/h4>\r\n\t\t\t\t\t\t\t\t\t\t\t\t\t\t\t\t<div class=\"accordion_text\"><p>V-Label komanda pasilieka teis\u0119 taikyti kokyb\u0117s u\u017etikrinimo priemones tam, jog b\u016bt\u0173 apsaugotos V-Label suteikiamos patikimumo ir kitos garantijos.<\/p>\n<p>Bet koks V-Label sertifikuoto produkto recepto ar gamybos proceso pasikeitimas turi b\u016bti nedelsiant i\u0161komunikuotas V-Label kokyb\u0117s vadybos komandai. Tai \u012fvykd\u017eius, atliekamas papildomas auditas.<\/p>\n<\/div>\r\n\t\t\t\t\t\t\t\t\t<\/li>\r\n\t\t\t\t\t\t\t<li>\r\n\t\t\t\t\t\t\t\t\t\t\t\t\t\t\t\t\t<h4 id=\"\">Ar yra atveju, kuomet nelogi\u0161ka produkt\u0105 sertifikuoti su V-Label?<i class=\"icon-angle-down\"><\/i><\/h4>\r\n\t\t\t\t\t\t\t\t\t\t\t\t\t\t\t\t<div class=\"accordion_text\"><p>Ne visiems produktams reikia V-Label: pavienius ingredientus turintys ar neapdoroti maisto produktai , tokie kaip arbatos, prieskoniai, mineralinis vanduo bei neapdorotos dar\u017eov\u0117s visuomet yra augalin\u0117s kilm\u0117s ir jiems nereikalingas V-Label \u017eenklinimas. Nors reklamuoti produkt\u0105 pabr\u0117\u017eiant jo akivaizd\u017eias savybes ir n\u0117ra teisinis pa\u017eeidimas, ta\u010diau tai n\u0117ra rekomenduojama. <\/p>\n<\/div>\r\n\t\t\t\t\t\t\t\t\t<\/li>\r\n\t\t\t\t\t\t\t<li>\r\n\t\t\t\t\t\t\t\t\t\t\t\t\t\t\t\t\t<h4 id=\"\">Koki\u0173 kain\u0173 \u012fmon\u0117s gali tik\u0117tis sertifikuodamos savo produktus su V-Label?<i class=\"icon-angle-down\"><\/i><\/h4>\r\n\t\t\t\t\t\t\t\t\t\t\t\t\t\t\t\t<div class=\"accordion_text\"><p>V-Label naudojimas priklauso nuo kasmetinio licencijos bei vienkartinio inspekcijos mokes\u010di\u0173.<\/p>\n<\/div>\r\n\t\t\t\t\t\t\t\t\t<\/li>\r\n\t\t\t\t\t\t\t<li>\r\n\t\t\t\t\t\t\t\t\t\t\t\t\t\t\t\t\t<h4 id=\"\">Kiek ilgai u\u017etrunka produkto ar paslaugos licencijavimas?<i class=\"icon-angle-down\"><\/i><\/h4>\r\n\t\t\t\t\t\t\t\t\t\t\t\t\t\t\t\t<div class=\"accordion_text\"><p>Licencijos i\u0161davimas susideda i\u0161 5 \u017eingsni\u0173. Pirmiausia pateikiama u\u017eklausa, tuomet suformuojamas individualus, pateikt\u0105 \u012fmon\u0117s informacij\u0105 atitinkantis pasi\u016blymas. Kai pasi\u016blymas patvirtinamas \u012fmon\u0117s atstovo, sudaroma licencijos i\u0161davimo sutartis. Tuomet licencij\u0105 suteikianti V-Label \u012fstaiga-partner\u0117 atlieka detali\u0105 patikr\u0105, po kurios, patenkinus V-Label keliamus reikalavimus, i\u0161duodama licencija.  Galiausiai, vertinamas pakuot\u0117s maketas. J\u012f patvirtinus, standartinis licencijavimo procesas trunka tarp 2 ir 8 savai\u010di\u0173, po kurio \u012fmon\u0117 galiausiai gauna leidim\u0105 naudoti V-Label ant pakuo\u010di\u0173 bei marketingo tikslais.<\/p>\n<\/div>\r\n\t\t\t\t\t\t\t\t\t<\/li>\r\n\t\t\t\t\t\t\t<li>\r\n\t\t\t\t\t\t\t\t\t\t\t\t\t\t\t\t\t<h4 id=\"\">Kokio pob\u016bd\u017eio sutartis sudaroma?<i class=\"icon-angle-down\"><\/i><\/h4>\r\n\t\t\t\t\t\t\t\t\t\t\t\t\t\t\t\t<div class=\"accordion_text\"><p><strong>Galiojimo terminas<\/strong><\/p>\n<p>Sutarties s\u0105lygojamas licencijos galiojimo laikas \u012fprastai yra vieneri metai. Kasmetinis licencijos mokestis gali b\u016bti koreguojamas atsi\u017evelgiant \u012f \u0161alies infliacij\u0105 ar produkt\u0173 pardavim\u0173 augim\u0105. Sutarties prad\u017eia nurodyta pa\u010dioje sutartyje. Egzistuoja galimyb\u0117 atsi\u017evelgti ir \u012f v\u0117lesn\u0119 sutarties prad\u017eios dat\u0105, pavyzd\u017eiui numatant nauj\u0173 produkt\u0173 paleidim\u0105 ateityje. Sutartis prat\u0119siama automati\u0161kai, jei n\u0117ra ra\u0161ti\u0161ko informavimo apie pageidavim\u0105 j\u0105 nutraukti iki sutarties pabaigos likus bent 3 m\u0117nesiams.    <\/p>\n<p><strong>Licencijos sertifikatas<\/strong><\/p>\n<p>Pabaigus licencijavimo eig\u0105, licencijos sertifikatas i\u0161duodamas atitinkamai produkto kategorijai.<\/p>\n<\/div>\r\n\t\t\t\t\t\t\t\t\t<\/li>\r\n\t\t\t\t\t<\/ul>\r\n\t<\/section>","protected":false},"excerpt":{"rendered":"<p>Raskite atsakymus \u012f sau r\u016bpimus klausimus apie V-Label.<\/p>\n","protected":false},"author":5,"featured_media":69863,"parent":0,"menu_order":0,"comment_status":"closed","ping_status":"closed","template":"","meta":{"_acf_changed":false,"_editorskit_title_hidden":false,"_editorskit_reading_time":0,"_editorskit_is_block_options_detached":false,"_editorskit_block_options_position":"{}","inline_featured_image":false,"_uag_custom_page_level_css":"","footnotes":""},"categories":[],"tags":[],"class_list":["post-69862","page","type-page","status-publish","has-post-thumbnail","hentry"],"acf":[],"uagb_featured_image_src":{"full":["https:\/\/www.v-label.com\/wp-content\/uploads\/2022\/12\/v-label-faqs.jpg",1280,743,false],"thumbnail":["https:\/\/www.v-label.com\/wp-content\/uploads\/2022\/12\/v-label-faqs-500x290.jpg",500,290,true],"medium":["https:\/\/www.v-label.com\/wp-content\/uploads\/2022\/12\/v-label-faqs-300x174.jpg",300,174,true],"medium_large":["https:\/\/www.v-label.com\/wp-content\/uploads\/2022\/12\/v-label-faqs-768x446.jpg",768,446,true],"large":["https:\/\/www.v-label.com\/wp-content\/uploads\/2022\/12\/v-label-faqs-1024x594.jpg",1024,594,true],"1536x1536":["https:\/\/www.v-label.com\/wp-content\/uploads\/2022\/12\/v-label-faqs.jpg",1280,743,false],"2048x2048":["https:\/\/www.v-label.com\/wp-content\/uploads\/2022\/12\/v-label-faqs.jpg",1280,743,false],"preview":["https:\/\/www.v-label.com\/wp-content\/uploads\/2022\/12\/v-label-faqs-904x720.jpg",904,720,true],"header":["https:\/\/www.v-label.com\/wp-content\/uploads\/2022\/12\/v-label-faqs-1280x720.jpg",1280,720,true],"gform-image-choice-sm":["https:\/\/www.v-label.com\/wp-content\/uploads\/2022\/12\/v-label-faqs.jpg",300,174,false],"gform-image-choice-md":["https:\/\/www.v-label.com\/wp-content\/uploads\/2022\/12\/v-label-faqs.jpg",400,232,false],"gform-image-choice-lg":["https:\/\/www.v-label.com\/wp-content\/uploads\/2022\/12\/v-label-faqs.jpg",600,348,false]},"uagb_author_info":{"display_name":"Can Aslan","author_link":"https:\/\/www.v-label.com\/lt"},"uagb_comment_info":0,"uagb_excerpt":"Raskite atsakymus \u012f sau r\u016bpimus klausimus apie V-Label.","_links":{"self":[{"href":"https:\/\/www.v-label.com\/lt\/wp-json\/wp\/v2\/pages\/69862","targetHints":{"allow":["GET"]}}],"collection":[{"href":"https:\/\/www.v-label.com\/lt\/wp-json\/wp\/v2\/pages"}],"about":[{"href":"https:\/\/www.v-label.com\/lt\/wp-json\/wp\/v2\/types\/page"}],"author":[{"embeddable":true,"href":"https:\/\/www.v-label.com\/lt\/wp-json\/wp\/v2\/users\/5"}],"replies":[{"embeddable":true,"href":"https:\/\/www.v-label.com\/lt\/wp-json\/wp\/v2\/comments?post=69862"}],"version-history":[{"count":4,"href":"https:\/\/www.v-label.com\/lt\/wp-json\/wp\/v2\/pages\/69862\/revisions"}],"predecessor-version":[{"id":97956,"href":"https:\/\/www.v-label.com\/lt\/wp-json\/wp\/v2\/pages\/69862\/revisions\/97956"}],"wp:featuredmedia":[{"embeddable":true,"href":"https:\/\/www.v-label.com\/lt\/wp-json\/wp\/v2\/media\/69863"}],"wp:attachment":[{"href":"https:\/\/www.v-label.com\/lt\/wp-json\/wp\/v2\/media?parent=69862"}],"wp:term":[{"taxonomy":"category","embeddable":true,"href":"https:\/\/www.v-label.com\/lt\/wp-json\/wp\/v2\/categories?post=69862"},{"taxonomy":"post_tag","embeddable":true,"href":"https:\/\/www.v-label.com\/lt\/wp-json\/wp\/v2\/tags?post=69862"}],"curies":[{"name":"wp","href":"https:\/\/api.w.org\/{rel}","templated":true}]}}