{"id":69865,"date":"2022-05-30T16:16:14","date_gmt":"2022-05-30T14:16:14","guid":{"rendered":"https:\/\/www.v-label.com\/informacija-gamintojams\/"},"modified":"2024-07-09T15:17:21","modified_gmt":"2024-07-09T13:17:21","slug":"informacija-gamintojams","status":"publish","type":"page","link":"https:\/\/www.v-label.com\/lt\/informacija-gamintojams\/","title":{"rendered":"Informacija gamintojams"},"content":{"rendered":"\n<p>Visame pasaulyje daugiau nei <strong>70,000 produkt\u0173<\/strong> i\u0161 daugiau nei <strong>4,800 licencijas turin\u010di\u0173 klient\u0173<\/strong> yra <strong>sertifikuoti V-Label<\/strong> \u2013 vegani\u0161k\u0173 ir vegetari\u0161k\u0173 produkt\u0173 bei paslaug\u0173 kokyb\u0117s \u017eenklu. VIsame pasaulyje \u0161is tarptautiniu mastu atpa\u017e\u012fstamas \u017eenklas <strong>padeda vartotojams vienu \u017evilgsnu atpa\u017einti<\/strong> augalin\u0117s kilm\u0117s produktus bei paslaugas<strong>.<\/strong><\/p>\n\n\n\n<h3 class=\"wp-block-heading has-text-align-center has-greenlightultra-background-color has-background\">Jei esate gamintojai, \u017eemiau rasite prie\u017eastis, d\u0117l kuri\u0173 verta gauti V-Label sertifikat\u0105:<\/h3>\n\n\n\n<p><mark style=\"background-color:rgba(0, 0, 0, 0)\" class=\"has-inline-color has-greendark-color\"><strong>Pl\u0117tra \u012f naujas rinkas.<\/strong><\/mark> Tokiose \u0161alyse, kaip Vokietija, Ispanija ar Lenkija pus\u0117 gyventoj\u0173 save laiko fleksitarais, o tai rei\u0161kia, jog egzistuoja <strong>\u012fvairialyp\u0117, spar\u010diai auganti vartotoj\u0173 dalis<\/strong>, kuri d\u0117l sveikatos, etikos ar kit\u0173 prie\u017eas\u010di\u0173 ie\u0161ko vegani\u0161k\u0173 ir vegetari\u0161k\u0173 produkt\u0173.<\/p>\n\n\n\n<p><strong><mark style=\"background-color:rgba(0, 0, 0, 0)\" class=\"has-inline-color has-greendark-color\">Matomumo didinimas.<\/mark><\/strong> Su grie\u017etus standartus atitinkan\u010diu bei pla\u010diai atpa\u017e\u012fstamu V-Label \u017eenklinimu, <strong>J\u016bs\u0173 produktai bus labiau matomi<\/strong>, taip palengvindami klient\u0173 apsipirkimo proces\u0105.<\/p>\n\n\n\n<p><strong><mark style=\"background-color:rgba(0, 0, 0, 0)\" class=\"has-inline-color has-greendark-color\">Pasitik\u0117jimo didinimas.<\/mark><\/strong> Nebereik\u0117s stengtis \u012ftikinti; pasaulin\u0117 V-Label reputacija, gr\u012fsta kokybe, profesionalumu ir ne\u0161ali\u0161kumu \u0161\u012f darb\u0105 padarys u\u017e <strong>Jus<\/strong>. <\/p>\n\n\n\n<div class=\"wp-block-buttons alignwide is-content-justification-center is-layout-flex wp-container-core-buttons-is-layout-16018d1d wp-block-buttons-is-layout-flex\">\n<div class=\"wp-block-button\"><a class=\"wp-block-button__link wp-element-button\" href=\"https:\/\/www.v-label.com\/lt\/gaukite-sertifikata\/\" rel=\"noopener\">Gaukite sertifikat\u0105<\/a><\/div>\n\n\n\n<div class=\"wp-block-button\"><a class=\"wp-block-button__link wp-element-button\" href=\"https:\/\/www.v-label.com\/lt\/informacija-gamintojams\/naudos\/\">Atraskite daugiau privalum\u0173<\/a><\/div>\n<\/div>\n\n\n\n<div class=\"wp-block-columns are-vertically-aligned-center is-layout-flex wp-container-core-columns-is-layout-9d6595d7 wp-block-columns-is-layout-flex\">\n<div class=\"wp-block-column is-vertically-aligned-center is-layout-flow wp-block-column-is-layout-flow\">\n<figure class=\"wp-block-image size-full\"><img decoding=\"async\" width=\"1000\" height=\"667\" src=\"https:\/\/www.v-label.com\/wp-content\/uploads\/2022\/12\/adobestock-465730438-preview.jpeg\" alt=\"\" class=\"wp-image-17436\" srcset=\"https:\/\/www.v-label.com\/wp-content\/uploads\/2022\/12\/adobestock-465730438-preview.jpeg 1000w, https:\/\/www.v-label.com\/wp-content\/uploads\/2022\/12\/adobestock-465730438-preview-300x200.jpeg 300w, https:\/\/www.v-label.com\/wp-content\/uploads\/2022\/12\/adobestock-465730438-preview-500x334.jpeg 500w, https:\/\/www.v-label.com\/wp-content\/uploads\/2022\/12\/adobestock-465730438-preview-768x512.jpeg 768w\" sizes=\"(max-width: 1000px) 100vw, 1000px\" \/><\/figure>\n<\/div>\n\n\n\n<div class=\"wp-block-column is-vertically-aligned-center is-layout-flow wp-block-column-is-layout-flow\">\n<figure class=\"wp-block-image size-full\"><img decoding=\"async\" width=\"1116\" height=\"745\" src=\"https:\/\/www.v-label.com\/wp-content\/uploads\/2022\/12\/v-label-step-2.jpg\" alt=\"\" class=\"wp-image-17456\" srcset=\"https:\/\/www.v-label.com\/wp-content\/uploads\/2022\/12\/v-label-step-2.jpg 1116w, https:\/\/www.v-label.com\/wp-content\/uploads\/2022\/12\/v-label-step-2-300x200.jpg 300w, https:\/\/www.v-label.com\/wp-content\/uploads\/2022\/12\/v-label-step-2-1024x684.jpg 1024w, https:\/\/www.v-label.com\/wp-content\/uploads\/2022\/12\/v-label-step-2-500x334.jpg 500w, https:\/\/www.v-label.com\/wp-content\/uploads\/2022\/12\/v-label-step-2-768x513.jpg 768w\" sizes=\"(max-width: 1116px) 100vw, 1116px\" \/><\/figure>\n<\/div>\n\n\n\n<div class=\"wp-block-column is-vertically-aligned-center is-layout-flow wp-block-column-is-layout-flow\">\n<figure class=\"wp-block-image size-full\"><img decoding=\"async\" width=\"1000\" height=\"667\" src=\"https:\/\/www.v-label.com\/wp-content\/uploads\/2022\/12\/adobestock-498930860-preview.jpeg\" alt=\"\" class=\"wp-image-17476\" srcset=\"https:\/\/www.v-label.com\/wp-content\/uploads\/2022\/12\/adobestock-498930860-preview.jpeg 1000w, https:\/\/www.v-label.com\/wp-content\/uploads\/2022\/12\/adobestock-498930860-preview-300x200.jpeg 300w, https:\/\/www.v-label.com\/wp-content\/uploads\/2022\/12\/adobestock-498930860-preview-500x334.jpeg 500w, https:\/\/www.v-label.com\/wp-content\/uploads\/2022\/12\/adobestock-498930860-preview-768x512.jpeg 768w\" sizes=\"(max-width: 1000px) 100vw, 1000px\" \/><\/figure>\n<\/div>\n<\/div>\n\n\n\n<h3 class=\"wp-block-heading\">Gaukite sertifikat\u0105<\/h3>\n\n\n\n<p><strong>Esate pasiruo\u0161\u0119 padidinti savo vegani\u0161k\u0173 ir vegetari\u0161k\u0173 produkt\u0173 matomum\u0105?<\/strong> D\u0117ka <strong>V-Label<\/strong>, pirk\u0117jai gal\u0117s identifikuoti J\u016bs\u0173 vegani\u0161kus ir vegetari\u0161kus produktus vos vienu \u017evilgsniu ir \u012fsigyti juos neabejojant d\u0117l vegani\u0161kos ar vegetari\u0161kos kilm\u0117s. <\/p>\n\n\n\n<p>I\u0161 \u012fmon\u0117s \u012fvaizd\u017eio pus\u0117s, b\u016bdami V-Label partneriais didinsite savo patikimum\u0105 bei skaidrum\u0105 vegani\u0161ko ir vegetari\u0161ko \u017eenklinimo klausimu. J\u016bs\u0173 klientams V-Label yra paprastas ir patikimas \u012frankis priimti apgalvotus, tvarius ir pastovius apsipirkimo sprendimus. <\/p>\n\n\n\n<div class=\"wp-block-buttons is-content-justification-center is-layout-flex wp-container-core-buttons-is-layout-16018d1d wp-block-buttons-is-layout-flex\">\n<div class=\"wp-block-button\"><a class=\"wp-block-button__link wp-element-button\" href=\"https:\/\/www.v-label.com\/lt\/gaukite-sertifikata\/\" rel=\"noopener\">Gaukite V-Label sertifikat\u0105<\/a><\/div>\n<\/div>\n\n\n\n<h3 class=\"wp-block-heading\">Kriterijai ir da\u017eniausiai u\u017eduodami klausimai<\/h3>\n\n\n\n<p>Raskite atsakymus \u012f neatsakytus klausimus apie V-Label.<\/p>\n\n\n\n<div class=\"wp-block-buttons is-content-justification-center is-layout-flex wp-container-core-buttons-is-layout-16018d1d wp-block-buttons-is-layout-flex\">\n<div class=\"wp-block-button\"><a class=\"wp-block-button__link wp-element-button\" href=\"https:\/\/www.v-label.com\/lt\/duk\/\">Per\u017evelkite D.U.K.<\/a><\/div>\n<\/div>\n","protected":false},"excerpt":{"rendered":"<p>Visame pasaulyje daugiau nei 70,000 produkt\u0173 i\u0161 daugiau nei 4,800 licencijas turin\u010di\u0173 klient\u0173 yra sertifikuoti V-Label \u2013 vegani\u0161k\u0173 ir vegetari\u0161k\u0173 produkt\u0173 bei paslaug\u0173 kokyb\u0117s \u017eenklu. VIsame pasaulyje \u0161is tarptautiniu mastu atpa\u017e\u012fstamas \u017eenklas padeda vartotojams vienu \u017evilgsnu atpa\u017einti augalin\u0117s kilm\u0117s produktus bei paslaugas. Jei esate gamintojai, \u017eemiau rasite prie\u017eastis, d\u0117l kuri\u0173 verta gauti V-Label sertifikat\u0105: Pl\u0117tra [&hellip;]<\/p>\n","protected":false},"author":5,"featured_media":69872,"parent":0,"menu_order":0,"comment_status":"closed","ping_status":"closed","template":"","meta":{"_acf_changed":false,"_editorskit_title_hidden":false,"_editorskit_reading_time":0,"_editorskit_is_block_options_detached":false,"_editorskit_block_options_position":"{}","inline_featured_image":false,"_uag_custom_page_level_css":"","footnotes":""},"categories":[],"tags":[],"class_list":["post-69865","page","type-page","status-publish","has-post-thumbnail","hentry"],"acf":[],"uagb_featured_image_src":{"full":["https:\/\/www.v-label.com\/wp-content\/uploads\/2022\/12\/v-label-info-for-producers.jpg",1280,870,false],"thumbnail":["https:\/\/www.v-label.com\/wp-content\/uploads\/2022\/12\/v-label-info-for-producers-500x340.jpg",500,340,true],"medium":["https:\/\/www.v-label.com\/wp-content\/uploads\/2022\/12\/v-label-info-for-producers-300x204.jpg",300,204,true],"medium_large":["https:\/\/www.v-label.com\/wp-content\/uploads\/2022\/12\/v-label-info-for-producers-768x522.jpg",768,522,true],"large":["https:\/\/www.v-label.com\/wp-content\/uploads\/2022\/12\/v-label-info-for-producers-1024x696.jpg",1024,696,true],"1536x1536":["https:\/\/www.v-label.com\/wp-content\/uploads\/2022\/12\/v-label-info-for-producers.jpg",1280,870,false],"2048x2048":["https:\/\/www.v-label.com\/wp-content\/uploads\/2022\/12\/v-label-info-for-producers.jpg",1280,870,false],"preview":["https:\/\/www.v-label.com\/wp-content\/uploads\/2022\/12\/v-label-info-for-producers-904x720.jpg",904,720,true],"header":["https:\/\/www.v-label.com\/wp-content\/uploads\/2022\/12\/v-label-info-for-producers-1280x720.jpg",1280,720,true],"gform-image-choice-sm":["https:\/\/www.v-label.com\/wp-content\/uploads\/2022\/12\/v-label-info-for-producers.jpg",300,204,false],"gform-image-choice-md":["https:\/\/www.v-label.com\/wp-content\/uploads\/2022\/12\/v-label-info-for-producers.jpg",400,272,false],"gform-image-choice-lg":["https:\/\/www.v-label.com\/wp-content\/uploads\/2022\/12\/v-label-info-for-producers.jpg",600,408,false]},"uagb_author_info":{"display_name":"Can Aslan","author_link":"https:\/\/www.v-label.com\/lt"},"uagb_comment_info":0,"uagb_excerpt":"Visame pasaulyje daugiau nei 70,000 produkt\u0173 i\u0161 daugiau nei 4,800 licencijas turin\u010di\u0173 klient\u0173 yra sertifikuoti V-Label \u2013 vegani\u0161k\u0173 ir vegetari\u0161k\u0173 produkt\u0173 bei paslaug\u0173 kokyb\u0117s \u017eenklu. VIsame pasaulyje \u0161is tarptautiniu mastu atpa\u017e\u012fstamas \u017eenklas padeda vartotojams vienu \u017evilgsnu atpa\u017einti augalin\u0117s kilm\u0117s produktus bei paslaugas. Jei esate gamintojai, \u017eemiau rasite prie\u017eastis, d\u0117l kuri\u0173 verta gauti V-Label sertifikat\u0105: Pl\u0117tra&hellip;","_links":{"self":[{"href":"https:\/\/www.v-label.com\/lt\/wp-json\/wp\/v2\/pages\/69865","targetHints":{"allow":["GET"]}}],"collection":[{"href":"https:\/\/www.v-label.com\/lt\/wp-json\/wp\/v2\/pages"}],"about":[{"href":"https:\/\/www.v-label.com\/lt\/wp-json\/wp\/v2\/types\/page"}],"author":[{"embeddable":true,"href":"https:\/\/www.v-label.com\/lt\/wp-json\/wp\/v2\/users\/5"}],"replies":[{"embeddable":true,"href":"https:\/\/www.v-label.com\/lt\/wp-json\/wp\/v2\/comments?post=69865"}],"version-history":[{"count":3,"href":"https:\/\/www.v-label.com\/lt\/wp-json\/wp\/v2\/pages\/69865\/revisions"}],"predecessor-version":[{"id":83894,"href":"https:\/\/www.v-label.com\/lt\/wp-json\/wp\/v2\/pages\/69865\/revisions\/83894"}],"wp:featuredmedia":[{"embeddable":true,"href":"https:\/\/www.v-label.com\/lt\/wp-json\/wp\/v2\/media\/69872"}],"wp:attachment":[{"href":"https:\/\/www.v-label.com\/lt\/wp-json\/wp\/v2\/media?parent=69865"}],"wp:term":[{"taxonomy":"category","embeddable":true,"href":"https:\/\/www.v-label.com\/lt\/wp-json\/wp\/v2\/categories?post=69865"},{"taxonomy":"post_tag","embeddable":true,"href":"https:\/\/www.v-label.com\/lt\/wp-json\/wp\/v2\/tags?post=69865"}],"curies":[{"name":"wp","href":"https:\/\/api.w.org\/{rel}","templated":true}]}}