{"id":69875,"date":"2022-05-30T16:18:01","date_gmt":"2022-05-30T14:18:01","guid":{"rendered":"https:\/\/www.v-label.com\/praneskite-apie-netinkama-naudojima\/"},"modified":"2024-04-22T13:04:50","modified_gmt":"2024-04-22T11:04:50","slug":"praneskite-apie-netinkama-naudojima","status":"publish","type":"page","link":"https:\/\/www.v-label.com\/lt\/praneskite-apie-netinkama-naudojima\/","title":{"rendered":"Prane\u0161kite apie netinkam\u0105 naudojim\u0105"},"content":{"rendered":"\n<p>Pasteb\u0117jote V-Label \u017eenkl\u0105 ant ne augalin\u0117s kilm\u0117s produkto pakuot\u0117s? Ar vegetari\u0161k\u0105 produkt\u0105 per klaid\u0105 pa\u017eym\u0117t\u0105 kaip vegani\u0161k\u0105? O galb\u016bt aptikote V-Label \u017eenkl\u0105, atvaizduojam\u0105 ne\u012fprastai? Prane\u0161kite mums nedelsiant.    <\/p>\n\n\n\n<p>Netinkamas V-Label naudojimas pasitaiko d\u0117l \u012fvairi\u0173 prie\u017eas\u010di\u0173: d\u0117l ne\u017einojimo, jog V-Label \u017eenklas yra intelektin\u0117 nuosavyb\u0117 ir negali b\u016bti naudojamas savavali\u0161kai; d\u0117l tre\u010di\u0173j\u0173 \u0161ali\u0173 pasitelkimo gamyboje, kurios neatsakingai naudoja V-Label \u017eenkl\u0105; d\u0117l vegetari\u0161k\u0173 produkt\u0173 palaikymo vegani\u0161kais ir pan. <\/p>\n\n\n\n<p>Aptikus tokius bei pana\u0161ius V-Label \u017eenklo naudojimo pa\u017eeidimus, skatiname nedelsiant susisiekti u\u017epild\u017eius \u017eemiau esan\u010di\u0105 form\u0105!<\/p>\n\n\n\n<p>Mes siekiame kurti pasaul\u012f, kuriame vegani\u0161ki ir vegetari\u0161ki produktai bei paslaugos yra pla\u010diai paplitusios ir lengvai atpa\u017e\u012fstamos. D\u0117l \u0161ios prie\u017easties, prie\u0161 pradedant V-Label \u017eenklu sertifikuoti gamintojus ir j\u0173 produktus, pastarieji yra atid\u017eiai tikrinami remiantis standartizuotais kriterijais, taip kuriant skaidrum\u0105 bei patikimum\u0105 tarp gamintoj\u0173 ir vartotoj\u0173. Tik tie produktai bei gamintojai, kurie atitinka m\u016bs\u0173 kriterijus, gali gauti sertifikat\u0105 ir su pasidid\u017eiavimu naudoti V-Label \u017eenkl\u0105 ant savo pakuo\u010di\u0173 bei rinkodaros kampanijose. Visi tikim\u0117s s\u0105\u017einingumo! D\u0117l \u0161i\u0173 prie\u017eas\u010di\u0173 mes nuolat reaguojame \u012f neteis\u0117tus m\u016bs\u0173 \u017eenklo panaudojimo atvejus.     <\/p>\n\n\n\n<h3 class=\"wp-block-heading has-text-align-center\">Alternatyvus b\u016bdas prane\u0161ti apie pa\u017eeidim\u0105<\/h3>\n\n\n\n<p class=\"has-text-align-center\">Taip pat galite su mumis susisiekti per socialinius tinklus.<\/p>\n\n\n\n<ul class=\"wp-block-social-links animated heartBeat delay-5s fast is-style-default is-content-justification-center is-layout-flex wp-container-core-social-links-is-layout-16018d1d wp-block-social-links-is-layout-flex\"><li class=\"wp-social-link wp-social-link-facebook  wp-block-social-link\"><a rel=\"noopener nofollow\" target=\"_blank\" href=\"https:\/\/www.facebook.com\/vlabel.international\/\" class=\"wp-block-social-link-anchor\"><svg width=\"24\" height=\"24\" viewBox=\"0 0 24 24\" version=\"1.1\" xmlns=\"http:\/\/www.w3.org\/2000\/svg\" aria-hidden=\"true\" focusable=\"false\"><path d=\"M12 2C6.5 2 2 6.5 2 12c0 5 3.7 9.1 8.4 9.9v-7H7.9V12h2.5V9.8c0-2.5 1.5-3.9 3.8-3.9 1.1 0 2.2.2 2.2.2v2.5h-1.3c-1.2 0-1.6.8-1.6 1.6V12h2.8l-.4 2.9h-2.3v7C18.3 21.1 22 17 22 12c0-5.5-4.5-10-10-10z\"><\/path><\/svg><span class=\"wp-block-social-link-label screen-reader-text\">Get in touch via V-Label Facebook<\/span><\/a><\/li>\n\n<li class=\"wp-social-link wp-social-link-instagram  wp-block-social-link\"><a rel=\"noopener nofollow\" target=\"_blank\" href=\"https:\/\/www.instagram.com\/vlabel.official\/\" class=\"wp-block-social-link-anchor\"><svg width=\"24\" height=\"24\" viewBox=\"0 0 24 24\" version=\"1.1\" xmlns=\"http:\/\/www.w3.org\/2000\/svg\" aria-hidden=\"true\" focusable=\"false\"><path d=\"M12,4.622c2.403,0,2.688,0.009,3.637,0.052c0.877,0.04,1.354,0.187,1.671,0.31c0.42,0.163,0.72,0.358,1.035,0.673 c0.315,0.315,0.51,0.615,0.673,1.035c0.123,0.317,0.27,0.794,0.31,1.671c0.043,0.949,0.052,1.234,0.052,3.637 s-0.009,2.688-0.052,3.637c-0.04,0.877-0.187,1.354-0.31,1.671c-0.163,0.42-0.358,0.72-0.673,1.035 c-0.315,0.315-0.615,0.51-1.035,0.673c-0.317,0.123-0.794,0.27-1.671,0.31c-0.949,0.043-1.233,0.052-3.637,0.052 s-2.688-0.009-3.637-0.052c-0.877-0.04-1.354-0.187-1.671-0.31c-0.42-0.163-0.72-0.358-1.035-0.673 c-0.315-0.315-0.51-0.615-0.673-1.035c-0.123-0.317-0.27-0.794-0.31-1.671C4.631,14.688,4.622,14.403,4.622,12 s0.009-2.688,0.052-3.637c0.04-0.877,0.187-1.354,0.31-1.671c0.163-0.42,0.358-0.72,0.673-1.035 c0.315-0.315,0.615-0.51,1.035-0.673c0.317-0.123,0.794-0.27,1.671-0.31C9.312,4.631,9.597,4.622,12,4.622 M12,3 C9.556,3,9.249,3.01,8.289,3.054C7.331,3.098,6.677,3.25,6.105,3.472C5.513,3.702,5.011,4.01,4.511,4.511 c-0.5,0.5-0.808,1.002-1.038,1.594C3.25,6.677,3.098,7.331,3.054,8.289C3.01,9.249,3,9.556,3,12c0,2.444,0.01,2.751,0.054,3.711 c0.044,0.958,0.196,1.612,0.418,2.185c0.23,0.592,0.538,1.094,1.038,1.594c0.5,0.5,1.002,0.808,1.594,1.038 c0.572,0.222,1.227,0.375,2.185,0.418C9.249,20.99,9.556,21,12,21s2.751-0.01,3.711-0.054c0.958-0.044,1.612-0.196,2.185-0.418 c0.592-0.23,1.094-0.538,1.594-1.038c0.5-0.5,0.808-1.002,1.038-1.594c0.222-0.572,0.375-1.227,0.418-2.185 C20.99,14.751,21,14.444,21,12s-0.01-2.751-0.054-3.711c-0.044-0.958-0.196-1.612-0.418-2.185c-0.23-0.592-0.538-1.094-1.038-1.594 c-0.5-0.5-1.002-0.808-1.594-1.038c-0.572-0.222-1.227-0.375-2.185-0.418C14.751,3.01,14.444,3,12,3L12,3z M12,7.378 c-2.552,0-4.622,2.069-4.622,4.622S9.448,16.622,12,16.622s4.622-2.069,4.622-4.622S14.552,7.378,12,7.378z M12,15 c-1.657,0-3-1.343-3-3s1.343-3,3-3s3,1.343,3,3S13.657,15,12,15z M16.804,6.116c-0.596,0-1.08,0.484-1.08,1.08 s0.484,1.08,1.08,1.08c0.596,0,1.08-0.484,1.08-1.08S17.401,6.116,16.804,6.116z\"><\/path><\/svg><span class=\"wp-block-social-link-label screen-reader-text\">Get in touch via V-Label Instagram<\/span><\/a><\/li><\/ul>\n\n\n\n<script charset=\"utf-8\" type=\"text\/javascript\" src=\"\/\/js-eu1.hsforms.net\/forms\/embed\/v2.js\"><\/script>\n<script>\n  hbspt.forms.create({\n    region: \"eu1\",\n    portalId: \"9342260\",\n    formId: \"f1a819cb-3a46-49ad-b133-485e0eba4934\"\n  });\n<\/script>\n","protected":false},"excerpt":{"rendered":"<p>Pasteb\u0117jote V-Label \u017eenkl\u0105 ant ne augalin\u0117s kilm\u0117s produkto pakuot\u0117s? Ar vegetari\u0161k\u0105 produkt\u0105 per klaid\u0105 pa\u017eym\u0117t\u0105 kaip vegani\u0161k\u0105? O galb\u016bt aptikote V-Label \u017eenkl\u0105, atvaizduojam\u0105 ne\u012fprastai? Prane\u0161kite mums nedelsiant. Netinkamas V-Label naudojimas pasitaiko d\u0117l \u012fvairi\u0173 prie\u017eas\u010di\u0173: d\u0117l ne\u017einojimo, jog V-Label \u017eenklas yra intelektin\u0117 nuosavyb\u0117 ir negali b\u016bti naudojamas savavali\u0161kai; d\u0117l tre\u010di\u0173j\u0173 \u0161ali\u0173 pasitelkimo gamyboje, kurios neatsakingai naudoja [&hellip;]<\/p>\n","protected":false},"author":5,"featured_media":69876,"parent":0,"menu_order":0,"comment_status":"closed","ping_status":"closed","template":"","meta":{"_acf_changed":false,"_editorskit_title_hidden":false,"_editorskit_reading_time":0,"_editorskit_is_block_options_detached":false,"_editorskit_block_options_position":"{}","inline_featured_image":false,"_uag_custom_page_level_css":"","footnotes":""},"categories":[],"tags":[],"class_list":["post-69875","page","type-page","status-publish","has-post-thumbnail","hentry"],"acf":[],"uagb_featured_image_src":{"full":["https:\/\/www.v-label.com\/wp-content\/uploads\/2022\/12\/v-label-report-misuse-1.jpg",1280,651,false],"thumbnail":["https:\/\/www.v-label.com\/wp-content\/uploads\/2022\/12\/v-label-report-misuse-1-500x254.jpg",500,254,true],"medium":["https:\/\/www.v-label.com\/wp-content\/uploads\/2022\/12\/v-label-report-misuse-1-300x153.jpg",300,153,true],"medium_large":["https:\/\/www.v-label.com\/wp-content\/uploads\/2022\/12\/v-label-report-misuse-1-768x391.jpg",768,391,true],"large":["https:\/\/www.v-label.com\/wp-content\/uploads\/2022\/12\/v-label-report-misuse-1-1024x521.jpg",1024,521,true],"1536x1536":["https:\/\/www.v-label.com\/wp-content\/uploads\/2022\/12\/v-label-report-misuse-1.jpg",1280,651,false],"2048x2048":["https:\/\/www.v-label.com\/wp-content\/uploads\/2022\/12\/v-label-report-misuse-1.jpg",1280,651,false],"preview":["https:\/\/www.v-label.com\/wp-content\/uploads\/2022\/12\/v-label-report-misuse-1-904x651.jpg",904,651,true],"header":["https:\/\/www.v-label.com\/wp-content\/uploads\/2022\/12\/v-label-report-misuse-1.jpg",1280,651,false],"gform-image-choice-sm":["https:\/\/www.v-label.com\/wp-content\/uploads\/2022\/12\/v-label-report-misuse-1.jpg",300,153,false],"gform-image-choice-md":["https:\/\/www.v-label.com\/wp-content\/uploads\/2022\/12\/v-label-report-misuse-1.jpg",400,203,false],"gform-image-choice-lg":["https:\/\/www.v-label.com\/wp-content\/uploads\/2022\/12\/v-label-report-misuse-1.jpg",600,305,false]},"uagb_author_info":{"display_name":"Can Aslan","author_link":"https:\/\/www.v-label.com\/lt"},"uagb_comment_info":0,"uagb_excerpt":"Pasteb\u0117jote V-Label \u017eenkl\u0105 ant ne augalin\u0117s kilm\u0117s produkto pakuot\u0117s? Ar vegetari\u0161k\u0105 produkt\u0105 per klaid\u0105 pa\u017eym\u0117t\u0105 kaip vegani\u0161k\u0105? O galb\u016bt aptikote V-Label \u017eenkl\u0105, atvaizduojam\u0105 ne\u012fprastai? Prane\u0161kite mums nedelsiant. Netinkamas V-Label naudojimas pasitaiko d\u0117l \u012fvairi\u0173 prie\u017eas\u010di\u0173: d\u0117l ne\u017einojimo, jog V-Label \u017eenklas yra intelektin\u0117 nuosavyb\u0117 ir negali b\u016bti naudojamas savavali\u0161kai; d\u0117l tre\u010di\u0173j\u0173 \u0161ali\u0173 pasitelkimo gamyboje, kurios neatsakingai naudoja&hellip;","_links":{"self":[{"href":"https:\/\/www.v-label.com\/lt\/wp-json\/wp\/v2\/pages\/69875","targetHints":{"allow":["GET"]}}],"collection":[{"href":"https:\/\/www.v-label.com\/lt\/wp-json\/wp\/v2\/pages"}],"about":[{"href":"https:\/\/www.v-label.com\/lt\/wp-json\/wp\/v2\/types\/page"}],"author":[{"embeddable":true,"href":"https:\/\/www.v-label.com\/lt\/wp-json\/wp\/v2\/users\/5"}],"replies":[{"embeddable":true,"href":"https:\/\/www.v-label.com\/lt\/wp-json\/wp\/v2\/comments?post=69875"}],"version-history":[{"count":4,"href":"https:\/\/www.v-label.com\/lt\/wp-json\/wp\/v2\/pages\/69875\/revisions"}],"predecessor-version":[{"id":78382,"href":"https:\/\/www.v-label.com\/lt\/wp-json\/wp\/v2\/pages\/69875\/revisions\/78382"}],"wp:featuredmedia":[{"embeddable":true,"href":"https:\/\/www.v-label.com\/lt\/wp-json\/wp\/v2\/media\/69876"}],"wp:attachment":[{"href":"https:\/\/www.v-label.com\/lt\/wp-json\/wp\/v2\/media?parent=69875"}],"wp:term":[{"taxonomy":"category","embeddable":true,"href":"https:\/\/www.v-label.com\/lt\/wp-json\/wp\/v2\/categories?post=69875"},{"taxonomy":"post_tag","embeddable":true,"href":"https:\/\/www.v-label.com\/lt\/wp-json\/wp\/v2\/tags?post=69875"}],"curies":[{"name":"wp","href":"https:\/\/api.w.org\/{rel}","templated":true}]}}