{"id":69878,"date":"2022-05-30T16:56:50","date_gmt":"2022-05-30T14:56:50","guid":{"rendered":"https:\/\/www.v-label.com\/press-materials\/"},"modified":"2023-11-08T23:04:05","modified_gmt":"2023-11-08T22:04:05","slug":"informacija-spaudai","status":"publish","type":"page","link":"https:\/\/www.v-label.com\/lt\/informacija-spaudai\/","title":{"rendered":"Informacija Spaudai"},"content":{"rendered":"\n<h3 class=\"wp-block-heading has-text-align-center\">Parsisi\u0173skite su V-Label susijusios vaizdin\u0117s med\u017eiagos galerij\u0105 savo vie\u0161inimo reikm\u0117ms.<\/h3>\n\n\n\n<h2 class=\"wp-block-heading has-text-align-center\">V-Label versijos<\/h2>\n\n\n\n<div class=\"wp-block-columns is-layout-flex wp-container-core-columns-is-layout-9d6595d7 wp-block-columns-is-layout-flex\">\n<div class=\"wp-block-column is-layout-flow wp-block-column-is-layout-flow\">\n<section id=\"download-block_cff0433495592677ce112ac07c35b477\" class=\"wp-block-download\">\n\t\t\t<div class=\"inner\">\n\t\t\t\t\t\t<a href=\"https:\/\/www.v-label.com\/wp-content\/uploads\/2022\/12\/v-label-vegan-color-1.png\" class=\"post_thumbnail\" download>\n\t\t\t\t<img decoding=\"async\" src=\"https:\/\/www.v-label.com\/wp-content\/uploads\/2022\/12\/v-label-vegan-color-1-375x500.png\" alt=\"V-Label Vegan\">\n\t\t\t<\/a>\n\t\t\t<h4>V-Label Vegan<\/h4>\n\t\t\t<p class=\"meta\">\n\t\t\t\tPNG, 61,06 KB\t\t\t<\/p>\n\t\t<\/div>\n\t\t<a href=\"https:\/\/www.v-label.com\/wp-content\/uploads\/2022\/12\/v-label-vegan-color-1.png\" download>\n\t\t\t<button class=\"wp-block-button__link\">Download<\/button>\n\t\t<\/a>\n\t<\/section><\/div>\n\n\n\n<div class=\"wp-block-column is-layout-flow wp-block-column-is-layout-flow\">\n<section id=\"download-block_bce1c82981bf43d25b0e70ae03a4b9b3\" class=\"wp-block-download\">\n\t\t\t<div class=\"inner\">\n\t\t\t\t\t\t<a href=\"https:\/\/www.v-label.com\/wp-content\/uploads\/2022\/12\/v-label-vegan-color.pdf\" class=\"post_thumbnail\" download>\n\t\t\t\t<img decoding=\"async\" src=\"https:\/\/www.v-label.com\/wp-content\/uploads\/2022\/12\/v-label-vegan-color-1-375x500.png\" alt=\"V-Label Vegan\">\n\t\t\t<\/a>\n\t\t\t<h4>V-Label Vegan<\/h4>\n\t\t\t<p class=\"meta\">\n\t\t\t\tPDF, 29,80 KB\t\t\t<\/p>\n\t\t<\/div>\n\t\t<a href=\"https:\/\/www.v-label.com\/wp-content\/uploads\/2022\/12\/v-label-vegan-color.pdf\" download>\n\t\t\t<button class=\"wp-block-button__link\">Download<\/button>\n\t\t<\/a>\n\t<\/section><\/div>\n\n\n\n<div class=\"wp-block-column is-layout-flow wp-block-column-is-layout-flow\">\n<section id=\"download-block_e85d3216f020358fe5a441f8bdc201a8\" class=\"wp-block-download\">\n\t\t\t<div class=\"inner\">\n\t\t\t\t\t\t<a href=\"https:\/\/www.v-label.com\/wp-content\/uploads\/2022\/12\/v-label-vegan-color.eps\" class=\"post_thumbnail\" download>\n\t\t\t\t<img decoding=\"async\" src=\"https:\/\/www.v-label.com\/wp-content\/uploads\/2022\/12\/v-label-vegan-color-1-375x500.png\" alt=\"V-Label Vegan\">\n\t\t\t<\/a>\n\t\t\t<h4>V-Label Vegan<\/h4>\n\t\t\t<p class=\"meta\">\n\t\t\t\tEPS, 418,61 KB\t\t\t<\/p>\n\t\t<\/div>\n\t\t<a href=\"https:\/\/www.v-label.com\/wp-content\/uploads\/2022\/12\/v-label-vegan-color.eps\" download>\n\t\t\t<button class=\"wp-block-button__link\">Download<\/button>\n\t\t<\/a>\n\t<\/section><\/div>\n<\/div>\n\n\n\n<div class=\"wp-block-columns is-layout-flex wp-container-core-columns-is-layout-9d6595d7 wp-block-columns-is-layout-flex\">\n<div class=\"wp-block-column is-layout-flow wp-block-column-is-layout-flow\">\n<section id=\"download-block_3d2861fd849e58bb683fa7ccc9167213\" class=\"wp-block-download\">\n\t\t\t<div class=\"inner\">\n\t\t\t\t\t\t<a href=\"https:\/\/www.v-label.com\/wp-content\/uploads\/2022\/12\/v-label-vegetarian-color-1.png\" class=\"post_thumbnail\" download>\n\t\t\t\t<img decoding=\"async\" src=\"https:\/\/www.v-label.com\/wp-content\/uploads\/2022\/12\/v-label-vegetarian-color-1-425x500.png\" alt=\"V-Label Vegetarian\">\n\t\t\t<\/a>\n\t\t\t<h4>V-Label Vegetarian<\/h4>\n\t\t\t<p class=\"meta\">\n\t\t\t\tPNG, 25,13 KB\t\t\t<\/p>\n\t\t<\/div>\n\t\t<a href=\"https:\/\/www.v-label.com\/wp-content\/uploads\/2022\/12\/v-label-vegetarian-color-1.png\" download>\n\t\t\t<button class=\"wp-block-button__link\">Download<\/button>\n\t\t<\/a>\n\t<\/section><\/div>\n\n\n\n<div class=\"wp-block-column is-layout-flow wp-block-column-is-layout-flow\">\n<section id=\"download-block_8fbd12d4273394dcb3e3eceb7a469494\" class=\"wp-block-download\">\n\t\t\t<div class=\"inner\">\n\t\t\t\t\t\t<a href=\"https:\/\/www.v-label.com\/wp-content\/uploads\/2022\/12\/v-label-vegetarian-color.pdf\" class=\"post_thumbnail\" download>\n\t\t\t\t<img decoding=\"async\" src=\"https:\/\/www.v-label.com\/wp-content\/uploads\/2022\/12\/v-label-vegetarian-color-1-425x500.png\" alt=\"V-Label Vegetarian\">\n\t\t\t<\/a>\n\t\t\t<h4>V-Label Vegetarian<\/h4>\n\t\t\t<p class=\"meta\">\n\t\t\t\tPDF, 30,17 KB\t\t\t<\/p>\n\t\t<\/div>\n\t\t<a href=\"https:\/\/www.v-label.com\/wp-content\/uploads\/2022\/12\/v-label-vegetarian-color.pdf\" download>\n\t\t\t<button class=\"wp-block-button__link\">Download<\/button>\n\t\t<\/a>\n\t<\/section><\/div>\n\n\n\n<div class=\"wp-block-column is-layout-flow wp-block-column-is-layout-flow\">\n<section id=\"download-block_a5c9a34a9457f57a32ad82ce24fc2122\" class=\"wp-block-download\">\n\t\t\t<div class=\"inner\">\n\t\t\t\t\t\t<a href=\"https:\/\/www.v-label.com\/wp-content\/uploads\/2022\/12\/v-label-vegetarian-color.eps\" class=\"post_thumbnail\" download>\n\t\t\t\t<img decoding=\"async\" src=\"https:\/\/www.v-label.com\/wp-content\/uploads\/2022\/12\/v-label-vegetarian-color-1-425x500.png\" alt=\"V-Label Vegetarian\">\n\t\t\t<\/a>\n\t\t\t<h4>V-Label Vegetarian<\/h4>\n\t\t\t<p class=\"meta\">\n\t\t\t\tEPS, 420,68 KB\t\t\t<\/p>\n\t\t<\/div>\n\t\t<a href=\"https:\/\/www.v-label.com\/wp-content\/uploads\/2022\/12\/v-label-vegetarian-color.eps\" download>\n\t\t\t<button class=\"wp-block-button__link\">Download<\/button>\n\t\t<\/a>\n\t<\/section><\/div>\n<\/div>\n\n\n\n<div class=\"wp-block-columns is-layout-flex wp-container-core-columns-is-layout-9d6595d7 wp-block-columns-is-layout-flex\">\n<div class=\"wp-block-column is-layout-flow wp-block-column-is-layout-flow\">\n<section id=\"download-block_868379cb8f94c2426a04e6a235bf67d4\" class=\"wp-block-download\">\n\t\t\t<div class=\"inner\">\n\t\t\t\t\t\t<a href=\"https:\/\/www.v-label.com\/wp-content\/uploads\/2022\/12\/v-label-color-nocategory-2.png\" class=\"post_thumbnail\" download>\n\t\t\t\t<img decoding=\"async\" src=\"https:\/\/www.v-label.com\/wp-content\/uploads\/2022\/12\/v-label-color-nocategory-2-500x500.png\" alt=\"V-Label\">\n\t\t\t<\/a>\n\t\t\t<h4>V-Label<\/h4>\n\t\t\t<p class=\"meta\">\n\t\t\t\tPNG, 17,19 KB\t\t\t<\/p>\n\t\t<\/div>\n\t\t<a href=\"https:\/\/www.v-label.com\/wp-content\/uploads\/2022\/12\/v-label-color-nocategory-2.png\" download>\n\t\t\t<button class=\"wp-block-button__link\">Download<\/button>\n\t\t<\/a>\n\t<\/section><\/div>\n\n\n\n<div class=\"wp-block-column is-layout-flow wp-block-column-is-layout-flow\">\n<section id=\"download-block_8be0cb20c7dd3bfaf8a211ddb95a646f\" class=\"wp-block-download\">\n\t\t\t<div class=\"inner\">\n\t\t\t\t\t\t<a href=\"https:\/\/www.v-label.com\/wp-content\/uploads\/2022\/12\/v-label-color-nocategory.pdf\" class=\"post_thumbnail\" download>\n\t\t\t\t<img decoding=\"async\" src=\"https:\/\/www.v-label.com\/wp-content\/uploads\/2022\/12\/v-label-color-nocategory-2-500x500.png\" alt=\"V-Label\">\n\t\t\t<\/a>\n\t\t\t<h4>V-Label<\/h4>\n\t\t\t<p class=\"meta\">\n\t\t\t\tPDF, 29,13 KB\t\t\t<\/p>\n\t\t<\/div>\n\t\t<a href=\"https:\/\/www.v-label.com\/wp-content\/uploads\/2022\/12\/v-label-color-nocategory.pdf\" download>\n\t\t\t<button class=\"wp-block-button__link\">Download<\/button>\n\t\t<\/a>\n\t<\/section><\/div>\n\n\n\n<div class=\"wp-block-column is-layout-flow wp-block-column-is-layout-flow\">\n<section id=\"download-block_24e1e241cb33694229364e318947df35\" class=\"wp-block-download\">\n\t\t\t<div class=\"inner\">\n\t\t\t\t\t\t<a href=\"https:\/\/www.v-label.com\/wp-content\/uploads\/2022\/12\/v-label-color-nocategory.eps\" class=\"post_thumbnail\" download>\n\t\t\t\t<img decoding=\"async\" src=\"https:\/\/www.v-label.com\/wp-content\/uploads\/2022\/12\/v-label-color-nocategory-2-500x500.png\" alt=\"V-Label\">\n\t\t\t<\/a>\n\t\t\t<h4>V-Label<\/h4>\n\t\t\t<p class=\"meta\">\n\t\t\t\tEPS, 414,70 KB\t\t\t<\/p>\n\t\t<\/div>\n\t\t<a href=\"https:\/\/www.v-label.com\/wp-content\/uploads\/2022\/12\/v-label-color-nocategory.eps\" download>\n\t\t\t<button class=\"wp-block-button__link\">Download<\/button>\n\t\t<\/a>\n\t<\/section><\/div>\n<\/div>\n\n\n\n<h2 class=\"wp-block-heading has-text-align-center\">Papildomi dokumentai<\/h2>\n\n\n\n<div class=\"wp-block-columns is-layout-flex wp-container-core-columns-is-layout-9d6595d7 wp-block-columns-is-layout-flex\">\n<div class=\"wp-block-column is-layout-flow wp-block-column-is-layout-flow\">\n<section id=\"download-block_1bea01dd6736dcd50f086ae00442148c\" class=\"wp-block-download\">\n\t\t\t<div class=\"inner\">\n\t\t\t\t\t\t<a href=\"https:\/\/www.v-label.com\/wp-content\/uploads\/2022\/09\/manual-for-licensees-int-fwcng08-v101-en-new-label.pdf\" class=\"post_thumbnail\" download>\n\t\t\t\t<img decoding=\"async\" src=\"https:\/\/www.v-label.com\/wp-content\/uploads\/2022\/09\/manual-thumbnail-352x500.png\" alt=\"V-Label Manual for Licensees\">\n\t\t\t<\/a>\n\t\t\t<h4>V-Label Manual for Licensees<\/h4>\n\t\t\t<p class=\"meta\">\n\t\t\t\tPDF, 1,35 MB\t\t\t<\/p>\n\t\t<\/div>\n\t\t<a href=\"https:\/\/www.v-label.com\/wp-content\/uploads\/2022\/09\/manual-for-licensees-int-fwcng08-v101-en-new-label.pdf\" download>\n\t\t\t<button class=\"wp-block-button__link\">Download<\/button>\n\t\t<\/a>\n\t<\/section><\/div>\n\n\n\n<div class=\"wp-block-column is-layout-flow wp-block-column-is-layout-flow\">\n<section id=\"download-block_d8aa30ee7eb35745017d16a0cbb0c005\" class=\"wp-block-download\">\n\t\t\t<div class=\"inner\">\n\t\t\t\t\t\t<a href=\"https:\/\/www.v-label.com\/wp-content\/uploads\/2022\/09\/v-label-brochure-en.pdf\" class=\"post_thumbnail\" download>\n\t\t\t\t<img decoding=\"async\" src=\"https:\/\/www.v-label.com\/wp-content\/uploads\/2022\/09\/v-label-brochure-en-237x500.jpg\" alt=\"V-Label Brochure\">\n\t\t\t<\/a>\n\t\t\t<h4>V-Label Brochure<\/h4>\n\t\t\t<p class=\"meta\">\n\t\t\t\tPDF, 827,35 KB\t\t\t<\/p>\n\t\t<\/div>\n\t\t<a href=\"https:\/\/www.v-label.com\/wp-content\/uploads\/2022\/09\/v-label-brochure-en.pdf\" download>\n\t\t\t<button class=\"wp-block-button__link\">Download<\/button>\n\t\t<\/a>\n\t<\/section><\/div>\n\n\n\n<div class=\"wp-block-column is-layout-flow wp-block-column-is-layout-flow\">\n<section id=\"download-block_7dac2ed8f34dcd30329a17528ea75f80\" class=\"wp-block-download\">\n\t\t\t<div class=\"inner\">\n\t\t\t\t\t\t<a href=\"https:\/\/www.v-label.com\/wp-content\/uploads\/2022\/09\/traces-en.pdf\" class=\"post_thumbnail\" download>\n\t\t\t\t<img decoding=\"async\" src=\"https:\/\/www.v-label.com\/wp-content\/uploads\/2022\/09\/traces-thumbnail-356x500.png\" alt=\"Information on Traces\">\n\t\t\t<\/a>\n\t\t\t<h4>Information on Traces<\/h4>\n\t\t\t<p class=\"meta\">\n\t\t\t\tPDF, 538,09 KB\t\t\t<\/p>\n\t\t<\/div>\n\t\t<a href=\"https:\/\/www.v-label.com\/wp-content\/uploads\/2022\/09\/traces-en.pdf\" download>\n\t\t\t<button class=\"wp-block-button__link\">Download<\/button>\n\t\t<\/a>\n\t<\/section><\/div>\n<\/div>\n\n\n\n<p class=\"has-small-font-size\"><em><sup>\u0160iame puslapyje pavaizduoti logotipas ir \u017eenklinimas yra saugomi intelektin\u0117s nuosavyb\u0117s, autorini\u0173 teisi\u0173 ir prek\u0117s \u017eenklo apsaugos \u012fstatym\u0173. Nor\u0117dami naudoti m\u016bs\u0173 logotip\u0105 bei \u017eenklinim\u0105 rinkodaros ir maisto\/ne maisto produkt\u0173 \u017eenklinimo tikslais, privalote gauti reikiam\u0105 licencij\u0105.<br>Bet koks neleistinas logotipo ar prek\u0117s \u017eenklo naudojimas neturint licencijos yra grie\u017etai draud\u017eiamas ir gali u\u017etraukti teisin\u0119 atsakomyb\u0119, \u012fskaitant ta\u010diau neapsiribojant civiline atsakomybe, pinigin\u0117s \u017ealos atlyginimu ar laikinosios apsaugos priemon\u0117mis.<\/sup><\/em> <em><sup>Mes pasiliekame teis\u0119 imtis atitinkam\u0173 teisini\u0173 priemoni\u0173 prie\u0161 m\u016bs\u0173 intelektines teises pa\u017eeid\u017eian\u010diaus fizinius ar juridinius asmenis. Jei norite <a href=\"https:\/\/www.v-label.com\/lt\/susisiekite\/\" class=\"ek-link\">susisiekti apie licencijavimo proced\u016bras <\/a>ar gauti licencij\u0105, <a href=\"https:\/\/www.v-label.com\/lt\/gaukite-sertifikata\/\" class=\"ek-link\">spauskite \u0161i\u0105 nuorod\u0105<\/a>.<\/sup><\/em><\/p>\n","protected":false},"excerpt":{"rendered":"<p>Parsisi\u0173skite su V-Label susijusios vaizdin\u0117s med\u017eiagos galerij\u0105 savo vie\u0161inimo reikm\u0117ms. V-Label versijos Papildomi dokumentai \u0160iame puslapyje pavaizduoti logotipas ir \u017eenklinimas yra saugomi intelektin\u0117s nuosavyb\u0117s, autorini\u0173 teisi\u0173 ir prek\u0117s \u017eenklo apsaugos \u012fstatym\u0173. Nor\u0117dami naudoti m\u016bs\u0173 logotip\u0105 bei \u017eenklinim\u0105 rinkodaros ir maisto\/ne maisto produkt\u0173 \u017eenklinimo tikslais, privalote gauti reikiam\u0105 licencij\u0105.Bet koks neleistinas logotipo ar prek\u0117s \u017eenklo naudojimas [&hellip;]<\/p>\n","protected":false},"author":5,"featured_media":69888,"parent":0,"menu_order":0,"comment_status":"closed","ping_status":"closed","template":"","meta":{"_acf_changed":false,"_editorskit_title_hidden":false,"_editorskit_reading_time":0,"_editorskit_is_block_options_detached":false,"_editorskit_block_options_position":"{}","inline_featured_image":false,"_uag_custom_page_level_css":"","footnotes":""},"categories":[],"tags":[],"class_list":["post-69878","page","type-page","status-publish","has-post-thumbnail","hentry"],"acf":[],"uagb_featured_image_src":{"full":["https:\/\/www.v-label.com\/wp-content\/uploads\/2022\/12\/v-label-press-materials-1.jpg",1280,853,false],"thumbnail":["https:\/\/www.v-label.com\/wp-content\/uploads\/2022\/12\/v-label-press-materials-1-500x333.jpg",500,333,true],"medium":["https:\/\/www.v-label.com\/wp-content\/uploads\/2022\/12\/v-label-press-materials-1-300x200.jpg",300,200,true],"medium_large":["https:\/\/www.v-label.com\/wp-content\/uploads\/2022\/12\/v-label-press-materials-1-768x512.jpg",768,512,true],"large":["https:\/\/www.v-label.com\/wp-content\/uploads\/2022\/12\/v-label-press-materials-1-1024x682.jpg",1024,682,true],"1536x1536":["https:\/\/www.v-label.com\/wp-content\/uploads\/2022\/12\/v-label-press-materials-1.jpg",1280,853,false],"2048x2048":["https:\/\/www.v-label.com\/wp-content\/uploads\/2022\/12\/v-label-press-materials-1.jpg",1280,853,false],"preview":["https:\/\/www.v-label.com\/wp-content\/uploads\/2022\/12\/v-label-press-materials-1-904x720.jpg",904,720,true],"header":["https:\/\/www.v-label.com\/wp-content\/uploads\/2022\/12\/v-label-press-materials-1-1280x720.jpg",1280,720,true],"gform-image-choice-sm":["https:\/\/www.v-label.com\/wp-content\/uploads\/2022\/12\/v-label-press-materials-1.jpg",300,200,false],"gform-image-choice-md":["https:\/\/www.v-label.com\/wp-content\/uploads\/2022\/12\/v-label-press-materials-1.jpg",400,267,false],"gform-image-choice-lg":["https:\/\/www.v-label.com\/wp-content\/uploads\/2022\/12\/v-label-press-materials-1.jpg",600,400,false]},"uagb_author_info":{"display_name":"Can Aslan","author_link":"https:\/\/www.v-label.com\/lt"},"uagb_comment_info":0,"uagb_excerpt":"Parsisi\u0173skite su V-Label susijusios vaizdin\u0117s med\u017eiagos galerij\u0105 savo vie\u0161inimo reikm\u0117ms. V-Label versijos Papildomi dokumentai \u0160iame puslapyje pavaizduoti logotipas ir \u017eenklinimas yra saugomi intelektin\u0117s nuosavyb\u0117s, autorini\u0173 teisi\u0173 ir prek\u0117s \u017eenklo apsaugos \u012fstatym\u0173. Nor\u0117dami naudoti m\u016bs\u0173 logotip\u0105 bei \u017eenklinim\u0105 rinkodaros ir maisto\/ne maisto produkt\u0173 \u017eenklinimo tikslais, privalote gauti reikiam\u0105 licencij\u0105.Bet koks neleistinas logotipo ar prek\u0117s \u017eenklo naudojimas&hellip;","_links":{"self":[{"href":"https:\/\/www.v-label.com\/lt\/wp-json\/wp\/v2\/pages\/69878","targetHints":{"allow":["GET"]}}],"collection":[{"href":"https:\/\/www.v-label.com\/lt\/wp-json\/wp\/v2\/pages"}],"about":[{"href":"https:\/\/www.v-label.com\/lt\/wp-json\/wp\/v2\/types\/page"}],"author":[{"embeddable":true,"href":"https:\/\/www.v-label.com\/lt\/wp-json\/wp\/v2\/users\/5"}],"replies":[{"embeddable":true,"href":"https:\/\/www.v-label.com\/lt\/wp-json\/wp\/v2\/comments?post=69878"}],"version-history":[{"count":3,"href":"https:\/\/www.v-label.com\/lt\/wp-json\/wp\/v2\/pages\/69878\/revisions"}],"predecessor-version":[{"id":70146,"href":"https:\/\/www.v-label.com\/lt\/wp-json\/wp\/v2\/pages\/69878\/revisions\/70146"}],"wp:featuredmedia":[{"embeddable":true,"href":"https:\/\/www.v-label.com\/lt\/wp-json\/wp\/v2\/media\/69888"}],"wp:attachment":[{"href":"https:\/\/www.v-label.com\/lt\/wp-json\/wp\/v2\/media?parent=69878"}],"wp:term":[{"taxonomy":"category","embeddable":true,"href":"https:\/\/www.v-label.com\/lt\/wp-json\/wp\/v2\/categories?post=69878"},{"taxonomy":"post_tag","embeddable":true,"href":"https:\/\/www.v-label.com\/lt\/wp-json\/wp\/v2\/tags?post=69878"}],"curies":[{"name":"wp","href":"https:\/\/api.w.org\/{rel}","templated":true}]}}