{"id":69996,"date":"2022-05-30T16:16:29","date_gmt":"2022-05-30T14:16:29","guid":{"rendered":"https:\/\/www.v-label.com\/informacija-gamintojams\/naudos\/"},"modified":"2024-07-09T15:17:59","modified_gmt":"2024-07-09T13:17:59","slug":"naudos","status":"publish","type":"page","link":"https:\/\/www.v-label.com\/lt\/informacija-gamintojams\/naudos\/","title":{"rendered":"Naudos"},"content":{"rendered":"\n<p>Klientai visame pasaulyje vis da\u017eniau renkasi augalin\u0117s kilm\u0117s produktus d\u0117l \u012fvairiausi\u0173 prie\u017eas\u010di\u0173. Ar tai b\u016bt\u0173 sveikatinimosi sumetimai, ar tam tikr\u0173 ingredient\u0173 netoleravimas, o gal patogumas, etin\u0117s prie\u017eastys, skonis ar papras\u010diausiai tod\u0117l, jog tokie produktai labiau patinka j\u0173 vaikams. Populiar\u0117jant augalinei mitybai, \u012f tai d\u0117mes\u012f vis labiau kreipia ir vald\u017eios institucijos bei nevyriausybin\u0117s organizacijos. Darosi ai\u0161ku, jog nesuma\u017einus gyv\u016bnin\u0117s kilm\u0117s produkt\u0173 vartojimo, Pary\u017eiaus susitarimo klimato tikslai, pasira\u0161yti beveik vis\u0173 pasaulio valstybi\u0173, nebus pasiekti. B\u016btent \u0161ios prie\u017eastys ir skatina gyvybi\u0161kai svarbi\u0105 gamintoj\u0173 ekosistem\u0105 kurti inovatyvias bei tvarias alternatyvas gyv\u016bnin\u0117s kilm\u0117s produktams. Kartu su V-Label u\u017esitikrinkite \u0161ios nuolat ir spar\u010diai augan\u010dios rinkos dal\u012f \u0161iandien bei daug met\u0173 \u012f priek\u012f.    <\/p>\n\n\n\n<div class=\"wp-block-media-text is-stacked-on-mobile is-vertically-aligned-center is-image-fill\"><figure class=\"wp-block-media-text__media\" style=\"background-image:url(https:\/\/www.v-label.com\/wp-content\/uploads\/2022\/12\/v-label-consumers-favorite.jpg);background-position:62% 53%\"><img decoding=\"async\" src=\"https:\/\/www.v-label.com\/wp-content\/uploads\/2022\/12\/v-label-consumers-favorite.jpg\" alt=\"\" class=\"wp-image-39649 size-full\"\/><\/figure><div class=\"wp-block-media-text__content\">\n<h3 class=\"wp-block-heading\">Vartotoj\u0173 m\u0117gstamiausias<\/h3>\n\n\n\n<p>Pagal gerai \u017einom\u0105 G\u00fctesiegel Monitor 2020, V-Label yra 8-as <a href=\"https:\/\/www.v-label.com\/about-us\/the-history-of-v-label\/\" data-type=\"page\" data-id=\"2676\">pagal \u017einomum\u0105<\/a> ir 3-as pagal patikimum\u0105 maisto produkt\u0173 kokyb\u0117s garantas Vokietijoje. Tuo tarpu visoje Europos S\u0105jungoje, V-Label yra \u017einomiausias vegani\u0161k\u0173 ir vegetari\u0161k\u0173 produkt\u0173 \u017eenklas, o su daugiau nei 70,000 sertifikuot\u0173 produkt\u0173 pasaulyje turi ir plat\u0173 vegan\u0173 bei vegetar\u0173 bendruomeni\u0173 palaikym\u0105. V-Label, <a href=\"https:\/\/www.v-label.com\/lt\/duk\/\" data-type=\"page\" data-id=\"34\">d\u0117l lengvai suprantamo vegani\u0161k\u0173 ir vegetari\u0161k\u0173 produkt\u0173 \u017eym\u0117jimo<\/a>, yra greitas ir patikimas b\u016bdas informuoti pirk\u0117jus apie pirkini\u0173 kilm\u0119 ir sud\u0117t\u012f.<\/p>\n<\/div><\/div>\n\n\n\n<div style=\"height:30px\" aria-hidden=\"true\" class=\"wp-block-spacer\"><\/div>\n\n\n\n<div class=\"wp-block-media-text is-stacked-on-mobile is-vertically-aligned-center is-image-fill\"><figure class=\"wp-block-media-text__media\" style=\"background-image:url(https:\/\/www.v-label.com\/wp-content\/uploads\/2022\/12\/v-label-global-recognition.jpg);background-position:50% 50%\"><img decoding=\"async\" width=\"1280\" height=\"959\" src=\"https:\/\/www.v-label.com\/wp-content\/uploads\/2022\/12\/v-label-global-recognition.jpg\" alt=\"\" class=\"wp-image-17595 size-full\" srcset=\"https:\/\/www.v-label.com\/wp-content\/uploads\/2022\/12\/v-label-global-recognition.jpg 1280w, https:\/\/www.v-label.com\/wp-content\/uploads\/2022\/12\/v-label-global-recognition-300x225.jpg 300w, https:\/\/www.v-label.com\/wp-content\/uploads\/2022\/12\/v-label-global-recognition-1024x767.jpg 1024w, https:\/\/www.v-label.com\/wp-content\/uploads\/2022\/12\/v-label-global-recognition-500x375.jpg 500w, https:\/\/www.v-label.com\/wp-content\/uploads\/2022\/12\/v-label-global-recognition-768x575.jpg 768w\" sizes=\"(max-width: 1280px) 100vw, 1280px\" \/><\/figure><div class=\"wp-block-media-text__content\">\n<h3 class=\"wp-block-heading\">Atpa\u017e\u012fstamas tarptautiniu mastu<\/h3>\n\n\n\n<p>\u012esteigtas prie\u0161 25 metus \u0160veicarijoje, V-Label tapo lyderiaujan\u010diu vegani\u0161k\u0173 ir vegetari\u0161k\u0173 preki\u0173 bei paslaug\u0173 kokyb\u0117s \u017eenklu. V-Label suteikiamas sertifikatas yra pla\u010diai atpa\u017e\u012fstamas skirtingose rinkose, tad Jums nereik\u0117s r\u016bpintis papildomu \u017eenklinimu. Nuo Berlyno iki Buenos-Aires, vietiniam s\u0105moningam pirk\u0117jui sunku praleisti pro akis geltonos spalvos simbol\u012f \u017ealios bei \u017eemi\u0161kos spalv\u0173 fone, da\u017enai naudojamame tvari\u0173 pakuo\u010di\u0173 dizaine.  <\/p>\n<\/div><\/div>\n\n\n\n<div style=\"height:30px\" aria-hidden=\"true\" class=\"wp-block-spacer\"><\/div>\n\n\n\n<div class=\"wp-block-media-text is-stacked-on-mobile is-vertically-aligned-center is-image-fill\"><figure class=\"wp-block-media-text__media\" style=\"background-image:url(https:\/\/www.v-label.com\/wp-content\/uploads\/2022\/12\/v-label-business-partnerships.jpg);background-position:50% 50%\"><img decoding=\"async\" width=\"1280\" height=\"853\" src=\"https:\/\/www.v-label.com\/wp-content\/uploads\/2022\/12\/v-label-business-partnerships.jpg\" alt=\"\" class=\"wp-image-17615 size-full\" srcset=\"https:\/\/www.v-label.com\/wp-content\/uploads\/2022\/12\/v-label-business-partnerships.jpg 1280w, https:\/\/www.v-label.com\/wp-content\/uploads\/2022\/12\/v-label-business-partnerships-300x200.jpg 300w, https:\/\/www.v-label.com\/wp-content\/uploads\/2022\/12\/v-label-business-partnerships-1024x682.jpg 1024w, https:\/\/www.v-label.com\/wp-content\/uploads\/2022\/12\/v-label-business-partnerships-500x333.jpg 500w, https:\/\/www.v-label.com\/wp-content\/uploads\/2022\/12\/v-label-business-partnerships-768x512.jpg 768w\" sizes=\"(max-width: 1280px) 100vw, 1280px\" \/><\/figure><div class=\"wp-block-media-text__content\">\n<h3 class=\"wp-block-heading\">Versl\u0173 bendradarbiavimas<\/h3>\n\n\n\n<p>V-Label yra vienintelis sertifikatas-licencija, pasauliniu mastu turintis vietinius partnerius daugiau nei 50 \u0161ali\u0173, kurie vykdo klient\u0173 aptarnavim\u0105 daugiau nei 30 kalb\u0173. Be to, V-Label Jus kvie\u010dia prisijungti \u012f kelion\u0119, nuvesin\u010di\u0105 kur kas toliau, nei vien licencijos i\u0161davimas. K\u0105 J\u016bs\u0173 \u012fmonei reik\u0161t\u0173 tur\u0117ti verslo stiprinimo \u012frankius, tokius kaip rinkos \u012f\u017evalgos, kokybin\u0117 analiz\u0117, konsultavimas d\u0117l ingredient\u0173, reklamos partneriai ir pana\u0161i\u0105 pagalb\u0105? Galb\u016bt J\u016bs i\u0161leidin\u0117jate nauj\u0105 produkt\u0105 ir pirm\u0105kart \u012fsiliesite \u012f vegani\u0161k\u0173 produkt\u0173 rink\u0105? Mes mielai Jums pagelb\u0117sime nukreipdami pas reikiamus specialistus (maisto technologij\u0173, maisto \u012fstatym\u0173, kokyb\u0117s vadybos, kosmetologijos, rinkodaros, bio technologij\u0173, mitybos, rinkos ir vartotoj\u0173 tyrim\u0173 ir kitose srityse) ir kontaktus vegani\u0161k\u0173 produkt\u0173 rinkoje bei bendruomen\u0117je.<\/p>\n<\/div><\/div>\n\n\n\n<div style=\"height:30px\" aria-hidden=\"true\" class=\"wp-block-spacer\"><\/div>\n\n\n\n<div class=\"wp-block-media-text is-stacked-on-mobile is-vertically-aligned-center is-image-fill\"><figure class=\"wp-block-media-text__media\" style=\"background-image:url(https:\/\/www.v-label.com\/wp-content\/uploads\/2022\/12\/v-label-inclusive-approach.jpg);background-position:12% 52%\"><img decoding=\"async\" width=\"1280\" height=\"854\" src=\"https:\/\/www.v-label.com\/wp-content\/uploads\/2022\/12\/v-label-inclusive-approach.jpg\" alt=\"\" class=\"wp-image-17635 size-full\" srcset=\"https:\/\/www.v-label.com\/wp-content\/uploads\/2022\/12\/v-label-inclusive-approach.jpg 1280w, https:\/\/www.v-label.com\/wp-content\/uploads\/2022\/12\/v-label-inclusive-approach-300x200.jpg 300w, https:\/\/www.v-label.com\/wp-content\/uploads\/2022\/12\/v-label-inclusive-approach-1024x683.jpg 1024w, https:\/\/www.v-label.com\/wp-content\/uploads\/2022\/12\/v-label-inclusive-approach-500x334.jpg 500w, https:\/\/www.v-label.com\/wp-content\/uploads\/2022\/12\/v-label-inclusive-approach-768x512.jpg 768w\" sizes=\"(max-width: 1280px) 100vw, 1280px\" \/><\/figure><div class=\"wp-block-media-text__content\">\n<h3 class=\"wp-block-heading\">Atvirumu gr\u012fsta strategija<\/h3>\n\n\n\n<p>V-Label tikslas \u2013 suteikti gamintojams grie\u017etomis patikromis ir kokyb\u0117s vadyba gr\u012fstus vegani\u0161k\u0173 ir vegetari\u0161k\u0173 produkt\u0173 sertifikatus. \u0160i filosofija tinka bet kokio pob\u016bd\u017eio verslui, pradedant nuo vegani\u0161k\u0173 startuoli\u0173 ir baigiant tarptautin\u0117mis kompanijomis, kaip Unilever, Nestl\u00e9 ar Danone. Kartu V-Label tinka ir \u012fmon\u0117ms, kurioms reikalingos verslo \u012f\u017evalgos bei kurios, nors ir nesiorientuoja vien tik \u012f augalin\u0117s kilm\u0117s segment\u0105, nori atliepti augan\u010dios fleksitar\u0173 bendruomen\u0117s poreikius. Be to, V-Label dirba ir su mados, kosmetikos, gastronomijos, valikli\u0173 bei pana\u0161iais sektoriais.  <\/p>\n<\/div><\/div>\n","protected":false},"excerpt":{"rendered":"<p>Klientai visame pasaulyje vis da\u017eniau renkasi augalin\u0117s kilm\u0117s produktus d\u0117l \u012fvairiausi\u0173 prie\u017eas\u010di\u0173. Ar tai b\u016bt\u0173 sveikatinimosi sumetimai, ar tam tikr\u0173 ingredient\u0173 netoleravimas, o gal patogumas, etin\u0117s prie\u017eastys, skonis ar papras\u010diausiai tod\u0117l, jog tokie produktai labiau patinka j\u0173 vaikams. Populiar\u0117jant augalinei mitybai, \u012f tai d\u0117mes\u012f vis labiau kreipia ir vald\u017eios institucijos bei nevyriausybin\u0117s organizacijos. Darosi ai\u0161ku, [&hellip;]<\/p>\n","protected":false},"author":5,"featured_media":69997,"parent":69865,"menu_order":0,"comment_status":"closed","ping_status":"closed","template":"","meta":{"_acf_changed":false,"_editorskit_title_hidden":false,"_editorskit_reading_time":0,"_editorskit_is_block_options_detached":false,"_editorskit_block_options_position":"{}","inline_featured_image":false,"_uag_custom_page_level_css":"","footnotes":""},"categories":[],"tags":[],"class_list":["post-69996","page","type-page","status-publish","has-post-thumbnail","hentry"],"acf":[],"uagb_featured_image_src":{"full":["https:\/\/www.v-label.com\/wp-content\/uploads\/2022\/12\/v-label-benefits.jpg",1280,878,false],"thumbnail":["https:\/\/www.v-label.com\/wp-content\/uploads\/2022\/12\/v-label-benefits-500x343.jpg",500,343,true],"medium":["https:\/\/www.v-label.com\/wp-content\/uploads\/2022\/12\/v-label-benefits-300x206.jpg",300,206,true],"medium_large":["https:\/\/www.v-label.com\/wp-content\/uploads\/2022\/12\/v-label-benefits-768x527.jpg",768,527,true],"large":["https:\/\/www.v-label.com\/wp-content\/uploads\/2022\/12\/v-label-benefits-1024x702.jpg",1024,702,true],"1536x1536":["https:\/\/www.v-label.com\/wp-content\/uploads\/2022\/12\/v-label-benefits.jpg",1280,878,false],"2048x2048":["https:\/\/www.v-label.com\/wp-content\/uploads\/2022\/12\/v-label-benefits.jpg",1280,878,false],"preview":["https:\/\/www.v-label.com\/wp-content\/uploads\/2022\/12\/v-label-benefits-904x720.jpg",904,720,true],"header":["https:\/\/www.v-label.com\/wp-content\/uploads\/2022\/12\/v-label-benefits-1280x720.jpg",1280,720,true],"gform-image-choice-sm":["https:\/\/www.v-label.com\/wp-content\/uploads\/2022\/12\/v-label-benefits.jpg",300,206,false],"gform-image-choice-md":["https:\/\/www.v-label.com\/wp-content\/uploads\/2022\/12\/v-label-benefits.jpg",400,274,false],"gform-image-choice-lg":["https:\/\/www.v-label.com\/wp-content\/uploads\/2022\/12\/v-label-benefits.jpg",600,412,false]},"uagb_author_info":{"display_name":"Can Aslan","author_link":"https:\/\/www.v-label.com\/lt"},"uagb_comment_info":0,"uagb_excerpt":"Klientai visame pasaulyje vis da\u017eniau renkasi augalin\u0117s kilm\u0117s produktus d\u0117l \u012fvairiausi\u0173 prie\u017eas\u010di\u0173. Ar tai b\u016bt\u0173 sveikatinimosi sumetimai, ar tam tikr\u0173 ingredient\u0173 netoleravimas, o gal patogumas, etin\u0117s prie\u017eastys, skonis ar papras\u010diausiai tod\u0117l, jog tokie produktai labiau patinka j\u0173 vaikams. Populiar\u0117jant augalinei mitybai, \u012f tai d\u0117mes\u012f vis labiau kreipia ir vald\u017eios institucijos bei nevyriausybin\u0117s organizacijos. Darosi ai\u0161ku,&hellip;","_links":{"self":[{"href":"https:\/\/www.v-label.com\/lt\/wp-json\/wp\/v2\/pages\/69996","targetHints":{"allow":["GET"]}}],"collection":[{"href":"https:\/\/www.v-label.com\/lt\/wp-json\/wp\/v2\/pages"}],"about":[{"href":"https:\/\/www.v-label.com\/lt\/wp-json\/wp\/v2\/types\/page"}],"author":[{"embeddable":true,"href":"https:\/\/www.v-label.com\/lt\/wp-json\/wp\/v2\/users\/5"}],"replies":[{"embeddable":true,"href":"https:\/\/www.v-label.com\/lt\/wp-json\/wp\/v2\/comments?post=69996"}],"version-history":[{"count":2,"href":"https:\/\/www.v-label.com\/lt\/wp-json\/wp\/v2\/pages\/69996\/revisions"}],"predecessor-version":[{"id":83897,"href":"https:\/\/www.v-label.com\/lt\/wp-json\/wp\/v2\/pages\/69996\/revisions\/83897"}],"up":[{"embeddable":true,"href":"https:\/\/www.v-label.com\/lt\/wp-json\/wp\/v2\/pages\/69865"}],"wp:featuredmedia":[{"embeddable":true,"href":"https:\/\/www.v-label.com\/lt\/wp-json\/wp\/v2\/media\/69997"}],"wp:attachment":[{"href":"https:\/\/www.v-label.com\/lt\/wp-json\/wp\/v2\/media?parent=69996"}],"wp:term":[{"taxonomy":"category","embeddable":true,"href":"https:\/\/www.v-label.com\/lt\/wp-json\/wp\/v2\/categories?post=69996"},{"taxonomy":"post_tag","embeddable":true,"href":"https:\/\/www.v-label.com\/lt\/wp-json\/wp\/v2\/tags?post=69996"}],"curies":[{"name":"wp","href":"https:\/\/api.w.org\/{rel}","templated":true}]}}