{"id":70013,"date":"2022-05-30T16:15:29","date_gmt":"2022-05-30T14:15:29","guid":{"rendered":"https:\/\/www.v-label.com\/branches\/kosmetika\/"},"modified":"2023-11-09T07:57:22","modified_gmt":"2023-11-09T06:57:22","slug":"kosmetika","status":"publish","type":"page","link":"https:\/\/www.v-label.com\/lt\/sektoriai\/kosmetika\/","title":{"rendered":"Kosmetika ir valymo priemon\u0117s"},"content":{"rendered":"\n<p>Patogumas, r\u016bpestis savo sveikata bei aktyvios netestuot\u0173 su gyv\u016bnais produkt\u0173 paie\u0161kos. Tai, pasak \u201eVegan Cosmetics Market Size, Share &amp; Trends Analysis Report from 2018\u201c analiz\u0117s, yra trys pagrindin\u0117s prie\u017eastys, kod\u0117l vegani\u0161kai kosmetikai prognozuojamas 6,3 % augimas, iki 2025 met\u0173 pasieksiantis 20,8 mlrd. JAV doleri\u0173.  <\/p>\n\n\n\n<p>Europa ap\u0117musi did\u017eiul\u0119 \u0161ios rinkos dal\u012f, tad nesunku pasteb\u0117ti \u017eaibi\u0161kai i\u0161augus\u012f poreik\u012f kosmetikai, kuri nebuvo testuota su gyv\u016bnais. Nuo odos prie\u017ei\u016bros priemoni\u0173 iki dezodorant\u0173, \u0161amp\u016bn\u0173 ir kit\u0173 produkt\u0173, vis daugiau vartotoj\u0173 ie\u0161ko raktini\u0173 \u017eod\u017ei\u0173, toki\u0173 kaip \u201evegani\u0161ka\u201c. <\/p>\n\n\n\n<p>Kadangi vegani\u0161ka kosmetika vis dar yra gana naujas dalykas, vartotojai itin atid\u016bs \u017eenklinimui, patvirtinan\u010diam, jog \u0161i kosmetika tikrai vegani\u0161ka ar vegetari\u0161ka. Pasak The Vegan Society, 19 % pirk\u0117j\u0173 tikrina, ar j\u0173 kosmetikos reikmenys nebuvo testuotos su gyv\u016bnais. U\u017etikrinkite, jog \u0161i informacija ai\u0161kiai atsispind\u0117t\u0173 ant J\u016bs\u0173 produkto pakuot\u0117s su V-Label!   <\/p>\n\n\n\n<p>Taip pat daug\u0117ja ir vegani\u0161k\u0173 bei vegetari\u0161k\u0173 nam\u0173 apyvokos ir valymo reikmen\u0173. Rinkit\u0117s ry\u0161k\u0173 ir i\u0161siskiriant\u012f V-Label, jog pritrauktum\u0117te pirk\u0117j\u0173 d\u0117mes\u012f ir \u0161iam produkt\u0173 segmentui! <\/p>\n\n\n\n<div class=\"wp-block-buttons is-content-justification-center is-layout-flex wp-container-core-buttons-is-layout-16018d1d wp-block-buttons-is-layout-flex\">\n<div class=\"wp-block-button\"><a class=\"wp-block-button__link wp-element-button\" href=\"https:\/\/www.v-label.com\/lt\/gaukite-sertifikata\/\">Gaukite V-Label sertifikat\u0105<\/a><\/div>\n<\/div>\n","protected":false},"excerpt":{"rendered":"<p>Patogumas, r\u016bpestis savo sveikata bei aktyvios netestuot\u0173 su gyv\u016bnais produkt\u0173 paie\u0161kos. Tai, pasak \u201eVegan Cosmetics Market Size, Share &amp; Trends Analysis Report from 2018\u201c analiz\u0117s, yra trys pagrindin\u0117s prie\u017eastys, kod\u0117l vegani\u0161kai kosmetikai prognozuojamas 6,3 % augimas, iki 2025 met\u0173 pasieksiantis 20,8 mlrd. JAV doleri\u0173. Europa ap\u0117musi did\u017eiul\u0119 \u0161ios rinkos dal\u012f, tad nesunku pasteb\u0117ti \u017eaibi\u0161kai i\u0161augus\u012f [&hellip;]<\/p>\n","protected":false},"author":5,"featured_media":70017,"parent":69854,"menu_order":0,"comment_status":"closed","ping_status":"closed","template":"","meta":{"_acf_changed":false,"_editorskit_title_hidden":false,"_editorskit_reading_time":0,"_editorskit_is_block_options_detached":false,"_editorskit_block_options_position":"{}","inline_featured_image":false,"_uag_custom_page_level_css":"","footnotes":""},"categories":[],"tags":[],"class_list":["post-70013","page","type-page","status-publish","has-post-thumbnail","hentry"],"acf":[],"uagb_featured_image_src":{"full":["https:\/\/www.v-label.com\/wp-content\/uploads\/2022\/12\/cosmetics-1280.jpg",1280,868,false],"thumbnail":["https:\/\/www.v-label.com\/wp-content\/uploads\/2022\/12\/cosmetics-1280-500x339.jpg",500,339,true],"medium":["https:\/\/www.v-label.com\/wp-content\/uploads\/2022\/12\/cosmetics-1280-300x203.jpg",300,203,true],"medium_large":["https:\/\/www.v-label.com\/wp-content\/uploads\/2022\/12\/cosmetics-1280-768x521.jpg",768,521,true],"large":["https:\/\/www.v-label.com\/wp-content\/uploads\/2022\/12\/cosmetics-1280-1024x694.jpg",1024,694,true],"1536x1536":["https:\/\/www.v-label.com\/wp-content\/uploads\/2022\/12\/cosmetics-1280.jpg",1280,868,false],"2048x2048":["https:\/\/www.v-label.com\/wp-content\/uploads\/2022\/12\/cosmetics-1280.jpg",1280,868,false],"preview":["https:\/\/www.v-label.com\/wp-content\/uploads\/2022\/12\/cosmetics-1280-904x720.jpg",904,720,true],"header":["https:\/\/www.v-label.com\/wp-content\/uploads\/2022\/12\/cosmetics-1280-1280x720.jpg",1280,720,true],"gform-image-choice-sm":["https:\/\/www.v-label.com\/wp-content\/uploads\/2022\/12\/cosmetics-1280.jpg",300,203,false],"gform-image-choice-md":["https:\/\/www.v-label.com\/wp-content\/uploads\/2022\/12\/cosmetics-1280.jpg",400,271,false],"gform-image-choice-lg":["https:\/\/www.v-label.com\/wp-content\/uploads\/2022\/12\/cosmetics-1280.jpg",600,407,false]},"uagb_author_info":{"display_name":"Can Aslan","author_link":"https:\/\/www.v-label.com\/lt"},"uagb_comment_info":0,"uagb_excerpt":"Patogumas, r\u016bpestis savo sveikata bei aktyvios netestuot\u0173 su gyv\u016bnais produkt\u0173 paie\u0161kos. Tai, pasak \u201eVegan Cosmetics Market Size, Share &amp; Trends Analysis Report from 2018\u201c analiz\u0117s, yra trys pagrindin\u0117s prie\u017eastys, kod\u0117l vegani\u0161kai kosmetikai prognozuojamas 6,3 % augimas, iki 2025 met\u0173 pasieksiantis 20,8 mlrd. JAV doleri\u0173. Europa ap\u0117musi did\u017eiul\u0119 \u0161ios rinkos dal\u012f, tad nesunku pasteb\u0117ti \u017eaibi\u0161kai i\u0161augus\u012f&hellip;","_links":{"self":[{"href":"https:\/\/www.v-label.com\/lt\/wp-json\/wp\/v2\/pages\/70013","targetHints":{"allow":["GET"]}}],"collection":[{"href":"https:\/\/www.v-label.com\/lt\/wp-json\/wp\/v2\/pages"}],"about":[{"href":"https:\/\/www.v-label.com\/lt\/wp-json\/wp\/v2\/types\/page"}],"author":[{"embeddable":true,"href":"https:\/\/www.v-label.com\/lt\/wp-json\/wp\/v2\/users\/5"}],"replies":[{"embeddable":true,"href":"https:\/\/www.v-label.com\/lt\/wp-json\/wp\/v2\/comments?post=70013"}],"version-history":[{"count":4,"href":"https:\/\/www.v-label.com\/lt\/wp-json\/wp\/v2\/pages\/70013\/revisions"}],"predecessor-version":[{"id":70390,"href":"https:\/\/www.v-label.com\/lt\/wp-json\/wp\/v2\/pages\/70013\/revisions\/70390"}],"up":[{"embeddable":true,"href":"https:\/\/www.v-label.com\/lt\/wp-json\/wp\/v2\/pages\/69854"}],"wp:featuredmedia":[{"embeddable":true,"href":"https:\/\/www.v-label.com\/lt\/wp-json\/wp\/v2\/media\/70017"}],"wp:attachment":[{"href":"https:\/\/www.v-label.com\/lt\/wp-json\/wp\/v2\/media?parent=70013"}],"wp:term":[{"taxonomy":"category","embeddable":true,"href":"https:\/\/www.v-label.com\/lt\/wp-json\/wp\/v2\/categories?post=70013"},{"taxonomy":"post_tag","embeddable":true,"href":"https:\/\/www.v-label.com\/lt\/wp-json\/wp\/v2\/tags?post=70013"}],"curies":[{"name":"wp","href":"https:\/\/api.w.org\/{rel}","templated":true}]}}